{"id":3596,"date":"2025-06-04T10:01:33","date_gmt":"2025-06-04T02:01:33","guid":{"rendered":"https:\/\/theperfumebottles.com\/?post_type=product&#038;p=3596"},"modified":"2026-05-05T13:37:17","modified_gmt":"2026-05-05T05:37:17","slug":"fancy-perfume-bottles-for-vials-wholesale","status":"publish","type":"product","link":"https:\/\/theperfumebottles.com\/hu\/termek\/fancy-perfume-bottles-for-vials-wholesale\/","title":{"rendered":"30ml 55ml 100ml Fancy Perfume Bottles for Vials Wholesale"},"content":{"rendered":"<p>Ezek a d\u00edszes parf\u00fcm\u00f6s \u00fcvegek hengeres test\u00fck\u00f6n kereszt\u00fcl mutatj\u00e1k be a diz\u00e1jnt, amely egy \u00e1tl\u00e1tsz\u00f3, egyedi sug\u00e1rz\u00f3 text\u00far\u00e1j\u00fa mint\u00e1zat\u00fa talppal v\u00e9gz\u0151dik. Ultratiszta \u00fcvegb\u0151l k\u00e9sz\u00fcltek, t\u00f6bbf\u00e9le m\u00e9retben \u00e9s opcion\u00e1lis arany, fekete vagy fekete kupakkal kaphat\u00f3k.<\/p>\n<h2>F\u0151 specifik\u00e1ci\u00f3<\/h2>\n<table style=\"border-collapse: collapse; width: 80%; margin-left: auto; margin-right: auto;\" border=\"0\" width=\"432\" cellspacing=\"0\" cellpadding=\"0\">\n<tbody>\n<tr style=\"height: 13.50pt;\">\n<td class=\"et2\" style=\"height: 13.5pt; width: 54pt; text-align: center;\" width=\"72\" height=\"18\">Modell<\/td>\n<td class=\"et2\" style=\"width: 54pt; text-align: center;\" width=\"72\">Kapacit\u00e1s (ml)<\/td>\n<td class=\"et2\" style=\"width: 54pt; text-align: center;\" width=\"72\">M\u00e9retek (mm)<\/td>\n<td class=\"et2\" style=\"width: 54pt; text-align: center;\" width=\"72\">Kupak \u00e1tm\u00e9r\u0151je<\/td>\n<td class=\"et2\" style=\"width: 54pt; text-align: center;\" width=\"72\">Z\u00e1r\u00e1s t\u00edpusa<\/td>\n<td class=\"et2\" style=\"width: 54pt; text-align: center;\" width=\"72\">Anyag<\/td>\n<\/tr>\n<tr style=\"height: 13.50pt;\">\n<td class=\"et2\" style=\"height: 13.5pt; text-align: center;\" height=\"18\">PB-YZ1101<\/td>\n<td class=\"et2\" style=\"text-align: center;\">30<\/td>\n<td class=\"et2\" style=\"text-align: center;\">45 x 76<\/td>\n<td class=\"et2\" style=\"text-align: center;\" rowspan=\"3\">15 mm<\/td>\n<td class=\"et2\" style=\"text-align: center;\" rowspan=\"3\">Krimpel\u0151 nyak + permetez\u0151<\/td>\n<td class=\"et2\" style=\"text-align: center;\" rowspan=\"3\">Krist\u00e1ly\u00fcveg<\/td>\n<\/tr>\n<tr style=\"height: 13.50pt;\">\n<td class=\"et2\" style=\"height: 13.5pt; text-align: center;\" height=\"18\">PB-YZ1102<\/td>\n<td class=\"et2\" style=\"text-align: center;\">55<\/td>\n<td class=\"et2\" style=\"text-align: center;\">46 x 91,4<\/td>\n<\/tr>\n<tr style=\"height: 13.50pt;\">\n<td class=\"et2\" style=\"height: 13.5pt; text-align: center;\" height=\"18\">PB-YZ1103<\/td>\n<td class=\"et2\" style=\"text-align: center;\">100<\/td>\n<td class=\"et2\" style=\"text-align: center;\">45 x 126<\/td>\n<\/tr>\n<\/tbody>\n<\/table>\n<h2>Sikert\u00f6rt\u00e9net<\/h2>\n<p>Egy k\u00f6zel-keleti parf\u00fcmm\u00e1rka, amely kifejezetten erre a c\u00e9lra specializ\u00e1l\u00f3dott, a mi k\u00fcl\u00f6nleges parf\u00fcm\u00f6s \u00fcvegeinket v\u00e1lasztotta, melyek arany kupakkal \u00e9s szitanyom\u00e1ssal d\u00edsz\u00edtett arany szalaggal rendelkeznek. A term\u00e9k alapvet\u0151 diz\u00e1jneleme lett a m\u00e1rka f\u0151 jellegzetes diz\u00e1jneleme. A m\u00e1rka 30%-os m\u00e1rkaismerts\u00e9g-n\u00f6veked\u00e9sr\u0151l sz\u00e1molt be, ami a term\u00e9kcsomagol\u00e1snak \u00e9s a kiv\u00e1l\u00f3 min\u0151s\u00e9g\u0171 anyagoknak k\u00f6sz\u00f6nhet\u0151, mivel pr\u00e9mium anyagok haszn\u00e1lat\u00e1val 60%-kal emelt\u00e9k \u00faj oud parf\u00fcmj\u00fck \u00e1r\u00e1t. A m\u00e1rka egy fontos m\u00e9rf\u00f6ldk\u0151h\u00f6z \u00e9rkezett, aminek eredm\u00e9nyek\u00e9nt tov\u00e1bbi 200 000 parf\u00fcm\u00f6s \u00fcveg sz\u00e1ll\u00edt\u00e1s\u00e1t k\u00e9rt\u00e9k a j\u00f6v\u0151beni ill\u00f3olaj- \u00e9s szil\u00e1rd parf\u00fcmgy\u00e1rt\u00e1s t\u00e1mogat\u00e1s\u00e1ra.<\/p>\n<h2>Parf\u00fcm\u00f6s fiol\u00e1k nagykereskedelmi testreszab\u00e1si lehet\u0151s\u00e9gei<\/h2>\n<ul>\n<li>N\u00e9gyzet vagy soksz\u00f6g\u0171 kialak\u00edt\u00e1s: A kialak\u00edt\u00e1s (textur\u00e1lt alap + \u00e1tl\u00e1tsz\u00f3 palack) lehet\u0151v\u00e9 teszi a felhaszn\u00e1l\u00f3k sz\u00e1m\u00e1ra, hogy n\u00e9gyzet vagy soksz\u00f6g\u0171 fel\u00fcletet hozzanak l\u00e9tre a k\u00e9tr\u00e9szes kialak\u00edt\u00e1s r\u00e9v\u00e9n.<\/li>\n<li>M\u00e1gneses kupak: A term\u00e9k m\u00e1gneses t\u00f6m\u00edt\u00e9ssel rendelkezik, amely z\u00f6kken\u0151mentes \u00e9s \u00e9lvezetes haszn\u00e1latot biztos\u00edt a felhaszn\u00e1l\u00f3k sz\u00e1m\u00e1ra.<\/li>\n<li>Egyedi alaptext\u00fara \u00e9s sz\u00edn: K\u00fcl\u00f6nb\u00f6z\u0151 bels\u0151 alaptext\u00far\u00e1kat k\u00edn\u00e1l (geometrikus, m\u00e1rv\u00e1ny, krist\u00e1ly), \u00e9s lehet\u0151v\u00e9 teszi a k\u00fcl\u00f6nb\u00f6z\u0151 sz\u00edn\u0171 \u00fcvegalapok kiv\u00e1laszt\u00e1s\u00e1t.<\/li>\n<\/ul>","protected":false},"excerpt":{"rendered":"<p>Shop fancy perfume bottles and high-quality perfume vials wholesale\u2014ideal for luxury fragrance brands seeking elegant, eye-catching packaging. Free samples.<\/p>","protected":false},"featured_media":3601,"comment_status":"open","ping_status":"closed","template":"","meta":{"_acf_changed":false,"site-sidebar-layout":"default","site-content-layout":"","ast-site-content-layout":"default","site-content-style":"default","site-sidebar-style":"default","ast-global-header-display":"","ast-banner-title-visibility":"","ast-main-header-display":"","ast-hfb-above-header-display":"","ast-hfb-below-header-display":"","ast-hfb-mobile-header-display":"","site-post-title":"","ast-breadcrumbs-content":"","ast-featured-img":"","footer-sml-layout":"","ast-disable-related-posts":"","theme-transparent-header-meta":"default","adv-header-id-meta":"","stick-header-meta":"","header-above-stick-meta":"","header-main-stick-meta":"","header-below-stick-meta":"","astra-migrate-meta-layouts":"set","ast-page-background-enabled":"default","ast-page-background-meta":{"desktop":{"background-color":"var(--ast-global-color-5)","background-image":"","background-repeat":"repeat","background-position":"center center","background-size":"auto","background-attachment":"scroll","background-type":"","background-media":"","overlay-type":"","overlay-color":"","overlay-opacity":"","overlay-gradient":""},"tablet":{"background-color":"","background-image":"","background-repeat":"repeat","background-position":"center center","background-size":"auto","background-attachment":"scroll","background-type":"","background-media":"","overlay-type":"","overlay-color":"","overlay-opacity":"","overlay-gradient":""},"mobile":{"background-color":"","background-image":"","background-repeat":"repeat","background-position":"center center","background-size":"auto","background-attachment":"scroll","background-type":"","background-media":"","overlay-type":"","overlay-color":"","overlay-opacity":"","overlay-gradient":""}},"ast-content-background-meta":{"desktop":{"background-color":"var(--ast-global-color-4)","background-image":"","background-repeat":"repeat","background-position":"center center","background-size":"auto","background-attachment":"scroll","background-type":"","background-media":"","overlay-type":"","overlay-color":"","overlay-opacity":"","overlay-gradient":""},"tablet":{"background-color":"var(--ast-global-color-4)","background-image":"","background-repeat":"repeat","background-position":"center center","background-size":"auto","background-attachment":"scroll","background-type":"","background-media":"","overlay-type":"","overlay-color":"","overlay-opacity":"","overlay-gradient":""},"mobile":{"background-color":"var(--ast-global-color-4)","background-image":"","background-repeat":"repeat","background-position":"center center","background-size":"auto","background-attachment":"scroll","background-type":"","background-media":"","overlay-type":"","overlay-color":"","overlay-opacity":"","overlay-gradient":""}}},"product_brand":[],"product_cat":[91,72,41],"product_tag":[49],"class_list":{"0":"post-3596","1":"product","2":"type-product","3":"status-publish","4":"has-post-thumbnail","6":"product_cat-custom-perfume-bottles","7":"product_cat-cosmetic-packaging","8":"product_cat-perfume-bottles","9":"product_tag-perfume-bottles","10":"desktop-align-left","11":"tablet-align-left","12":"mobile-align-left","14":"first","15":"instock","16":"shipping-taxable","17":"product-type-simple"},"acf":[],"jetpack_sharing_enabled":true,"_links":{"self":[{"href":"https:\/\/theperfumebottles.com\/hu\/wp-json\/wp\/v2\/product\/3596","targetHints":{"allow":["GET"]}}],"collection":[{"href":"https:\/\/theperfumebottles.com\/hu\/wp-json\/wp\/v2\/product"}],"about":[{"href":"https:\/\/theperfumebottles.com\/hu\/wp-json\/wp\/v2\/types\/product"}],"replies":[{"embeddable":true,"href":"https:\/\/theperfumebottles.com\/hu\/wp-json\/wp\/v2\/comments?post=3596"}],"wp:featuredmedia":[{"embeddable":true,"href":"https:\/\/theperfumebottles.com\/hu\/wp-json\/wp\/v2\/media\/3601"}],"wp:attachment":[{"href":"https:\/\/theperfumebottles.com\/hu\/wp-json\/wp\/v2\/media?parent=3596"}],"wp:term":[{"taxonomy":"product_brand","embeddable":true,"href":"https:\/\/theperfumebottles.com\/hu\/wp-json\/wp\/v2\/product_brand?post=3596"},{"taxonomy":"product_cat","embeddable":true,"href":"https:\/\/theperfumebottles.com\/hu\/wp-json\/wp\/v2\/product_cat?post=3596"},{"taxonomy":"product_tag","embeddable":true,"href":"https:\/\/theperfumebottles.com\/hu\/wp-json\/wp\/v2\/product_tag?post=3596"}],"curies":[{"name":"wp","href":"https:\/\/api.w.org\/{rel}","templated":true}]}}