{"id":3705,"date":"2025-06-07T18:45:52","date_gmt":"2025-06-07T10:45:52","guid":{"rendered":"https:\/\/theperfumebottles.com\/?post_type=product&#038;p=3705"},"modified":"2025-06-11T18:31:27","modified_gmt":"2025-06-11T10:31:27","slug":"30ml-50ml-100ml-glass-perfume-bottles-supplier","status":"publish","type":"product","link":"https:\/\/theperfumebottles.com\/hu\/termek\/30ml-50ml-100ml-glass-perfume-bottles-supplier\/","title":{"rendered":"30ml 50ml 100ml \u00fcveg parf\u00fcm\u00f6s palackok sz\u00e1ll\u00edt\u00f3ja"},"content":{"rendered":"<p>Fedezze fel a pr\u00e9mium \u00fcveg parf\u00fcm\u00f6s palackok k\u00edn\u00e1lat\u00e1t \u2013 eleg\u00e1ns formatervez\u00e9s egyedi opci\u00f3kkal, t\u00f6k\u00e9letes a kiv\u00e1l\u00f3 min\u0151s\u00e9g\u0171 csomagol\u00e1si megold\u00e1sokat keres\u0151 illatm\u00e1rk\u00e1k sz\u00e1m\u00e1ra.<\/p>\n<h2>F\u0151 specifik\u00e1ci\u00f3<\/h2>\n<table style=\"border-collapse: collapse;margin-left: auto;margin-right: auto;width: 80%\" border=\"0\" width=\"80%\" cellspacing=\"0\" cellpadding=\"0\">\n<tbody>\n<tr style=\"height: 13.50pt\">\n<td style=\"height: 13.50pt;width: 83.25pt\" width=\"111\" height=\"18\">Modell<\/td>\n<td style=\"width: 72.00pt\" width=\"96\">Kapacit\u00e1s<\/td>\n<td style=\"width: 99.75pt\" width=\"133\">M\u00e9retek (mm)<\/td>\n<td style=\"width: 78.00pt\" width=\"104\">Nyakm\u00e9ret<\/td>\n<td style=\"width: 99.00pt\" width=\"132\">Anyag<\/td>\n<td style=\"width: 120.00pt\" width=\"160\">Sapka sz\u00ednbe\u00e1ll\u00edt\u00e1sai<\/td>\n<\/tr>\n<tr style=\"height: 13.50pt\">\n<td style=\"height: 13.50pt\" height=\"18\">PB-YZ1201<\/td>\n<td>30 ml<\/td>\n<td>40&#215;82<\/td>\n<td>15 mm<\/td>\n<td>Krist\u00e1ly\u00fcveg<\/td>\n<td>Testreszabhat\u00f3<\/td>\n<\/tr>\n<tr style=\"height: 13.50pt\">\n<td style=\"height: 13.50pt\" height=\"18\">PB-YZ1202<\/td>\n<td>50 ml<\/td>\n<td>45&#215;92<\/td>\n<td>15 mm<\/td>\n<td>Krist\u00e1ly\u00fcveg<\/td>\n<td>Testreszabhat\u00f3<\/td>\n<\/tr>\n<tr style=\"height: 13.50pt\">\n<td style=\"height: 13.50pt\" height=\"18\">PB-YZ1203<\/td>\n<td>100 ml<\/td>\n<td>53&#215;110<\/td>\n<td>15 mm<\/td>\n<td>Krist\u00e1ly\u00fcveg<\/td>\n<td style=\"text-align: left\">Testreszabhat\u00f3<\/td>\n<\/tr>\n<\/tbody>\n<\/table>\n<h2>Val\u00f3s sikert\u00f6rt\u00e9net<\/h2>\n<p>Egy mil\u00e1n\u00f3i luxus parf\u00fcmm\u00e1rk\u00e1nak olyan \u00fcvegre volt sz\u00fcks\u00e9ge, amely illik mer\u00e9sz, m\u0171v\u00e9szi identit\u00e1s\u00e1hoz. A mi 50 ml-es modell\u00fcnket v\u00e1lasztott\u00e1k m\u00e1rv\u00e1nysz\u00fcrke \u00fcvegtesttel \u00e9s hozz\u00e1 ill\u0151 sz\u00f3r\u00f3fejes kupakkal. Az eredm\u00e9ny? \u00daj term\u00e9kcsal\u00e1djuk 70%-os online elad\u00e1sn\u00f6veked\u00e9ssel indult. Mi\u00e9rt? Mert az \u00fcveg parf\u00fcm\u00f6s diz\u00e1jnja nem csup\u00e1n egy illatot rejtett \u2013 a m\u00e1rka t\u00f6rt\u00e9net\u00e9nek r\u00e9sz\u00e9v\u00e9 v\u00e1lt.<\/p>\n<h2>Mi\u00e9rt veri ez a palack a versenyt\u00e1rsakat?<\/h2>\n<p>Amikor az emberek \u00fcveg parf\u00fcm\u00f6s \u00fcvegeket keresnek, gyakran figyelmen k\u00edv\u00fcl hagynak egy kulcsfontoss\u00e1g\u00fa t\u00e9nyez\u0151t: vajon t\u00fckr\u00f6zi-e a m\u00e1rk\u00e1dat? Ezek az \u00fcvegek nem csup\u00e1n parf\u00fcm\u00f6t t\u00e1rolnak \u2013 feler\u0151s\u00edtik az \u00fczenetedet.<\/p>\n<ul>\n<li><strong>Pr\u00e9mium \u00e9rzet:<\/strong> A vastag alap \u00e9s a sima \u00fcveg luxusterm\u00e9knek \u00e9rz\u0151dik.<\/li>\n<li><strong>Vizu\u00e1lis vonzer\u0151:<\/strong> A sz\u00ednes folyad\u00e9k \u00e9s a hozz\u00e1 ill\u0151 kupak azonnali m\u00e1rkafelismer\u00e9st biztos\u00edt.<\/li>\n<li><strong>Rugalmas m\u00e9retek:<\/strong> Ak\u00e1r 50 ml-es parf\u00fcm\u00f6t, ak\u00e1r 100 ml-es luxuskiad\u00e1st \u00e1rulsz, minden ig\u00e9nyre tal\u00e1lsz megfelel\u0151t.<\/li>\n<\/ul>\n<h2>\u00c9p\u00edts\u00fcnk valami k\u00fcl\u00f6nlegeset<\/h2>\n<p>Az illatod meg\u00e9rdemel egy olyan \u00fcvegcs\u00e9t, amely m\u00e9lt\u00f3 a var\u00e1zs\u00e1hoz. Ezek az \u00fcveg parf\u00fcm\u00f6s \u00fcvegcs\u00e9k nem csup\u00e1n tart\u00e1lyok \u2013 ezek jelentik a m\u00e1rk\u00e1d els\u0151 benyom\u00e1s\u00e1t.<\/p>\n<p>Seg\u00edts\u00e9gre van sz\u00fcks\u00e9ge a term\u00e9kcsal\u00e1dj\u00e1hoz legink\u00e1bb ill\u0151 opci\u00f3 kiv\u00e1laszt\u00e1s\u00e1hoz? Keressen minket! Az\u00e9rt vagyunk itt, hogy elk\u00e9pzel\u00e9s\u00e9t \u00fcveg parf\u00fcm remekm\u0171v\u00e9 var\u00e1zsoljuk \u2013 \u00fcvegcs\u00e9nk\u00e9nt.<\/p>","protected":false},"excerpt":{"rendered":"<p>Fedezze fel a legjobb \u00fcveg parf\u00fcm\u00f6s palackokat 30 ml, 50 ml \u00e9s 100 ml m\u00e9retben. Ide\u00e1lis parf\u00fcmm\u00e1rk\u00e1k sz\u00e1m\u00e1ra, amelyek testreszabhat\u00f3, kiv\u00e1l\u00f3 min\u0151s\u00e9g\u0171 \u00fcveg parf\u00fcmcsomagol\u00e1si megold\u00e1sokat keresnek.<\/p>","protected":false},"featured_media":3739,"comment_status":"open","ping_status":"closed","template":"","meta":{"_acf_changed":false,"site-sidebar-layout":"default","site-content-layout":"","ast-site-content-layout":"default","site-content-style":"default","site-sidebar-style":"default","ast-global-header-display":"","ast-banner-title-visibility":"","ast-main-header-display":"","ast-hfb-above-header-display":"","ast-hfb-below-header-display":"","ast-hfb-mobile-header-display":"","site-post-title":"","ast-breadcrumbs-content":"","ast-featured-img":"","footer-sml-layout":"","ast-disable-related-posts":"","theme-transparent-header-meta":"default","adv-header-id-meta":"","stick-header-meta":"","header-above-stick-meta":"","header-main-stick-meta":"","header-below-stick-meta":"","astra-migrate-meta-layouts":"set","ast-page-background-enabled":"default","ast-page-background-meta":{"desktop":{"background-color":"var(--ast-global-color-5)","background-image":"","background-repeat":"repeat","background-position":"center center","background-size":"auto","background-attachment":"scroll","background-type":"","background-media":"","overlay-type":"","overlay-color":"","overlay-opacity":"","overlay-gradient":""},"tablet":{"background-color":"","background-image":"","background-repeat":"repeat","background-position":"center center","background-size":"auto","background-attachment":"scroll","background-type":"","background-media":"","overlay-type":"","overlay-color":"","overlay-opacity":"","overlay-gradient":""},"mobile":{"background-color":"","background-image":"","background-repeat":"repeat","background-position":"center center","background-size":"auto","background-attachment":"scroll","background-type":"","background-media":"","overlay-type":"","overlay-color":"","overlay-opacity":"","overlay-gradient":""}},"ast-content-background-meta":{"desktop":{"background-color":"var(--ast-global-color-4)","background-image":"","background-repeat":"repeat","background-position":"center center","background-size":"auto","background-attachment":"scroll","background-type":"","background-media":"","overlay-type":"","overlay-color":"","overlay-opacity":"","overlay-gradient":""},"tablet":{"background-color":"var(--ast-global-color-4)","background-image":"","background-repeat":"repeat","background-position":"center center","background-size":"auto","background-attachment":"scroll","background-type":"","background-media":"","overlay-type":"","overlay-color":"","overlay-opacity":"","overlay-gradient":""},"mobile":{"background-color":"var(--ast-global-color-4)","background-image":"","background-repeat":"repeat","background-position":"center center","background-size":"auto","background-attachment":"scroll","background-type":"","background-media":"","overlay-type":"","overlay-color":"","overlay-opacity":"","overlay-gradient":""}}},"product_brand":[],"product_cat":[72,91,41],"product_tag":[49],"class_list":{"0":"post-3705","1":"product","2":"type-product","3":"status-publish","4":"has-post-thumbnail","6":"product_cat-cosmetic-packaging","7":"product_cat-custom-perfume-bottles","8":"product_cat-perfume-bottles","9":"product_tag-perfume-bottles","10":"desktop-align-left","11":"tablet-align-left","12":"mobile-align-left","14":"first","15":"instock","16":"shipping-taxable","17":"product-type-simple"},"acf":[],"jetpack_sharing_enabled":true,"_links":{"self":[{"href":"https:\/\/theperfumebottles.com\/hu\/wp-json\/wp\/v2\/product\/3705","targetHints":{"allow":["GET"]}}],"collection":[{"href":"https:\/\/theperfumebottles.com\/hu\/wp-json\/wp\/v2\/product"}],"about":[{"href":"https:\/\/theperfumebottles.com\/hu\/wp-json\/wp\/v2\/types\/product"}],"replies":[{"embeddable":true,"href":"https:\/\/theperfumebottles.com\/hu\/wp-json\/wp\/v2\/comments?post=3705"}],"wp:featuredmedia":[{"embeddable":true,"href":"https:\/\/theperfumebottles.com\/hu\/wp-json\/wp\/v2\/media\/3739"}],"wp:attachment":[{"href":"https:\/\/theperfumebottles.com\/hu\/wp-json\/wp\/v2\/media?parent=3705"}],"wp:term":[{"taxonomy":"product_brand","embeddable":true,"href":"https:\/\/theperfumebottles.com\/hu\/wp-json\/wp\/v2\/product_brand?post=3705"},{"taxonomy":"product_cat","embeddable":true,"href":"https:\/\/theperfumebottles.com\/hu\/wp-json\/wp\/v2\/product_cat?post=3705"},{"taxonomy":"product_tag","embeddable":true,"href":"https:\/\/theperfumebottles.com\/hu\/wp-json\/wp\/v2\/product_tag?post=3705"}],"curies":[{"name":"wp","href":"https:\/\/api.w.org\/{rel}","templated":true}]}}