{"id":3752,"date":"2025-06-09T10:25:03","date_gmt":"2025-06-09T02:25:03","guid":{"rendered":"https:\/\/theperfumebottles.com\/?post_type=product&#038;p=3752"},"modified":"2025-09-05T12:01:54","modified_gmt":"2025-09-05T04:01:54","slug":"30ml-50ml-100ml-perfume-containers-wholesale","status":"publish","type":"product","link":"https:\/\/theperfumebottles.com\/hu\/termek\/30ml-50ml-100ml-perfume-containers-wholesale\/","title":{"rendered":"30ml 50ml 100ml parf\u00fcm tart\u00e1lyok nagykereskedelem"},"content":{"rendered":"<p>Izgalmas parf\u00fcm\u00f6s \u00fcvegeket keresel nagykereskedelemben? 30ml\/50ml\/100ml \u00fcvegpalackokat k\u00edn\u00e1lunk, kiv\u00e1l\u00f3 min\u0151s\u00e9g\u0171, sziv\u00e1rg\u00e1smentes kivitelben, a minimalista st\u00edlust\u00f3l a luxusig! Parf\u00fcm\u00f6s \u00fcvegek nagykereskedelmi szak\u00e9rt\u0151ik\u00e9nt professzion\u00e1lis kivitelez\u00e9ssel v\u00e9dj\u00fck illat\u00e1lmaidat, \u00e9s parf\u00fcm\u00f6s \u00fcveged legyen a v\u00e1s\u00e1rl\u00f3k lencs\u00e9j\u00e9nek f\u0151szerepl\u0151je!<\/p>\n<h2>F\u0151bb specifik\u00e1ci\u00f3k<\/h2>\n<table style=\"border-collapse: collapseautomargin-left: auto; margin-right: auto; ;width: 80% margin-left:;\" border=\"0\" width=\"80%\" cellspacing=\"0\" cellpadding=\"0\">\n<tbody>\n<tr style=\"height: 13.50pt;\">\n<td style=\"height: 13.50pt; width: 105.75pt;\" width=\"141\" height=\"18\">Jellemz\u0151<\/td>\n<td style=\"width: 261.75pt;\" width=\"349\">Le\u00edr\u00e1s<\/td>\n<\/tr>\n<tr style=\"height: 13.50pt;\">\n<td style=\"height: 13.50pt;\" height=\"18\">Modellek<\/td>\n<td>PB-YZ1401 \/ PB-YZ1402 \/ PB-YZ1403<\/td>\n<\/tr>\n<tr style=\"height: 25.50pt;\">\n<td style=\"height: 25.50pt;\" height=\"34\">Kapacit\u00e1s<\/td>\n<td>30 ml \/ 50 ml \/ 100 ml<\/td>\n<\/tr>\n<tr style=\"height: 13.50pt;\">\n<td style=\"height: 13.50pt;\" height=\"18\">Alak<\/td>\n<td>Hengeres<\/td>\n<\/tr>\n<tr style=\"height: 13.50pt;\">\n<td style=\"height: 13.50pt;\" height=\"18\">M\u00e9retek<\/td>\n<td>32x98 mm \/ 32x122 mm \/ 40x167 mm<\/td>\n<\/tr>\n<tr style=\"height: 13.50pt;\">\n<td style=\"height: 13.50pt;\" height=\"18\">Nyak \u00e1tm\u00e9r\u0151je<\/td>\n<td>18 mm<\/td>\n<\/tr>\n<tr style=\"height: 13.50pt;\">\n<td style=\"height: 13.50pt;\" height=\"18\">Z\u00e1r\u00e1s t\u00edpusa<\/td>\n<td>csavaros nyak + sz\u00f3r\u00f3pumpa<\/td>\n<\/tr>\n<tr style=\"height: 13.50pt;\">\n<td style=\"height: 13.50pt;\" height=\"18\">Anyag<\/td>\n<td>Krist\u00e1ly\u00fcveg<\/td>\n<\/tr>\n<tr style=\"height: 13.50pt;\">\n<td style=\"height: 13.50pt;\" height=\"18\">Kupak sz\u00edne<\/td>\n<td>Testreszabhat\u00f3<\/td>\n<\/tr>\n<tr style=\"height: 13.50pt;\">\n<td style=\"height: 13.50pt;\" height=\"18\">Ide\u00e1lis<\/td>\n<td>Parf\u00fcm, illatanyag, kozmetikai csomagol\u00e1s<\/td>\n<\/tr>\n<\/tbody>\n<\/table>\n<h2>Val\u00f3s sikert\u00f6rt\u00e9net<\/h2>\n<p>Egy kaliforniai butik parf\u00fcmm\u00e1rka az els\u0151 unisex illat\u00e1nak piacra dob\u00e1s\u00e1ra k\u00e9sz\u00fclt. Valami eleg\u00e1nsat, de nem t\u00fal felt\u0171n\u0151t szerettek volna \u2013 valamit, ami felkelti a figyelmet az influencer aj\u00e1nd\u00e9koz\u00e1si kamp\u00e1nyuk sor\u00e1n. A PB-YZ1401 (30 ml) modellt v\u00e1lasztott\u00e1k ez\u00fcst kupakkal \u00e9s egyedi log\u00f3grav\u00edroz\u00e1ssal. K\u00e9sz\u00edtettek egy aj\u00e1nd\u00e9kk\u00e9szletet is mindh\u00e1rom m\u00e9retben. Az eredm\u00e9ny? A term\u00e9k\u00fck t\u00f6bb Instagram-fi\u00f3kon is megjelent, t\u00f6bb mint 100 ezer k\u00f6vet\u0151vel. A v\u00e1s\u00e1rl\u00f3k im\u00e1dt\u00e1k a letisztult megjelen\u00e9st \u00e9s a \u201eluxus felt\u0171n\u00e9s n\u00e9lk\u00fcl\u201d \u00e9rz\u00e9st.<\/p>\n<p>A l\u00e9nyeg: a megfelel\u0151 \u00fcveg parf\u00fcm\u00f6s \u00fcveg seg\u00edtett nekik messze fel\u00fclm\u00falni a s\u00falyukat.<\/p>\n<h2>Testreszab\u00e1si tippek a m\u00e1rk\u00e1dhoz<\/h2>\n<p>Ha azt szeretn\u00e9d, hogy az illatod kit\u0171nj\u00f6n:<\/p>\n<ul>\n<li>Ragassza r\u00e1 m\u00e1rkanev\u00e9t vagy log\u00f3j\u00e1t l\u00e9zergrav\u00edroz\u00e1ssal vagy szitanyom\u00e1ssal.<\/li>\n<li>V\u00e1lassz egyedi sapkasz\u00edneket, amelyek illeszkednek a m\u00e1rk\u00e1d palett\u00e1j\u00e1hoz.<\/li>\n<li>K\u00edn\u00e1lj utaz\u00f3m\u00e9ret\u0171 aj\u00e1nd\u00e9kk\u00e9szletet mindh\u00e1rom m\u00e9retben \u2013 t\u00f6k\u00e9letes k\u00f3stol\u00e1shoz \u00e9s v\u00e1s\u00e1rl\u00f3k megtart\u00e1s\u00e1hoz.<\/li>\n<\/ul>\n<p>&nbsp;<\/p>","protected":false},"excerpt":{"rendered":"<p>Fedezze fel a letisztult parf\u00fcm\u00f6s dobozokat nagykereskedelemben \u2013 t\u00f6k\u00e9letesek b\u00e1rmilyen parf\u00fcm\u00f6s \u00fcveghez. Ide\u00e1lis sz\u00e9ps\u00e9g\u00e1pol\u00e1si m\u00e1rk\u00e1k sz\u00e1m\u00e1ra, akik st\u00edlusos, sz\u00ednes csomagol\u00e1si megold\u00e1sokat keresnek.<\/p>","protected":false},"featured_media":3754,"comment_status":"closed","ping_status":"closed","template":"","meta":{"_acf_changed":false,"site-sidebar-layout":"default","site-content-layout":"","ast-site-content-layout":"default","site-content-style":"default","site-sidebar-style":"default","ast-global-header-display":"","ast-banner-title-visibility":"","ast-main-header-display":"","ast-hfb-above-header-display":"","ast-hfb-below-header-display":"","ast-hfb-mobile-header-display":"","site-post-title":"","ast-breadcrumbs-content":"","ast-featured-img":"","footer-sml-layout":"","ast-disable-related-posts":"","theme-transparent-header-meta":"default","adv-header-id-meta":"","stick-header-meta":"","header-above-stick-meta":"","header-main-stick-meta":"","header-below-stick-meta":"","astra-migrate-meta-layouts":"set","ast-page-background-enabled":"default","ast-page-background-meta":{"desktop":{"background-color":"var(--ast-global-color-5)","background-image":"","background-repeat":"repeat","background-position":"center center","background-size":"auto","background-attachment":"scroll","background-type":"","background-media":"","overlay-type":"","overlay-color":"","overlay-opacity":"","overlay-gradient":""},"tablet":{"background-color":"","background-image":"","background-repeat":"repeat","background-position":"center center","background-size":"auto","background-attachment":"scroll","background-type":"","background-media":"","overlay-type":"","overlay-color":"","overlay-opacity":"","overlay-gradient":""},"mobile":{"background-color":"","background-image":"","background-repeat":"repeat","background-position":"center center","background-size":"auto","background-attachment":"scroll","background-type":"","background-media":"","overlay-type":"","overlay-color":"","overlay-opacity":"","overlay-gradient":""}},"ast-content-background-meta":{"desktop":{"background-color":"var(--ast-global-color-4)","background-image":"","background-repeat":"repeat","background-position":"center center","background-size":"auto","background-attachment":"scroll","background-type":"","background-media":"","overlay-type":"","overlay-color":"","overlay-opacity":"","overlay-gradient":""},"tablet":{"background-color":"var(--ast-global-color-4)","background-image":"","background-repeat":"repeat","background-position":"center center","background-size":"auto","background-attachment":"scroll","background-type":"","background-media":"","overlay-type":"","overlay-color":"","overlay-opacity":"","overlay-gradient":""},"mobile":{"background-color":"var(--ast-global-color-4)","background-image":"","background-repeat":"repeat","background-position":"center center","background-size":"auto","background-attachment":"scroll","background-type":"","background-media":"","overlay-type":"","overlay-color":"","overlay-opacity":"","overlay-gradient":""}}},"product_brand":[],"product_cat":[72,91,41,37],"product_tag":[102,101],"class_list":{"0":"post-3752","1":"product","2":"type-product","3":"status-publish","4":"has-post-thumbnail","6":"product_cat-cosmetic-packaging","7":"product_cat-custom-perfume-bottles","8":"product_cat-perfume-bottles","9":"product_cat-uncategorized","10":"product_tag-bottle-of-perfume","11":"product_tag-perfume-containers-wholesale","12":"desktop-align-left","13":"tablet-align-left","14":"mobile-align-left","16":"first","17":"instock","18":"shipping-taxable","19":"product-type-simple"},"acf":[],"jetpack_sharing_enabled":true,"_links":{"self":[{"href":"https:\/\/theperfumebottles.com\/hu\/wp-json\/wp\/v2\/product\/3752","targetHints":{"allow":["GET"]}}],"collection":[{"href":"https:\/\/theperfumebottles.com\/hu\/wp-json\/wp\/v2\/product"}],"about":[{"href":"https:\/\/theperfumebottles.com\/hu\/wp-json\/wp\/v2\/types\/product"}],"replies":[{"embeddable":true,"href":"https:\/\/theperfumebottles.com\/hu\/wp-json\/wp\/v2\/comments?post=3752"}],"wp:featuredmedia":[{"embeddable":true,"href":"https:\/\/theperfumebottles.com\/hu\/wp-json\/wp\/v2\/media\/3754"}],"wp:attachment":[{"href":"https:\/\/theperfumebottles.com\/hu\/wp-json\/wp\/v2\/media?parent=3752"}],"wp:term":[{"taxonomy":"product_brand","embeddable":true,"href":"https:\/\/theperfumebottles.com\/hu\/wp-json\/wp\/v2\/product_brand?post=3752"},{"taxonomy":"product_cat","embeddable":true,"href":"https:\/\/theperfumebottles.com\/hu\/wp-json\/wp\/v2\/product_cat?post=3752"},{"taxonomy":"product_tag","embeddable":true,"href":"https:\/\/theperfumebottles.com\/hu\/wp-json\/wp\/v2\/product_tag?post=3752"}],"curies":[{"name":"wp","href":"https:\/\/api.w.org\/{rel}","templated":true}]}}