{"id":3897,"date":"2025-06-13T17:04:32","date_gmt":"2025-06-13T09:04:32","guid":{"rendered":"https:\/\/theperfumebottles.com\/?post_type=product&#038;p=3897"},"modified":"2025-06-17T09:38:58","modified_gmt":"2025-06-17T01:38:58","slug":"elegant-perfume-beautiful-bottle-with-glass-design","status":"publish","type":"product","link":"https:\/\/theperfumebottles.com\/hu\/termek\/elegant-perfume-beautiful-bottle-with-glass-design\/","title":{"rendered":"50ml 100ml Eleg\u00e1ns parf\u00fcm\u00f6s gy\u00f6ny\u00f6r\u0171 \u00fcveg \u00fcveggel"},"content":{"rendered":"<p>Ha keresel illat\u00e9gtart\u00e1lyt, amely \u00f6tv\u00f6zi a timeless eleganci\u00e1t a modern gyakorlatiass\u00e1ggal, ezek az \u00fcvegtart\u00e1lyok pontosan azt az \u00e1ltalad keresettet jelentenek. Legyen sz\u00f3 \u00faj illatcsomag kibont\u00e1s\u00e1r\u00f3l vagy megl\u00e9v\u0151 csomagol\u00e1s friss\u00edt\u00e9s\u00e9r\u0151l, ezek a \u00fcvegtart\u00e1lyok jav\u00edthatj\u00e1k a m\u00e1rka im\u00e1zs\u00e1t.<\/p>\n<h2>F\u0151bb specifik\u00e1ci\u00f3k<\/h2>\n<table style=\"border-collapse: collapse;margin-left: auto;margin-right: auto;width: 80%\" border=\"0\" width=\"80%\" cellspacing=\"0\" cellpadding=\"0\">\n<tbody>\n<tr style=\"height: 13.50pt\">\n<td style=\"height: 13.50pt;width: 81.00pt\" width=\"108\" height=\"18\">Modell<\/td>\n<td style=\"width: 70.50pt\" width=\"94\">Kapacit\u00e1s<\/td>\n<td style=\"width: 93.00pt\" width=\"124\">Alak<\/td>\n<td style=\"width: 102.00pt\" width=\"136\">M\u00e9retek (mm)<\/td>\n<td style=\"width: 102.75pt\" width=\"137\">Nyak \u00e1tm\u00e9r\u0151je<\/td>\n<td style=\"width: 193.50pt\" width=\"258\">T\u00f6m\u00edt\u00e9si m\u00f3dszer<\/td>\n<td style=\"width: 105.75pt\" width=\"141\">Anyag<\/td>\n<td style=\"width: 104.25pt\" width=\"139\">Sz\u00edn<\/td>\n<\/tr>\n<tr style=\"height: 13.50pt\">\n<td style=\"height: 13.50pt\" height=\"18\">PB-YZ1604<\/td>\n<td>50 ml<\/td>\n<td>Hengeres<\/td>\n<td>37 \u00d7 98<\/td>\n<td>15 mm<\/td>\n<td>Krimpel\u0151 nyak + permetez\u0151<\/td>\n<td>Krist\u00e1ly\u00fcveg<\/td>\n<td>Testreszabhat\u00f3<\/td>\n<\/tr>\n<tr style=\"height: 13.50pt\">\n<td style=\"height: 13.50pt\" height=\"18\">PB-YZ1605<\/td>\n<td>50 ml<\/td>\n<td>Hengeres<\/td>\n<td>32 \u00d7 137<\/td>\n<td>15 mm<\/td>\n<td>Krimpel\u0151 nyak + permetez\u0151<\/td>\n<td>Krist\u00e1ly\u00fcveg<\/td>\n<td>Testreszabhat\u00f3<\/td>\n<\/tr>\n<tr style=\"height: 13.50pt\">\n<td style=\"height: 13.50pt\" height=\"18\">PB-YZ1606<\/td>\n<td>100 ml<\/td>\n<td>Hengeres<\/td>\n<td>39 \u00d7 159<\/td>\n<td>15 mm<\/td>\n<td>Krimpel\u0151 nyak + permetez\u0151<\/td>\n<td>Krist\u00e1ly\u00fcveg<\/td>\n<td>Testreszabhat\u00f3<\/td>\n<\/tr>\n<\/tbody>\n<\/table>\n<h2>Val\u00f3s esettanulm\u00e1ny<\/h2>\n<p>Egy parisi divat illatm\u00e1rka ezzel a sz\u00e9p \u00fcveggel ind\u00edtotta el univerz\u00e1lis illat\u00e1t. A sz\u00ednes szeder \u00e1rnyalatot v\u00e1lasztott\u00e1k, amelyet bronzos sz\u00edn\u0171, felh\u00fazott f\u00e9mb\u0151l k\u00e9sz\u00fclt spray-tart\u00e1ly \u00e9s minimalista m\u00e1rka log\u00f3 kieg\u00e9sz\u00edtett. Mire lett a v\u00e9geredm\u00e9ny? Term\u00e9k\u00fck kiemelkedett a polcr\u00f3l, felkeltett online figyelmet, \u00e9s csak n\u00e9h\u00e1ny h\u00f3nap alatt 40%-n\u00e9l t\u00f6bb t\u00f6meges rendel\u00e9st hozott.<\/p>\n<h2>Maga illat\u00e9gtart\u00e1lyod l\u00e9trehoz\u00e1s\u00e1nak tippei<\/h2>\n<ul>\n<li><strong>Sz\u00ednes testreszab\u00e1s:<\/strong> V\u00e1lassz \u00fcveg sz\u00ednt a illat szerint (pl. laza r\u00f3zsasz\u00edn vir\u00e1gos illatokhoz \u00e9s s\u00f6t\u00e9t bor szil\u00e1rd illatokhoz), hogy a megjelen\u00e9s \u00e9s illat jobban illeszkedjen.<\/li>\n<li><strong>M\u00e1rka log\u00f3:<\/strong> A LOGO-t sz\u00ednes nyom\u00e1s vagy l\u00e9zergrav\u00edroz\u00e1ssal lehet a \u00fcvegre elhelyezni, hogy jav\u00edtsa a m\u00e1rka felismerhet\u0151s\u00e9g\u00e9t.<\/li>\n<li><strong>Material details:<\/strong> V\u00e1lassz matt\/elektroplat\u00e1lt tart\u00e1lyt \u00e9s f\u00e9m text\u00far\u00e1j\u00fa c\u00edmk\u00e9ket, hogy jav\u00edtsa a luxus \u00e9rzet\u00e9t.<\/li>\n<li><strong>K\u00f6rnyezetbar\u00e1t csomagol\u00e1s:<\/strong> Illeszd a \u00fajrahasznos\u00edthat\u00f3 kartondobozokat + testreszabott al\u00e1t\u00e1vol\u00edt\u00e1ssal, hogy z\u00f6ldebb m\u00e1rka k\u00e9pet hozz l\u00e9tre.<\/li>\n<li><strong>T\u00f6meges testreszab\u00e1si t\u00e1mogat\u00e1s:<\/strong> T\u00e1mogatjuk a nagy rendel\u00e9seket \u00e9s az OEM szolg\u00e1ltat\u00e1sokat, jobb \u00e1rakat \u00e9s stabil ell\u00e1t\u00e1st.<\/li>\n<\/ul>\n<h2>Mi\u00e9rt v\u00e1lassz Minghangot illatgy\u00e1rt\u00f3k\u00e9nt?<\/h2>\n<p>Minghang v\u00e1laszt\u00e1sa azt jelenti, hogy egy professzion\u00e1lis, min\u0151s\u00e9gbiztos \u00e9s rugalmas testreszab\u00e1st k\u00edn\u00e1l\u00f3, teljes folyamat\u00fa illatgy\u00e1rt\u00f3v\u00e1 v\u00e1lsz. Meg\u00e9rtj\u00fck a m\u00e1rka ig\u00e9nyeit \u00e9s a piac ritmus\u00e1t. Nemcsak teljes folyamatos szolg\u00e1ltat\u00e1st k\u00edn\u00e1lunk tervez\u00e9st\u0151l a gy\u00e1rt\u00e1sig, hanem k\u00f6rnyezetbar\u00e1t anyagokat, szigor\u00fa min\u0151s\u00e9gellen\u0151rz\u00e9st \u00e9s versenyk\u00e9pes t\u00f6meges \u00e1rakat is, hogy hat\u00e9konyan hozzunk l\u00e9tre egyedi illatterm\u00e9keket, \u00e9s hogy a m\u00e1rka kiemelkedjen a piacon.<\/p>","protected":false},"excerpt":{"rendered":"<p>Gy\u00f6ny\u00f6r\u0171 illat\u00e9gtart\u00e1ly, pr\u00e9mium \u00fcvegtart\u00e1lyb\u00f3l k\u00e9sz\u00fclt. St\u00edlusos 100ml-es tervez\u00e9s, aj\u00e1nd\u00e9kba ad\u00e1sra vagy t\u00f6meges illatcsomagol\u00e1sra.<\/p>","protected":false},"featured_media":3903,"comment_status":"open","ping_status":"closed","template":"","meta":{"_acf_changed":false,"site-sidebar-layout":"default","site-content-layout":"","ast-site-content-layout":"default","site-content-style":"default","site-sidebar-style":"default","ast-global-header-display":"","ast-banner-title-visibility":"","ast-main-header-display":"","ast-hfb-above-header-display":"","ast-hfb-below-header-display":"","ast-hfb-mobile-header-display":"","site-post-title":"","ast-breadcrumbs-content":"","ast-featured-img":"","footer-sml-layout":"","ast-disable-related-posts":"","theme-transparent-header-meta":"default","adv-header-id-meta":"","stick-header-meta":"","header-above-stick-meta":"","header-main-stick-meta":"","header-below-stick-meta":"","astra-migrate-meta-layouts":"set","ast-page-background-enabled":"default","ast-page-background-meta":{"desktop":{"background-color":"var(--ast-global-color-5)","background-image":"","background-repeat":"repeat","background-position":"center center","background-size":"auto","background-attachment":"scroll","background-type":"","background-media":"","overlay-type":"","overlay-color":"","overlay-opacity":"","overlay-gradient":""},"tablet":{"background-color":"","background-image":"","background-repeat":"repeat","background-position":"center center","background-size":"auto","background-attachment":"scroll","background-type":"","background-media":"","overlay-type":"","overlay-color":"","overlay-opacity":"","overlay-gradient":""},"mobile":{"background-color":"","background-image":"","background-repeat":"repeat","background-position":"center center","background-size":"auto","background-attachment":"scroll","background-type":"","background-media":"","overlay-type":"","overlay-color":"","overlay-opacity":"","overlay-gradient":""}},"ast-content-background-meta":{"desktop":{"background-color":"var(--ast-global-color-4)","background-image":"","background-repeat":"repeat","background-position":"center center","background-size":"auto","background-attachment":"scroll","background-type":"","background-media":"","overlay-type":"","overlay-color":"","overlay-opacity":"","overlay-gradient":""},"tablet":{"background-color":"var(--ast-global-color-4)","background-image":"","background-repeat":"repeat","background-position":"center center","background-size":"auto","background-attachment":"scroll","background-type":"","background-media":"","overlay-type":"","overlay-color":"","overlay-opacity":"","overlay-gradient":""},"mobile":{"background-color":"var(--ast-global-color-4)","background-image":"","background-repeat":"repeat","background-position":"center center","background-size":"auto","background-attachment":"scroll","background-type":"","background-media":"","overlay-type":"","overlay-color":"","overlay-opacity":"","overlay-gradient":""}}},"product_brand":[],"product_cat":[72,91,41],"product_tag":[49],"class_list":{"0":"post-3897","1":"product","2":"type-product","3":"status-publish","4":"has-post-thumbnail","6":"product_cat-cosmetic-packaging","7":"product_cat-custom-perfume-bottles","8":"product_cat-perfume-bottles","9":"product_tag-perfume-bottles","10":"desktop-align-left","11":"tablet-align-left","12":"mobile-align-left","14":"first","15":"instock","16":"shipping-taxable","17":"product-type-simple"},"acf":[],"jetpack_sharing_enabled":true,"_links":{"self":[{"href":"https:\/\/theperfumebottles.com\/hu\/wp-json\/wp\/v2\/product\/3897","targetHints":{"allow":["GET"]}}],"collection":[{"href":"https:\/\/theperfumebottles.com\/hu\/wp-json\/wp\/v2\/product"}],"about":[{"href":"https:\/\/theperfumebottles.com\/hu\/wp-json\/wp\/v2\/types\/product"}],"replies":[{"embeddable":true,"href":"https:\/\/theperfumebottles.com\/hu\/wp-json\/wp\/v2\/comments?post=3897"}],"wp:featuredmedia":[{"embeddable":true,"href":"https:\/\/theperfumebottles.com\/hu\/wp-json\/wp\/v2\/media\/3903"}],"wp:attachment":[{"href":"https:\/\/theperfumebottles.com\/hu\/wp-json\/wp\/v2\/media?parent=3897"}],"wp:term":[{"taxonomy":"product_brand","embeddable":true,"href":"https:\/\/theperfumebottles.com\/hu\/wp-json\/wp\/v2\/product_brand?post=3897"},{"taxonomy":"product_cat","embeddable":true,"href":"https:\/\/theperfumebottles.com\/hu\/wp-json\/wp\/v2\/product_cat?post=3897"},{"taxonomy":"product_tag","embeddable":true,"href":"https:\/\/theperfumebottles.com\/hu\/wp-json\/wp\/v2\/product_tag?post=3897"}],"curies":[{"name":"wp","href":"https:\/\/api.w.org\/{rel}","templated":true}]}}