{"id":3939,"date":"2025-06-16T18:01:47","date_gmt":"2025-06-16T10:01:47","guid":{"rendered":"https:\/\/theperfumebottles.com\/?post_type=product&#038;p=3939"},"modified":"2025-06-16T18:01:48","modified_gmt":"2025-06-16T10:01:48","slug":"wholesale-miniature-perfume-bottles-custom-perfume-bottle-mini","status":"publish","type":"product","link":"https:\/\/theperfumebottles.com\/hu\/termek\/wholesale-miniature-perfume-bottles-custom-perfume-bottle-mini\/","title":{"rendered":"15ml 20ml 30ml miniat\u0171r parf\u00fcm\u00f6s \u00fcvegek | Egyedi parf\u00fcm\u00f6s \u00fcveg mini"},"content":{"rendered":"<p>Szeretne luxus \u00e9s hordozhat\u00f3 illat\u00e9lm\u00e9nyt ny\u00fajtani \u00fcgyfeleinek? Miniat\u0171r parf\u00fcm\u00f6s \u00fcvegeink t\u00f6k\u00e9letesek! A mini parf\u00fcm\u00f6s \u00fcveg eleg\u00e1ns \u00e9s praktikus is egyben, modern \u00e9rint\u00e9st adva a m\u00e1rka csomagol\u00e1s\u00e1hoz~<\/p>\n<h2>F\u0151bb specifik\u00e1ci\u00f3k<\/h2>\n<table style=\"border-collapse: collapse; margin-left: auto; margin-right: auto; width: 80%;\" border=\"0\" width=\"80%\" cellspacing=\"0\" cellpadding=\"0\">\n<tbody>\n<tr style=\"height: 13.50pt;\">\n<td style=\"height: 13.50pt; width: 99.75pt;\" width=\"133\" height=\"18\">Jellemz\u0151<\/td>\n<td style=\"width: 262.50pt;\" width=\"350\">Le\u00edr\u00e1s<\/td>\n<\/tr>\n<tr style=\"height: 13.50pt;\">\n<td style=\"height: 13.50pt;\" height=\"18\">Modellek<\/td>\n<td>PB-YZ1601 \/ PB-YZ1602 \/ PB-YZ1603<\/td>\n<\/tr>\n<tr style=\"height: 13.50pt;\">\n<td style=\"height: 13.50pt;\" height=\"18\">Kapacit\u00e1s<\/td>\n<td>15ml \/ 20ml \/ 30ml<\/td>\n<\/tr>\n<tr style=\"height: 13.50pt;\">\n<td style=\"height: 13.50pt;\" height=\"18\">Alak<\/td>\n<td>Hengeres<\/td>\n<\/tr>\n<tr style=\"height: 13.50pt;\">\n<td style=\"height: 13.50pt;\" height=\"18\">M\u00e9retek<\/td>\n<td>25x84mm \/ 29x67mm \/ 33x98mm<\/td>\n<\/tr>\n<tr style=\"height: 13.50pt;\">\n<td style=\"height: 13.50pt;\" height=\"18\">Nyak \u00e1tm\u00e9r\u0151je<\/td>\n<td>15 mm<\/td>\n<\/tr>\n<tr style=\"height: 13.50pt;\">\n<td style=\"height: 13.50pt;\" height=\"18\">Z\u00e1r\u00e1s t\u00edpusa<\/td>\n<td>Pr\u00e9selt nyak+Spray pumpa<\/td>\n<\/tr>\n<tr style=\"height: 13.50pt;\">\n<td style=\"height: 13.50pt;\" height=\"18\">Anyag<\/td>\n<td>Krist\u00e1ly\u00fcveg<\/td>\n<\/tr>\n<tr style=\"height: 13.50pt;\">\n<td style=\"height: 13.50pt;\" height=\"18\">Kupak sz\u00edne<\/td>\n<td>Matt fekete, ez\u00fcst, arany, \u00e1tl\u00e1tsz\u00f3 akril<\/td>\n<\/tr>\n<tr style=\"height: 13.50pt;\">\n<td style=\"height: 13.50pt;\" height=\"18\">Ide\u00e1lis<\/td>\n<td>Illatmint\u00e1k, utaz\u00f3m\u00e9ret\u0171 parf\u00fcm\u00f6k<\/td>\n<\/tr>\n<\/tbody>\n<\/table>\n<h2><strong>A val\u00f3di term\u00e9k hihetetlen\u00fcl meggy\u0151z\u0151:<\/strong><\/h2>\n<p>Egy butik parf\u00fcm m\u00e1rka a s\u00f6t\u00e9t kobaltk\u00e9k 30ml-es PB-YZ1603-as \u00fcveg\u00fcnket haszn\u00e1lta arany kupakkal \u00e9s m\u00e1rkafelirattal, hogy aj\u00e1nd\u00e9k szetteket k\u00e9sz\u00edtsen influenszereknek \u00e9s VIP-eknek, \u00e9s az influenszer marketing hatalmas siker lett! Mindenki dics\u00e9ri, hogy j\u00f3l n\u00e9z ki \u00e9s k\u00f6nnyen hordozhat\u00f3~<\/p>\n<h2>Testreszab\u00e1si tippek a m\u00e1rk\u00e1dhoz<\/h2>\n<p>Ha azt szeretn\u00e9, hogy a parf\u00fcmje kit\u0171nj\u00f6n, a csomagol\u00e1snak t\u00f6bbet kell tennie, mint puszt\u00e1n tartani az illatot \u2014 t\u00f6rt\u00e9netet kell mes\u00e9lnie, mag\u00e1ra kell vonnia a figyelmet, \u00e9s k\u00edv\u00e1ncsiv\u00e1 kell tennie az embereket.<\/p>\n<ul>\n<li><strong>Tedd a m\u00e1rk\u00e1dat a k\u00f6z\u00e9ppontba:<\/strong> Add hozz\u00e1 a log\u00f3dat vagy a neved l\u00e9zergrav\u00edroz\u00e1ssal vagy szitanyom\u00e1ssal. Ez nem csup\u00e1n d\u00edsz\u00edt\u00e9s \u2013 ez a te jelk\u00e9ped. Gondolj r\u00e1 \u00fagy, mint egy remekm\u0171 al\u00e1\u00edr\u00e1s\u00e1ra.<\/li>\n<li><strong>F\u0171szerezd fel a dolgokat a kupak sz\u00edneivel:<\/strong> Ki mondta, hogy a kupakoknak unalmasnak kell lenni\u00fck? V\u00e1laszd a matt feket\u00e9t, ha szereted a letisztult, minimalista megjelen\u00e9st \u2013 vagy v\u00e1gj bele a r\u00f3zsaaranyba, ami a \u201eluxusra gondolok\u201d \u00e9rz\u00e9st kelti. Egy kis sz\u00ednfolt teljesen megv\u00e1ltoztathatja az \u00fcveg \u00e9rz\u00e9s\u00e9t.<\/li>\n<li><strong>Gondolkozz a m\u00e9reten t\u00fal:<\/strong> Keverj \u00f6ssze 15 ml-es, 20 ml-es \u00e9s 30 ml-es kiszerel\u00e9seket egy aj\u00e1nd\u00e9kba csomagolt kollekci\u00f3ban. T\u00f6k\u00e9letes mintav\u00e9telhez, utaz\u00e1shoz, \u00fcnnepi aj\u00e1nd\u00e9kokhoz vagy influencer csomagokhoz. \u00c9s \u0151szint\u00e9n? Az emberek szeretik a lehet\u0151s\u00e9geket.<\/li>\n<\/ul>\n<h2>K\u00f6vetkeztet\u00e9s<\/h2>\n<p>A parf\u00fcm\u00f6s \u00fcveg kiv\u00e1laszt\u00e1sa nem olyan egyszer\u0171, mint egy tart\u00e1ly kiv\u00e1laszt\u00e1sa. Ez egy\u00e9rtelm\u0171en a m\u00e1rka \u201efel\u00f6lt\u00f6ztet\u00e9se\u201d. Ak\u00e1r egy 15 ml-es pr\u00f3ba, ak\u00e1r egy 30 ml-es kiskereskedelmi v\u00e1ltozat, minden r\u00e9szlet a m\u00e1rka apr\u00f3 gondolatait rejti. A parf\u00fcm\u00f6s \u00fcveg miniat\u0171r\u00fcnk tart\u00f3s \u00fcveg anyagb\u00f3l k\u00e9sz\u00fcl, \u00e9s j\u00f3 megjelen\u00e9s\u0171 diz\u00e1jnnal rendelkezik, csak hogy a parf\u00fcm\u00f6d a legfigyelemfelkelt\u0151bb legyen a t\u00f6megben. Annyi testreszab\u00e1si lehet\u0151s\u00e9ggel nem csak a megfelel\u0151 \u00fcveget v\u00e1laszthatod ki, hanem a parf\u00fcm\u00f6t is igaz\u00e1n \u201ekin\u00f6vesztheted\u201d arra, amilyennek a m\u00e1rk\u00e1nak lennie kell. Besz\u00e9lj\u00fck meg, hogyan v\u00e1lthatod val\u00f3s\u00e1gg\u00e1 az \u00f6tleteidet \u2013 kezdj egy egyedi \u00fcveg parf\u00fcm\u00f6s \u00fcveggel, \u00e9s lassan csiszold ki a saj\u00e1t m\u00e1rka var\u00e1zsod.<\/p>","protected":false},"excerpt":{"rendered":"<p>Fedezze fel a kiv\u00e1l\u00f3 min\u0151s\u00e9g\u0171 miniat\u0171r parf\u00fcm\u00f6s \u00fcvegeket \u00e9s egyedi mini parf\u00fcm\u00f6s \u00fcveg opci\u00f3kat \u2013 t\u00f6k\u00e9letes utaz\u00e1shoz, mintav\u00e9telhez vagy luxus illatanyagok csomagol\u00e1s\u00e1hoz.<\/p>","protected":false},"featured_media":3901,"comment_status":"open","ping_status":"closed","template":"","meta":{"_acf_changed":false,"site-sidebar-layout":"default","site-content-layout":"","ast-site-content-layout":"default","site-content-style":"default","site-sidebar-style":"default","ast-global-header-display":"","ast-banner-title-visibility":"","ast-main-header-display":"","ast-hfb-above-header-display":"","ast-hfb-below-header-display":"","ast-hfb-mobile-header-display":"","site-post-title":"","ast-breadcrumbs-content":"","ast-featured-img":"","footer-sml-layout":"","ast-disable-related-posts":"","theme-transparent-header-meta":"default","adv-header-id-meta":"","stick-header-meta":"","header-above-stick-meta":"","header-main-stick-meta":"","header-below-stick-meta":"","astra-migrate-meta-layouts":"set","ast-page-background-enabled":"default","ast-page-background-meta":{"desktop":{"background-color":"var(--ast-global-color-5)","background-image":"","background-repeat":"repeat","background-position":"center center","background-size":"auto","background-attachment":"scroll","background-type":"","background-media":"","overlay-type":"","overlay-color":"","overlay-opacity":"","overlay-gradient":""},"tablet":{"background-color":"","background-image":"","background-repeat":"repeat","background-position":"center center","background-size":"auto","background-attachment":"scroll","background-type":"","background-media":"","overlay-type":"","overlay-color":"","overlay-opacity":"","overlay-gradient":""},"mobile":{"background-color":"","background-image":"","background-repeat":"repeat","background-position":"center center","background-size":"auto","background-attachment":"scroll","background-type":"","background-media":"","overlay-type":"","overlay-color":"","overlay-opacity":"","overlay-gradient":""}},"ast-content-background-meta":{"desktop":{"background-color":"var(--ast-global-color-4)","background-image":"","background-repeat":"repeat","background-position":"center center","background-size":"auto","background-attachment":"scroll","background-type":"","background-media":"","overlay-type":"","overlay-color":"","overlay-opacity":"","overlay-gradient":""},"tablet":{"background-color":"var(--ast-global-color-4)","background-image":"","background-repeat":"repeat","background-position":"center center","background-size":"auto","background-attachment":"scroll","background-type":"","background-media":"","overlay-type":"","overlay-color":"","overlay-opacity":"","overlay-gradient":""},"mobile":{"background-color":"var(--ast-global-color-4)","background-image":"","background-repeat":"repeat","background-position":"center center","background-size":"auto","background-attachment":"scroll","background-type":"","background-media":"","overlay-type":"","overlay-color":"","overlay-opacity":"","overlay-gradient":""}}},"product_brand":[],"product_cat":[72,91,74,41],"product_tag":[49],"class_list":{"0":"post-3939","1":"product","2":"type-product","3":"status-publish","4":"has-post-thumbnail","6":"product_cat-cosmetic-packaging","7":"product_cat-custom-perfume-bottles","8":"product_cat-mini-perfume-bottles","9":"product_cat-perfume-bottles","10":"product_tag-perfume-bottles","11":"desktop-align-left","12":"tablet-align-left","13":"mobile-align-left","15":"first","16":"instock","17":"shipping-taxable","18":"product-type-simple"},"acf":[],"jetpack_sharing_enabled":true,"_links":{"self":[{"href":"https:\/\/theperfumebottles.com\/hu\/wp-json\/wp\/v2\/product\/3939","targetHints":{"allow":["GET"]}}],"collection":[{"href":"https:\/\/theperfumebottles.com\/hu\/wp-json\/wp\/v2\/product"}],"about":[{"href":"https:\/\/theperfumebottles.com\/hu\/wp-json\/wp\/v2\/types\/product"}],"replies":[{"embeddable":true,"href":"https:\/\/theperfumebottles.com\/hu\/wp-json\/wp\/v2\/comments?post=3939"}],"wp:featuredmedia":[{"embeddable":true,"href":"https:\/\/theperfumebottles.com\/hu\/wp-json\/wp\/v2\/media\/3901"}],"wp:attachment":[{"href":"https:\/\/theperfumebottles.com\/hu\/wp-json\/wp\/v2\/media?parent=3939"}],"wp:term":[{"taxonomy":"product_brand","embeddable":true,"href":"https:\/\/theperfumebottles.com\/hu\/wp-json\/wp\/v2\/product_brand?post=3939"},{"taxonomy":"product_cat","embeddable":true,"href":"https:\/\/theperfumebottles.com\/hu\/wp-json\/wp\/v2\/product_cat?post=3939"},{"taxonomy":"product_tag","embeddable":true,"href":"https:\/\/theperfumebottles.com\/hu\/wp-json\/wp\/v2\/product_tag?post=3939"}],"curies":[{"name":"wp","href":"https:\/\/api.w.org\/{rel}","templated":true}]}}