{"id":4002,"date":"2025-06-17T18:06:19","date_gmt":"2025-06-17T10:06:19","guid":{"rendered":"https:\/\/theperfumebottles.com\/?post_type=product&#038;p=4002"},"modified":"2025-06-17T18:06:21","modified_gmt":"2025-06-17T10:06:21","slug":"wholesale-perfume-bottles-bulk-perfume-bottles-supplier","status":"publish","type":"product","link":"https:\/\/theperfumebottles.com\/hu\/termek\/wholesale-perfume-bottles-bulk-perfume-bottles-supplier\/","title":{"rendered":"100 ml-es nagykereskedelmi parf\u00fcm\u00f6s \u00fcvegek | Grav\u00edrozott, \u00f6mlesztett parf\u00fcm\u00f6s \u00fcvegek"},"content":{"rendered":"<p>Nagykereskedelmi parf\u00fcm\u00f6s \u00fcvegeket keresel mostan\u00e1ban? A krist\u00e1ly\u00fcveg annyira \u00e1tl\u00e1tsz\u00f3, hogy l\u00e1thatod a t\u00fck\u00f6rk\u00e9pedet, a fel\u00fclet\u00e9re pedig eleg\u00e1ns X mint\u00e1k vannak v\u00e9sve, luxus\u00e9rzetet \u00e1rasztva. Ak\u00e1r m\u00e1rkamenedzser vagy, aki \u00e9ppen most keltett ki egy \u00faj illatot, ak\u00e1r forgalmaz\u00f3, aki egy klasszikus modell \u201eluxuscsomagol\u00e1s\u00e1t\u201d szeretn\u00e9 friss\u00edteni, ez az \u00fcveg nemcsak a parf\u00fcm lelk\u00e9t hordozza, hanem seg\u00edt cs\u00f6kkenteni a k\u00f6lts\u00e9geket \u00e9s jav\u00edtani a min\u0151s\u00e9get is. Mi\u00e9rt ne tenn\u00e9d fel a \u201ekincses besz\u00e1ll\u00edt\u00f3i list\u00e1dra\u201d?<\/p>\n<h2>F\u0151bb specifik\u00e1ci\u00f3k<\/h2>\n<table style=\"border-collapse: collapse; margin-left: auto; margin-right: auto; width: 80%;\" border=\"0\" width=\"80%\" cellspacing=\"0\" cellpadding=\"0\">\n<tbody>\n<tr style=\"height: 13.50pt;\">\n<td style=\"height: 13.50pt; width: 61.50pt;\" width=\"82\" height=\"18\">Jellemz\u0151<\/td>\n<td style=\"width: 175.50pt;\" width=\"234\">R\u00e9szlet<\/td>\n<\/tr>\n<tr style=\"height: 13.50pt;\">\n<td style=\"height: 13.50pt;\" height=\"18\">Kapacit\u00e1s<\/td>\n<td>100 ml<\/td>\n<\/tr>\n<tr style=\"height: 13.50pt;\">\n<td style=\"height: 13.50pt;\" height=\"18\">Alak<\/td>\n<td>N\u00e9gysz\u00f6gletes<\/td>\n<\/tr>\n<tr style=\"height: 13.50pt;\">\n<td style=\"height: 13.50pt;\" height=\"18\">M\u00e9retek<\/td>\n<td>55,5 \u00d7 36,5 \u00d7 102 mm<\/td>\n<\/tr>\n<tr style=\"height: 13.50pt;\">\n<td style=\"height: 13.50pt;\" height=\"18\">Anyag<\/td>\n<td>Krist\u00e1ly\u00fcveg<\/td>\n<\/tr>\n<tr style=\"height: 13.50pt;\">\n<td style=\"height: 13.50pt;\" height=\"18\">Sz\u00edn<\/td>\n<td>Teljesen testreszabhat\u00f3<\/td>\n<\/tr>\n<tr style=\"height: 13.50pt;\">\n<td style=\"height: 13.50pt;\" height=\"18\">T\u00f6m\u00edt\u00e9s t\u00edpusa<\/td>\n<td>Krimpel\u0151 nyak + permetez\u0151<\/td>\n<\/tr>\n<tr style=\"height: 13.50pt;\">\n<td style=\"height: 13.50pt;\" height=\"18\">Ide\u00e1lis haszn\u00e1lat<\/td>\n<td>Illat, k\u00f6lni<\/td>\n<\/tr>\n<\/tbody>\n<\/table>\n<h2>Val\u00f3di siker eset<\/h2>\n<p>Az egyik \u00fcgyfel\u00fcnk, egy niche parf\u00fcm m\u00e1rka, ki akart t\u0171nni egy nagy sz\u00e9ps\u00e9g\u00e1pol\u00e1si ki\u00e1ll\u00edt\u00e1son. A szem\u00e9lyre szabott matt \u00fcveg parf\u00fcm\u00f6s \u00fcveg\u00fcnket v\u00e1lasztott\u00e1k, \u00e9s r\u00e1grav\u00edrozt\u00e1k a m\u00e1rka log\u00f3j\u00e1t. A v\u00e9geredm\u00e9ny leny\u0171g\u00f6z\u0151 megjelen\u00e9st mutatott a kirakatban, \u00e9s seg\u00edtett nekik t\u00f6bb megrendel\u00e9s megszerz\u00e9s\u00e9ben. Az \u00fcgyfelek dics\u00e9rt\u00e9k a kiv\u00e1l\u00f3 min\u0151s\u00e9g\u0171 text\u00far\u00e1t \u00e9s a k\u00f6rnyezetbar\u00e1t anyagokat, bizony\u00edtva, hogy a kiv\u00e1l\u00f3 min\u0151s\u00e9g\u0171 kozmetikai csomagol\u00e1s val\u00f3ban jelent\u0151s javul\u00e1st hozhat.<\/p>\n<h2>Testreszab\u00e1si tippek, hogy a saj\u00e1todd\u00e1 tedd<\/h2>\n<p>Szeretn\u00e9d, hogy a m\u00e1rk\u00e1d a csomagol\u00e1son ragyogjon? \u00cdgy hozhatod ki bel\u0151le a legt\u00f6bbet:<\/p>\n<ul>\n<li>V\u00e1lassz egysz\u00edn\u0171 vagy \u00e1tmenetes sz\u00ednt, amely illik a m\u00e1rk\u00e1d f\u0151 sz\u00edn\u00e9hez, hogy a palack azonnal felismerhet\u0151 legyen, \u00e9s egy \u201em\u00e1rkasz\u00f3viv\u0151k\u00e9nt\u201d ragyogjon.<\/li>\n<li>Haszn\u00e1lj l\u00e9zergrav\u00edroz\u00e1st vagy UV nyomtat\u00e1st, hogy meg\u0151rzd a m\u00e1rk\u00e1d lenyomat\u00e1t, \u00e9s a kifinomults\u00e1got a v\u00e9gletekig fokozd!<\/li>\n<li>Pr\u00f3b\u00e1lj ki matt fel\u00fcleteket vagy mintav\u00e1ltozatokat, hogy egyedi megjelen\u00e9st k\u00f6lcs\u00f6n\u00f6zz a parf\u00fcm\u00f6dnek.<\/li>\n<li>P\u00e1ros\u00edtsd k\u00f6rnyezetbar\u00e1t csomagol\u00e1ssal a z\u00f6ld im\u00e1zsod er\u0151s\u00edt\u00e9se \u00e9rdek\u00e9ben.<\/li>\n<\/ul>\n<h2 data-start=\"132\" data-end=\"398\"><strong data-start=\"132\" data-end=\"189\">K\u00e9szen \u00e1llsz, hogy a k\u00f6vetkez\u0151 szintre emeld az illatm\u00e1rk\u00e1dat?<\/strong><\/h2>\n<p data-start=\"132\" data-end=\"398\">A megfelel\u0151 \u00fcveg nem csak a term\u00e9k t\u00e1rol\u00e1s\u00e1ra szolg\u00e1l \u2013 \u00e9letre kelti a m\u00e1rk\u00e1dat. Nagykereskedelmi parf\u00fcm\u00f6s \u00fcvegeink eleg\u00e1ns diz\u00e1jnt \u00e9s megb\u00edzhat\u00f3 min\u0151s\u00e9get \u00f6tv\u00f6znek, \u00edgy illatod minden polcon kit\u0171nik.<\/p>\n<p data-start=\"400\" data-end=\"573\">B\u00facs\u00fat inthetsz az \u00e1ltal\u00e1nos csomagol\u00e1snak. Nagykereskedelmi parf\u00fcm\u00f6s \u00fcvegeink nagykereskedelmi opci\u00f3ival olyan egyedi terveket hozhatsz l\u00e9tre, amelyek t\u00fckr\u00f6zik az egyedi v\u00edzi\u00f3dat, \u00e9rt\u00e9keidet \u00e9s kreativit\u00e1sodat. Alkossunk olyan csomagol\u00e1st, amely elmes\u00e9li a t\u00f6rt\u00e9netedet.<\/p>","protected":false},"excerpt":{"rendered":"<p>Kiv\u00e1l\u00f3 min\u0151s\u00e9g\u0171, nagykereskedelmi parf\u00fcm\u00f6s \u00fcvegek, nagy t\u00e9telben kaphat\u00f3k. Ide\u00e1lis m\u00e1rk\u00e1k \u00e9s forgalmaz\u00f3k sz\u00e1m\u00e1ra. Egyedi opci\u00f3k, gyors sz\u00e1ll\u00edt\u00e1s \u00e9s k\u00f6zvetlen gy\u00e1ri \u00e1rak.<\/p>","protected":false},"featured_media":4007,"comment_status":"open","ping_status":"closed","template":"","meta":{"_acf_changed":false,"site-sidebar-layout":"default","site-content-layout":"","ast-site-content-layout":"default","site-content-style":"default","site-sidebar-style":"default","ast-global-header-display":"","ast-banner-title-visibility":"","ast-main-header-display":"","ast-hfb-above-header-display":"","ast-hfb-below-header-display":"","ast-hfb-mobile-header-display":"","site-post-title":"","ast-breadcrumbs-content":"","ast-featured-img":"","footer-sml-layout":"","ast-disable-related-posts":"","theme-transparent-header-meta":"default","adv-header-id-meta":"","stick-header-meta":"","header-above-stick-meta":"","header-main-stick-meta":"","header-below-stick-meta":"","astra-migrate-meta-layouts":"set","ast-page-background-enabled":"default","ast-page-background-meta":{"desktop":{"background-color":"var(--ast-global-color-5)","background-image":"","background-repeat":"repeat","background-position":"center center","background-size":"auto","background-attachment":"scroll","background-type":"","background-media":"","overlay-type":"","overlay-color":"","overlay-opacity":"","overlay-gradient":""},"tablet":{"background-color":"","background-image":"","background-repeat":"repeat","background-position":"center center","background-size":"auto","background-attachment":"scroll","background-type":"","background-media":"","overlay-type":"","overlay-color":"","overlay-opacity":"","overlay-gradient":""},"mobile":{"background-color":"","background-image":"","background-repeat":"repeat","background-position":"center center","background-size":"auto","background-attachment":"scroll","background-type":"","background-media":"","overlay-type":"","overlay-color":"","overlay-opacity":"","overlay-gradient":""}},"ast-content-background-meta":{"desktop":{"background-color":"var(--ast-global-color-4)","background-image":"","background-repeat":"repeat","background-position":"center center","background-size":"auto","background-attachment":"scroll","background-type":"","background-media":"","overlay-type":"","overlay-color":"","overlay-opacity":"","overlay-gradient":""},"tablet":{"background-color":"var(--ast-global-color-4)","background-image":"","background-repeat":"repeat","background-position":"center center","background-size":"auto","background-attachment":"scroll","background-type":"","background-media":"","overlay-type":"","overlay-color":"","overlay-opacity":"","overlay-gradient":""},"mobile":{"background-color":"var(--ast-global-color-4)","background-image":"","background-repeat":"repeat","background-position":"center center","background-size":"auto","background-attachment":"scroll","background-type":"","background-media":"","overlay-type":"","overlay-color":"","overlay-opacity":"","overlay-gradient":""}}},"product_brand":[],"product_cat":[72,91,41],"product_tag":[49],"class_list":{"0":"post-4002","1":"product","2":"type-product","3":"status-publish","4":"has-post-thumbnail","6":"product_cat-cosmetic-packaging","7":"product_cat-custom-perfume-bottles","8":"product_cat-perfume-bottles","9":"product_tag-perfume-bottles","10":"desktop-align-left","11":"tablet-align-left","12":"mobile-align-left","14":"first","15":"instock","16":"shipping-taxable","17":"product-type-simple"},"acf":[],"jetpack_sharing_enabled":true,"_links":{"self":[{"href":"https:\/\/theperfumebottles.com\/hu\/wp-json\/wp\/v2\/product\/4002","targetHints":{"allow":["GET"]}}],"collection":[{"href":"https:\/\/theperfumebottles.com\/hu\/wp-json\/wp\/v2\/product"}],"about":[{"href":"https:\/\/theperfumebottles.com\/hu\/wp-json\/wp\/v2\/types\/product"}],"replies":[{"embeddable":true,"href":"https:\/\/theperfumebottles.com\/hu\/wp-json\/wp\/v2\/comments?post=4002"}],"wp:featuredmedia":[{"embeddable":true,"href":"https:\/\/theperfumebottles.com\/hu\/wp-json\/wp\/v2\/media\/4007"}],"wp:attachment":[{"href":"https:\/\/theperfumebottles.com\/hu\/wp-json\/wp\/v2\/media?parent=4002"}],"wp:term":[{"taxonomy":"product_brand","embeddable":true,"href":"https:\/\/theperfumebottles.com\/hu\/wp-json\/wp\/v2\/product_brand?post=4002"},{"taxonomy":"product_cat","embeddable":true,"href":"https:\/\/theperfumebottles.com\/hu\/wp-json\/wp\/v2\/product_cat?post=4002"},{"taxonomy":"product_tag","embeddable":true,"href":"https:\/\/theperfumebottles.com\/hu\/wp-json\/wp\/v2\/product_tag?post=4002"}],"curies":[{"name":"wp","href":"https:\/\/api.w.org\/{rel}","templated":true}]}}