{"id":4018,"date":"2025-06-19T18:09:53","date_gmt":"2025-06-19T10:09:53","guid":{"rendered":"https:\/\/theperfumebottles.com\/?post_type=product&#038;p=4018"},"modified":"2025-06-19T18:09:55","modified_gmt":"2025-06-19T10:09:55","slug":"empty-amber-essential-oil-bottles-wholesale","status":"publish","type":"product","link":"https:\/\/theperfumebottles.com\/hu\/termek\/empty-amber-essential-oil-bottles-wholesale\/","title":{"rendered":"50ml 100ml borosty\u00e1nsz\u00edn\u0171 \u00fcres ill\u00f3olaj palackok nagykereskedelem"},"content":{"rendered":"<p>V\u00e1lasszon minket ill\u00f3olajos palackok nagykereskedelm\u00e9hez! Az \u00fcres ill\u00f3olajos palackok UV-\u00e1ll\u00f3 borosty\u00e1nsz\u00edn\u0171 \u00fcvegb\u0151l k\u00e9sz\u00fclnek, hogy megv\u00e9dj\u00e9k az ill\u00f3olajokat a f\u00e9ny hat\u00e1s\u00e1ra t\u00f6rt\u00e9n\u0151 boml\u00e1st\u00f3l. A st\u00edlusos palack alkalmas m\u00e1rk\u00e1s csomagol\u00e1sra \u00e9s t\u00e1mogatja a szem\u00e9lyre szab\u00e1st. A nagy t\u00e9telben t\u00f6rt\u00e9n\u0151 v\u00e1s\u00e1rl\u00e1si ig\u00e9nyek kiel\u00e9g\u00edt\u00e9se \u00e9rdek\u00e9ben a nagy mennyis\u00e9get r\u00e9szes\u00edtj\u00fck el\u0151nyben!<\/p>\n<h2>F\u0151bb specifik\u00e1ci\u00f3k<\/h2>\n<table style=\"border-collapse: collapse; margin-left: auto; margin-right: auto; width: 80%;\" border=\"0\" width=\"80%\" cellspacing=\"0\" cellpadding=\"0\">\n<tbody>\n<tr style=\"height: 13.50pt;\">\n<td style=\"height: 13.50pt; width: 122.25pt;\" width=\"163\" height=\"18\">Specifik\u00e1ci\u00f3<\/td>\n<td style=\"width: 259.50pt;\" width=\"346\">R\u00e9szletek<\/td>\n<\/tr>\n<tr style=\"height: 13.50pt;\">\n<td style=\"height: 13.50pt;\" height=\"18\">Anyag<\/td>\n<td>\u00dcveg (borosty\u00e1n)<\/td>\n<\/tr>\n<tr style=\"height: 13.50pt;\">\n<td style=\"height: 13.50pt;\" height=\"18\">Kapacit\u00e1sbe\u00e1ll\u00edt\u00e1sok<\/td>\n<td>50 ml \/ 100 ml<\/td>\n<\/tr>\n<tr style=\"height: 13.50pt;\">\n<td style=\"height: 13.50pt;\" height=\"18\">Kupak t\u00edpusa<\/td>\n<td>Csavaros kupak \/ Cseppentet\u0151 \/ Spray<\/td>\n<\/tr>\n<tr style=\"height: 13.50pt;\">\n<td style=\"height: 13.50pt;\" height=\"18\">Palack alakja<\/td>\n<td>Hengeres \/ Kerek \/ N\u00e9gyzet alak\u00fa (opcion\u00e1lis)<\/td>\n<\/tr>\n<tr style=\"height: 13.50pt;\">\n<td style=\"height: 13.50pt;\" height=\"18\">Haszn\u00e1lat<\/td>\n<td>Ill\u00f3olajok, illatolajok, kever\u00e9kek<\/td>\n<\/tr>\n<tr style=\"height: 13.50pt;\">\n<td style=\"height: 13.50pt;\" height=\"18\">Fel\u00fcletkezel\u00e9s<\/td>\n<td>Sima, c\u00edmkebar\u00e1t<\/td>\n<\/tr>\n<tr style=\"height: 13.50pt;\">\n<td style=\"height: 13.50pt;\" height=\"18\">Testreszab\u00e1s<\/td>\n<td>Log\u00f3nyomtat\u00e1s, sz\u00edn, sapka st\u00edlus<\/td>\n<\/tr>\n<\/tbody>\n<\/table>\n<h2>Val\u00f3s esettanulm\u00e1ny<\/h2>\n<p>Visszat\u00e9r\u0151 \u00fcgyfel\u00fcnk egyike egy kis ausztr\u00e1l term\u00e9szetes eg\u00e9szs\u00e9gmeg\u0151rz\u0151 m\u00e1rka, aki \u00faj aromater\u00e1pi\u00e1s spray-k\u00edn\u00e1latot szeretett volna piacra dobni. 50 ml-es nagykereskedelmi ill\u00f3olajos flakonjainkat v\u00e1lasztott\u00e1k, egyedi kobaltk\u00e9k kupakkal \u00e9s dombornyomott log\u00f3kkal.<\/p>\n<p>Hat h\u00e9ten bel\u00fcl 20%-kal n\u0151ttek az elad\u00e1saik. Azt mondt\u00e1k nek\u00fcnk: \u201eA palackok pr\u00e9mium \u00e9rzetet adnak a term\u00e9keinknek an\u00e9lk\u00fcl, hogy t\u00fall\u00e9pn\u00e9nk a k\u00f6lts\u00e9gvet\u00e9s\u00fcnket.\u201d<\/p>\n<p>Ez az okos csomagol\u00e1s sz\u00e9ps\u00e9ge \u2013 \u00e9s minden a megfelel\u0151 palackkal kezd\u0151dik.<\/p>\n<h2>Csomagol\u00e1si javaslatok<\/h2>\n<p>Szeretn\u00e9d, hogy ez az \u00fcveg igaz\u00e1n a saj\u00e1tod legyen? Meg\u00e9rtj\u00fck a m\u00e1rk\u00e1dba vetett befektet\u00e9sedet, ez\u00e9rt \u00e1tfog\u00f3 testreszab\u00e1si szolg\u00e1ltat\u00e1sokat k\u00edn\u00e1lunk, hogy seg\u00edts\u00fcnk a legjobb csomagol\u00e1si megjelen\u00e9s megteremt\u00e9s\u00e9ben \u00e9s m\u00e1rk\u00e1d var\u00e1zs\u00e1nak bemutat\u00e1s\u00e1ban!<\/p>\n<ul>\n<li><strong>V\u00e1laszd ki a sz\u00edned:<\/strong> Klasszikus borosty\u00e1n, exkluz\u00edv text\u00far\u00e1val. Ha m\u00e1s st\u00edlusra v\u00e1gysz, v\u00e1laszthatsz z\u00f6ld, k\u00e9k, r\u00f3zsasz\u00edn \u00e9s \u00e1ttetsz\u0151 fel\u00fcleteket. Mindegyik kieg\u00e9sz\u00edtheti a m\u00e1rk\u00e1d hangulat\u00e1t!<\/li>\n<li><strong>Mint\u00e1s palackkupak:<\/strong> Ha a telt text\u00far\u00e1t kedveled, v\u00e1laszthatsz sima f\u00e9m kupakot; ha az egyszer\u0171s\u00e9gre \u00e9s a visszafogotts\u00e1gra t\u00f6rekszel, a matt m\u0171anyag kupak j\u00f3 v\u00e1laszt\u00e1s; ha a term\u00e9szetes \u00e9s k\u00f6rnyezetbar\u00e1t utat szeretn\u00e9d k\u00f6vetni, a k\u00f6rnyezetbar\u00e1t faerezetes kupak t\u00f6k\u00e9letes!<\/li>\n<li><strong>M\u00e1rka log\u00f3:<\/strong> Szeretn\u00e9d, ha a m\u00e1rk\u00e1d log\u00f3ja k\u00fcl\u00f6n\u00f6sen figyelemfelkelt\u0151 lenne? Szitanyom\u00e1s, dombornyom\u00e1s \u00e9s matric\u00e1k is el\u00e9rhet\u0151k. B\u00e1rmelyik elj\u00e1r\u00e1st is v\u00e1lasztod, a log\u00f3d r\u00f6gz\u00edthet\u0151 a palackon, \u00edgy az emberek egy pillant\u00e1ssal eml\u00e9kezni fognak r\u00e1!<\/li>\n<\/ul>\n<h2>\u00d6sszefoglal\u00e1s<\/h2>\n<p>Ak\u00e1r k\u00f6lts\u00e9ghat\u00e9kony ill\u00f3olaj-palackokat szeretne nagykereskedelmi forgalomba hozni term\u00e9kcsal\u00e1dja gyors elind\u00edt\u00e1s\u00e1hoz, ak\u00e1r egy megl\u00e9v\u0151 ill\u00f3olaj-sorozathoz szeretne \u201efelejthetetlen\u201d \u00fcres palackcsomagol\u00e1st k\u00e9sz\u00edteni, mi k\u00e9szen \u00e1llunk, hogy \u201ekulissz\u00e1k m\u00f6g\u00f6tti partnerei\u201d legy\u00fcnk. A m\u00e9ret kiv\u00e1laszt\u00e1s\u00e1t\u00f3l a diz\u00e1jn kiv\u00e1laszt\u00e1s\u00e1ig, az anyagjavaslatokt\u00f3l a folyamatm\u00f3dos\u00edt\u00e1sokig, ha b\u00e1rmilyen k\u00e9rd\u00e9se vagy \u00f6tlete van, csak tudassa vel\u00fcnk \u2013 csapatunk mindig k\u00e9szen \u00e1ll, hogy seg\u00edtsen \u00d6nnek az elk\u00e9pzel\u00e9s\u00e9ben szerepl\u0151 \u201eide\u00e1lis form\u00e1t\u201d egy olyan \u201emeglepet\u00e9ss\u00e9\u201d alak\u00edtani, amelyet az \u00fcgyfelek meg\u00e9rinthetnek.<\/p>","protected":false},"excerpt":{"rendered":"<p>Kiv\u00e1l\u00f3 min\u0151s\u00e9g\u0171 \u00fcres ill\u00f3olajos flakonok nagykereskedelemben. Ide\u00e1lis aromater\u00e1pi\u00e1hoz, ill\u00f3olajokhoz \u00e9s saj\u00e1t m\u00e1rk\u00e1s csomagol\u00e1shoz.<\/p>","protected":false},"featured_media":4038,"comment_status":"open","ping_status":"closed","template":"","meta":{"_acf_changed":false,"site-sidebar-layout":"default","site-content-layout":"","ast-site-content-layout":"default","site-content-style":"default","site-sidebar-style":"default","ast-global-header-display":"","ast-banner-title-visibility":"","ast-main-header-display":"","ast-hfb-above-header-display":"","ast-hfb-below-header-display":"","ast-hfb-mobile-header-display":"","site-post-title":"","ast-breadcrumbs-content":"","ast-featured-img":"","footer-sml-layout":"","ast-disable-related-posts":"","theme-transparent-header-meta":"default","adv-header-id-meta":"","stick-header-meta":"","header-above-stick-meta":"","header-main-stick-meta":"","header-below-stick-meta":"","astra-migrate-meta-layouts":"set","ast-page-background-enabled":"default","ast-page-background-meta":{"desktop":{"background-color":"var(--ast-global-color-5)","background-image":"","background-repeat":"repeat","background-position":"center center","background-size":"auto","background-attachment":"scroll","background-type":"","background-media":"","overlay-type":"","overlay-color":"","overlay-opacity":"","overlay-gradient":""},"tablet":{"background-color":"","background-image":"","background-repeat":"repeat","background-position":"center center","background-size":"auto","background-attachment":"scroll","background-type":"","background-media":"","overlay-type":"","overlay-color":"","overlay-opacity":"","overlay-gradient":""},"mobile":{"background-color":"","background-image":"","background-repeat":"repeat","background-position":"center center","background-size":"auto","background-attachment":"scroll","background-type":"","background-media":"","overlay-type":"","overlay-color":"","overlay-opacity":"","overlay-gradient":""}},"ast-content-background-meta":{"desktop":{"background-color":"var(--ast-global-color-4)","background-image":"","background-repeat":"repeat","background-position":"center center","background-size":"auto","background-attachment":"scroll","background-type":"","background-media":"","overlay-type":"","overlay-color":"","overlay-opacity":"","overlay-gradient":""},"tablet":{"background-color":"var(--ast-global-color-4)","background-image":"","background-repeat":"repeat","background-position":"center center","background-size":"auto","background-attachment":"scroll","background-type":"","background-media":"","overlay-type":"","overlay-color":"","overlay-opacity":"","overlay-gradient":""},"mobile":{"background-color":"var(--ast-global-color-4)","background-image":"","background-repeat":"repeat","background-position":"center center","background-size":"auto","background-attachment":"scroll","background-type":"","background-media":"","overlay-type":"","overlay-color":"","overlay-opacity":"","overlay-gradient":""}}},"product_brand":[],"product_cat":[57,72,62],"product_tag":[],"class_list":{"0":"post-4018","1":"product","2":"type-product","3":"status-publish","4":"has-post-thumbnail","6":"product_cat-essential-oil-bottles","7":"product_cat-cosmetic-packaging","8":"product_cat-cosmetic-containers","9":"desktop-align-left","10":"tablet-align-left","11":"mobile-align-left","13":"first","14":"instock","15":"shipping-taxable","16":"product-type-simple"},"acf":[],"jetpack_sharing_enabled":true,"_links":{"self":[{"href":"https:\/\/theperfumebottles.com\/hu\/wp-json\/wp\/v2\/product\/4018","targetHints":{"allow":["GET"]}}],"collection":[{"href":"https:\/\/theperfumebottles.com\/hu\/wp-json\/wp\/v2\/product"}],"about":[{"href":"https:\/\/theperfumebottles.com\/hu\/wp-json\/wp\/v2\/types\/product"}],"replies":[{"embeddable":true,"href":"https:\/\/theperfumebottles.com\/hu\/wp-json\/wp\/v2\/comments?post=4018"}],"wp:featuredmedia":[{"embeddable":true,"href":"https:\/\/theperfumebottles.com\/hu\/wp-json\/wp\/v2\/media\/4038"}],"wp:attachment":[{"href":"https:\/\/theperfumebottles.com\/hu\/wp-json\/wp\/v2\/media?parent=4018"}],"wp:term":[{"taxonomy":"product_brand","embeddable":true,"href":"https:\/\/theperfumebottles.com\/hu\/wp-json\/wp\/v2\/product_brand?post=4018"},{"taxonomy":"product_cat","embeddable":true,"href":"https:\/\/theperfumebottles.com\/hu\/wp-json\/wp\/v2\/product_cat?post=4018"},{"taxonomy":"product_tag","embeddable":true,"href":"https:\/\/theperfumebottles.com\/hu\/wp-json\/wp\/v2\/product_tag?post=4018"}],"curies":[{"name":"wp","href":"https:\/\/api.w.org\/{rel}","templated":true}]}}