{"id":4274,"date":"2025-06-27T09:35:18","date_gmt":"2025-06-27T01:35:18","guid":{"rendered":"https:\/\/theperfumebottles.com\/?post_type=product&#038;p=4274"},"modified":"2025-06-27T09:35:20","modified_gmt":"2025-06-27T01:35:20","slug":"custom-bulk-perfume-bottles-glass-packaging-deals","status":"publish","type":"product","link":"https:\/\/theperfumebottles.com\/hu\/termek\/custom-bulk-perfume-bottles-glass-packaging-deals\/","title":{"rendered":"30ml 50ml 100ml Egyedi \u00f6mlesztett parf\u00fcm\u00f6s \u00fcvegek \u2013 \u00dcvegcsomagol\u00e1si aj\u00e1nlatok"},"content":{"rendered":"<p>Szeretne nagy t\u00e9telben parf\u00fcm\u00f6s \u00fcvegeket rendelni? \u00dcres parf\u00fcm\u00f6s \u00fcvegeinkkel nem fog mell\u00e9ny\u00falni! Kiv\u00e1l\u00f3 min\u0151s\u00e9g, egyszer\u0171 \u00e9s eleg\u00e1ns diz\u00e1jn, csak egy c\u00edmke \u00e9s n\u00e9mi d\u00edsz\u00edt\u00e9s teszi k\u00fcl\u00f6nlegess\u00e9. \u00daj term\u00e9kek bevezet\u00e9se vagy k\u00e9szletfelt\u00f6lt\u00e9s, mindezt k\u00f6nnyed\u00e9n!<\/p>\n<h2>F\u0151bb specifik\u00e1ci\u00f3k<\/h2>\n<table style=\"border-collapse: collapse;margin-left: auto;margin-right: auto;width: 80%\" border=\"0\" width=\"80%\" cellspacing=\"0\" cellpadding=\"0\">\n<tbody>\n<tr style=\"height: 13.50pt\">\n<td style=\"height: 13.50pt;width: 103.50pt\" width=\"138\" height=\"18\">Jellemz\u0151<\/td>\n<td style=\"width: 186.75pt\" width=\"249\">R\u00e9szletek<\/td>\n<\/tr>\n<tr style=\"height: 13.50pt\">\n<td style=\"height: 13.50pt\" height=\"18\">Anyag<\/td>\n<td>Krist\u00e1ly\u00fcveg<\/td>\n<\/tr>\n<tr style=\"height: 13.50pt\">\n<td style=\"height: 13.50pt\" height=\"18\">Alak<\/td>\n<td>N\u00e9gysz\u00f6gletes<\/td>\n<\/tr>\n<tr style=\"height: 13.50pt\">\n<td style=\"height: 13.50pt\" height=\"18\">Kapacit\u00e1s<\/td>\n<td>30 ml\/50 ml \/ 100 ml<\/td>\n<\/tr>\n<tr style=\"height: 13.50pt\">\n<td style=\"height: 13.50pt\" height=\"18\">Z\u00e1r\u00e1s t\u00edpusa<\/td>\n<td>\n<article class=\"4ever-article\" data-clipboard-cangjie=\"[&quot;root&quot;,{&quot;copyFrom&quot;:&quot;im-native&quot;},[&quot;p&quot;,{},[&quot;span&quot;,{&quot;data-type&quot;:&quot;text&quot;},[&quot;span&quot;,{&quot;data-type&quot;:&quot;leaf&quot;},&quot;Screw neck&quot;]]]]\">Csavaros nyak + Permetez\u0151<\/article>\n<\/td>\n<\/tr>\n<tr style=\"height: 13.50pt\">\n<td style=\"height: 13.50pt\" height=\"18\">Testreszab\u00e1s<\/td>\n<td>Teljes sz\u00ednv\u00e1laszt\u00e9k el\u00e9rhet\u0151<\/td>\n<\/tr>\n<\/tbody>\n<\/table>\n<h2>Val\u00f3di sikert\u00f6rt\u00e9net<\/h2>\n<p>Van egy butik parf\u00fcmm\u00e1rka, amely a kifinomult utat v\u00e1lasztja, \u00e9s minimalista, st\u00edlusos illatot szeretne l\u00e9trehozni. Az \u00fcres parf\u00fcm\u00f6s \u00fcvegeinket v\u00e1lasztott\u00e1k \u201ev\u00e1szonnak\u201d, \u00e9s 50 ml-es kiszerel\u00e9s\u0171 \u00fcvegcs\u00e9ket rendeltek, amelyeket roz\u00e9arany szeg\u00e9lyekkel \u00e9s l\u00e1gy levendula \u00e1rnyalatokkal d\u00edsz\u00edtettek, ami nagyon exkluz\u00edv megjelen\u00e9st k\u00f6lcs\u00f6nz\u00f6tt nekik! Az eredm\u00e9ny? Ez a limit\u00e1lt kiad\u00e1s\u00fa parf\u00fcm n\u00e9h\u00e1ny h\u00e9ttel a megjelen\u00e9se ut\u00e1n elfogyott, \u00e9s a k\u00f6z\u00f6ss\u00e9gi platformok tele voltak lelkes kritik\u00e1kkal r\u00f3la.<\/p>\n<h2>Szakmai tippek<\/h2>\n<p>Ha a c\u00e9lk\u00f6z\u00f6ns\u00e9ged szereti a \u201ekevesebb t\u00f6bb\u201d egyszer\u0171 sz\u00e9ps\u00e9g\u00e9t, v\u00e1laszthatsz matt text\u00far\u00e1j\u00fa \u00e9s alacsony tel\u00edtetts\u00e9g\u0171 t\u00f3nus\u00fa flakont; ha a luxuspiacot c\u00e9lzod meg, f\u00e9mkupakot adhatsz a flakonhoz, \u00e9s m\u00e9ly dr\u00e1gak\u0151 sz\u00ednt adhatsz hozz\u00e1, hogy teljesebb\u00e9 tedd a vizu\u00e1lis hat\u00e1st, \u00e9s a v\u00e1s\u00e1rl\u00f3k soha nem fogj\u00e1k els\u0151 l\u00e1t\u00e1sra elfelejteni!<\/p>\n<h2>Szeretn\u00e9d elk\u00e9sz\u00edteni a saj\u00e1t parf\u00fcm\u00f6s \u00fcvegedet?<\/h2>\n<p>Ak\u00e1r \u00faj parf\u00fcm sorozatot ind\u00edt, ak\u00e1r egy megl\u00e9v\u0151 term\u00e9kcsal\u00e1dot friss\u00edt, \u00fcveg parf\u00fcm\u00f6s palackjaink nemcsak megtartj\u00e1k a st\u00edlust, hanem rugalmasan b\u0151v\u00edthet\u0151k is az elad\u00e1sokkal. A palack sz\u00edn\u00e9t\u0151l a kupak st\u00edlus\u00e1ig, tetsz\u00e9s szerint testreszabhatja! Amikor v\u00e1llalkoz\u00e1sa egyre nagyobb\u00e1 v\u00e1lik, \u00e9s b\u0151v\u00edteni szeretn\u00e9 termel\u00e9si l\u00e9pt\u00e9k\u00e9t, seg\u00edthet\u00fcnk \u00d6nnek megtal\u00e1lni a legmegfelel\u0151bb nagy t\u00e9telben kaphat\u00f3 parf\u00fcm\u00f6s palackokat (t\u00e9teles parf\u00fcm\u00f6s palackok), amelyek t\u00f6k\u00e9letesen illeszkednek m\u00e1rka v\u00edzi\u00f3j\u00e1hoz.<\/p>\n<p>Gyere \u00e9s csatlakozz hozz\u00e1nk egy felejthetetlen \u201eparf\u00fcm\u00f6s \u00fcveg projekthez\u201d, hogy a parf\u00fcm\u00f6d eml\u00e9kezetes legyen az \u00fcvegb\u0151l!<\/p>\n<p>&nbsp;<\/p>","protected":false},"excerpt":{"rendered":"<p>Kiv\u00e1l\u00f3 min\u0151s\u00e9g\u0171, nagy kiszerel\u00e9s\u0171 parf\u00fcm\u00f6s \u00fcvegek eleg\u00e1ns arany kupakkal. Ide\u00e1lis illatm\u00e1rk\u00e1knak, bark\u00e1csol\u00e1shoz vagy nagykereskedelmi csomagol\u00e1si megold\u00e1sokhoz.<\/p>","protected":false},"featured_media":4277,"comment_status":"open","ping_status":"closed","template":"","meta":{"_acf_changed":false,"site-sidebar-layout":"default","site-content-layout":"","ast-site-content-layout":"default","site-content-style":"default","site-sidebar-style":"default","ast-global-header-display":"","ast-banner-title-visibility":"","ast-main-header-display":"","ast-hfb-above-header-display":"","ast-hfb-below-header-display":"","ast-hfb-mobile-header-display":"","site-post-title":"","ast-breadcrumbs-content":"","ast-featured-img":"","footer-sml-layout":"","ast-disable-related-posts":"","theme-transparent-header-meta":"default","adv-header-id-meta":"","stick-header-meta":"","header-above-stick-meta":"","header-main-stick-meta":"","header-below-stick-meta":"","astra-migrate-meta-layouts":"set","ast-page-background-enabled":"default","ast-page-background-meta":{"desktop":{"background-color":"var(--ast-global-color-5)","background-image":"","background-repeat":"repeat","background-position":"center center","background-size":"auto","background-attachment":"scroll","background-type":"","background-media":"","overlay-type":"","overlay-color":"","overlay-opacity":"","overlay-gradient":""},"tablet":{"background-color":"","background-image":"","background-repeat":"repeat","background-position":"center center","background-size":"auto","background-attachment":"scroll","background-type":"","background-media":"","overlay-type":"","overlay-color":"","overlay-opacity":"","overlay-gradient":""},"mobile":{"background-color":"","background-image":"","background-repeat":"repeat","background-position":"center center","background-size":"auto","background-attachment":"scroll","background-type":"","background-media":"","overlay-type":"","overlay-color":"","overlay-opacity":"","overlay-gradient":""}},"ast-content-background-meta":{"desktop":{"background-color":"var(--ast-global-color-4)","background-image":"","background-repeat":"repeat","background-position":"center center","background-size":"auto","background-attachment":"scroll","background-type":"","background-media":"","overlay-type":"","overlay-color":"","overlay-opacity":"","overlay-gradient":""},"tablet":{"background-color":"var(--ast-global-color-4)","background-image":"","background-repeat":"repeat","background-position":"center center","background-size":"auto","background-attachment":"scroll","background-type":"","background-media":"","overlay-type":"","overlay-color":"","overlay-opacity":"","overlay-gradient":""},"mobile":{"background-color":"var(--ast-global-color-4)","background-image":"","background-repeat":"repeat","background-position":"center center","background-size":"auto","background-attachment":"scroll","background-type":"","background-media":"","overlay-type":"","overlay-color":"","overlay-opacity":"","overlay-gradient":""}}},"product_brand":[],"product_cat":[72,91,41],"product_tag":[],"class_list":{"0":"post-4274","1":"product","2":"type-product","3":"status-publish","4":"has-post-thumbnail","6":"product_cat-cosmetic-packaging","7":"product_cat-custom-perfume-bottles","8":"product_cat-perfume-bottles","9":"desktop-align-left","10":"tablet-align-left","11":"mobile-align-left","13":"first","14":"instock","15":"shipping-taxable","16":"product-type-simple"},"acf":[],"jetpack_sharing_enabled":true,"_links":{"self":[{"href":"https:\/\/theperfumebottles.com\/hu\/wp-json\/wp\/v2\/product\/4274","targetHints":{"allow":["GET"]}}],"collection":[{"href":"https:\/\/theperfumebottles.com\/hu\/wp-json\/wp\/v2\/product"}],"about":[{"href":"https:\/\/theperfumebottles.com\/hu\/wp-json\/wp\/v2\/types\/product"}],"replies":[{"embeddable":true,"href":"https:\/\/theperfumebottles.com\/hu\/wp-json\/wp\/v2\/comments?post=4274"}],"wp:featuredmedia":[{"embeddable":true,"href":"https:\/\/theperfumebottles.com\/hu\/wp-json\/wp\/v2\/media\/4277"}],"wp:attachment":[{"href":"https:\/\/theperfumebottles.com\/hu\/wp-json\/wp\/v2\/media?parent=4274"}],"wp:term":[{"taxonomy":"product_brand","embeddable":true,"href":"https:\/\/theperfumebottles.com\/hu\/wp-json\/wp\/v2\/product_brand?post=4274"},{"taxonomy":"product_cat","embeddable":true,"href":"https:\/\/theperfumebottles.com\/hu\/wp-json\/wp\/v2\/product_cat?post=4274"},{"taxonomy":"product_tag","embeddable":true,"href":"https:\/\/theperfumebottles.com\/hu\/wp-json\/wp\/v2\/product_tag?post=4274"}],"curies":[{"name":"wp","href":"https:\/\/api.w.org\/{rel}","templated":true}]}}