{"id":4433,"date":"2025-07-14T13:38:33","date_gmt":"2025-07-14T05:38:33","guid":{"rendered":"https:\/\/theperfumebottles.com\/?post_type=product&#038;p=4433"},"modified":"2025-07-14T13:38:34","modified_gmt":"2025-07-14T05:38:34","slug":"30ml-cream-jar-premium-skincare-packaging-for-wholesale","status":"publish","type":"product","link":"https:\/\/theperfumebottles.com\/hu\/termek\/30ml-cream-jar-premium-skincare-packaging-for-wholesale\/","title":{"rendered":"30 ml-es kr\u00e9mes t\u00e9gely \u2013 pr\u00e9mium b\u0151r\u00e1pol\u00e1si csomagol\u00e1s nagykereskedelemnek"},"content":{"rendered":"<p>Olyan b\u0151r\u00e1pol\u00e1si csomagol\u00e1sra van sz\u00fcks\u00e9ge, amely a tart\u00f3ss\u00e1got \u00f6tv\u00f6zi a modern diz\u00e1jnnal? 30 ml-es kr\u00e9mes t\u00e9gely\u00fcnket olyan gy\u00e1rt\u00f3k \u00e9s \u00fczletek sz\u00e1m\u00e1ra tervezt\u00fck, akik olyan sz\u00e9ps\u00e9g\u00e1pol\u00e1si csomagol\u00f3anyagokat szeretn\u00e9nek, amelyek a term\u00e9ket m\u00e9g a szekr\u00e9nyeken is j\u00f3l tartj\u00e1k. Megb\u00edzhat\u00f3 palackgy\u00e1rt\u00f3k\u00e9nt biztons\u00e1gos menetes z\u00e1rral ell\u00e1tott \u00fcvegeket tervez\u00fcnk \u2013 ide\u00e1lisak olyan b\u0151r\u00e1pol\u00e1si term\u00e9kekhez, mint az arc\u00e1pol\u00f3k, test\u00e1pol\u00f3k vagy szemk\u00f6rny\u00e9k\u00e1pol\u00f3 g\u00e9lek. Ezek a t\u00e1rol\u00e1sra alkalmas tart\u00e1lyok nemcsak t\u00e1rolj\u00e1k a term\u00e9keket, hanem emelik is azokat.<\/p>\n<h2>F\u0151bb specifik\u00e1ci\u00f3k<\/h2>\n<table style=\"border-collapse: collapse;width: 1047px;height: 501px;margin-left: 160px\" border=\"0\" width=\"144\" cellspacing=\"0\" cellpadding=\"0\">\n<tbody>\n<tr style=\"height: 13.50pt\">\n<td style=\"height: 13.5pt;width: 54pt\" width=\"72\" height=\"18\">Jellemz\u0151<\/td>\n<td style=\"width: 54.00pt\" width=\"72\">R\u00e9szletek<\/td>\n<\/tr>\n<tr style=\"height: 13.50pt\">\n<td style=\"height: 13.50pt\" height=\"18\">Kapacit\u00e1s<\/td>\n<td>30 ml (1 uncia)<\/td>\n<\/tr>\n<tr style=\"height: 13.50pt\">\n<td style=\"height: 13.50pt\" height=\"18\">Alak<\/td>\n<td>Egyenes henger<\/td>\n<\/tr>\n<tr style=\"height: 13.50pt\">\n<td style=\"height: 13.50pt\" height=\"18\">T\u00f6m\u00edt\u00e9si m\u00f3dszer<\/td>\n<td>M\u0171anyag\/f\u00e9m csavaros kupak<\/td>\n<\/tr>\n<tr style=\"height: 13.50pt\">\n<td style=\"height: 13.50pt\" height=\"18\">Anyag<\/td>\n<td>\u00dcveg<\/td>\n<\/tr>\n<tr style=\"height: 13.50pt\">\n<td style=\"height: 13.50pt\" height=\"18\">Sz\u00ednbe\u00e1ll\u00edt\u00e1sok<\/td>\n<td>\u00c1tl\u00e1tsz\u00f3, borosty\u00e1nsz\u00edn\u0171, matt feh\u00e9r (testreszabhat\u00f3)<\/td>\n<\/tr>\n<tr style=\"height: 13.50pt\">\n<td style=\"height: 13.50pt\" height=\"18\">Haszn\u00e1lat<\/td>\n<td>Arckr\u00e9mek, test\u00e1pol\u00f3k, szemg\u00e9lek<\/td>\n<\/tr>\n<tr style=\"height: 13.50pt\">\n<td style=\"height: 13.50pt\" height=\"18\">Befejez\u00e9s<\/td>\n<td>Matt bevonat a mag\u00e1n\u00e9let \u00e9s az eszt\u00e9tika \u00e9rdek\u00e9ben<\/td>\n<\/tr>\n<tr style=\"height: 13.50pt\">\n<td style=\"height: 13.50pt\" height=\"18\">Sz\u00e1ll\u00edt\u00e1sra k\u00e9sz<\/td>\n<td>Igen (Standard k\u00e9szleten el\u00e9rhet\u0151)<\/td>\n<\/tr>\n<\/tbody>\n<\/table>\n<h2>Sikeres eset: Luxus b\u0151r\u00e1pol\u00e1si m\u00e1rka bevezet\u00e9se<\/h2>\n<p>Egy luxus b\u0151r\u00e1pol\u00e1si m\u00e1rka b\u0151r\u00e1pol\u00e1si csomagol\u00e1st k\u00edv\u00e1nt \u00faj \u00f6reged\u00e9sg\u00e1tl\u00f3 kr\u00e9mjeinek. 30 ml-es matt feh\u00e9r t\u00e9gelyeket testreszabtunk aranyozott embl\u00e9m\u00e1kkal \u00e9s f\u00e9m csavaros kupakkal. Az eredm\u00e9ny? 200%-os online \u00e9rt\u00e9kes\u00edt\u00e9si \u00e9s 35%-os nagykereskedelmi partners\u00e9gi n\u00f6veked\u00e9s. Ez azt mutatja, hogyan tudj\u00e1k a kr\u00e9mes t\u00e9gelyek a niche term\u00e9keket piacvezet\u0151v\u00e9 tenni.<\/p>\n<h2>Testreszab\u00e1si tippek a m\u00e1rk\u00e1dhoz<\/h2>\n<ul>\n<li><strong>Sz\u00edn\u00e1rnyalat:<\/strong> UV-\u00e9rz\u00e9keny term\u00e9kekhez haszn\u00e1ljon borosty\u00e1nt, a pr\u00e9mium kateg\u00f3ri\u00e1s term\u00e9kekhez pedig tiszt\u00edtsa meg.<\/li>\n<li><strong>Fed\u00e9l opci\u00f3k:<\/strong> A m\u0171anyag fedelek cs\u00f6kkentik a nagy t\u00e9telben t\u00f6rt\u00e9n\u0151 csomagol\u00e1s k\u00f6lts\u00e9geit, m\u00edg a f\u00e9m fedelek kiv\u00e1l\u00f3 \u00e9rzetet biztos\u00edtanak.<\/li>\n<li><strong>C\u00edmketervez\u00e9s:<\/strong> P\u00e1ros\u00edtsd melegs\u00e9ggel dombor\u00edtott embl\u00e9m\u00e1kkal vagy biztons\u00e1gi pecs\u00e9tekkel a hiteless\u00e9g \u00e9rdek\u00e9ben.<\/li>\n<li><strong>Mennyis\u00e9gi kedvezm\u00e9nyek:<\/strong> Rendeljen kozmetikai tart\u00e1lyokat nagy mennyis\u00e9gben, hogy felszabad\u00edtsa a t\u00f6bbszint\u0171 \u00e1raz\u00e1st \u00e9s a gyors sz\u00e1ll\u00edt\u00e1st.<\/li>\n<\/ul>","protected":false},"excerpt":{"rendered":"<p>Pr\u00e9mium 30 ml-es kr\u00e9mes t\u00e9gely b\u0151r\u00e1pol\u00e1si csomagol\u00e1shoz. Ide\u00e1lis arckr\u00e9mekhez, test\u00e1pol\u00f3khoz. Testreszabhat\u00f3 \u00fcvegtart\u00e1lyok l\u00e9gmentesen z\u00e1r\u00f3d\u00f3 fed\u00e9llel, nagykereskedelemben.<\/p>","protected":false},"featured_media":4434,"comment_status":"open","ping_status":"closed","template":"","meta":{"_acf_changed":false,"site-sidebar-layout":"default","site-content-layout":"","ast-site-content-layout":"default","site-content-style":"default","site-sidebar-style":"default","ast-global-header-display":"","ast-banner-title-visibility":"","ast-main-header-display":"","ast-hfb-above-header-display":"","ast-hfb-below-header-display":"","ast-hfb-mobile-header-display":"","site-post-title":"","ast-breadcrumbs-content":"","ast-featured-img":"","footer-sml-layout":"","ast-disable-related-posts":"","theme-transparent-header-meta":"default","adv-header-id-meta":"","stick-header-meta":"","header-above-stick-meta":"","header-main-stick-meta":"","header-below-stick-meta":"","astra-migrate-meta-layouts":"set","ast-page-background-enabled":"default","ast-page-background-meta":{"desktop":{"background-color":"var(--ast-global-color-5)","background-image":"","background-repeat":"repeat","background-position":"center center","background-size":"auto","background-attachment":"scroll","background-type":"","background-media":"","overlay-type":"","overlay-color":"","overlay-opacity":"","overlay-gradient":""},"tablet":{"background-color":"","background-image":"","background-repeat":"repeat","background-position":"center center","background-size":"auto","background-attachment":"scroll","background-type":"","background-media":"","overlay-type":"","overlay-color":"","overlay-opacity":"","overlay-gradient":""},"mobile":{"background-color":"","background-image":"","background-repeat":"repeat","background-position":"center center","background-size":"auto","background-attachment":"scroll","background-type":"","background-media":"","overlay-type":"","overlay-color":"","overlay-opacity":"","overlay-gradient":""}},"ast-content-background-meta":{"desktop":{"background-color":"var(--ast-global-color-4)","background-image":"","background-repeat":"repeat","background-position":"center center","background-size":"auto","background-attachment":"scroll","background-type":"","background-media":"","overlay-type":"","overlay-color":"","overlay-opacity":"","overlay-gradient":""},"tablet":{"background-color":"var(--ast-global-color-4)","background-image":"","background-repeat":"repeat","background-position":"center center","background-size":"auto","background-attachment":"scroll","background-type":"","background-media":"","overlay-type":"","overlay-color":"","overlay-opacity":"","overlay-gradient":""},"mobile":{"background-color":"var(--ast-global-color-4)","background-image":"","background-repeat":"repeat","background-position":"center center","background-size":"auto","background-attachment":"scroll","background-type":"","background-media":"","overlay-type":"","overlay-color":"","overlay-opacity":"","overlay-gradient":""}}},"product_brand":[],"product_cat":[56,72,62],"product_tag":[106,105],"class_list":{"0":"post-4433","1":"product","2":"type-product","3":"status-publish","4":"has-post-thumbnail","6":"product_cat-cosmetic-jars","7":"product_cat-cosmetic-packaging","8":"product_cat-cosmetic-containers","9":"product_tag-cream-jar","10":"product_tag-skincare-packaging","11":"desktop-align-left","12":"tablet-align-left","13":"mobile-align-left","15":"first","16":"instock","17":"shipping-taxable","18":"product-type-simple"},"acf":[],"jetpack_sharing_enabled":true,"_links":{"self":[{"href":"https:\/\/theperfumebottles.com\/hu\/wp-json\/wp\/v2\/product\/4433","targetHints":{"allow":["GET"]}}],"collection":[{"href":"https:\/\/theperfumebottles.com\/hu\/wp-json\/wp\/v2\/product"}],"about":[{"href":"https:\/\/theperfumebottles.com\/hu\/wp-json\/wp\/v2\/types\/product"}],"replies":[{"embeddable":true,"href":"https:\/\/theperfumebottles.com\/hu\/wp-json\/wp\/v2\/comments?post=4433"}],"wp:featuredmedia":[{"embeddable":true,"href":"https:\/\/theperfumebottles.com\/hu\/wp-json\/wp\/v2\/media\/4434"}],"wp:attachment":[{"href":"https:\/\/theperfumebottles.com\/hu\/wp-json\/wp\/v2\/media?parent=4433"}],"wp:term":[{"taxonomy":"product_brand","embeddable":true,"href":"https:\/\/theperfumebottles.com\/hu\/wp-json\/wp\/v2\/product_brand?post=4433"},{"taxonomy":"product_cat","embeddable":true,"href":"https:\/\/theperfumebottles.com\/hu\/wp-json\/wp\/v2\/product_cat?post=4433"},{"taxonomy":"product_tag","embeddable":true,"href":"https:\/\/theperfumebottles.com\/hu\/wp-json\/wp\/v2\/product_tag?post=4433"}],"curies":[{"name":"wp","href":"https:\/\/api.w.org\/{rel}","templated":true}]}}