{"id":4463,"date":"2025-07-15T17:46:01","date_gmt":"2025-07-15T09:46:01","guid":{"rendered":"https:\/\/theperfumebottles.com\/?post_type=product&#038;p=4463"},"modified":"2025-07-31T10:58:58","modified_gmt":"2025-07-31T02:58:58","slug":"glass-face-cream-jars-wholesales-custom-skincare-packaging","status":"publish","type":"product","link":"https:\/\/theperfumebottles.com\/hu\/termek\/glass-face-cream-jars-wholesales-custom-skincare-packaging\/","title":{"rendered":"100g100ml \u00fcveg arckr\u00e9m t\u00e9gelyek nagykereskedelme \u2013 egyedi b\u0151r\u00e1pol\u00e1si csomagol\u00e1s"},"content":{"rendered":"<p><span class=\"highlights\" data-v-df95d256=\"\">\u00dcveg arckr\u00e9mes t\u00e9gelyeinket \u00fagy tervezt\u00fck, hogy inspir\u00e1lj\u00e1k a sz\u00e9ps\u00e9g\u00e1pol\u00e1si csomagol\u00e1si j\u00e1t\u00e9kodat. Ak\u00e1r log\u00f3tulajdonos vagy, aki egyedi b\u0151r\u00e1pol\u00e1si csomagol\u00e1st keres, ak\u00e1r keresked\u0151, aki nagy t\u00e9telben keres sz\u00e9ps\u00e9g\u00e1pol\u00e1si csomagol\u00f3ed\u00e9nyeket, ezek az t\u00e9gelyek \u00f6tv\u00f6zik a k\u00e9pess\u00e9geket \u00e9s az eleganci\u00e1t.\u00a0<\/span><\/p>\n<h3 data-spm-anchor-id=\"5176.28103460.0.i8.29ab1db83FoVh8\"><strong>F\u0151bb specifik\u00e1ci\u00f3k<\/strong><\/h3>\n<table style=\"border-collapse: collapse;width: 60%;height: 585px;margin-left: auto;margin-right: auto\" border=\"0\" width=\"144\" cellspacing=\"0\" cellpadding=\"0\">\n<tbody>\n<tr style=\"height: 13.50pt\">\n<td style=\"height: 13.50pt;width: 54.00pt\" width=\"72\" height=\"18\">Jellemz\u0151<\/td>\n<td style=\"width: 54.00pt\" width=\"72\">R\u00e9szletek<\/td>\n<\/tr>\n<tr style=\"height: 13.50pt\">\n<td style=\"height: 13.50pt\" height=\"18\">Kapacit\u00e1s<\/td>\n<td>100 g \/ 100 ml<\/td>\n<\/tr>\n<tr style=\"height: 13.50pt\">\n<td style=\"height: 13.50pt\" height=\"18\">Alak<\/td>\n<td>Egyenes oldal\u00fa<\/td>\n<\/tr>\n<tr style=\"height: 13.50pt\">\n<td style=\"height: 13.50pt\" height=\"18\">Anyag<\/td>\n<td>Krist\u00e1ly\u00fcveg<\/td>\n<\/tr>\n<tr style=\"height: 13.50pt\">\n<td style=\"height: 13.50pt\" height=\"18\">Sz\u00ednek<\/td>\n<td>Z\u00f6ld, \u00e1tl\u00e1tsz\u00f3, borosty\u00e1ns\u00e1rga, fekete (testreszabhat\u00f3)\u2026<\/td>\n<\/tr>\n<tr style=\"height: 13.50pt\">\n<td style=\"height: 13.50pt\" height=\"18\">Haszn\u00e1lati esetek<\/td>\n<td>Arckr\u00e9m, test\u00e1pol\u00f3\u2026<\/td>\n<\/tr>\n<\/tbody>\n<\/table>\n<h2><span class=\"highlights\" data-v-df95d256=\"\">Esettanulm\u00e1ny<\/span><\/h2>\n<p><span class=\"highlights\" data-v-df95d256=\"\">Egy k\u00f6zepes m\u00e9ret\u0171 b\u0151r\u00e1pol\u00e1si m\u00e1rka a mi z\u00f6ld, 100 g-os t\u00e9gelyeinket haszn\u00e1lta az \u00f6reged\u00e9sg\u00e1tl\u00f3 kr\u00e9mj\u00e9hez. A k\u00f6rnyezetbar\u00e1t kialak\u00edt\u00e1s \u00e9s a sz\u00e1ll\u00edt\u00e1sra k\u00e9sz r\u00e9szv\u00e9nyopci\u00f3k seg\u00edtettek nekik 2 h\u00e9ten bel\u00fcl elind\u00edtani a term\u00e9ket, ami az els\u0151 h\u00f3napban 35%-kal n\u00f6velte a honlapjukon el\u00e9rt elad\u00e1sokat.<\/span><\/p>","protected":false},"excerpt":{"rendered":"<p>Fedezze fel az \u00fcveg arckr\u00e9m t\u00e9gelyeket egyedi b\u0151r\u00e1pol\u00e1si csomagol\u00e1shoz. Tart\u00f3s, testreszabhat\u00f3 \u00e9s k\u00f6rnyezetbar\u00e1t \u2013 ide\u00e1lis nagy t\u00e9telben t\u00f6rt\u00e9n\u0151 kozmetikai kiszerel\u00e9sekhez.<\/p>","protected":false},"featured_media":4464,"comment_status":"open","ping_status":"closed","template":"","meta":{"_acf_changed":false,"site-sidebar-layout":"default","site-content-layout":"","ast-site-content-layout":"default","site-content-style":"default","site-sidebar-style":"default","ast-global-header-display":"","ast-banner-title-visibility":"","ast-main-header-display":"","ast-hfb-above-header-display":"","ast-hfb-below-header-display":"","ast-hfb-mobile-header-display":"","site-post-title":"","ast-breadcrumbs-content":"","ast-featured-img":"","footer-sml-layout":"","ast-disable-related-posts":"","theme-transparent-header-meta":"default","adv-header-id-meta":"","stick-header-meta":"","header-above-stick-meta":"","header-main-stick-meta":"","header-below-stick-meta":"","astra-migrate-meta-layouts":"set","ast-page-background-enabled":"default","ast-page-background-meta":{"desktop":{"background-color":"var(--ast-global-color-5)","background-image":"","background-repeat":"repeat","background-position":"center center","background-size":"auto","background-attachment":"scroll","background-type":"","background-media":"","overlay-type":"","overlay-color":"","overlay-opacity":"","overlay-gradient":""},"tablet":{"background-color":"","background-image":"","background-repeat":"repeat","background-position":"center center","background-size":"auto","background-attachment":"scroll","background-type":"","background-media":"","overlay-type":"","overlay-color":"","overlay-opacity":"","overlay-gradient":""},"mobile":{"background-color":"","background-image":"","background-repeat":"repeat","background-position":"center center","background-size":"auto","background-attachment":"scroll","background-type":"","background-media":"","overlay-type":"","overlay-color":"","overlay-opacity":"","overlay-gradient":""}},"ast-content-background-meta":{"desktop":{"background-color":"var(--ast-global-color-4)","background-image":"","background-repeat":"repeat","background-position":"center center","background-size":"auto","background-attachment":"scroll","background-type":"","background-media":"","overlay-type":"","overlay-color":"","overlay-opacity":"","overlay-gradient":""},"tablet":{"background-color":"var(--ast-global-color-4)","background-image":"","background-repeat":"repeat","background-position":"center center","background-size":"auto","background-attachment":"scroll","background-type":"","background-media":"","overlay-type":"","overlay-color":"","overlay-opacity":"","overlay-gradient":""},"mobile":{"background-color":"var(--ast-global-color-4)","background-image":"","background-repeat":"repeat","background-position":"center center","background-size":"auto","background-attachment":"scroll","background-type":"","background-media":"","overlay-type":"","overlay-color":"","overlay-opacity":"","overlay-gradient":""}}},"product_brand":[],"product_cat":[72,62,56],"product_tag":[109,110],"class_list":{"0":"post-4463","1":"product","2":"type-product","3":"status-publish","4":"has-post-thumbnail","6":"product_cat-cosmetic-packaging","7":"product_cat-cosmetic-containers","8":"product_cat-cosmetic-jars","9":"product_tag-custom-skincare-packaging","10":"product_tag-glass-face-cream-jars","11":"desktop-align-left","12":"tablet-align-left","13":"mobile-align-left","15":"first","16":"instock","17":"shipping-taxable","18":"product-type-simple"},"acf":[],"jetpack_sharing_enabled":true,"_links":{"self":[{"href":"https:\/\/theperfumebottles.com\/hu\/wp-json\/wp\/v2\/product\/4463","targetHints":{"allow":["GET"]}}],"collection":[{"href":"https:\/\/theperfumebottles.com\/hu\/wp-json\/wp\/v2\/product"}],"about":[{"href":"https:\/\/theperfumebottles.com\/hu\/wp-json\/wp\/v2\/types\/product"}],"replies":[{"embeddable":true,"href":"https:\/\/theperfumebottles.com\/hu\/wp-json\/wp\/v2\/comments?post=4463"}],"wp:featuredmedia":[{"embeddable":true,"href":"https:\/\/theperfumebottles.com\/hu\/wp-json\/wp\/v2\/media\/4464"}],"wp:attachment":[{"href":"https:\/\/theperfumebottles.com\/hu\/wp-json\/wp\/v2\/media?parent=4463"}],"wp:term":[{"taxonomy":"product_brand","embeddable":true,"href":"https:\/\/theperfumebottles.com\/hu\/wp-json\/wp\/v2\/product_brand?post=4463"},{"taxonomy":"product_cat","embeddable":true,"href":"https:\/\/theperfumebottles.com\/hu\/wp-json\/wp\/v2\/product_cat?post=4463"},{"taxonomy":"product_tag","embeddable":true,"href":"https:\/\/theperfumebottles.com\/hu\/wp-json\/wp\/v2\/product_tag?post=4463"}],"curies":[{"name":"wp","href":"https:\/\/api.w.org\/{rel}","templated":true}]}}