{"id":4468,"date":"2025-07-15T17:45:18","date_gmt":"2025-07-15T09:45:18","guid":{"rendered":"https:\/\/theperfumebottles.com\/?post_type=product&#038;p=4468"},"modified":"2025-07-31T10:45:27","modified_gmt":"2025-07-31T02:45:27","slug":"1oz-2oz-4oz-glass-cosmetic-jars-wholesale-custom-skincare-jar","status":"publish","type":"product","link":"https:\/\/theperfumebottles.com\/hu\/termek\/1oz-2oz-4oz-glass-cosmetic-jars-wholesale-custom-skincare-jar\/","title":{"rendered":"1oz 2oz 4oz \u00dcveg kozmetikai t\u00e9gelyek nagykereskedelemhez \u2013 Egyedi b\u0151r\u00e1pol\u00f3 t\u00e9gely"},"content":{"rendered":"<p><span class=\"highlights\" data-v-df95d256=\"\">\u00dcveg kozmetikai t\u00e9gelyeinket \u00fagy tervezt\u00fck, hogy inspir\u00e1ci\u00f3t ny\u00fajtsanak sz\u00e9ps\u00e9g\u00e1pol\u00e1si csomagol\u00e1si j\u00e1t\u00e9kodhoz. Ak\u00e1r m\u00e1rkatulajdonos vagy, aki egyedi b\u0151r\u00e1pol\u00e1si csomagol\u00e1st keres, ak\u00e1r keresked\u0151, aki nagykereskedelmi kozmetikai tart\u00e1lyokat keres, ezek a t\u00e9gelyek \u00f6tv\u00f6zik a funkcionalit\u00e1st \u00e9s az eleganci\u00e1t.<\/span><\/p>\n<h2><span class=\"highlights\" data-v-df95d256=\"\">F\u0151bb specifik\u00e1ci\u00f3k<\/span><\/h2>\n<table style=\"border-collapse: collapse;width: 80%;height: 361px;margin-left: auto;margin-right: auto\" border=\"0\" width=\"144\" cellspacing=\"0\" cellpadding=\"0\">\n<tbody>\n<tr style=\"height: 13.50pt\">\n<td style=\"height: 13.50pt;width: 54.00pt\" width=\"72\" height=\"18\">Jellemz\u0151<\/td>\n<td style=\"width: 54.00pt\" width=\"72\">R\u00e9szletek<\/td>\n<\/tr>\n<tr style=\"height: 13.50pt\">\n<td style=\"height: 13.50pt\" height=\"18\">Kapacit\u00e1s<\/td>\n<td>28 ml \/ 58 ml \/ 128 ml<\/td>\n<\/tr>\n<tr style=\"height: 13.50pt\">\n<td style=\"height: 13.50pt\" height=\"18\">Alak<\/td>\n<td>Egyenes oldal\u00fa<\/td>\n<\/tr>\n<tr style=\"height: 13.50pt\">\n<td style=\"height: 13.50pt\" height=\"18\">T\u00f6m\u00edt\u00e9si m\u00f3dszer<\/td>\n<td>Menetes fed\u00e9l (m\u0171anyag\/f\u00e9m)<\/td>\n<\/tr>\n<tr style=\"height: 13.50pt\">\n<td style=\"height: 13.50pt\" height=\"18\">Anyag<\/td>\n<td>Edzett \u00fcveg<\/td>\n<\/tr>\n<tr style=\"height: 13.50pt\">\n<td style=\"height: 13.50pt\" height=\"18\">Sz\u00ednek<\/td>\n<td>K\u00e9k (testreszabhat\u00f3)<\/td>\n<\/tr>\n<tr style=\"height: 13.50pt\">\n<td style=\"height: 13.50pt\" height=\"18\">Haszn\u00e1lati esetek<\/td>\n<td>Arckr\u00e9m, test\u00e1pol\u00f3, szemk\u00f6rny\u00e9k\u00e1pol\u00f3\u2026<\/td>\n<\/tr>\n<\/tbody>\n<\/table>\n<h2><span class=\"highlights\" data-v-df95d256=\"\">Sikeres eset<\/span><\/h2>\n<p><span class=\"highlights\" data-v-df95d256=\"\">Egy k\u00f6zepes m\u00e9ret\u0171 b\u0151r\u00e1pol\u00e1si m\u00e1rka a mi 50 ml-es k\u00e9k t\u00e9gelyeinket haszn\u00e1lta luxus szemk\u00f6rny\u00e9k\u00e1pol\u00f3 term\u00e9kcsal\u00e1dj\u00e1hoz. A k\u00f6rnyezetbar\u00e1t kialak\u00edt\u00e1s \u00e9s a sz\u00e1ll\u00edt\u00e1sra k\u00e9sz r\u00e9szv\u00e9nyopci\u00f3k seg\u00edtettek nekik 2 h\u00e9ten bel\u00fcl elind\u00edtani a term\u00e9ket, ami az els\u0151 h\u00f3napban 35%-kal n\u00f6velte a honlapjukon el\u00e9rt elad\u00e1sokat.<\/span><\/p>\n<h2><span class=\"highlights\" data-v-df95d256=\"\">Testreszab\u00e1si javaslatok<\/span><\/h2>\n<p>Ezek az \u00fcveg kozmetikai t\u00e9gelyek teljes m\u00e9rt\u00e9kben testreszabhat\u00f3k, hogy illeszkedjenek a log\u00f3hoz, szem\u00e9lyre szabott sz\u00ednbevonatokat \u00e9s m\u00e1rk\u00e1s, publik\u00e1lt c\u00edmk\u00e9ket biztos\u00edtva az egys\u00e9ges, l\u00e1that\u00f3 m\u00e1rka\u00e9p\u00edt\u00e9s \u00e9rdek\u00e9ben. A fed\u00e9l minimalista eszt\u00e9tik\u00e1t k\u00edn\u00e1l, vagy pol\u00edrozott ac\u00e9l fel\u00fclettel fokozza a kiel\u00e9g\u00edt\u0151 permetterm\u00e9kek kifinomults\u00e1g\u00e1t. Ezenk\u00edv\u00fcl csomagol\u00e1si megold\u00e1saink k\u00f6lts\u00e9ghat\u00e9kony \u00e1rakat k\u00edn\u00e1lnak a kiv\u00e1l\u00f3 min\u0151s\u00e9g fel\u00e1ldoz\u00e1sa n\u00e9lk\u00fcl, biztos\u00edtva, hogy a m\u00e1rk\u00e1k a gy\u00e1rt\u00e1st a magas sz\u00ednvonal fenntart\u00e1sa mellett is sk\u00e1l\u00e1zhass\u00e1k.<\/p>","protected":false},"excerpt":{"rendered":"<p>Fedezze fel a kozmetikai \u00fcvegek nagykereskedelm\u00e9t b\u0151r\u00e1pol\u00e1si \u00fcvegek ter\u00e9n. Tart\u00f3s, testreszabhat\u00f3 \u00e9s k\u00f6rnyezetbar\u00e1t \u2013 ide\u00e1lis nagykereskedelmi kozmetikai csomagol\u00e1shoz.<\/p>","protected":false},"featured_media":4473,"comment_status":"open","ping_status":"closed","template":"","meta":{"_acf_changed":false,"site-sidebar-layout":"default","site-content-layout":"","ast-site-content-layout":"default","site-content-style":"default","site-sidebar-style":"default","ast-global-header-display":"","ast-banner-title-visibility":"","ast-main-header-display":"","ast-hfb-above-header-display":"","ast-hfb-below-header-display":"","ast-hfb-mobile-header-display":"","site-post-title":"","ast-breadcrumbs-content":"","ast-featured-img":"","footer-sml-layout":"","ast-disable-related-posts":"","theme-transparent-header-meta":"default","adv-header-id-meta":"","stick-header-meta":"","header-above-stick-meta":"","header-main-stick-meta":"","header-below-stick-meta":"","astra-migrate-meta-layouts":"set","ast-page-background-enabled":"default","ast-page-background-meta":{"desktop":{"background-color":"var(--ast-global-color-5)","background-image":"","background-repeat":"repeat","background-position":"center center","background-size":"auto","background-attachment":"scroll","background-type":"","background-media":"","overlay-type":"","overlay-color":"","overlay-opacity":"","overlay-gradient":""},"tablet":{"background-color":"","background-image":"","background-repeat":"repeat","background-position":"center center","background-size":"auto","background-attachment":"scroll","background-type":"","background-media":"","overlay-type":"","overlay-color":"","overlay-opacity":"","overlay-gradient":""},"mobile":{"background-color":"","background-image":"","background-repeat":"repeat","background-position":"center center","background-size":"auto","background-attachment":"scroll","background-type":"","background-media":"","overlay-type":"","overlay-color":"","overlay-opacity":"","overlay-gradient":""}},"ast-content-background-meta":{"desktop":{"background-color":"var(--ast-global-color-4)","background-image":"","background-repeat":"repeat","background-position":"center center","background-size":"auto","background-attachment":"scroll","background-type":"","background-media":"","overlay-type":"","overlay-color":"","overlay-opacity":"","overlay-gradient":""},"tablet":{"background-color":"var(--ast-global-color-4)","background-image":"","background-repeat":"repeat","background-position":"center center","background-size":"auto","background-attachment":"scroll","background-type":"","background-media":"","overlay-type":"","overlay-color":"","overlay-opacity":"","overlay-gradient":""},"mobile":{"background-color":"var(--ast-global-color-4)","background-image":"","background-repeat":"repeat","background-position":"center center","background-size":"auto","background-attachment":"scroll","background-type":"","background-media":"","overlay-type":"","overlay-color":"","overlay-opacity":"","overlay-gradient":""}}},"product_brand":[],"product_cat":[62,56,72],"product_tag":[111,112],"class_list":{"0":"post-4468","1":"product","2":"type-product","3":"status-publish","4":"has-post-thumbnail","6":"product_cat-cosmetic-containers","7":"product_cat-cosmetic-jars","8":"product_cat-cosmetic-packaging","9":"product_tag-glass-cosmetic-jars-wholesale","10":"product_tag-skincare-jar","11":"desktop-align-left","12":"tablet-align-left","13":"mobile-align-left","15":"first","16":"instock","17":"shipping-taxable","18":"product-type-simple"},"acf":[],"jetpack_sharing_enabled":true,"_links":{"self":[{"href":"https:\/\/theperfumebottles.com\/hu\/wp-json\/wp\/v2\/product\/4468","targetHints":{"allow":["GET"]}}],"collection":[{"href":"https:\/\/theperfumebottles.com\/hu\/wp-json\/wp\/v2\/product"}],"about":[{"href":"https:\/\/theperfumebottles.com\/hu\/wp-json\/wp\/v2\/types\/product"}],"replies":[{"embeddable":true,"href":"https:\/\/theperfumebottles.com\/hu\/wp-json\/wp\/v2\/comments?post=4468"}],"wp:featuredmedia":[{"embeddable":true,"href":"https:\/\/theperfumebottles.com\/hu\/wp-json\/wp\/v2\/media\/4473"}],"wp:attachment":[{"href":"https:\/\/theperfumebottles.com\/hu\/wp-json\/wp\/v2\/media?parent=4468"}],"wp:term":[{"taxonomy":"product_brand","embeddable":true,"href":"https:\/\/theperfumebottles.com\/hu\/wp-json\/wp\/v2\/product_brand?post=4468"},{"taxonomy":"product_cat","embeddable":true,"href":"https:\/\/theperfumebottles.com\/hu\/wp-json\/wp\/v2\/product_cat?post=4468"},{"taxonomy":"product_tag","embeddable":true,"href":"https:\/\/theperfumebottles.com\/hu\/wp-json\/wp\/v2\/product_tag?post=4468"}],"curies":[{"name":"wp","href":"https:\/\/api.w.org\/{rel}","templated":true}]}}