{"id":4500,"date":"2025-07-15T17:43:26","date_gmt":"2025-07-15T09:43:26","guid":{"rendered":"https:\/\/theperfumebottles.com\/?post_type=product&#038;p=4500"},"modified":"2026-04-02T17:10:35","modified_gmt":"2026-04-02T09:10:35","slug":"glass-cosmetic-bottles-for-luxury-skincare-packaging","status":"publish","type":"product","link":"https:\/\/theperfumebottles.com\/hu\/termek\/glass-cosmetic-bottles-for-luxury-skincare-packaging\/","title":{"rendered":"30ml 50ml 100ml 120ml \u00fcveg kozmetikai palackok luxus b\u0151r\u00e1pol\u00e1si csomagol\u00e1shoz"},"content":{"rendered":"<p>Emeld ki sz\u00e9ps\u00e9g\u00e1pol\u00e1si log\u00f3dat pr\u00e9mium \u00fcveg kozmetikai palackjainkkal, melyeket apr\u00f3l\u00e9kosan k\u00e9sz\u00edtett\u00fcnk b\u0151r\u00e1pol\u00e1si \u00e9s sz\u00e9ps\u00e9g\u00e1pol\u00e1si csomagol\u00e1sokhoz. A term\u00e9keid integrit\u00e1s\u00e1nak v\u00e9delm\u00e9re \u00e9s meg\u0151rz\u00e9s\u00e9re tervezett, kiv\u00e1l\u00f3 min\u0151s\u00e9g\u0171 \u00fcveg kiv\u00e1l\u00f3an ellen\u00e1ll a k\u00f6rnyezeti t\u00e9nyez\u0151knek, biztos\u00edtva, hogy receptjeid frissek \u00e9s hat\u00e9konyak maradjanak. Ezek a palackok luxus jelleget k\u00f6lcs\u00f6n\u00f6znek term\u00e9kcsal\u00e1dodnak, er\u0151s\u00edtik m\u00e1rk\u00e1d im\u00e1zs\u00e1t, \u00e9s kifinomult, eml\u00e9kezetes \u00e9lm\u00e9nyt ny\u00fajtanak v\u00e1s\u00e1rl\u00f3idnak.<\/p>\n<h2><span class=\"highlights\" data-v-df95d256=\"\">F\u0151bb specifik\u00e1ci\u00f3k<\/span><\/h2>\n<table style=\"border-collapse: collapse; width: 80%; height: 287px; margin-left: auto; margin-right: auto;\" border=\"0\" width=\"144\" cellspacing=\"0\" cellpadding=\"0\">\n<tbody>\n<tr style=\"height: 13.50pt;\">\n<td style=\"height: 13.50pt; width: 54.00pt;\" width=\"72\" height=\"18\">Jellemz\u0151<\/td>\n<td style=\"width: 54.00pt;\" width=\"72\">R\u00e9szletek<\/td>\n<\/tr>\n<tr style=\"height: 13.50pt;\">\n<td style=\"height: 13.50pt;\" height=\"18\">Kapacit\u00e1s<\/td>\n<td>30 ml, 50 ml, 100 ml, 120 ml<\/td>\n<\/tr>\n<tr style=\"height: 13.50pt;\">\n<td style=\"height: 13.50pt;\" height=\"18\">Alak<\/td>\n<td>Kerek<\/td>\n<\/tr>\n<tr style=\"height: 13.50pt;\">\n<td style=\"height: 13.50pt;\" height=\"18\">T\u00f6m\u00edt\u00e9si m\u00f3dszer<\/td>\n<td>Csavaros tetej\u0171 (m\u0171anyag\/f\u00e9m fed\u00e9l)<\/td>\n<\/tr>\n<tr style=\"height: 13.50pt;\">\n<td style=\"height: 13.50pt;\" height=\"18\">Anyag<\/td>\n<td>Krist\u00e1ly\u00fcveg<\/td>\n<\/tr>\n<tr style=\"height: 13.50pt;\">\n<td style=\"height: 13.50pt;\" height=\"18\">Sz\u00ednbe\u00e1ll\u00edt\u00e1sok<\/td>\n<td>Fekete (Testreszabhat\u00f3)<\/td>\n<\/tr>\n<tr style=\"height: 13.50pt;\">\n<td style=\"height: 13.50pt;\" height=\"18\">Haszn\u00e1lat<\/td>\n<td>Arc\u00e1pol\u00f3, kozmetikai olaj\u2026<\/td>\n<\/tr>\n<\/tbody>\n<\/table>\n<h2><span class=\"highlights\" data-v-df95d256=\"\">Sikert\u00f6rt\u00e9net<\/span><\/h2>\n<p><span class=\"highlights\" data-v-df95d256=\"\">Egy luxus b\u0151r\u00e1pol\u00e1si m\u00e1rka ezeket a flakonokat haszn\u00e1lta az \u00f6reged\u00e9sg\u00e1tl\u00f3 sz\u00e9rumcsal\u00e1dj\u00e1hoz. A kozmetikai flakonok \u00fcvege azonnal megn\u00f6velte a term\u00e9k \u00e9rz\u00e9kelt \u00e9rt\u00e9k\u00e9t, ami h\u00e1rom h\u00f3napon bel\u00fcl 40%-os elad\u00e1sn\u00f6veked\u00e9st eredm\u00e9nyezett. <\/span><\/p>\n<h2><span class=\"highlights\" data-v-df95d256=\"\">Testreszab\u00e1si javaslatok<\/span><\/h2>\n<ul>\n<li><strong>Sz\u00edn testreszab\u00e1sa:<\/strong> M\u00edg a fekete a megszokott v\u00e1laszt\u00e1s, egyedi fel\u00fcletek, mint p\u00e9ld\u00e1ul a matt feh\u00e9r vagy a met\u00e1l ez\u00fcst, is el\u00e9rhet\u0151k a log\u00f3 eszt\u00e9tik\u00e1j\u00e1nak jav\u00edt\u00e1sa \u00e9rdek\u00e9ben.<\/li>\n<li><strong>C\u00edmketervez\u00e9si szolg\u00e1ltat\u00e1sok:<\/strong> Haszn\u00e1lja csomagol\u00f3anyag-hordoz\u00f3nkat f\u00e9nyes, minimalista c\u00edmk\u00e9k k\u00e9sz\u00edt\u00e9s\u00e9hez, amelyek t\u00fckr\u00f6zik log\u00f3ja identit\u00e1s\u00e1t, \u00e9s egys\u00e9ges, professzion\u00e1lis megjelen\u00e9st biztos\u00edtanak.<\/li>\n<li><strong>M\u00e9retbe\u00e1ll\u00edt\u00e1sok:<\/strong> Kombin\u00e1ljon 30 ml-es utaz\u00f3m\u00e9ret\u0171 flakonokat 120 ml-es kiszerel\u00e9sekkel, hogy egyszerre legyen hordozhat\u00f3 \u00e9s haszn\u00e1lhat\u00f3, kiel\u00e9g\u00edtve a sz\u00e1mos v\u00e1s\u00e1rl\u00f3i ig\u00e9nyt.<\/li>\n<\/ul>","protected":false},"excerpt":{"rendered":"<p>Fedezze fel a luxus b\u0151r\u00e1pol\u00e1si csomagol\u00e1st \u00fcveg kozmetikai flakonjainkkal. Testreszabhat\u00f3, sziv\u00e1rg\u00e1smentes \u00e9s eleg\u00e1ns \u2013 t\u00f6k\u00e9letes sz\u00e9ps\u00e9g\u00e1pol\u00e1si csomagol\u00e1shoz \u00e9s nagykereskedelmi megrendel\u00e9sekhez.<\/p>","protected":false},"featured_media":4502,"comment_status":"open","ping_status":"closed","template":"","meta":{"_acf_changed":false,"site-sidebar-layout":"default","site-content-layout":"","ast-site-content-layout":"default","site-content-style":"default","site-sidebar-style":"default","ast-global-header-display":"","ast-banner-title-visibility":"","ast-main-header-display":"","ast-hfb-above-header-display":"","ast-hfb-below-header-display":"","ast-hfb-mobile-header-display":"","site-post-title":"","ast-breadcrumbs-content":"","ast-featured-img":"","footer-sml-layout":"","ast-disable-related-posts":"","theme-transparent-header-meta":"default","adv-header-id-meta":"","stick-header-meta":"","header-above-stick-meta":"","header-main-stick-meta":"","header-below-stick-meta":"","astra-migrate-meta-layouts":"set","ast-page-background-enabled":"default","ast-page-background-meta":{"desktop":{"background-color":"var(--ast-global-color-5)","background-image":"","background-repeat":"repeat","background-position":"center center","background-size":"auto","background-attachment":"scroll","background-type":"","background-media":"","overlay-type":"","overlay-color":"","overlay-opacity":"","overlay-gradient":""},"tablet":{"background-color":"","background-image":"","background-repeat":"repeat","background-position":"center center","background-size":"auto","background-attachment":"scroll","background-type":"","background-media":"","overlay-type":"","overlay-color":"","overlay-opacity":"","overlay-gradient":""},"mobile":{"background-color":"","background-image":"","background-repeat":"repeat","background-position":"center center","background-size":"auto","background-attachment":"scroll","background-type":"","background-media":"","overlay-type":"","overlay-color":"","overlay-opacity":"","overlay-gradient":""}},"ast-content-background-meta":{"desktop":{"background-color":"var(--ast-global-color-4)","background-image":"","background-repeat":"repeat","background-position":"center center","background-size":"auto","background-attachment":"scroll","background-type":"","background-media":"","overlay-type":"","overlay-color":"","overlay-opacity":"","overlay-gradient":""},"tablet":{"background-color":"var(--ast-global-color-4)","background-image":"","background-repeat":"repeat","background-position":"center center","background-size":"auto","background-attachment":"scroll","background-type":"","background-media":"","overlay-type":"","overlay-color":"","overlay-opacity":"","overlay-gradient":""},"mobile":{"background-color":"var(--ast-global-color-4)","background-image":"","background-repeat":"repeat","background-position":"center center","background-size":"auto","background-attachment":"scroll","background-type":"","background-media":"","overlay-type":"","overlay-color":"","overlay-opacity":"","overlay-gradient":""}}},"product_brand":[],"product_cat":[236,72,62],"product_tag":[],"class_list":{"0":"post-4500","1":"product","2":"type-product","3":"status-publish","4":"has-post-thumbnail","6":"product_cat-cosmetic-container-set","7":"product_cat-cosmetic-packaging","8":"product_cat-cosmetic-containers","9":"desktop-align-left","10":"tablet-align-left","11":"mobile-align-left","13":"first","14":"instock","15":"shipping-taxable","16":"product-type-simple"},"acf":[],"jetpack_sharing_enabled":true,"_links":{"self":[{"href":"https:\/\/theperfumebottles.com\/hu\/wp-json\/wp\/v2\/product\/4500","targetHints":{"allow":["GET"]}}],"collection":[{"href":"https:\/\/theperfumebottles.com\/hu\/wp-json\/wp\/v2\/product"}],"about":[{"href":"https:\/\/theperfumebottles.com\/hu\/wp-json\/wp\/v2\/types\/product"}],"replies":[{"embeddable":true,"href":"https:\/\/theperfumebottles.com\/hu\/wp-json\/wp\/v2\/comments?post=4500"}],"wp:featuredmedia":[{"embeddable":true,"href":"https:\/\/theperfumebottles.com\/hu\/wp-json\/wp\/v2\/media\/4502"}],"wp:attachment":[{"href":"https:\/\/theperfumebottles.com\/hu\/wp-json\/wp\/v2\/media?parent=4500"}],"wp:term":[{"taxonomy":"product_brand","embeddable":true,"href":"https:\/\/theperfumebottles.com\/hu\/wp-json\/wp\/v2\/product_brand?post=4500"},{"taxonomy":"product_cat","embeddable":true,"href":"https:\/\/theperfumebottles.com\/hu\/wp-json\/wp\/v2\/product_cat?post=4500"},{"taxonomy":"product_tag","embeddable":true,"href":"https:\/\/theperfumebottles.com\/hu\/wp-json\/wp\/v2\/product_tag?post=4500"}],"curies":[{"name":"wp","href":"https:\/\/api.w.org\/{rel}","templated":true}]}}