{"id":4565,"date":"2025-07-16T17:26:21","date_gmt":"2025-07-16T09:26:21","guid":{"rendered":"https:\/\/theperfumebottles.com\/?post_type=product&#038;p=4565"},"modified":"2025-07-31T11:22:01","modified_gmt":"2025-07-31T03:22:01","slug":"5g-10g-20g-30g-cosmetic-jars-with-lids-custom-empty-cosmetic-containers-wholesale","status":"publish","type":"product","link":"https:\/\/theperfumebottles.com\/hu\/termek\/5g-10g-20g-30g-cosmetic-jars-with-lids-custom-empty-cosmetic-containers-wholesale\/","title":{"rendered":"5g 10g 20g 30g kozmetikai t\u00e9gelyek fed\u00e9llel \u2013 Egyedi \u00fcres kozmetikai tart\u00e1lyok nagykereskedelme"},"content":{"rendered":"<p><span class=\"highlights\" data-v-df95d256=\"\">Sz\u00fcks\u00e9ge van olyan fedeles kozmetikai t\u00e9gelyekre, amelyek a tart\u00f3ss\u00e1got \u00e9s az eleganci\u00e1t \u00f6tv\u00f6zik? Ezek a fedeles \u00fcvegek a megold\u00e1st jelentik. B\u0151r\u00e1pol\u00e1si term\u00e9kekhez, p\u00e9ld\u00e1ul arckr\u00e9mekhez \u00e9s szemk\u00f6rny\u00e9k\u00e1pol\u00f3 kr\u00e9mekhez tervezt\u00e9k, \u00e9s a funkcionalit\u00e1st kecses, modern megjelen\u00e9ssel \u00f6tv\u00f6zik. Nagykereskedelmi megrendel\u00e9sekhez t\u00f6k\u00e9letesek, ezek a kozmetikai t\u00e1rol\u00f3k a legjobbak azoknak a m\u00e1rk\u00e1knak, akik szeretn\u00e9k kiemelni csomagol\u00e1suk sz\u00e9ps\u00e9g\u00e9t, mik\u00f6zben versenyk\u00e9pes \u00e1ron k\u00edn\u00e1lnak nagy t\u00e9telben csomagol\u00e1st.<\/span><\/p>\n<h2><span class=\"highlights\" data-v-df95d256=\"\">F\u0151bb specifik\u00e1ci\u00f3k<\/span><\/h2>\n<table style=\"border-collapse: collapse;width: 80%;height: 120px;margin-left: auto;margin-right: auto\" border=\"0\" width=\"432\" cellspacing=\"0\" cellpadding=\"0\">\n<tbody>\n<tr>\n<td width=\"72\">Kapacit\u00e1s<\/td>\n<td width=\"72\">Anyag<\/td>\n<td width=\"72\">Fel\u00fcleti kezel\u00e9s<\/td>\n<td width=\"72\">Sz\u00ednbe\u00e1ll\u00edt\u00e1sok<\/td>\n<td width=\"72\">Haszn\u00e1lat<\/td>\n<\/tr>\n<tr>\n<td>5g<\/td>\n<td rowspan=\"6\">Krist\u00e1ly\u00fcveg<\/td>\n<td rowspan=\"6\">Bevonatos, matt, c\u00edmk\u00e9s, szitanyom\u00e1s, forr\u00f3 b\u00e9lyegz\u00e9s<\/td>\n<td rowspan=\"6\">Borosty\u00e1n<\/td>\n<td rowspan=\"6\">Arckr\u00e9m, Testkr\u00e9m, Szemkr\u00e9m, Ajak\u00e1pol\u00f3<\/td>\n<\/tr>\n<tr>\n<td>10 g<\/td>\n<\/tr>\n<tr>\n<td>15 g (0,5 uncia)<\/td>\n<\/tr>\n<tr>\n<td>30 g (1 uncia)<\/td>\n<\/tr>\n<tr>\n<td>50 g<\/td>\n<\/tr>\n<tr>\n<td>60 g (2 uncia)<\/td>\n<\/tr>\n<\/tbody>\n<\/table>\n<h2><span class=\"highlights\" data-v-df95d256=\"\">Sikeres esettanulm\u00e1ny: Luxus b\u0151r\u00e1pol\u00e1si m\u00e1rka csomagol\u00e1s\u00e1nak meg\u00faj\u00edt\u00e1sa <\/span><\/h2>\n<p><span class=\"highlights\" data-v-df95d256=\"\">Egy felt\u00f6rekv\u0151 b\u0151r\u00e1pol\u00e1si m\u00e1rk\u00e1nak olyan kozmetikai t\u00e9gelyekre volt sz\u00fcks\u00e9ge, amelyek fedele passzol a \u201etiszta luxus\u201d hangulat\u00e1hoz. Testreszabott 30 g-os borosty\u00e1nsz\u00edn\u0171 \u00fcvegt\u00e9gelyeket k\u00e9sz\u00edtett\u00fcnk matt fekete fa fed\u00e9llel \u00e9s l\u00e9zergrav\u00edrozott log\u00f3kkal. Az eredm\u00e9ny? 200%-os n\u00f6veked\u00e9s a v\u00e1s\u00e1rl\u00f3i v\u00e9lem\u00e9nyek \u00e9s 50%-os n\u00f6veked\u00e9s az ism\u00e9telt rendel\u00e9sek sz\u00e1m\u00e1ban. Profi tipp: Amikor az \u00fcres kozmetikai t\u00e9gelyek olyan j\u00f3l n\u00e9znek ki, mint amilyen j\u00f3l teljes\u00edtenek, a v\u00e1s\u00e1rl\u00f3k nem tudj\u00e1k nem \u00e9szrevenni.<\/span><\/p>\n<h2><span class=\"highlights\" data-v-df95d256=\"\">Testreszab\u00e1si tippek a m\u00e1rk\u00e1dhoz <\/span><\/h2>\n<ul>\n<li><strong>Fed\u00e9l opci\u00f3k:<\/strong> V\u00e1lasszon bambusz fedelet gy\u00f3gyn\u00f6v\u00e9nyes, rusztikus vagy minimalista megjelen\u00e9s\u00e9rt; vagy p\u00e1ros\u00edtsa lakkal, festett vagy met\u00e1l fel\u00fcletekkel kifinomult \u00e9s divatos l\u00e1that\u00f3 hat\u00e1s\u00e9rt.<\/li>\n<li><strong>C\u00edmkebe\u00e1ll\u00edt\u00e1sok:<\/strong> Jav\u00edtsa a csomagol\u00e1st biztons\u00e1gi z\u00e1rakkal \u00e9s QR-k\u00f3dokkal a term\u00e9kv\u00e9delem \u00e9s a nyomonk\u00f6vethet\u0151s\u00e9g biztos\u00edt\u00e1sa \u00e9rdek\u00e9ben.<\/li>\n<li><strong>T\u00f6meges rendel\u00e9s:<\/strong> A nagy mennyis\u00e9g\u0171 csomagol\u00e1s beszerz\u00e9se cs\u00f6kkenti a k\u00f6lts\u00e9geket \u00e9s ler\u00f6vid\u00edti az \u00e1tfut\u00e1si id\u0151t, \u00edgy k\u00f6rnyezetbar\u00e1t megold\u00e1st k\u00edn\u00e1l kozmetikai csomagol\u00e1si ig\u00e9nyeire.<\/li>\n<\/ul>","protected":false},"excerpt":{"rendered":"<p>Tart\u00f3s kozmetikai t\u00e9gelyek tet\u0151vel b\u0151r\u00e1pol\u00e1si csomagol\u00e1shoz. Testreszabhat\u00f3, l\u00e9gmentesen z\u00e1r\u00f3d\u00f3 \u00e9s sz\u00e1ll\u00edt\u00e1sra k\u00e9sz. Ide\u00e1lis nagykereskedelmi sz\u00e9ps\u00e9g\u00e1pol\u00e1si csomagol\u00e1si ig\u00e9nyekhez.<\/p>","protected":false},"featured_media":4566,"comment_status":"open","ping_status":"closed","template":"","meta":{"_acf_changed":false,"site-sidebar-layout":"default","site-content-layout":"","ast-site-content-layout":"default","site-content-style":"default","site-sidebar-style":"default","ast-global-header-display":"","ast-banner-title-visibility":"","ast-main-header-display":"","ast-hfb-above-header-display":"","ast-hfb-below-header-display":"","ast-hfb-mobile-header-display":"","site-post-title":"","ast-breadcrumbs-content":"","ast-featured-img":"","footer-sml-layout":"","ast-disable-related-posts":"","theme-transparent-header-meta":"default","adv-header-id-meta":"","stick-header-meta":"","header-above-stick-meta":"","header-main-stick-meta":"","header-below-stick-meta":"","astra-migrate-meta-layouts":"set","ast-page-background-enabled":"default","ast-page-background-meta":{"desktop":{"background-color":"var(--ast-global-color-5)","background-image":"","background-repeat":"repeat","background-position":"center center","background-size":"auto","background-attachment":"scroll","background-type":"","background-media":"","overlay-type":"","overlay-color":"","overlay-opacity":"","overlay-gradient":""},"tablet":{"background-color":"","background-image":"","background-repeat":"repeat","background-position":"center center","background-size":"auto","background-attachment":"scroll","background-type":"","background-media":"","overlay-type":"","overlay-color":"","overlay-opacity":"","overlay-gradient":""},"mobile":{"background-color":"","background-image":"","background-repeat":"repeat","background-position":"center center","background-size":"auto","background-attachment":"scroll","background-type":"","background-media":"","overlay-type":"","overlay-color":"","overlay-opacity":"","overlay-gradient":""}},"ast-content-background-meta":{"desktop":{"background-color":"var(--ast-global-color-4)","background-image":"","background-repeat":"repeat","background-position":"center center","background-size":"auto","background-attachment":"scroll","background-type":"","background-media":"","overlay-type":"","overlay-color":"","overlay-opacity":"","overlay-gradient":""},"tablet":{"background-color":"var(--ast-global-color-4)","background-image":"","background-repeat":"repeat","background-position":"center center","background-size":"auto","background-attachment":"scroll","background-type":"","background-media":"","overlay-type":"","overlay-color":"","overlay-opacity":"","overlay-gradient":""},"mobile":{"background-color":"var(--ast-global-color-4)","background-image":"","background-repeat":"repeat","background-position":"center center","background-size":"auto","background-attachment":"scroll","background-type":"","background-media":"","overlay-type":"","overlay-color":"","overlay-opacity":"","overlay-gradient":""}}},"product_brand":[],"product_cat":[72,62,56],"product_tag":[117,118],"class_list":{"0":"post-4565","1":"product","2":"type-product","3":"status-publish","4":"has-post-thumbnail","6":"product_cat-cosmetic-packaging","7":"product_cat-cosmetic-containers","8":"product_cat-cosmetic-jars","9":"product_tag-cosmetic-jars-with-lids","10":"product_tag-empty-cosmetic-containers","11":"desktop-align-left","12":"tablet-align-left","13":"mobile-align-left","15":"first","16":"instock","17":"shipping-taxable","18":"product-type-simple"},"acf":[],"jetpack_sharing_enabled":true,"_links":{"self":[{"href":"https:\/\/theperfumebottles.com\/hu\/wp-json\/wp\/v2\/product\/4565","targetHints":{"allow":["GET"]}}],"collection":[{"href":"https:\/\/theperfumebottles.com\/hu\/wp-json\/wp\/v2\/product"}],"about":[{"href":"https:\/\/theperfumebottles.com\/hu\/wp-json\/wp\/v2\/types\/product"}],"replies":[{"embeddable":true,"href":"https:\/\/theperfumebottles.com\/hu\/wp-json\/wp\/v2\/comments?post=4565"}],"wp:featuredmedia":[{"embeddable":true,"href":"https:\/\/theperfumebottles.com\/hu\/wp-json\/wp\/v2\/media\/4566"}],"wp:attachment":[{"href":"https:\/\/theperfumebottles.com\/hu\/wp-json\/wp\/v2\/media?parent=4565"}],"wp:term":[{"taxonomy":"product_brand","embeddable":true,"href":"https:\/\/theperfumebottles.com\/hu\/wp-json\/wp\/v2\/product_brand?post=4565"},{"taxonomy":"product_cat","embeddable":true,"href":"https:\/\/theperfumebottles.com\/hu\/wp-json\/wp\/v2\/product_cat?post=4565"},{"taxonomy":"product_tag","embeddable":true,"href":"https:\/\/theperfumebottles.com\/hu\/wp-json\/wp\/v2\/product_tag?post=4565"}],"curies":[{"name":"wp","href":"https:\/\/api.w.org\/{rel}","templated":true}]}}