{"id":4570,"date":"2025-07-16T17:34:20","date_gmt":"2025-07-16T09:34:20","guid":{"rendered":"https:\/\/theperfumebottles.com\/?post_type=product&#038;p=4570"},"modified":"2025-07-16T17:34:21","modified_gmt":"2025-07-16T09:34:21","slug":"cosmetic-packaging-wholesale-lotion-glass-jars-for-skincare","status":"publish","type":"product","link":"https:\/\/theperfumebottles.com\/hu\/termek\/cosmetic-packaging-wholesale-lotion-glass-jars-for-skincare\/","title":{"rendered":"1oz 2oz 4oz 8oz Kozmetikai csomagol\u00e1s nagykereskedelem \u2013 Lotion \u00fcveged\u00e9nyek b\u0151r\u00e1pol\u00e1shoz"},"content":{"rendered":"<p>Olyan kozmetikai csomagol\u00f3elemeket keresel, amelyek \u00f6tv\u00f6zik a strapab\u00edr\u00f3s\u00e1got \u00e9s az eleganci\u00e1t? Ezek a test\u00e1pol\u00f3 \u00fcvegek b\u0151r\u00e1pol\u00e1si term\u00e9kek, p\u00e9ld\u00e1ul ajakbalzsamok, test\u00e1pol\u00f3k \u00e9s arckr\u00e9mek sz\u00e1m\u00e1ra k\u00e9sz\u00fcltek. Borosty\u00e1nsz\u00edn\u0171 bevonatuknak k\u00f6sz\u00f6nhet\u0151en, amely v\u00e9di az enyh\u00e9n \u00e9rz\u00e9keny formul\u00e1t, \u00e9s kecses, minimalista kialak\u00edt\u00e1suknak k\u00f6sz\u00f6nhet\u0151en t\u00f6k\u00e9letesek olyan sz\u00e9ps\u00e9g\u00e1pol\u00e1si csomagol\u00e1sokhoz, amelyek kiemelkednek az otthoni weboldaladon vagy az \u00fczleted polc\u00e1n.<\/p>\n<h2 data-spm-anchor-id=\"5176.28103460.0.i19.29ab1db8rVh0h0\"><strong>F\u0151bb specifik\u00e1ci\u00f3k<\/strong><\/h2>\n<table style=\"border-collapse: collapse;width: 932px;height: 28px;margin-left: 200px\" border=\"0\" width=\"432\" cellspacing=\"0\" cellpadding=\"0\">\n<tbody>\n<tr style=\"height: 13.50pt\">\n<td style=\"height: 13.50pt;width: 54.00pt\" width=\"72\" height=\"18\">Kapacit\u00e1s<\/td>\n<td style=\"width: 54.00pt\" width=\"72\">Alak<\/td>\n<td style=\"width: 54.00pt\" width=\"72\">T\u00f6m\u00edt\u00e9si m\u00f3dszer<\/td>\n<td style=\"width: 54.00pt\" width=\"72\">Anyag<\/td>\n<td style=\"width: 54.00pt\" width=\"72\">Sz\u00edn<\/td>\n<td style=\"width: 54.00pt\" width=\"72\">Haszn\u00e1lati eset<\/td>\n<\/tr>\n<tr style=\"height: 13.50pt\">\n<td style=\"height: 13.50pt\" height=\"18\">28 ml \/ 58 ml \/ 128 ml \/ 227 ml<\/td>\n<td>Egyenes \u00e9l\u0171<\/td>\n<td>Csavarmenet (m\u0171anyag\/f\u00e9m fed\u00e9l)<\/td>\n<td>\u00dcveg<\/td>\n<td>Borosty\u00e1n (Testreszabhat\u00f3)<\/td>\n<td>Ajakbalzsam, test\u00e1pol\u00f3, arckr\u00e9m<\/td>\n<\/tr>\n<\/tbody>\n<\/table>\n<h2>Sikeres esettanulm\u00e1ny: \u00daj b\u0151r\u00e1pol\u00e1si m\u00e1rka bevezet\u00e9s\u00e9nek fellend\u00edt\u00e9se<\/h2>\n<p>Egy indul\u00f3 b\u0151r\u00e1pol\u00e1si m\u00e1rk\u00e1nak hidrat\u00e1l\u00f3 arckr\u00e9mj\u00e9hez test\u00e1pol\u00f3 \u00fcvegcs\u00e9kre volt sz\u00fcks\u00e9ge. 113 ml-es borosty\u00e1nsz\u00edn\u0171 \u00fcvegeket k\u00e9sz\u00edtett\u00fcnk matt feh\u00e9r c\u00edmk\u00e9kkel \u00e9s f\u00e9m fed\u00e9llel a pr\u00e9mium megjelen\u00e9s \u00e9rdek\u00e9ben. Az eredm\u00e9ny? 150%-os n\u00f6veked\u00e9s az el\u0151rendel\u00e9sek sz\u00e1m\u00e1ban \u00e9s a sz\u00e9ps\u00e9g\u00e1pol\u00e1si csomagol\u00e1st dics\u00e9r\u0151 v\u00e9lem\u00e9nyek. Profi tipp: Ha a kozmetikai ed\u00e9nyek olyan luxusnak \u00e9rz\u0151dnek, mint amilyennek kin\u00e9znek, a v\u00e1s\u00e1rl\u00f3k nem tudnak nem megb\u00edzni a m\u00e1rk\u00e1dban.<\/p>\n<h2>Testreszab\u00e1si tippek a m\u00e1rk\u00e1dhoz<\/h2>\n<ul>\n<li><strong>Sz\u00ednv\u00e1laszt\u00e9k:<\/strong> Borosty\u00e1n a biztons\u00e1g\u00e9rt, \u00e1tl\u00e1tsz\u00f3 a sz\u00ednes \u00e1ruk bemutat\u00e1s\u00e1hoz, vagy egyedi \u00e1rnyalatok az \u00d6n \u00edzl\u00e9s\u00e9nek megfelel\u0151en.<\/li>\n<li><strong>C\u00edmketervez\u00e9s:<\/strong> Modern megjelen\u00e9s\u00e9rt adjon hozz\u00e1 biztons\u00e1gi pecs\u00e9teket, QR-k\u00f3dokat vagy minimalista sz\u00f6veget.<\/li>\n<li><strong>Fed\u00e9l anyagai:<\/strong> F\u00e9m a tart\u00f3ss\u00e1g\u00e9rt vagy m\u0171anyag a k\u00f6nny\u0171 kozmetikai csomagol\u00e1s\u00e9rt<\/li>\n<\/ul>","protected":false},"excerpt":{"rendered":"<p>Kozmetikai csomagol\u00f3anyagok nagykereskedelemben test\u00e1pol\u00f3 \u00fcvegekhez \u2013 l\u00e9gmentesen z\u00e1r\u00f3d\u00f3 borosty\u00e1nsz\u00edn\u0171 \u00fcvegek nagykereskedelmi sz\u00e1ll\u00edt\u00e1ssal \u00e9s egyedi log\u00f3val. T\u00f6k\u00e9letes b\u0151r\u00e1pol\u00e1si \u00e9s sz\u00e9ps\u00e9g\u00e1pol\u00e1si m\u00e1rk\u00e1k sz\u00e1m\u00e1ra.<\/p>","protected":false},"featured_media":4571,"comment_status":"open","ping_status":"closed","template":"","meta":{"_acf_changed":false,"site-sidebar-layout":"default","site-content-layout":"","ast-site-content-layout":"default","site-content-style":"default","site-sidebar-style":"default","ast-global-header-display":"","ast-banner-title-visibility":"","ast-main-header-display":"","ast-hfb-above-header-display":"","ast-hfb-below-header-display":"","ast-hfb-mobile-header-display":"","site-post-title":"","ast-breadcrumbs-content":"","ast-featured-img":"","footer-sml-layout":"","ast-disable-related-posts":"","theme-transparent-header-meta":"default","adv-header-id-meta":"","stick-header-meta":"","header-above-stick-meta":"","header-main-stick-meta":"","header-below-stick-meta":"","astra-migrate-meta-layouts":"set","ast-page-background-enabled":"default","ast-page-background-meta":{"desktop":{"background-color":"var(--ast-global-color-5)","background-image":"","background-repeat":"repeat","background-position":"center center","background-size":"auto","background-attachment":"scroll","background-type":"","background-media":"","overlay-type":"","overlay-color":"","overlay-opacity":"","overlay-gradient":""},"tablet":{"background-color":"","background-image":"","background-repeat":"repeat","background-position":"center center","background-size":"auto","background-attachment":"scroll","background-type":"","background-media":"","overlay-type":"","overlay-color":"","overlay-opacity":"","overlay-gradient":""},"mobile":{"background-color":"","background-image":"","background-repeat":"repeat","background-position":"center center","background-size":"auto","background-attachment":"scroll","background-type":"","background-media":"","overlay-type":"","overlay-color":"","overlay-opacity":"","overlay-gradient":""}},"ast-content-background-meta":{"desktop":{"background-color":"var(--ast-global-color-4)","background-image":"","background-repeat":"repeat","background-position":"center center","background-size":"auto","background-attachment":"scroll","background-type":"","background-media":"","overlay-type":"","overlay-color":"","overlay-opacity":"","overlay-gradient":""},"tablet":{"background-color":"var(--ast-global-color-4)","background-image":"","background-repeat":"repeat","background-position":"center center","background-size":"auto","background-attachment":"scroll","background-type":"","background-media":"","overlay-type":"","overlay-color":"","overlay-opacity":"","overlay-gradient":""},"mobile":{"background-color":"var(--ast-global-color-4)","background-image":"","background-repeat":"repeat","background-position":"center center","background-size":"auto","background-attachment":"scroll","background-type":"","background-media":"","overlay-type":"","overlay-color":"","overlay-opacity":"","overlay-gradient":""}}},"product_brand":[],"product_cat":[72,62,56],"product_tag":[119,120],"class_list":{"0":"post-4570","1":"product","2":"type-product","3":"status-publish","4":"has-post-thumbnail","6":"product_cat-cosmetic-packaging","7":"product_cat-cosmetic-containers","8":"product_cat-cosmetic-jars","9":"product_tag-cosmetic-packaging-wholesale","10":"product_tag-lotion-glass-jar","11":"desktop-align-left","12":"tablet-align-left","13":"mobile-align-left","15":"first","16":"instock","17":"shipping-taxable","18":"product-type-simple"},"acf":[],"jetpack_sharing_enabled":true,"_links":{"self":[{"href":"https:\/\/theperfumebottles.com\/hu\/wp-json\/wp\/v2\/product\/4570","targetHints":{"allow":["GET"]}}],"collection":[{"href":"https:\/\/theperfumebottles.com\/hu\/wp-json\/wp\/v2\/product"}],"about":[{"href":"https:\/\/theperfumebottles.com\/hu\/wp-json\/wp\/v2\/types\/product"}],"replies":[{"embeddable":true,"href":"https:\/\/theperfumebottles.com\/hu\/wp-json\/wp\/v2\/comments?post=4570"}],"wp:featuredmedia":[{"embeddable":true,"href":"https:\/\/theperfumebottles.com\/hu\/wp-json\/wp\/v2\/media\/4571"}],"wp:attachment":[{"href":"https:\/\/theperfumebottles.com\/hu\/wp-json\/wp\/v2\/media?parent=4570"}],"wp:term":[{"taxonomy":"product_brand","embeddable":true,"href":"https:\/\/theperfumebottles.com\/hu\/wp-json\/wp\/v2\/product_brand?post=4570"},{"taxonomy":"product_cat","embeddable":true,"href":"https:\/\/theperfumebottles.com\/hu\/wp-json\/wp\/v2\/product_cat?post=4570"},{"taxonomy":"product_tag","embeddable":true,"href":"https:\/\/theperfumebottles.com\/hu\/wp-json\/wp\/v2\/product_tag?post=4570"}],"curies":[{"name":"wp","href":"https:\/\/api.w.org\/{rel}","templated":true}]}}