{"id":4581,"date":"2025-07-16T17:39:43","date_gmt":"2025-07-16T09:39:43","guid":{"rendered":"https:\/\/theperfumebottles.com\/?post_type=product&#038;p=4581"},"modified":"2025-07-16T17:39:44","modified_gmt":"2025-07-16T09:39:44","slug":"5g-10g-15g-30g-50g-60g-glass-cosmetic-jars-for-lotion-packaging-with-bamboo-lids","status":"publish","type":"product","link":"https:\/\/theperfumebottles.com\/hu\/termek\/5g-10g-15g-30g-50g-60g-glass-cosmetic-jars-for-lotion-packaging-with-bamboo-lids\/","title":{"rendered":"5g 10g 15g 30g 50g 60g \u00dcveg kozmetikai t\u00e9gelyek test\u00e1pol\u00f3 csomagol\u00e1shoz bambusz fed\u00e9llel"},"content":{"rendered":"<p><span class=\"highlights\" data-v-df95d256=\"\">\u00dcveg kozmetikai t\u00e9gelyeket keresel, amelyek a fenntarthat\u00f3s\u00e1got \u00f6tv\u00f6zik a kifinomults\u00e1ggal? Ezeket a kr\u00e9mes t\u00e9gelyeket olyan b\u0151r\u00e1pol\u00e1si gy\u00e1rt\u00f3k sz\u00e1m\u00e1ra tervezt\u00e9k, akik k\u00f6rnyezettudatos sz\u00e9ps\u00e9g\u00e1pol\u00e1si csomagol\u00e1st keresnek a st\u00edlus fel\u00e1ldoz\u00e1sa n\u00e9lk\u00fcl. A borosty\u00e1nsz\u00edn\u0171 \u00fcveg blokkolja az UV-sugarakat, \u00edgy meg\u0151rizve az \u00e9rz\u00e9keny formul\u00e1kat, m\u00edg a bambusz fed\u00e9l vid\u00e9kies hangulatot k\u00f6lcs\u00f6n\u00f6z. T\u00f6k\u00e9letes nagy t\u00e9telben t\u00f6rt\u00e9n\u0151 csomagol\u00e1shoz vagy a honlapodon val\u00f3 bemutat\u00e1shoz \u2013 ez a kozmetikai t\u00e9gely a titkos fegyvered, hogy kit\u0171nj a t\u00f6megb\u0151l.<\/span><\/p>\n<h2><strong data-spm-anchor-id=\"5176.28103460.0.i39.29ab1db8rVh0h0\">F\u0151bb specifik\u00e1ci\u00f3k<\/strong><\/h2>\n<table style=\"border-collapse: collapse;width: 1060px;height: 88px;margin-left: 160px\" border=\"0\" width=\"432\" cellspacing=\"0\" cellpadding=\"0\">\n<tbody>\n<tr style=\"height: 13.50pt\">\n<td style=\"height: 13.50pt;width: 54.00pt\" width=\"72\" height=\"18\">Kapacit\u00e1s<\/td>\n<td style=\"width: 54.00pt\" width=\"72\">Alak<\/td>\n<td style=\"width: 54.00pt\" width=\"72\">T\u00f6m\u00edt\u00e9si m\u00f3dszer<\/td>\n<td style=\"width: 54.00pt\" width=\"72\">Anyag<\/td>\n<td style=\"width: 54.00pt\" width=\"72\">Sz\u00edn<\/td>\n<td style=\"width: 54.00pt\" width=\"72\">Haszn\u00e1lati eset<\/td>\n<\/tr>\n<tr style=\"height: 13.50pt\">\n<td style=\"height: 13.50pt\" height=\"18\">5g \/ 10g \/ 15g \/ 30g \/ 50g \/ 60g<\/td>\n<td>Egyenes \u00e9l\u0171<\/td>\n<td>Csavarmenet (bambusz fed\u00e9l)<\/td>\n<td>\u00dcveg<\/td>\n<td>Borosty\u00e1n (Testreszabhat\u00f3)<\/td>\n<td>Arckr\u00e9m, Test\u00e1pol\u00f3, Szemk\u00f6rny\u00e9k\u00e1pol\u00f3 g\u00e9l<\/td>\n<\/tr>\n<\/tbody>\n<\/table>\n<h2><span class=\"highlights\" data-v-df95d256=\"\">Sikeres esettanulm\u00e1ny: Egy term\u00e9szetes b\u0151r\u00e1pol\u00e1si m\u00e1rka fellend\u00edt\u00e9se <\/span><\/h2>\n<p><span class=\"highlights\" data-v-df95d256=\"\">Egy bio szemk\u00f6rny\u00e9k\u00e1pol\u00f3 g\u00e9leket \u00e1rus\u00edt\u00f3 b\u0151r\u00e1pol\u00e1si m\u00e1rk\u00e1nak olyan \u00fcveg kozmetikai t\u00e9gelyekre volt sz\u00fcks\u00e9ge, amelyek megfelelnek k\u00f6rnyezetbar\u00e1t filoz\u00f3fi\u00e1j\u00e1nak. 15 g-os borosty\u00e1nsz\u00edn\u0171 t\u00e9gelyeket testre szabtunk matt feh\u00e9r c\u00edmk\u00e9kkel \u00e9s fa tet\u0151vel. Az eredm\u00e9ny? A nagykereskedelmi megrendel\u00e9sek 180%-os n\u00f6veked\u00e9se \u00e9s a v\u00e1s\u00e1rl\u00f3i dics\u00e9ret a sz\u00e9ps\u00e9g\u00e1pol\u00e1si csomagol\u00e1s\u00e9rt. Profi tipp: Ha a t\u00e1rol\u00f3ed\u00e9nyed egy spa-kezel\u00e9sre hasonl\u00edt, a v\u00e1s\u00e1rl\u00f3k nem tudnak nem megb\u00edzni a m\u00e1rk\u00e1dban.<\/span><\/p>\n<h2><span class=\"highlights\" data-v-df95d256=\"\">Testreszab\u00e1si tippek a m\u00e1rk\u00e1dhoz <\/span><\/h2>\n<ul>\n<li><span class=\"highlights\" data-v-df95d256=\"\"><strong>Sz\u00ednv\u00e1laszt\u00e9k:<\/strong> Borosty\u00e1n a v\u00e9delem\u00e9rt, \u00e1tl\u00e1tsz\u00f3 a text\u00far\u00e1k kiemel\u00e9s\u00e9hez, vagy egyedi \u00e1rnyalatok az \u00edzl\u00e9sednek megfelel\u0151en. <\/span><\/li>\n<li><span class=\"highlights\" data-v-df95d256=\"\"><strong>C\u00edmketervez\u00e9s:<\/strong> Adjon hozz\u00e1 biztons\u00e1gi pecs\u00e9teket, minimalista sz\u00f6veget vagy sz\u00ednes k\u00e9peket. <\/span><\/li>\n<li><span class=\"highlights\" data-v-df95d256=\"\"><strong>Fed\u00e9l anyagai:<\/strong> Bambusz fed\u00e9l a gy\u00f3gyn\u00f6v\u00e9nyes hangulat\u00e9rt, vagy m\u0171anyag\/f\u00e9m fed\u00e9l a tart\u00f3ss\u00e1g\u00e9rt.<\/span><\/li>\n<\/ul>","protected":false},"excerpt":{"rendered":"<p>\u00dcveg kozmetikai t\u00e9gelyek fa tet\u0151vel sz\u00e9ps\u00e9g\u00e1pol\u00e1si csomagol\u00e1shoz. Egyedi c\u00edmk\u00e9k, \u00f6mlesztett sz\u00e1ll\u00edt\u00e1sra k\u00e9szen. Ide\u00e1lis b\u0151r\u00e1pol\u00f3 test\u00e1pol\u00f3khoz \u00e9s kr\u00e9mekhez.<\/p>","protected":false},"featured_media":4582,"comment_status":"open","ping_status":"closed","template":"","meta":{"_acf_changed":false,"site-sidebar-layout":"default","site-content-layout":"","ast-site-content-layout":"default","site-content-style":"default","site-sidebar-style":"default","ast-global-header-display":"","ast-banner-title-visibility":"","ast-main-header-display":"","ast-hfb-above-header-display":"","ast-hfb-below-header-display":"","ast-hfb-mobile-header-display":"","site-post-title":"","ast-breadcrumbs-content":"","ast-featured-img":"","footer-sml-layout":"","ast-disable-related-posts":"","theme-transparent-header-meta":"default","adv-header-id-meta":"","stick-header-meta":"","header-above-stick-meta":"","header-main-stick-meta":"","header-below-stick-meta":"","astra-migrate-meta-layouts":"set","ast-page-background-enabled":"default","ast-page-background-meta":{"desktop":{"background-color":"var(--ast-global-color-5)","background-image":"","background-repeat":"repeat","background-position":"center center","background-size":"auto","background-attachment":"scroll","background-type":"","background-media":"","overlay-type":"","overlay-color":"","overlay-opacity":"","overlay-gradient":""},"tablet":{"background-color":"","background-image":"","background-repeat":"repeat","background-position":"center center","background-size":"auto","background-attachment":"scroll","background-type":"","background-media":"","overlay-type":"","overlay-color":"","overlay-opacity":"","overlay-gradient":""},"mobile":{"background-color":"","background-image":"","background-repeat":"repeat","background-position":"center center","background-size":"auto","background-attachment":"scroll","background-type":"","background-media":"","overlay-type":"","overlay-color":"","overlay-opacity":"","overlay-gradient":""}},"ast-content-background-meta":{"desktop":{"background-color":"var(--ast-global-color-4)","background-image":"","background-repeat":"repeat","background-position":"center center","background-size":"auto","background-attachment":"scroll","background-type":"","background-media":"","overlay-type":"","overlay-color":"","overlay-opacity":"","overlay-gradient":""},"tablet":{"background-color":"var(--ast-global-color-4)","background-image":"","background-repeat":"repeat","background-position":"center center","background-size":"auto","background-attachment":"scroll","background-type":"","background-media":"","overlay-type":"","overlay-color":"","overlay-opacity":"","overlay-gradient":""},"mobile":{"background-color":"var(--ast-global-color-4)","background-image":"","background-repeat":"repeat","background-position":"center center","background-size":"auto","background-attachment":"scroll","background-type":"","background-media":"","overlay-type":"","overlay-color":"","overlay-opacity":"","overlay-gradient":""}}},"product_brand":[],"product_cat":[72,62,56],"product_tag":[123,124],"class_list":{"0":"post-4581","1":"product","2":"type-product","3":"status-publish","4":"has-post-thumbnail","6":"product_cat-cosmetic-packaging","7":"product_cat-cosmetic-containers","8":"product_cat-cosmetic-jars","9":"product_tag-glass-cosmetic-jars","10":"product_tag-lotion-jars","11":"desktop-align-left","12":"tablet-align-left","13":"mobile-align-left","15":"first","16":"instock","17":"shipping-taxable","18":"product-type-simple"},"acf":[],"jetpack_sharing_enabled":true,"_links":{"self":[{"href":"https:\/\/theperfumebottles.com\/hu\/wp-json\/wp\/v2\/product\/4581","targetHints":{"allow":["GET"]}}],"collection":[{"href":"https:\/\/theperfumebottles.com\/hu\/wp-json\/wp\/v2\/product"}],"about":[{"href":"https:\/\/theperfumebottles.com\/hu\/wp-json\/wp\/v2\/types\/product"}],"replies":[{"embeddable":true,"href":"https:\/\/theperfumebottles.com\/hu\/wp-json\/wp\/v2\/comments?post=4581"}],"wp:featuredmedia":[{"embeddable":true,"href":"https:\/\/theperfumebottles.com\/hu\/wp-json\/wp\/v2\/media\/4582"}],"wp:attachment":[{"href":"https:\/\/theperfumebottles.com\/hu\/wp-json\/wp\/v2\/media?parent=4581"}],"wp:term":[{"taxonomy":"product_brand","embeddable":true,"href":"https:\/\/theperfumebottles.com\/hu\/wp-json\/wp\/v2\/product_brand?post=4581"},{"taxonomy":"product_cat","embeddable":true,"href":"https:\/\/theperfumebottles.com\/hu\/wp-json\/wp\/v2\/product_cat?post=4581"},{"taxonomy":"product_tag","embeddable":true,"href":"https:\/\/theperfumebottles.com\/hu\/wp-json\/wp\/v2\/product_tag?post=4581"}],"curies":[{"name":"wp","href":"https:\/\/api.w.org\/{rel}","templated":true}]}}