{"id":4615,"date":"2025-07-17T18:00:44","date_gmt":"2025-07-17T10:00:44","guid":{"rendered":"https:\/\/theperfumebottles.com\/?post_type=product&#038;p=4615"},"modified":"2026-04-02T17:11:30","modified_gmt":"2026-04-02T09:11:30","slug":"lotion-glass-jar-set-cosmetic-bottle-with-pump-wholesale","status":"publish","type":"product","link":"https:\/\/theperfumebottles.com\/hu\/termek\/lotion-glass-jar-set-cosmetic-bottle-with-pump-wholesale\/","title":{"rendered":"40ml 120ml test\u00e1pol\u00f3 \u00fcveged\u00e9ny k\u00e9szlet \u2013 kozmetikai palack pump\u00e1val nagykereskedelem"},"content":{"rendered":"<p><span class=\"highlights\" data-v-df95d256=\"\">Sz\u00fcks\u00e9ge van olyan kozmetikai csomagol\u00e1sra, ami felkelti a tekinteteket? Pump\u00e1s sz\u00e9ps\u00e9gpalackunk \u00e9s test\u00e1pol\u00f3s \u00fcveged\u00e9ny\u00fcnk forradalmi v\u00e1ltoz\u00e1st hoz a b\u0151r\u00e1pol\u00e1si m\u00e1rk\u00e1k sz\u00e1m\u00e1ra. Az \u00e1tmenetes \u00fcvegdiz\u00e1jn \u2013 alul borosty\u00e1n, fel\u00fcl t\u00fcrkiz \u2013 sz\u00ednes, rendk\u00edv\u00fcl l\u00e1gy megjelen\u00e9st k\u00f6lcs\u00f6n\u00f6z, m\u00edg a matt fekete kupak kecses, modern fel\u00fcletet biztos\u00edt. T\u00f6k\u00e9letes sz\u00e9rumokhoz, olajokhoz vagy kr\u00e9mekhez, ez a sz\u00e9ps\u00e9g\u00e1pol\u00e1si csomagol\u00e1s \u00f6tv\u00f6zi az UV-v\u00e9delmet, az egyens\u00falyt \u00e9s az egyedi ig\u00e9nyekre szabhat\u00f3s\u00e1got.<\/span><\/p>\n<h2>F\u0151bb specifik\u00e1ci\u00f3k<\/h2>\n<table style=\"border-collapse: collapse; width: 784px; height: 114px; margin-left: 280px;\" border=\"0\" width=\"144\" cellspacing=\"0\" cellpadding=\"0\">\n<tbody>\n<tr style=\"height: 13.50pt;\">\n<td style=\"height: 13.50pt; width: 54.00pt;\" width=\"72\" height=\"18\">Jellemz\u0151<\/td>\n<td style=\"width: 54.00pt;\" width=\"72\">R\u00e9szletek<\/td>\n<\/tr>\n<tr style=\"height: 13.50pt;\">\n<td style=\"height: 13.50pt;\" height=\"18\">Kapacit\u00e1s<\/td>\n<td>40 ml, 120 ml<\/td>\n<\/tr>\n<tr style=\"height: 13.50pt;\">\n<td style=\"height: 13.50pt;\" height=\"18\">Alak<\/td>\n<td>Egyenes oldal\u00fa<\/td>\n<\/tr>\n<tr style=\"height: 13.50pt;\">\n<td style=\"height: 13.50pt;\" height=\"18\">T\u00f6m\u00edt\u00e9s<\/td>\n<td>Pump\u00e1s vagy csavaros kupak (testreszabhat\u00f3)<\/td>\n<\/tr>\n<tr style=\"height: 13.50pt;\">\n<td style=\"height: 13.50pt;\" height=\"18\">Anyag<\/td>\n<td>Krist\u00e1ly\u00fcveg<\/td>\n<\/tr>\n<tr style=\"height: 13.50pt;\">\n<td style=\"height: 13.50pt;\" height=\"18\">Sz\u00edn<\/td>\n<td>Z\u00f6ld sz\u00edn\u00e1tmenet (egyedi sz\u00ednek el\u00e9rhet\u0151k)<\/td>\n<\/tr>\n<tr style=\"height: 13.50pt;\">\n<td style=\"height: 13.50pt;\" height=\"18\">Haszn\u00e1lati eset<\/td>\n<td>Sz\u00e9rum, arcolaj, test\u00e1pol\u00f3\u2026<\/td>\n<\/tr>\n<\/tbody>\n<\/table>\n<h2><span class=\"highlights\" data-v-df95d256=\"\">Sikert\u00f6rt\u00e9net<\/span><\/h2>\n<p><span class=\"highlights\" data-v-df95d256=\"\">Egy luxus b\u0151r\u00e1pol\u00e1si m\u00e1rka 50%-kal n\u00f6velte nagykereskedelmi megrendel\u00e9seit, miut\u00e1n bemutatta ezt a sz\u00edn\u00e1tmenetes k\u00e9szletet a kezd\u0151lapj\u00e1n. Az \u00e9l\u00e9nk sz\u00ednkontraszt \u00e9s a sz\u00e1ll\u00edt\u00e1sra k\u00e9sz k\u00e9szlet seg\u00edtett nekik abban, hogy 3 h\u00f3nap alatt t\u00f6bb mint 15 kiskeresked\u0151t\u0151l szerezzenek t\u00f6meges megrendel\u00e9seket.<\/span><\/p>\n<h2><span class=\"highlights\" data-v-df95d256=\"\">Rendel\u00e9s testreszab\u00e1sa<\/span><\/h2>\n<ul>\n<li>\n<div class=\"lRu31\" dir=\"ltr\"><span class=\"HwtZe\" lang=\"en\"><span class=\"jCAhz ChMk0b\"><span class=\"ryNqvb\"><strong>Testreszabhat\u00f3 sz\u00edn\u00e1tmenetes sz\u00ednkialak\u00edt\u00e1s:<\/strong> Sz\u00e1mos sz\u00edn\u00e1tmenet k\u00f6z\u00fcl v\u00e1laszthat, hogy illeszkedjen m\u00e1rk\u00e1ja vizu\u00e1lis st\u00edlus\u00e1hoz.<\/span><\/span><\/span><\/div>\n<\/li>\n<li>\n<div class=\"lRu31\" dir=\"ltr\"><span class=\"HwtZe\" lang=\"en\"><span class=\"jCAhz\"><span class=\"ryNqvb\"><strong>K\u00fcl\u00f6nb\u00f6z\u0151 szivatty\u00faopci\u00f3k:<\/strong> A cser\u00e9lhet\u0151 pump\u00e1k finom permetez\u0151vel vagy pattint\u00f3s kupakkal fokozz\u00e1k a test\u00e1pol\u00f3 flakonok k\u00e9nyelm\u00e9t.<\/span><\/span> <\/span><\/div>\n<\/li>\n<li>\n<div class=\"lRu31\" dir=\"ltr\">\n<p><span class=\"HwtZe\" lang=\"en\"><span class=\"jCAhz ChMk0b\"><span class=\"ryNqvb\"><strong>Intelligens csomagol\u00e1si interakci\u00f3:<\/strong> A testreszabhat\u00f3 QR-k\u00f3dok interakt\u00edv \u00e9lm\u00e9nyeket tesznek lehet\u0151v\u00e9, amelyek \u00f6sszekapcsolj\u00e1k a csomagol\u00e1st a m\u00e1rkat\u00f6rt\u00e9neteddel.<\/span><\/span><\/span><\/p>\n<div class=\"OvtS8d\"><\/div>\n<div id=\"ow35\"><\/div>\n<\/div>\n<div class=\"UdTY9 WdefRb\" aria-hidden=\"true\" data-location=\"2\">\n<div class=\"kO6q6e\"><\/div>\n<\/div>\n<\/li>\n<\/ul>","protected":false},"excerpt":{"rendered":"<p>V\u00e1s\u00e1roljon kozmetikai flakonokat pump\u00e1val \u00e9s test\u00e1pol\u00f3s \u00fcveged\u00e9ny-k\u00e9szletekkel b\u0151r\u00e1pol\u00e1si m\u00e1rk\u00e1j\u00e1hoz. UV-sz\u0171r\u0151s, sz\u00edn\u00e1tmenetes \u00fcveg egyedi csomagol\u00e1si lehet\u0151s\u00e9gekkel.<\/p>","protected":false},"featured_media":4616,"comment_status":"open","ping_status":"closed","template":"","meta":{"_acf_changed":false,"site-sidebar-layout":"default","site-content-layout":"","ast-site-content-layout":"default","site-content-style":"default","site-sidebar-style":"default","ast-global-header-display":"","ast-banner-title-visibility":"","ast-main-header-display":"","ast-hfb-above-header-display":"","ast-hfb-below-header-display":"","ast-hfb-mobile-header-display":"","site-post-title":"","ast-breadcrumbs-content":"","ast-featured-img":"","footer-sml-layout":"","ast-disable-related-posts":"","theme-transparent-header-meta":"default","adv-header-id-meta":"","stick-header-meta":"","header-above-stick-meta":"","header-main-stick-meta":"","header-below-stick-meta":"","astra-migrate-meta-layouts":"set","ast-page-background-enabled":"default","ast-page-background-meta":{"desktop":{"background-color":"var(--ast-global-color-5)","background-image":"","background-repeat":"repeat","background-position":"center center","background-size":"auto","background-attachment":"scroll","background-type":"","background-media":"","overlay-type":"","overlay-color":"","overlay-opacity":"","overlay-gradient":""},"tablet":{"background-color":"","background-image":"","background-repeat":"repeat","background-position":"center center","background-size":"auto","background-attachment":"scroll","background-type":"","background-media":"","overlay-type":"","overlay-color":"","overlay-opacity":"","overlay-gradient":""},"mobile":{"background-color":"","background-image":"","background-repeat":"repeat","background-position":"center center","background-size":"auto","background-attachment":"scroll","background-type":"","background-media":"","overlay-type":"","overlay-color":"","overlay-opacity":"","overlay-gradient":""}},"ast-content-background-meta":{"desktop":{"background-color":"var(--ast-global-color-4)","background-image":"","background-repeat":"repeat","background-position":"center center","background-size":"auto","background-attachment":"scroll","background-type":"","background-media":"","overlay-type":"","overlay-color":"","overlay-opacity":"","overlay-gradient":""},"tablet":{"background-color":"var(--ast-global-color-4)","background-image":"","background-repeat":"repeat","background-position":"center center","background-size":"auto","background-attachment":"scroll","background-type":"","background-media":"","overlay-type":"","overlay-color":"","overlay-opacity":"","overlay-gradient":""},"mobile":{"background-color":"var(--ast-global-color-4)","background-image":"","background-repeat":"repeat","background-position":"center center","background-size":"auto","background-attachment":"scroll","background-type":"","background-media":"","overlay-type":"","overlay-color":"","overlay-opacity":"","overlay-gradient":""}}},"product_brand":[],"product_cat":[236,72,62],"product_tag":[129,120],"class_list":{"0":"post-4615","1":"product","2":"type-product","3":"status-publish","4":"has-post-thumbnail","6":"product_cat-cosmetic-container-set","7":"product_cat-cosmetic-packaging","8":"product_cat-cosmetic-containers","9":"product_tag-cosmetic-bottle-with-pump","10":"product_tag-lotion-glass-jar","11":"desktop-align-left","12":"tablet-align-left","13":"mobile-align-left","15":"first","16":"instock","17":"shipping-taxable","18":"product-type-simple"},"acf":[],"jetpack_sharing_enabled":true,"_links":{"self":[{"href":"https:\/\/theperfumebottles.com\/hu\/wp-json\/wp\/v2\/product\/4615","targetHints":{"allow":["GET"]}}],"collection":[{"href":"https:\/\/theperfumebottles.com\/hu\/wp-json\/wp\/v2\/product"}],"about":[{"href":"https:\/\/theperfumebottles.com\/hu\/wp-json\/wp\/v2\/types\/product"}],"replies":[{"embeddable":true,"href":"https:\/\/theperfumebottles.com\/hu\/wp-json\/wp\/v2\/comments?post=4615"}],"wp:featuredmedia":[{"embeddable":true,"href":"https:\/\/theperfumebottles.com\/hu\/wp-json\/wp\/v2\/media\/4616"}],"wp:attachment":[{"href":"https:\/\/theperfumebottles.com\/hu\/wp-json\/wp\/v2\/media?parent=4615"}],"wp:term":[{"taxonomy":"product_brand","embeddable":true,"href":"https:\/\/theperfumebottles.com\/hu\/wp-json\/wp\/v2\/product_brand?post=4615"},{"taxonomy":"product_cat","embeddable":true,"href":"https:\/\/theperfumebottles.com\/hu\/wp-json\/wp\/v2\/product_cat?post=4615"},{"taxonomy":"product_tag","embeddable":true,"href":"https:\/\/theperfumebottles.com\/hu\/wp-json\/wp\/v2\/product_tag?post=4615"}],"curies":[{"name":"wp","href":"https:\/\/api.w.org\/{rel}","templated":true}]}}