{"id":4620,"date":"2025-07-17T18:00:24","date_gmt":"2025-07-17T10:00:24","guid":{"rendered":"https:\/\/theperfumebottles.com\/?post_type=product&#038;p=4620"},"modified":"2025-08-01T09:10:06","modified_gmt":"2025-08-01T01:10:06","slug":"face-cream-jars-wholesale-frosted-glass-cosmetic-packaging","status":"publish","type":"product","link":"https:\/\/theperfumebottles.com\/hu\/termek\/face-cream-jars-wholesale-frosted-glass-cosmetic-packaging\/","title":{"rendered":"1oz 2oz 4oz 8oz arckr\u00e9m t\u00e9gelyek nagykereskedelemben \u2013 matt \u00fcveg kozmetikai csomagol\u00e1s"},"content":{"rendered":"<p><span class=\"highlights\" data-v-df95d256=\"\">Olyan kozmetikai kr\u00e9mes t\u00e9gelyes csomagol\u00e1sra van sz\u00fcks\u00e9ge, amely a fenntarthat\u00f3s\u00e1got \u00f6tv\u00f6zi a kifinomults\u00e1ggal? Arckr\u00e9mes t\u00e9gelyeink nagykereskedelmi k\u00e9szlete matt \u00fcvegpalackokat tartalmaz term\u00e9szetes bambusz fed\u00e9llel, amelyek c\u00e9lja, hogy \u00faj szintre emelj\u00e9k b\u0151r\u00e1pol\u00e1si vonal\u00e1t. A textur\u00e1lt fel\u00fclet \u00e9s a f\u00f6ldsz\u00edn\u0171 d\u00edsz\u00edt\u00e9s teszi ezeket a kozmetikai csomagol\u00e1sokat a legjobb v\u00e1laszt\u00e1ss\u00e1 sz\u00e9rumok, szemk\u00f6rny\u00e9k\u00e1pol\u00f3k vagy gazdag hidrat\u00e1l\u00f3kr\u00e9mek sz\u00e1m\u00e1ra. T\u00f6k\u00e9letesek olyan sz\u00e9ps\u00e9g\u00e1pol\u00e1si csomagol\u00e1sokhoz, amelyek egyszerre modernek \u00e9s k\u00f6rnyezettudatosak.<\/span><\/p>\n<h2><span class=\"highlights\" data-v-df95d256=\"\">F\u0151bb specifik\u00e1ci\u00f3k<\/span><\/h2>\n<table style=\"border-collapse: collapse;width: 759px;height: 153px;margin-left: 280px\" border=\"0\" width=\"144\" cellspacing=\"0\" cellpadding=\"0\">\n<tbody>\n<tr style=\"height: 13.50pt\">\n<td style=\"height: 13.50pt;width: 54.00pt\" width=\"72\" height=\"18\">Jellemz\u0151<\/td>\n<td style=\"width: 54.00pt\" width=\"72\">R\u00e9szletek<\/td>\n<\/tr>\n<tr style=\"height: 13.50pt\">\n<td style=\"height: 13.50pt\" height=\"18\">Kapacit\u00e1s<\/td>\n<td>28 ml, 58 ml, 128 ml, 227 ml<\/td>\n<\/tr>\n<tr style=\"height: 13.50pt\">\n<td style=\"height: 13.50pt\" height=\"18\">Alak<\/td>\n<td>Kerek<\/td>\n<\/tr>\n<tr style=\"height: 13.50pt\">\n<td style=\"height: 13.50pt\" height=\"18\">T\u00f6m\u00edt\u00e9s<\/td>\n<td>Bambusz fed\u0151k (testreszabhat\u00f3)<\/td>\n<\/tr>\n<tr style=\"height: 13.50pt\">\n<td style=\"height: 13.50pt\" height=\"18\">Anyag<\/td>\n<td>Matt \u00fcveg<\/td>\n<\/tr>\n<tr style=\"height: 13.50pt\">\n<td style=\"height: 13.50pt\" height=\"18\">Sz\u00edn<\/td>\n<td>Kovak\u0151, matt (testreszabhat\u00f3)<\/td>\n<\/tr>\n<tr style=\"height: 13.50pt\">\n<td style=\"height: 13.50pt\" height=\"18\">Haszn\u00e1lati eset<\/td>\n<td>Szemk\u00f6rny\u00e9k\u00e1pol\u00f3 kr\u00e9m, arckr\u00e9m\u2026<\/td>\n<\/tr>\n<\/tbody>\n<\/table>\n<h2><span class=\"highlights\" data-v-df95d256=\"\">Sikert\u00f6rt\u00e9net<\/span><\/h2>\n<p><span class=\"highlights\" data-v-df95d256=\"\">Egy b\u0151r\u00e1pol\u00e1si m\u00e1rka 60%-kal n\u00f6velte nagykereskedelmi elad\u00e1sait, miut\u00e1n erre a kozmetikai kr\u00e9mes t\u00e9gelydiz\u00e1jnra v\u00e1ltott. A honlapjukon egy vide\u00f3 is szerepelt, amely a bambusztet\u0151 kidolgoz\u00e1s\u00e1t mutatta be, ami t\u00f6bb mint 200 t\u00f6meges megrendel\u00e9st eredm\u00e9nyezett egy h\u00f3nap alatt.<\/span><\/p>\n<h2><span class=\"highlights\" data-v-df95d256=\"\">Rendel\u00e9s testreszab\u00e1sa<\/span><\/h2>\n<ul>\n<li><strong>Egyfajta palackbevonat:<\/strong> Kaphat\u00f3 tiszta vagy matt \u00fcvegben, melegen sajtolt vagy dombornyomott fel\u00fcletekkel p\u00e1ros\u00edtva, kiemelve m\u00e1rk\u00e1ja pr\u00e9mium var\u00e1zs\u00e1t.<\/li>\n<li><strong>K\u00f6rnyezetbar\u00e1t palackkupak alternat\u00edv\u00e1k:<\/strong> M\u0171anyagb\u00f3l \u00e9s fenntarthat\u00f3 bambuszb\u00f3l is kaphat\u00f3, egyens\u00falyban tartva a higi\u00e9niai \u00e9s k\u00f6rnyezetv\u00e9delmi agg\u00e1lyokat.<\/li>\n<li><strong>Z\u00f6ld jel\u00f6l\u00e9s:<\/strong> Biol\u00f3giailag leboml\u00f3 anyagok \u00e9s tint\u00e1k haszn\u00e1lata a teljesen k\u00f6rnyezetbar\u00e1t csomagol\u00e1shoz.<\/li>\n<\/ul>","protected":false},"excerpt":{"rendered":"<p>V\u00e1s\u00e1roljon arckr\u00e9m t\u00e9gelyeket nagykereskedelemben k\u00f6rnyezetbar\u00e1t bambusz fed\u00e9llel. Matt \u00fcveg kozmetikai kr\u00e9m t\u00e9gely k\u00e9szletek b\u0151r\u00e1pol\u00e1si m\u00e1rk\u00e1khoz.<\/p>","protected":false},"featured_media":4621,"comment_status":"open","ping_status":"closed","template":"","meta":{"_acf_changed":false,"site-sidebar-layout":"default","site-content-layout":"","ast-site-content-layout":"default","site-content-style":"default","site-sidebar-style":"default","ast-global-header-display":"","ast-banner-title-visibility":"","ast-main-header-display":"","ast-hfb-above-header-display":"","ast-hfb-below-header-display":"","ast-hfb-mobile-header-display":"","site-post-title":"","ast-breadcrumbs-content":"","ast-featured-img":"","footer-sml-layout":"","ast-disable-related-posts":"","theme-transparent-header-meta":"default","adv-header-id-meta":"","stick-header-meta":"","header-above-stick-meta":"","header-main-stick-meta":"","header-below-stick-meta":"","astra-migrate-meta-layouts":"set","ast-page-background-enabled":"default","ast-page-background-meta":{"desktop":{"background-color":"var(--ast-global-color-5)","background-image":"","background-repeat":"repeat","background-position":"center center","background-size":"auto","background-attachment":"scroll","background-type":"","background-media":"","overlay-type":"","overlay-color":"","overlay-opacity":"","overlay-gradient":""},"tablet":{"background-color":"","background-image":"","background-repeat":"repeat","background-position":"center center","background-size":"auto","background-attachment":"scroll","background-type":"","background-media":"","overlay-type":"","overlay-color":"","overlay-opacity":"","overlay-gradient":""},"mobile":{"background-color":"","background-image":"","background-repeat":"repeat","background-position":"center center","background-size":"auto","background-attachment":"scroll","background-type":"","background-media":"","overlay-type":"","overlay-color":"","overlay-opacity":"","overlay-gradient":""}},"ast-content-background-meta":{"desktop":{"background-color":"var(--ast-global-color-4)","background-image":"","background-repeat":"repeat","background-position":"center center","background-size":"auto","background-attachment":"scroll","background-type":"","background-media":"","overlay-type":"","overlay-color":"","overlay-opacity":"","overlay-gradient":""},"tablet":{"background-color":"var(--ast-global-color-4)","background-image":"","background-repeat":"repeat","background-position":"center center","background-size":"auto","background-attachment":"scroll","background-type":"","background-media":"","overlay-type":"","overlay-color":"","overlay-opacity":"","overlay-gradient":""},"mobile":{"background-color":"var(--ast-global-color-4)","background-image":"","background-repeat":"repeat","background-position":"center center","background-size":"auto","background-attachment":"scroll","background-type":"","background-media":"","overlay-type":"","overlay-color":"","overlay-opacity":"","overlay-gradient":""}}},"product_brand":[],"product_cat":[62,72,56],"product_tag":[131,130],"class_list":{"0":"post-4620","1":"product","2":"type-product","3":"status-publish","4":"has-post-thumbnail","6":"product_cat-cosmetic-containers","7":"product_cat-cosmetic-packaging","8":"product_cat-cosmetic-jars","9":"product_tag-cosmetic-cream-jar","10":"product_tag-face-cream-jars-wholesale","11":"desktop-align-left","12":"tablet-align-left","13":"mobile-align-left","15":"first","16":"instock","17":"shipping-taxable","18":"product-type-simple"},"acf":[],"jetpack_sharing_enabled":true,"_links":{"self":[{"href":"https:\/\/theperfumebottles.com\/hu\/wp-json\/wp\/v2\/product\/4620","targetHints":{"allow":["GET"]}}],"collection":[{"href":"https:\/\/theperfumebottles.com\/hu\/wp-json\/wp\/v2\/product"}],"about":[{"href":"https:\/\/theperfumebottles.com\/hu\/wp-json\/wp\/v2\/types\/product"}],"replies":[{"embeddable":true,"href":"https:\/\/theperfumebottles.com\/hu\/wp-json\/wp\/v2\/comments?post=4620"}],"wp:featuredmedia":[{"embeddable":true,"href":"https:\/\/theperfumebottles.com\/hu\/wp-json\/wp\/v2\/media\/4621"}],"wp:attachment":[{"href":"https:\/\/theperfumebottles.com\/hu\/wp-json\/wp\/v2\/media?parent=4620"}],"wp:term":[{"taxonomy":"product_brand","embeddable":true,"href":"https:\/\/theperfumebottles.com\/hu\/wp-json\/wp\/v2\/product_brand?post=4620"},{"taxonomy":"product_cat","embeddable":true,"href":"https:\/\/theperfumebottles.com\/hu\/wp-json\/wp\/v2\/product_cat?post=4620"},{"taxonomy":"product_tag","embeddable":true,"href":"https:\/\/theperfumebottles.com\/hu\/wp-json\/wp\/v2\/product_tag?post=4620"}],"curies":[{"name":"wp","href":"https:\/\/api.w.org\/{rel}","templated":true}]}}