{"id":4625,"date":"2025-07-17T17:59:52","date_gmt":"2025-07-17T09:59:52","guid":{"rendered":"https:\/\/theperfumebottles.com\/?post_type=product&#038;p=4625"},"modified":"2025-08-01T11:04:18","modified_gmt":"2025-08-01T03:04:18","slug":"glass-cosmetic-jars-with-lids-premium-cream-glass-jar-wholesale","status":"publish","type":"product","link":"https:\/\/theperfumebottles.com\/hu\/termek\/glass-cosmetic-jars-with-lids-premium-cream-glass-jar-wholesale\/","title":{"rendered":"20 g 30 g 50 g kozmetikai \u00fcvegek fed\u00e9llel \u2013 Pr\u00e9mium kr\u00e9mes \u00fcveged\u00e9nyek nagykereskedelemben"},"content":{"rendered":"<p>\u00dcveg kozmetikai t\u00e9gelyeket keresel, amelyek massz\u00edvak \u00e9s eleganci\u00e1t \u00f6tv\u00f6z\u0151 fed\u00e9llel rendelkeznek? Kr\u00e9mes \u00fcvegt\u00e9gely-k\u00e9szlet\u00fcnk hengeres, magasf\u00e9ny\u0171 fel\u00fclettel rendelkezik, t\u00f6k\u00e9letes b\u0151r\u00e1pol\u00e1si term\u00e9kekhez, p\u00e9ld\u00e1ul arckr\u00e9mekhez \u00e9s test\u00e1pol\u00f3khoz. A sima alj \u00e9s a lekerek\u00edtett \u00e9lek modern, spa-szer\u0171 eszt\u00e9tik\u00e1t k\u00f6lcs\u00f6n\u00f6znek, mik\u00f6zben a kozmetikai csomagol\u00e1s garant\u00e1lja, hogy a term\u00e9kek ugyanolyan eleg\u00e1nsak legyenek, mint amilyen \u00e9rt\u00e9kesek.<\/p>\n<h2>F\u0151bb specifik\u00e1ci\u00f3k<\/h2>\n<table style=\"border-collapse: collapse;width: 80%;height: 106px;margin-left: auto;margin-right: auto\" border=\"0\" width=\"144\" cellspacing=\"0\" cellpadding=\"0\">\n<tbody>\n<tr style=\"height: 13.50pt\">\n<td style=\"height: 13.50pt;width: 54.00pt\" width=\"72\" height=\"18\">Jellemz\u0151<\/td>\n<td style=\"width: 54.00pt\" width=\"72\">R\u00e9szletek<\/td>\n<\/tr>\n<tr style=\"height: 13.50pt\">\n<td style=\"height: 13.50pt\" height=\"18\">Kapacit\u00e1s<\/td>\n<td>20 g, 30 g, 50 g<\/td>\n<\/tr>\n<tr style=\"height: 13.50pt\">\n<td style=\"height: 13.50pt\" height=\"18\">Alak<\/td>\n<td>Egyenes oldal\u00fa<\/td>\n<\/tr>\n<tr style=\"height: 13.50pt\">\n<td style=\"height: 13.50pt\" height=\"18\">Anyag<\/td>\n<td>Krist\u00e1ly\u00fcveg<\/td>\n<\/tr>\n<tr style=\"height: 13.50pt\">\n<td style=\"height: 13.50pt\" height=\"18\">Sz\u00edn<\/td>\n<td>Feh\u00e9r, fekete.. (testreszabhat\u00f3)<\/td>\n<\/tr>\n<tr style=\"height: 13.50pt\">\n<td style=\"height: 13.50pt\" height=\"18\">Haszn\u00e1lati eset<\/td>\n<td>Arckr\u00e9m, test\u00e1pol\u00f3\u2026<\/td>\n<\/tr>\n<\/tbody>\n<\/table>\n<h2><span class=\"highlights\" data-v-df95d256=\"\">Sikert\u00f6rt\u00e9net <\/span><\/h2>\n<p><span class=\"highlights\" data-v-df95d256=\"\">Egy k\u00f6zepes m\u00e9ret\u0171 b\u0151r\u00e1pol\u00e1si m\u00e1rka 70%-kal n\u00f6velte nagykereskedelmi bev\u00e9tel\u00e9t, miut\u00e1n bemutatta kr\u00e9mes \u00fcvegkollekci\u00f3j\u00e1t a k\u00f6z\u00f6ss\u00e9gi m\u00e9di\u00e1ban. Az egyedi, aranyozott dombornyom\u00e1s\u00fa c\u00edmk\u00e9kkel ell\u00e1tott, nagy t\u00e9telben t\u00f6rt\u00e9n\u0151 csomagol\u00e1s haszn\u00e1lat\u00e1val t\u00f6bb mint 30 kiskereskedelmi partners\u00e9get szereztek 6 h\u00f3nap alatt.<\/span><\/p>\n<h2><span class=\"highlights\" data-v-df95d256=\"\"> Rendel\u00e9s testreszab\u00e1sa<\/span><\/h2>\n<ul>\n<li><span class=\"highlights\" data-v-df95d256=\"\"><strong>Fed\u00e9l anyagai:<\/strong> V\u00e1lasszon eleg\u00e1ns m\u0171anyag fedelet a higi\u00e9ni\u00e1ra \u00f6sszpontos\u00edt\u00f3 kozmetikai csomagol\u00e1shoz, vagy sz\u00e1lcsiszolt f\u00e9m fedelet a luxus sz\u00e9ps\u00e9g\u00e1pol\u00e1si csomagol\u00e1shoz. <\/span><\/li>\n<li><span class=\"highlights\" data-v-df95d256=\"\"><strong>Sz\u00edn\u00e1tmenetek:<\/strong> Adjon hozz\u00e1 matt d\u00edsz\u00edt\u0151elemeket vagy egyedi z\u00f6ld \u00e1rnyalatokat, hogy illeszkedjenek a m\u00e1rka palett\u00e1j\u00e1hoz.<\/span><\/li>\n<li><span class=\"highlights\" data-v-df95d256=\"\"><strong>Luxus fed\u00e9l fel\u00fcletek:<\/strong> Dobd fel kr\u00e9mes \u00fcveged\u00e9nyedet f\u00e9mes tet\u0151vel, p\u00e9ld\u00e1ul roz\u00e9 arannyal vagy antik r\u00e9zzel, hogy m\u00e9g jobb\u00e1 tedd a kozmetikai csomagol\u00e1sodat. <\/span><\/li>\n<\/ul>","protected":false},"excerpt":{"rendered":"<p>V\u00e1s\u00e1roljon kozmetikai \u00fcvegeket fed\u00e9llel \u00e9s kr\u00e9mes \u00fcveged\u00e9ny-k\u00e9szleteket b\u0151r\u00e1pol\u00e1si m\u00e1rk\u00e1khoz. Tart\u00f3s kozmetikai csomagol\u00e1s egyedi opci\u00f3kkal.<\/p>","protected":false},"featured_media":4626,"comment_status":"open","ping_status":"closed","template":"","meta":{"_acf_changed":false,"site-sidebar-layout":"default","site-content-layout":"","ast-site-content-layout":"default","site-content-style":"default","site-sidebar-style":"default","ast-global-header-display":"","ast-banner-title-visibility":"","ast-main-header-display":"","ast-hfb-above-header-display":"","ast-hfb-below-header-display":"","ast-hfb-mobile-header-display":"","site-post-title":"","ast-breadcrumbs-content":"","ast-featured-img":"","footer-sml-layout":"","ast-disable-related-posts":"","theme-transparent-header-meta":"default","adv-header-id-meta":"","stick-header-meta":"","header-above-stick-meta":"","header-main-stick-meta":"","header-below-stick-meta":"","astra-migrate-meta-layouts":"set","ast-page-background-enabled":"default","ast-page-background-meta":{"desktop":{"background-color":"var(--ast-global-color-5)","background-image":"","background-repeat":"repeat","background-position":"center center","background-size":"auto","background-attachment":"scroll","background-type":"","background-media":"","overlay-type":"","overlay-color":"","overlay-opacity":"","overlay-gradient":""},"tablet":{"background-color":"","background-image":"","background-repeat":"repeat","background-position":"center center","background-size":"auto","background-attachment":"scroll","background-type":"","background-media":"","overlay-type":"","overlay-color":"","overlay-opacity":"","overlay-gradient":""},"mobile":{"background-color":"","background-image":"","background-repeat":"repeat","background-position":"center center","background-size":"auto","background-attachment":"scroll","background-type":"","background-media":"","overlay-type":"","overlay-color":"","overlay-opacity":"","overlay-gradient":""}},"ast-content-background-meta":{"desktop":{"background-color":"var(--ast-global-color-4)","background-image":"","background-repeat":"repeat","background-position":"center center","background-size":"auto","background-attachment":"scroll","background-type":"","background-media":"","overlay-type":"","overlay-color":"","overlay-opacity":"","overlay-gradient":""},"tablet":{"background-color":"var(--ast-global-color-4)","background-image":"","background-repeat":"repeat","background-position":"center center","background-size":"auto","background-attachment":"scroll","background-type":"","background-media":"","overlay-type":"","overlay-color":"","overlay-opacity":"","overlay-gradient":""},"mobile":{"background-color":"var(--ast-global-color-4)","background-image":"","background-repeat":"repeat","background-position":"center center","background-size":"auto","background-attachment":"scroll","background-type":"","background-media":"","overlay-type":"","overlay-color":"","overlay-opacity":"","overlay-gradient":""}}},"product_brand":[],"product_cat":[56,72,62],"product_tag":[133,132],"class_list":{"0":"post-4625","1":"product","2":"type-product","3":"status-publish","4":"has-post-thumbnail","6":"product_cat-cosmetic-jars","7":"product_cat-cosmetic-packaging","8":"product_cat-cosmetic-containers","9":"product_tag-cream-glass-jar","10":"product_tag-glass-cosmetic-jars-with-lids","11":"desktop-align-left","12":"tablet-align-left","13":"mobile-align-left","15":"first","16":"instock","17":"shipping-taxable","18":"product-type-simple"},"acf":[],"jetpack_sharing_enabled":true,"_links":{"self":[{"href":"https:\/\/theperfumebottles.com\/hu\/wp-json\/wp\/v2\/product\/4625","targetHints":{"allow":["GET"]}}],"collection":[{"href":"https:\/\/theperfumebottles.com\/hu\/wp-json\/wp\/v2\/product"}],"about":[{"href":"https:\/\/theperfumebottles.com\/hu\/wp-json\/wp\/v2\/types\/product"}],"replies":[{"embeddable":true,"href":"https:\/\/theperfumebottles.com\/hu\/wp-json\/wp\/v2\/comments?post=4625"}],"wp:featuredmedia":[{"embeddable":true,"href":"https:\/\/theperfumebottles.com\/hu\/wp-json\/wp\/v2\/media\/4626"}],"wp:attachment":[{"href":"https:\/\/theperfumebottles.com\/hu\/wp-json\/wp\/v2\/media?parent=4625"}],"wp:term":[{"taxonomy":"product_brand","embeddable":true,"href":"https:\/\/theperfumebottles.com\/hu\/wp-json\/wp\/v2\/product_brand?post=4625"},{"taxonomy":"product_cat","embeddable":true,"href":"https:\/\/theperfumebottles.com\/hu\/wp-json\/wp\/v2\/product_cat?post=4625"},{"taxonomy":"product_tag","embeddable":true,"href":"https:\/\/theperfumebottles.com\/hu\/wp-json\/wp\/v2\/product_tag?post=4625"}],"curies":[{"name":"wp","href":"https:\/\/api.w.org\/{rel}","templated":true}]}}