{"id":4644,"date":"2025-07-18T17:49:18","date_gmt":"2025-07-18T09:49:18","guid":{"rendered":"https:\/\/theperfumebottles.com\/?post_type=product&#038;p=4644"},"modified":"2026-03-27T14:30:08","modified_gmt":"2026-03-27T06:30:08","slug":"empty-glass-cosmetic-containers-with-lids-wholesale","status":"publish","type":"product","link":"https:\/\/theperfumebottles.com\/hu\/termek\/empty-glass-cosmetic-containers-with-lids-wholesale\/","title":{"rendered":"30g 50g \u00dcres \u00fcveg kozmetikai tart\u00e1lyok fed\u00e9llel Nagykereskedelem"},"content":{"rendered":"<p>Ez a modern, tet\u0151s kozmetikai t\u00e9gelycsal\u00e1d modern, hengeres profilt t\u00fckr\u00f6z, bele\u00e9rtve az \u00e1tl\u00e1tsz\u00f3 \u00fcveg alapot, a vajas arany s\u00e1vot finom arany d\u00edsz\u00edt\u00e9ssel, valamint a matt feh\u00e9r vagy \u00e1tl\u00e1tsz\u00f3 tet\u0151k v\u00e1laszt\u00e9k\u00e1t.<\/p>\n<h2><span class=\"highlights\" data-v-df95d256=\"\">F\u0151bb specifik\u00e1ci\u00f3k<\/span><\/h2>\n<table style=\"border-collapse: collapse; width: 80%; height: 123px; margin-left: auto; margin-right: auto;\" border=\"0\" width=\"144\" cellspacing=\"0\" cellpadding=\"0\">\n<tbody>\n<tr>\n<td width=\"72\">Kapacit\u00e1s<\/td>\n<td width=\"72\">Alak<\/td>\n<td width=\"72\">T\u00f6m\u00edt\u00e9si m\u00f3dszer<\/td>\n<td width=\"72\">Anyag<\/td>\n<td width=\"72\">Sz\u00edn<\/td>\n<td width=\"72\">Haszn\u00e1lat<\/td>\n<\/tr>\n<tr>\n<td>30 g<\/td>\n<td rowspan=\"2\">Egyenes oldal\u00fa<\/td>\n<td rowspan=\"2\">Menetes fej\u0171 (m\u0171anyag\/f\u00e9m)<\/td>\n<td rowspan=\"2\">Krist\u00e1ly\u00fcveg<\/td>\n<td rowspan=\"2\">Matt (egyedi)<\/td>\n<td rowspan=\"2\">Szemk\u00f6rny\u00e9k\u00e1pol\u00f3 kr\u00e9m, test\u00e1pol\u00f3\u2026<\/td>\n<\/tr>\n<tr>\n<td>50 g<\/td>\n<\/tr>\n<\/tbody>\n<\/table>\n<h2><span class=\"highlights\" data-v-df95d256=\"\">Sikeres eset<\/span><\/h2>\n<p>Az egyik p\u00e1rizsi luxusm\u00e1rka a mi 50 ml-es, fedeles kozmetikai t\u00e9gelyeinket v\u00e1lasztotta, \u00e9s testreszabta matt feh\u00e9r kupakjukat \u00e9s egyedi k\u00e9sz\u00edt\u00e9s\u0171, roz\u00e9aranyozott d\u00edszgy\u0171r\u0171j\u00fcket. A szem\u00e9lyre szabott kr\u00e9mes t\u00e9gelyek hatalmas sikert arattak: k\u00fcl\u00f6nleges, r\u00e9tegzett diz\u00e1jnjuk a m\u00e1rka jellegzetes r\u00e9sz\u00e9v\u00e9 v\u00e1lt, \u00e9s a piackutat\u00e1s kimutatta, hogy a m\u00e1rka ismerts\u00e9ge 25 sz\u00e1zal\u00e9kkal n\u0151tt. A text\u00fara \u00e9s az anyagok min\u0151s\u00e9ge is pr\u00e9mium volt, ami 50 sz\u00e1zal\u00e9kos \u00e1remelked\u00e9st eredm\u00e9nyezett a regener\u00e1l\u00f3 kr\u00e9mben. Ennek a sikernek k\u00f6sz\u00f6nhet\u0151en a m\u00e1rka tov\u00e1bbi 250 000 t\u00e9gely kr\u00e9met rendelt \u00faj CBD arcolaj \u00e9s \u00e9jszakai kr\u00e9m term\u00e9kcsal\u00e1dj\u00e1hoz.<\/p>\n<h2><span class=\"highlights\" data-v-df95d256=\"\">Testreszab\u00e1si tippek a sminkt\u00e1rol\u00f3k nagykereskedelm\u00e9hez<\/span><\/h2>\n<ul>\n<li><strong>V\u00e1ltozatos megjelen\u00e9si alternat\u00edv\u00e1k:<\/strong> V\u00e1lasszon \u00e1tl\u00e1tsz\u00f3 vagy matt \u00fcveg k\u00f6z\u00fcl, sz\u00edn\u00e1tmenetes \u00e1rnyalatokkal a fokozott l\u00e1that\u00f3 hat\u00e1s \u00e9rdek\u00e9ben.<\/li>\n<li><strong>Rugalmas sapka anyag:<\/strong> M\u0171anyagb\u00f3l vagy f\u00e9mb\u0151l kaphat\u00f3, pr\u00e9mium \u00e9rz\u00e9kkel kiegyens\u00falyozva a k\u00f6lts\u00e9geket.<\/li>\n<li><strong>M\u00e1rka testreszab\u00e1sa:<\/strong> Dombornyomott embl\u00e9m\u00e1k vagy QR-k\u00f3dok is t\u00e1mogatottak, hogy seg\u00edtsenek elmes\u00e9lni a log\u00f3 t\u00f6rt\u00e9net\u00e9t.<\/li>\n<\/ul>","protected":false},"excerpt":{"rendered":"<p>Pr\u00e9mium sminkt\u00e1rol\u00f3k nagykereskedelemben, \u00e1tl\u00e1tsz\u00f3 \u00fcveg alappal \u00e9s luxus aranygy\u0171r\u0171vel. Kozmetikai t\u00e1rol\u00f3k tet\u0151vel a frissess\u00e9g\u00e9rt. Gyors sz\u00e1ll\u00edt\u00e1s.<\/p>","protected":false},"featured_media":4645,"comment_status":"open","ping_status":"closed","template":"","meta":{"_acf_changed":false,"site-sidebar-layout":"default","site-content-layout":"","ast-site-content-layout":"default","site-content-style":"default","site-sidebar-style":"default","ast-global-header-display":"","ast-banner-title-visibility":"","ast-main-header-display":"","ast-hfb-above-header-display":"","ast-hfb-below-header-display":"","ast-hfb-mobile-header-display":"","site-post-title":"","ast-breadcrumbs-content":"","ast-featured-img":"","footer-sml-layout":"","ast-disable-related-posts":"","theme-transparent-header-meta":"default","adv-header-id-meta":"","stick-header-meta":"","header-above-stick-meta":"","header-main-stick-meta":"","header-below-stick-meta":"","astra-migrate-meta-layouts":"set","ast-page-background-enabled":"default","ast-page-background-meta":{"desktop":{"background-color":"var(--ast-global-color-5)","background-image":"","background-repeat":"repeat","background-position":"center center","background-size":"auto","background-attachment":"scroll","background-type":"","background-media":"","overlay-type":"","overlay-color":"","overlay-opacity":"","overlay-gradient":""},"tablet":{"background-color":"","background-image":"","background-repeat":"repeat","background-position":"center center","background-size":"auto","background-attachment":"scroll","background-type":"","background-media":"","overlay-type":"","overlay-color":"","overlay-opacity":"","overlay-gradient":""},"mobile":{"background-color":"","background-image":"","background-repeat":"repeat","background-position":"center center","background-size":"auto","background-attachment":"scroll","background-type":"","background-media":"","overlay-type":"","overlay-color":"","overlay-opacity":"","overlay-gradient":""}},"ast-content-background-meta":{"desktop":{"background-color":"var(--ast-global-color-4)","background-image":"","background-repeat":"repeat","background-position":"center center","background-size":"auto","background-attachment":"scroll","background-type":"","background-media":"","overlay-type":"","overlay-color":"","overlay-opacity":"","overlay-gradient":""},"tablet":{"background-color":"var(--ast-global-color-4)","background-image":"","background-repeat":"repeat","background-position":"center center","background-size":"auto","background-attachment":"scroll","background-type":"","background-media":"","overlay-type":"","overlay-color":"","overlay-opacity":"","overlay-gradient":""},"mobile":{"background-color":"var(--ast-global-color-4)","background-image":"","background-repeat":"repeat","background-position":"center center","background-size":"auto","background-attachment":"scroll","background-type":"","background-media":"","overlay-type":"","overlay-color":"","overlay-opacity":"","overlay-gradient":""}}},"product_brand":[],"product_cat":[56,62,72],"product_tag":[144,134],"class_list":{"0":"post-4644","1":"product","2":"type-product","3":"status-publish","4":"has-post-thumbnail","6":"product_cat-cosmetic-jars","7":"product_cat-cosmetic-containers","8":"product_cat-cosmetic-packaging","9":"product_tag-lotion-jars-with-lids","10":"product_tag-makeup-containers-wholesale","11":"desktop-align-left","12":"tablet-align-left","13":"mobile-align-left","15":"first","16":"instock","17":"shipping-taxable","18":"product-type-simple"},"acf":[],"jetpack_sharing_enabled":true,"_links":{"self":[{"href":"https:\/\/theperfumebottles.com\/hu\/wp-json\/wp\/v2\/product\/4644","targetHints":{"allow":["GET"]}}],"collection":[{"href":"https:\/\/theperfumebottles.com\/hu\/wp-json\/wp\/v2\/product"}],"about":[{"href":"https:\/\/theperfumebottles.com\/hu\/wp-json\/wp\/v2\/types\/product"}],"replies":[{"embeddable":true,"href":"https:\/\/theperfumebottles.com\/hu\/wp-json\/wp\/v2\/comments?post=4644"}],"wp:featuredmedia":[{"embeddable":true,"href":"https:\/\/theperfumebottles.com\/hu\/wp-json\/wp\/v2\/media\/4645"}],"wp:attachment":[{"href":"https:\/\/theperfumebottles.com\/hu\/wp-json\/wp\/v2\/media?parent=4644"}],"wp:term":[{"taxonomy":"product_brand","embeddable":true,"href":"https:\/\/theperfumebottles.com\/hu\/wp-json\/wp\/v2\/product_brand?post=4644"},{"taxonomy":"product_cat","embeddable":true,"href":"https:\/\/theperfumebottles.com\/hu\/wp-json\/wp\/v2\/product_cat?post=4644"},{"taxonomy":"product_tag","embeddable":true,"href":"https:\/\/theperfumebottles.com\/hu\/wp-json\/wp\/v2\/product_tag?post=4644"}],"curies":[{"name":"wp","href":"https:\/\/api.w.org\/{rel}","templated":true}]}}