{"id":4650,"date":"2025-07-18T17:55:14","date_gmt":"2025-07-18T09:55:14","guid":{"rendered":"https:\/\/theperfumebottles.com\/?post_type=product&#038;p=4650"},"modified":"2025-08-01T10:05:03","modified_gmt":"2025-08-01T02:05:03","slug":"5g-15g0-5oz-30g1oz-50g-100g-wholesale-cosmetic-jars-with-lids-glass-makeup-jars-for-skincare-packaging","status":"publish","type":"product","link":"https:\/\/theperfumebottles.com\/hu\/termek\/5g-15g0-5oz-30g1oz-50g-100g-wholesale-cosmetic-jars-with-lids-glass-makeup-jars-for-skincare-packaging\/","title":{"rendered":"5g 15g (0.5oz) 30g (1oz) 50g 100g Nagykereskedelmi kozmetikai t\u00e9gelyek fed\u00e9llel \u2013 \u00dcveg sminkt\u00e9gelyek b\u0151r\u00e1pol\u00e1si csomagol\u00e1shoz"},"content":{"rendered":"<p><span class=\"highlights\" data-v-df95d256=\"\">\u00dcveg sminkes t\u00e9gelyeket keresel, amelyek a fenntarthat\u00f3s\u00e1got a pomp\u00e1s csomagol\u00e1ssal \u00f6tv\u00f6zik? Ezek a fedeles sz\u00e9ps\u00e9g\u00e1pol\u00e1si t\u00e9gelyek olyan m\u00e1rk\u00e1k sz\u00e1m\u00e1ra k\u00e9sz\u00fcltek, amelyek p\u00f3rusokat \u00e9s b\u0151r\u00e1pol\u00e1si term\u00e9keket, p\u00e9ld\u00e1ul arckr\u00e9meket, testkr\u00e9meket vagy szemk\u00f6rny\u00e9k\u00e1pol\u00f3kat gy\u00e1rtanak. Kozmetikai csomagol\u00f3anyagok sz\u00e1ll\u00edt\u00f3jak\u00e9nt bambuszfed\u00e9llel \u00e9s finom permetez\u00e9s\u0171 \u00fcveged\u00e9nyeket k\u00edn\u00e1lunk. Ak\u00e1r \u00f6mlesztett kozmetikai csomagol\u00e1st szerzel be, ak\u00e1r sz\u00e1ll\u00edt\u00e1sra k\u00e9sz megold\u00e1sokra van sz\u00fcks\u00e9ged, ez a term\u00e9k bizalmat \u00e9breszt a csomagol\u00e1stervez\u00e9sben.<\/span><\/p>\n<h2><strong>F\u0151bb specifik\u00e1ci\u00f3k<\/strong><\/h2>\n<table style=\"border-collapse: collapse;width: 80%pt;margin-left: auto;margin-right: auto\" border=\"0\" width=\"432\" cellspacing=\"0\" cellpadding=\"0\">\n<tbody>\n<tr style=\"height: 13.50pt\">\n<td style=\"height: 13.50pt;width: 54.00pt\" width=\"72\" height=\"18\">Kapacit\u00e1s<\/td>\n<td style=\"width: 54.00pt\" width=\"72\">Alak<\/td>\n<td style=\"width: 54.00pt\" width=\"72\">T\u00f6m\u00edt\u00e9si m\u00f3dszerek<\/td>\n<td style=\"width: 54.00pt\" width=\"72\">Anyag<\/td>\n<td style=\"width: 54.00pt\" width=\"72\">Sz\u00ednbe\u00e1ll\u00edt\u00e1sok<\/td>\n<td style=\"width: 54.00pt\" width=\"72\">Haszn\u00e1lat<\/td>\n<\/tr>\n<tr style=\"height: 13.50pt\">\n<td style=\"height: 13.50pt\" height=\"18\">5g<\/td>\n<td class=\"et2\" rowspan=\"5\">Egyenes \u00e9l<\/td>\n<td class=\"et2\" rowspan=\"5\">Bambusz fed\u00e9llel ell\u00e1tott menetes<\/td>\n<td class=\"et2\" rowspan=\"5\">Krist\u00e1ly\u00fcveg<\/td>\n<td class=\"et2\" rowspan=\"5\">\u00c1tl\u00e1tsz\u00f3\/Matt<\/td>\n<td class=\"et2\" rowspan=\"5\">Arckr\u00e9m, Test\u00e1pol\u00f3, Szemk\u00f6rny\u00e9k\u00e1pol\u00f3, Ajak\u00e1pol\u00f3\u2026<\/td>\n<\/tr>\n<tr style=\"height: 13.50pt\">\n<td style=\"height: 13.50pt\" height=\"18\">15 g (0,5 uncia)<\/td>\n<\/tr>\n<tr style=\"height: 13.50pt\">\n<td style=\"height: 13.50pt\" height=\"18\">30 g (1 uncia)<\/td>\n<\/tr>\n<tr style=\"height: 13.50pt\">\n<td style=\"height: 13.50pt\" height=\"18\">50 g<\/td>\n<\/tr>\n<tr style=\"height: 13.50pt\">\n<td style=\"height: 13.50pt\" height=\"18\">100 g<\/td>\n<\/tr>\n<\/tbody>\n<\/table>\n<h2><span class=\"highlights\" data-v-df95d256=\"\">Sikeres eset: Egy term\u00e9szetes b\u0151r\u00e1pol\u00e1si m\u00e1rka csomagol\u00e1s\u00e1nak meg\u00faj\u00edt\u00e1sa <\/span><\/h2>\n<p><span class=\"highlights\" data-v-df95d256=\"\">Egy b\u0151r\u00e1pol\u00e1si m\u00e1rk\u00e1nak nagykereskedelmi kozmetikai t\u00e9gelyekre volt sz\u00fcks\u00e9ge tet\u0151vel az \u00faj bio term\u00e9kcsal\u00e1dj\u00e1hoz. 30 g-os \u00fcveg sminkt\u00e9gelyeket k\u00e9sz\u00edtett\u00fcnk bambusztet\u0151vel \u00e9s matt fel\u00fclettel, hogy illeszkedjenek a k\u00f6rnyezetbar\u00e1t st\u00edlusukhoz. Az eredm\u00e9ny? A kozmetikai csomagol\u00e1sok elad\u00e1sainak 200%-os n\u00f6veked\u00e9se \u00e9s 4,8 csillagos \u00e9rt\u00e9kel\u00e9sek, amelyek dics\u00e9rik a finom permet text\u00far\u00e1j\u00e1t.\u00a0<\/span><\/p>","protected":false},"excerpt":{"rendered":"<p>Tart\u00f3s, testreszabhat\u00f3 \u00e9s k\u00f6rnyezetbar\u00e1t, nagykereskedelmi kozmetikai t\u00e9gelyek fed\u00e9llel. Ide\u00e1lis b\u0151r\u00e1pol\u00e1si csomagol\u00e1shoz \u00e9s nagy t\u00e9telben t\u00f6rt\u00e9n\u0151 megrendel\u00e9sekhez. Sz\u00e1ll\u00edt\u00e1sra k\u00e9sz.<\/p>","protected":false},"featured_media":4651,"comment_status":"open","ping_status":"closed","template":"","meta":{"_acf_changed":false,"site-sidebar-layout":"default","site-content-layout":"","ast-site-content-layout":"default","site-content-style":"default","site-sidebar-style":"default","ast-global-header-display":"","ast-banner-title-visibility":"","ast-main-header-display":"","ast-hfb-above-header-display":"","ast-hfb-below-header-display":"","ast-hfb-mobile-header-display":"","site-post-title":"","ast-breadcrumbs-content":"","ast-featured-img":"","footer-sml-layout":"","ast-disable-related-posts":"","theme-transparent-header-meta":"default","adv-header-id-meta":"","stick-header-meta":"","header-above-stick-meta":"","header-main-stick-meta":"","header-below-stick-meta":"","astra-migrate-meta-layouts":"set","ast-page-background-enabled":"default","ast-page-background-meta":{"desktop":{"background-color":"var(--ast-global-color-5)","background-image":"","background-repeat":"repeat","background-position":"center center","background-size":"auto","background-attachment":"scroll","background-type":"","background-media":"","overlay-type":"","overlay-color":"","overlay-opacity":"","overlay-gradient":""},"tablet":{"background-color":"","background-image":"","background-repeat":"repeat","background-position":"center center","background-size":"auto","background-attachment":"scroll","background-type":"","background-media":"","overlay-type":"","overlay-color":"","overlay-opacity":"","overlay-gradient":""},"mobile":{"background-color":"","background-image":"","background-repeat":"repeat","background-position":"center center","background-size":"auto","background-attachment":"scroll","background-type":"","background-media":"","overlay-type":"","overlay-color":"","overlay-opacity":"","overlay-gradient":""}},"ast-content-background-meta":{"desktop":{"background-color":"var(--ast-global-color-4)","background-image":"","background-repeat":"repeat","background-position":"center center","background-size":"auto","background-attachment":"scroll","background-type":"","background-media":"","overlay-type":"","overlay-color":"","overlay-opacity":"","overlay-gradient":""},"tablet":{"background-color":"var(--ast-global-color-4)","background-image":"","background-repeat":"repeat","background-position":"center center","background-size":"auto","background-attachment":"scroll","background-type":"","background-media":"","overlay-type":"","overlay-color":"","overlay-opacity":"","overlay-gradient":""},"mobile":{"background-color":"var(--ast-global-color-4)","background-image":"","background-repeat":"repeat","background-position":"center center","background-size":"auto","background-attachment":"scroll","background-type":"","background-media":"","overlay-type":"","overlay-color":"","overlay-opacity":"","overlay-gradient":""}}},"product_brand":[],"product_cat":[72,62,56],"product_tag":[137,136],"class_list":{"0":"post-4650","1":"product","2":"type-product","3":"status-publish","4":"has-post-thumbnail","6":"product_cat-cosmetic-packaging","7":"product_cat-cosmetic-containers","8":"product_cat-cosmetic-jars","9":"product_tag-glass-makeup-jars","10":"product_tag-wholesale-cosmetic-jars-with-lids","11":"desktop-align-left","12":"tablet-align-left","13":"mobile-align-left","15":"first","16":"instock","17":"shipping-taxable","18":"product-type-simple"},"acf":[],"jetpack_sharing_enabled":true,"_links":{"self":[{"href":"https:\/\/theperfumebottles.com\/hu\/wp-json\/wp\/v2\/product\/4650","targetHints":{"allow":["GET"]}}],"collection":[{"href":"https:\/\/theperfumebottles.com\/hu\/wp-json\/wp\/v2\/product"}],"about":[{"href":"https:\/\/theperfumebottles.com\/hu\/wp-json\/wp\/v2\/types\/product"}],"replies":[{"embeddable":true,"href":"https:\/\/theperfumebottles.com\/hu\/wp-json\/wp\/v2\/comments?post=4650"}],"wp:featuredmedia":[{"embeddable":true,"href":"https:\/\/theperfumebottles.com\/hu\/wp-json\/wp\/v2\/media\/4651"}],"wp:attachment":[{"href":"https:\/\/theperfumebottles.com\/hu\/wp-json\/wp\/v2\/media?parent=4650"}],"wp:term":[{"taxonomy":"product_brand","embeddable":true,"href":"https:\/\/theperfumebottles.com\/hu\/wp-json\/wp\/v2\/product_brand?post=4650"},{"taxonomy":"product_cat","embeddable":true,"href":"https:\/\/theperfumebottles.com\/hu\/wp-json\/wp\/v2\/product_cat?post=4650"},{"taxonomy":"product_tag","embeddable":true,"href":"https:\/\/theperfumebottles.com\/hu\/wp-json\/wp\/v2\/product_tag?post=4650"}],"curies":[{"name":"wp","href":"https:\/\/api.w.org\/{rel}","templated":true}]}}