{"id":4655,"date":"2025-07-18T17:51:02","date_gmt":"2025-07-18T09:51:02","guid":{"rendered":"https:\/\/theperfumebottles.com\/?post_type=product&#038;p=4655"},"modified":"2025-08-01T09:51:27","modified_gmt":"2025-08-01T01:51:27","slug":"lotion-glass-jars-cosmetic-makeup-jars-wholesale","status":"publish","type":"product","link":"https:\/\/theperfumebottles.com\/hu\/termek\/lotion-glass-jars-cosmetic-makeup-jars-wholesale\/","title":{"rendered":"5g 10g 15g 30g 50g 60g 100g 120g 250g Test\u00e1pol\u00f3 \u00dcvegek \u2013 Kozmetikai Smink \u00dcvegek Nagykereskedelme"},"content":{"rendered":"<p><span class=\"highlights\" data-v-df95d256=\"\">Olyan \u00fcveg sminkes \u00fcvegekre van sz\u00fcks\u00e9ge, amelyek a fenntarthat\u00f3s\u00e1got a sz\u00e9ps\u00e9g\u00e1pol\u00e1si csomagol\u00e1ssal \u00f6tv\u00f6zik? Ezeket a test\u00e1pol\u00f3 \u00fcvegeket b\u0151r\u00e1pol\u00e1si m\u00e1rk\u00e1k sz\u00e1m\u00e1ra tervezt\u00e9k, akik arckr\u00e9meket, test\u00e1pol\u00f3kat vagy szemk\u00f6rny\u00e9k\u00e1pol\u00f3kat k\u00e9sz\u00edtenek. Kozmetikai csomagol\u00f3anyagok besz\u00e1ll\u00edt\u00f3jak\u00e9nt finom permetez\u00e9s\u0171 \u00fcveged\u00e9nyeket k\u00edn\u00e1lunk, amelyek \u00f6mlesztett kiszerel\u00e9sben is sz\u00e1ll\u00edthat\u00f3k. Ak\u00e1r csomagol\u00e1stervez\u00e9shez keres kozmetikai ed\u00e9nyeket, ak\u00e1r nagykereskedelmi megold\u00e1sokra van sz\u00fcks\u00e9ge, ez a term\u00e9k bizalmat kelt a kozmetikai csomagol\u00e1s\u00e1ban.<\/span><\/p>\n<h2 data-spm-anchor-id=\"5176.28103460.0.i21.29ab1db8HEnSHX\"><strong data-spm-anchor-id=\"5176.28103460.0.i22.29ab1db8HEnSHX\">F\u0151bb specifik\u00e1ci\u00f3k<\/strong><\/h2>\n<table style=\"margin-left: auto;margin-right: auto;border-collapse: collapse;width: 80%\" border=\"0\" width=\"432\" cellspacing=\"0\" cellpadding=\"0\">\n<tbody>\n<tr style=\"height: 13.50pt\">\n<td style=\"height: 13.50pt;width: 54.00pt\" width=\"72\" height=\"18\">Kapacit\u00e1s<\/td>\n<td style=\"width: 54.00pt\" width=\"72\">Alak<\/td>\n<td style=\"width: 54.00pt\" width=\"72\">T\u00f6m\u00edt\u00e9si m\u00f3dszer<\/td>\n<td style=\"width: 54.00pt\" width=\"72\">Anyag<\/td>\n<td style=\"width: 54.00pt\" width=\"72\">Sz\u00edn<\/td>\n<td style=\"width: 54.00pt\" width=\"72\">Haszn\u00e1lati eset<\/td>\n<\/tr>\n<tr style=\"height: 13.50pt\">\n<td style=\"height: 13.50pt\" height=\"18\">5g 10g 15g 30g 50g 60g 100g 120g 250g<\/td>\n<td>Egyenes oldal\u00fa<\/td>\n<td>Menetes (m\u0171anyag\/f\u00e9m), ig\u00e9ny szerint<\/td>\n<td>Krist\u00e1ly\u00fcveg<\/td>\n<td>Matt, egyedi...<\/td>\n<td>Szemk\u00f6rny\u00e9k\u00e1pol\u00f3 kr\u00e9m, test\u00e1pol\u00f3\u2026<\/td>\n<\/tr>\n<\/tbody>\n<\/table>\n<h2><span class=\"highlights\" data-v-df95d256=\"\">Sikeres eset: Egy term\u00e9szetes b\u0151r\u00e1pol\u00e1si m\u00e1rka csomagol\u00e1s\u00e1nak meg\u00faj\u00edt\u00e1sa <\/span><\/h2>\n<p><span class=\"highlights\" data-v-df95d256=\"\">Egy b\u0151r\u00e1pol\u00e1si m\u00e1rk\u00e1nak test\u00e1pol\u00f3 \u00fcvegcs\u00e9kre volt sz\u00fcks\u00e9ge az \u00faj bio term\u00e9kcsal\u00e1dj\u00e1hoz. 100 g-os \u00fcveg sminkes \u00fcvegeket k\u00e9sz\u00edtett\u00fcnk fekete m\u0171anyag fed\u00e9llel \u00e9s matt fel\u00fclettel, hogy illeszkedjenek a k\u00f6rnyezetbar\u00e1t st\u00edlusukhoz. Az eredm\u00e9ny? A kozmetikai csomagol\u00e1sok elad\u00e1sainak 250%-os n\u00f6veked\u00e9se \u00e9s 5 csillagos \u00e9rt\u00e9kel\u00e9sek, amelyek a finom permet text\u00far\u00e1j\u00e1t dics\u00e9rik.<\/span><\/p>","protected":false},"excerpt":{"rendered":"<p>Tart\u00f3s, testreszabhat\u00f3 \u00e9s k\u00f6rnyezetbar\u00e1t test\u00e1pol\u00f3 \u00fcvegek kozmetikai csomagol\u00e1shoz. Ide\u00e1lis b\u0151r\u00e1pol\u00e1si term\u00e9kekhez, \u00e9s \u00f6mlesztett sz\u00e1ll\u00edt\u00e1sra is k\u00e9szen \u00e1llnak.<\/p>","protected":false},"featured_media":4659,"comment_status":"open","ping_status":"closed","template":"","meta":{"_acf_changed":false,"site-sidebar-layout":"default","site-content-layout":"","ast-site-content-layout":"default","site-content-style":"default","site-sidebar-style":"default","ast-global-header-display":"","ast-banner-title-visibility":"","ast-main-header-display":"","ast-hfb-above-header-display":"","ast-hfb-below-header-display":"","ast-hfb-mobile-header-display":"","site-post-title":"","ast-breadcrumbs-content":"","ast-featured-img":"","footer-sml-layout":"","ast-disable-related-posts":"","theme-transparent-header-meta":"default","adv-header-id-meta":"","stick-header-meta":"","header-above-stick-meta":"","header-main-stick-meta":"","header-below-stick-meta":"","astra-migrate-meta-layouts":"set","ast-page-background-enabled":"default","ast-page-background-meta":{"desktop":{"background-color":"var(--ast-global-color-5)","background-image":"","background-repeat":"repeat","background-position":"center center","background-size":"auto","background-attachment":"scroll","background-type":"","background-media":"","overlay-type":"","overlay-color":"","overlay-opacity":"","overlay-gradient":""},"tablet":{"background-color":"","background-image":"","background-repeat":"repeat","background-position":"center center","background-size":"auto","background-attachment":"scroll","background-type":"","background-media":"","overlay-type":"","overlay-color":"","overlay-opacity":"","overlay-gradient":""},"mobile":{"background-color":"","background-image":"","background-repeat":"repeat","background-position":"center center","background-size":"auto","background-attachment":"scroll","background-type":"","background-media":"","overlay-type":"","overlay-color":"","overlay-opacity":"","overlay-gradient":""}},"ast-content-background-meta":{"desktop":{"background-color":"var(--ast-global-color-4)","background-image":"","background-repeat":"repeat","background-position":"center center","background-size":"auto","background-attachment":"scroll","background-type":"","background-media":"","overlay-type":"","overlay-color":"","overlay-opacity":"","overlay-gradient":""},"tablet":{"background-color":"var(--ast-global-color-4)","background-image":"","background-repeat":"repeat","background-position":"center center","background-size":"auto","background-attachment":"scroll","background-type":"","background-media":"","overlay-type":"","overlay-color":"","overlay-opacity":"","overlay-gradient":""},"mobile":{"background-color":"var(--ast-global-color-4)","background-image":"","background-repeat":"repeat","background-position":"center center","background-size":"auto","background-attachment":"scroll","background-type":"","background-media":"","overlay-type":"","overlay-color":"","overlay-opacity":"","overlay-gradient":""}}},"product_brand":[],"product_cat":[72,62,56],"product_tag":[137,120],"class_list":{"0":"post-4655","1":"product","2":"type-product","3":"status-publish","4":"has-post-thumbnail","6":"product_cat-cosmetic-packaging","7":"product_cat-cosmetic-containers","8":"product_cat-cosmetic-jars","9":"product_tag-glass-makeup-jars","10":"product_tag-lotion-glass-jar","11":"desktop-align-left","12":"tablet-align-left","13":"mobile-align-left","15":"first","16":"instock","17":"shipping-taxable","18":"product-type-simple"},"acf":[],"jetpack_sharing_enabled":true,"_links":{"self":[{"href":"https:\/\/theperfumebottles.com\/hu\/wp-json\/wp\/v2\/product\/4655","targetHints":{"allow":["GET"]}}],"collection":[{"href":"https:\/\/theperfumebottles.com\/hu\/wp-json\/wp\/v2\/product"}],"about":[{"href":"https:\/\/theperfumebottles.com\/hu\/wp-json\/wp\/v2\/types\/product"}],"replies":[{"embeddable":true,"href":"https:\/\/theperfumebottles.com\/hu\/wp-json\/wp\/v2\/comments?post=4655"}],"wp:featuredmedia":[{"embeddable":true,"href":"https:\/\/theperfumebottles.com\/hu\/wp-json\/wp\/v2\/media\/4659"}],"wp:attachment":[{"href":"https:\/\/theperfumebottles.com\/hu\/wp-json\/wp\/v2\/media?parent=4655"}],"wp:term":[{"taxonomy":"product_brand","embeddable":true,"href":"https:\/\/theperfumebottles.com\/hu\/wp-json\/wp\/v2\/product_brand?post=4655"},{"taxonomy":"product_cat","embeddable":true,"href":"https:\/\/theperfumebottles.com\/hu\/wp-json\/wp\/v2\/product_cat?post=4655"},{"taxonomy":"product_tag","embeddable":true,"href":"https:\/\/theperfumebottles.com\/hu\/wp-json\/wp\/v2\/product_tag?post=4655"}],"curies":[{"name":"wp","href":"https:\/\/api.w.org\/{rel}","templated":true}]}}