{"id":4660,"date":"2025-07-18T17:50:16","date_gmt":"2025-07-18T09:50:16","guid":{"rendered":"https:\/\/theperfumebottles.com\/?post_type=product&#038;p=4660"},"modified":"2025-08-01T09:48:21","modified_gmt":"2025-08-01T01:48:21","slug":"1-oz-makeup-containers-wholesale-skincare-packaging","status":"publish","type":"product","link":"https:\/\/theperfumebottles.com\/hu\/termek\/1-oz-makeup-containers-wholesale-skincare-packaging\/","title":{"rendered":"28 g-os sminkt\u00e1rol\u00f3k \u2013 Nagykereskedelmi b\u0151r\u00e1pol\u00e1si csomagol\u00e1s"},"content":{"rendered":"<p><span class=\"highlights\" data-v-df95d256=\"\">Nagykereskedelmi b\u0151r\u00e1pol\u00e1si csomagol\u00e1st keres, amely \u00f6tv\u00f6zi a sz\u00e9ps\u00e9g\u00e1pol\u00e1si csomagol\u00e1st a k\u00f6rnyezettudatos diz\u00e1jnnal? Ezek a 28 g-os sminkt\u00e1rol\u00f3k olyan b\u0151r\u00e1pol\u00e1si m\u00e1rk\u00e1k sz\u00e1m\u00e1ra k\u00e9sz\u00fcltek, akik kiemelked\u0151 kozmetikai csomagol\u00f3anyagokat keresnek. Ak\u00e1r test\u00e1pol\u00f3t, arckr\u00e9met vagy szemk\u00f6rny\u00e9k\u00e1pol\u00f3 sz\u00e9rumot csomagol, ezek az \u00fcveged\u00e9nyek a finom, permetszer\u0171 fel\u00fcletet \u00f6tv\u00f6zik a sz\u00e1ll\u00edt\u00e1sra k\u00e9sz hat\u00e9konys\u00e1ggal. T\u00f6k\u00e9letesek nagy t\u00e9telben t\u00f6rt\u00e9n\u0151 csomagol\u00e1shoz, \u00e9s titkos fegyverei a v\u00e1s\u00e1rl\u00f3i h\u0171s\u00e9g \u00f6szt\u00f6nz\u00e9s\u00e9re \u00e9s a kezd\u0151lapj\u00e1n tal\u00e1lhat\u00f3 k\u00edn\u00e1lat emel\u00e9s\u00e9re.<\/span><\/p>\n<h2><span class=\"highlights\" data-v-df95d256=\"\">F\u0151bb specifik\u00e1ci\u00f3k<\/span><\/h2>\n<table style=\"border-collapse: collapse;width: 80%;height: 21px;margin-left: auto;margin-right: auto\" border=\"0\" width=\"432\" cellspacing=\"0\" cellpadding=\"0\">\n<tbody>\n<tr style=\"height: 13.50pt\">\n<td style=\"height: 13.50pt;width: 54.00pt\" width=\"72\" height=\"18\">Kapacit\u00e1s<\/td>\n<td style=\"width: 54.00pt\" width=\"72\">Alak<\/td>\n<td style=\"width: 54.00pt\" width=\"72\">T\u00f6m\u00edt\u00e9si m\u00f3dszerek<\/td>\n<td style=\"width: 54.00pt\" width=\"72\">Anyag<\/td>\n<td style=\"width: 54.00pt\" width=\"72\">Sz\u00ednbe\u00e1ll\u00edt\u00e1sok<\/td>\n<td style=\"width: 54.00pt\" width=\"72\">Haszn\u00e1lat<\/td>\n<\/tr>\n<tr style=\"height: 13.50pt\">\n<td style=\"height: 13.50pt\" height=\"18\">30 g (1 uncia)<\/td>\n<td>Egyenes \u00e9l<\/td>\n<td>Bambusz fed\u00e9llel ell\u00e1tott menetes<\/td>\n<td>Krist\u00e1ly\u00fcveg<\/td>\n<td>Deres<\/td>\n<td>Arckr\u00e9m, Testkr\u00e9m, Szemkr\u00e9m, Ajak\u2026<\/td>\n<\/tr>\n<\/tbody>\n<\/table>\n<h2><span class=\"highlights\" data-v-df95d256=\"\">Sikeres eset: Egy letisztult sz\u00e9ps\u00e9g\u00e1pol\u00e1si m\u00e1rka csomagol\u00e1s\u00e1nak \u00e1talak\u00edt\u00e1sa <\/span><\/h2>\n<p><span class=\"highlights\" data-v-df95d256=\"\">Egy b\u0151r\u00e1pol\u00e1si startupnak 28 grammos (30 ml-es) sminkt\u00e1rol\u00f3kra volt sz\u00fcks\u00e9ge \u00faj biokozmetikai term\u00e9kcsal\u00e1dj\u00e1hoz. K\u00f6rnyezetbar\u00e1t szeml\u00e9let\u00fcknek megfelel\u0151en bambusztet\u0151vel \u00e9s matt fel\u00fclettel ell\u00e1tott \u00fcvegeket k\u00e9sz\u00edtett\u00fcnk. Az eredm\u00e9ny? A nagykereskedelmi b\u0151r\u00e1pol\u00e1si csomagol\u00e1sok elad\u00e1sainak 300%-os n\u00f6veked\u00e9se \u00e9s a finom permet text\u00far\u00e1j\u00e1t dics\u00e9r\u0151 pozit\u00edv v\u00e9lem\u00e9nyek.\u00a0<\/span><\/p>","protected":false},"excerpt":{"rendered":"<p>Fenntarthat\u00f3, 28 g-os sminkt\u00e1rol\u00f3k nagykereskedelmi b\u0151r\u00e1pol\u00e1si csomagol\u00e1shoz. Matt \u00fcveged\u00e9nyek bambusztet\u0151vel, sz\u00e1ll\u00edt\u00e1sra k\u00e9sz \u00e9s teljesen testreszabhat\u00f3.<\/p>","protected":false},"featured_media":4661,"comment_status":"open","ping_status":"closed","template":"","meta":{"_acf_changed":false,"site-sidebar-layout":"default","site-content-layout":"","ast-site-content-layout":"default","site-content-style":"default","site-sidebar-style":"default","ast-global-header-display":"","ast-banner-title-visibility":"","ast-main-header-display":"","ast-hfb-above-header-display":"","ast-hfb-below-header-display":"","ast-hfb-mobile-header-display":"","site-post-title":"","ast-breadcrumbs-content":"","ast-featured-img":"","footer-sml-layout":"","ast-disable-related-posts":"","theme-transparent-header-meta":"default","adv-header-id-meta":"","stick-header-meta":"","header-above-stick-meta":"","header-main-stick-meta":"","header-below-stick-meta":"","astra-migrate-meta-layouts":"set","ast-page-background-enabled":"default","ast-page-background-meta":{"desktop":{"background-color":"var(--ast-global-color-5)","background-image":"","background-repeat":"repeat","background-position":"center center","background-size":"auto","background-attachment":"scroll","background-type":"","background-media":"","overlay-type":"","overlay-color":"","overlay-opacity":"","overlay-gradient":""},"tablet":{"background-color":"","background-image":"","background-repeat":"repeat","background-position":"center center","background-size":"auto","background-attachment":"scroll","background-type":"","background-media":"","overlay-type":"","overlay-color":"","overlay-opacity":"","overlay-gradient":""},"mobile":{"background-color":"","background-image":"","background-repeat":"repeat","background-position":"center center","background-size":"auto","background-attachment":"scroll","background-type":"","background-media":"","overlay-type":"","overlay-color":"","overlay-opacity":"","overlay-gradient":""}},"ast-content-background-meta":{"desktop":{"background-color":"var(--ast-global-color-4)","background-image":"","background-repeat":"repeat","background-position":"center center","background-size":"auto","background-attachment":"scroll","background-type":"","background-media":"","overlay-type":"","overlay-color":"","overlay-opacity":"","overlay-gradient":""},"tablet":{"background-color":"var(--ast-global-color-4)","background-image":"","background-repeat":"repeat","background-position":"center center","background-size":"auto","background-attachment":"scroll","background-type":"","background-media":"","overlay-type":"","overlay-color":"","overlay-opacity":"","overlay-gradient":""},"mobile":{"background-color":"var(--ast-global-color-4)","background-image":"","background-repeat":"repeat","background-position":"center center","background-size":"auto","background-attachment":"scroll","background-type":"","background-media":"","overlay-type":"","overlay-color":"","overlay-opacity":"","overlay-gradient":""}}},"product_brand":[],"product_cat":[72,62,56],"product_tag":[139,138],"class_list":{"0":"post-4660","1":"product","2":"type-product","3":"status-publish","4":"has-post-thumbnail","6":"product_cat-cosmetic-packaging","7":"product_cat-cosmetic-containers","8":"product_cat-cosmetic-jars","9":"product_tag-1-oz-makeup-containers","10":"product_tag-wholesale-skincare-packaging","11":"desktop-align-left","12":"tablet-align-left","13":"mobile-align-left","15":"first","16":"instock","17":"shipping-taxable","18":"product-type-simple"},"acf":[],"jetpack_sharing_enabled":true,"_links":{"self":[{"href":"https:\/\/theperfumebottles.com\/hu\/wp-json\/wp\/v2\/product\/4660","targetHints":{"allow":["GET"]}}],"collection":[{"href":"https:\/\/theperfumebottles.com\/hu\/wp-json\/wp\/v2\/product"}],"about":[{"href":"https:\/\/theperfumebottles.com\/hu\/wp-json\/wp\/v2\/types\/product"}],"replies":[{"embeddable":true,"href":"https:\/\/theperfumebottles.com\/hu\/wp-json\/wp\/v2\/comments?post=4660"}],"wp:featuredmedia":[{"embeddable":true,"href":"https:\/\/theperfumebottles.com\/hu\/wp-json\/wp\/v2\/media\/4661"}],"wp:attachment":[{"href":"https:\/\/theperfumebottles.com\/hu\/wp-json\/wp\/v2\/media?parent=4660"}],"wp:term":[{"taxonomy":"product_brand","embeddable":true,"href":"https:\/\/theperfumebottles.com\/hu\/wp-json\/wp\/v2\/product_brand?post=4660"},{"taxonomy":"product_cat","embeddable":true,"href":"https:\/\/theperfumebottles.com\/hu\/wp-json\/wp\/v2\/product_cat?post=4660"},{"taxonomy":"product_tag","embeddable":true,"href":"https:\/\/theperfumebottles.com\/hu\/wp-json\/wp\/v2\/product_tag?post=4660"}],"curies":[{"name":"wp","href":"https:\/\/api.w.org\/{rel}","templated":true}]}}