{"id":4670,"date":"2025-07-18T17:54:50","date_gmt":"2025-07-18T09:54:50","guid":{"rendered":"https:\/\/theperfumebottles.com\/?post_type=product&#038;p=4670"},"modified":"2025-07-18T17:54:51","modified_gmt":"2025-07-18T09:54:51","slug":"wholesale-beauty-containers-cosmetic-glass-jar-lotion","status":"publish","type":"product","link":"https:\/\/theperfumebottles.com\/hu\/termek\/wholesale-beauty-containers-cosmetic-glass-jar-lotion\/","title":{"rendered":"5g 10g 15g 30g 50g 60g Nagykereskedelmi sz\u00e9ps\u00e9g\u00e1pol\u00e1si tart\u00e1lyok \u2013 Kozmetikai \u00fcveged\u00e9ny test\u00e1pol\u00f3"},"content":{"rendered":"<p><span class=\"highlights\" data-v-df95d256=\"\">Nagykereskedelmi sz\u00e9ps\u00e9g\u00e1pol\u00e1si tart\u00e1lyokat keres, amelyek a kozmetikai csomagol\u00e1s eleganci\u00e1j\u00e1t \u00f6tv\u00f6zik a praktikummal? Ezek a t\u00e9gelyes test\u00e1pol\u00f3 flakonok olyan b\u0151r\u00e1pol\u00e1si m\u00e1rk\u00e1k sz\u00e1m\u00e1ra k\u00e9sz\u00fcltek, amelyeknek olyan kozmetikai tart\u00e1lyokra van sz\u00fcks\u00e9g\u00fck, amelyek v\u00e9dik az \u00e9rz\u00e9keny \u00f6sszetev\u0151ket \u00e9s magasabb szintre emelik a sz\u00e9ps\u00e9g\u00e1pol\u00e1si csomagol\u00e1si sz\u00ednvonalukat. 5\u201360 g-os kapacit\u00e1si lehet\u0151s\u00e9gekkel, UV-v\u00e9delmet biztos\u00edt\u00f3 borosty\u00e1nsz\u00edn\u0171 \u00fcveggel \u00e9s m\u0171anyag\/f\u00e9m menetes fed\u00e9llel ezek a titkos fegyverek a v\u00e1s\u00e1rl\u00f3i h\u0171s\u00e9g \u00f6szt\u00f6nz\u00e9s\u00e9re.<\/span><\/p>\n<h2><span class=\"highlights\" data-v-df95d256=\"\">F\u0151bb specifik\u00e1ci\u00f3k<\/span><\/h2>\n<table style=\"border-collapse: collapse;width: 1086px;height: 218px;margin-left: 120px\" border=\"0\" width=\"432\" cellspacing=\"0\" cellpadding=\"0\">\n<tbody>\n<tr style=\"height: 13.50pt\">\n<td style=\"height: 13.50pt;width: 54.00pt\" width=\"72\" height=\"18\">Kapacit\u00e1s<\/td>\n<td style=\"width: 54.00pt\" width=\"72\">Alak<\/td>\n<td style=\"width: 54.00pt\" width=\"72\">T\u00f6m\u00edt\u00e9si m\u00f3dszer<\/td>\n<td style=\"width: 54.00pt\" width=\"72\">Anyag<\/td>\n<td style=\"width: 54.00pt\" width=\"72\">Sz\u00edn<\/td>\n<td style=\"width: 54.00pt\" width=\"72\">Haszn\u00e1lati eset<\/td>\n<\/tr>\n<tr style=\"height: 13.50pt\">\n<td style=\"height: 13.50pt\" height=\"18\">5g<\/td>\n<td>Egyenes \u00e9l<\/td>\n<td>Menetes (m\u0171anyag\/f\u00e9m)<\/td>\n<td>\u00dcveg<\/td>\n<td>Borosty\u00e1n<\/td>\n<td>Minta arckr\u00e9m<\/td>\n<\/tr>\n<tr style=\"height: 13.50pt\">\n<td style=\"height: 13.50pt\" height=\"18\">10 g<\/td>\n<td>Egyenes \u00e9l<\/td>\n<td>Menetes (m\u0171anyag\/f\u00e9m)<\/td>\n<td>\u00dcveg<\/td>\n<td>Borosty\u00e1n<\/td>\n<td>Mini test\u00e1pol\u00f3<\/td>\n<\/tr>\n<tr style=\"height: 13.50pt\">\n<td style=\"height: 13.50pt\" height=\"18\">15 g (0,5 uncia)<\/td>\n<td>Egyenes \u00e9l<\/td>\n<td>Menetes (m\u0171anyag\/f\u00e9m)<\/td>\n<td>\u00dcveg<\/td>\n<td>Borosty\u00e1n<\/td>\n<td>Utaz\u00f3m\u00e9ret\u0171 szemk\u00f6rny\u00e9k\u00e1pol\u00f3 sz\u00e9rum<\/td>\n<\/tr>\n<tr style=\"height: 13.50pt\">\n<td style=\"height: 13.50pt\" height=\"18\">30 g (1 uncia)<\/td>\n<td>Egyenes \u00e9l<\/td>\n<td>Menetes (m\u0171anyag\/f\u00e9m)<\/td>\n<td>\u00dcveg<\/td>\n<td>Borosty\u00e1n<\/td>\n<td>Standard arckr\u00e9m<\/td>\n<\/tr>\n<tr style=\"height: 13.50pt\">\n<td style=\"height: 13.50pt\" height=\"18\">50 g<\/td>\n<td>Egyenes \u00e9l<\/td>\n<td>Menetes (m\u0171anyag\/f\u00e9m)<\/td>\n<td>\u00dcveg<\/td>\n<td>Borosty\u00e1n<\/td>\n<td>Teljes m\u00e9ret\u0171 test\u00e1pol\u00f3<\/td>\n<\/tr>\n<tr style=\"height: 13.50pt\">\n<td style=\"height: 13.50pt\" height=\"18\">60 g (2 uncia)<\/td>\n<td>Egyenes \u00e9l<\/td>\n<td>Menetes (m\u0171anyag\/f\u00e9m)<\/td>\n<td>\u00dcveg<\/td>\n<td>Borosty\u00e1n (Egyedi)<\/td>\n<td>Luxus sz\u00e9rum vagy gy\u00f3gykr\u00e9m<\/td>\n<\/tr>\n<\/tbody>\n<\/table>\n<p>&nbsp;<\/p>\n<h2><span class=\"highlights\" data-v-df95d256=\"\">Sikeres eset: Egy b\u0151r\u00e1pol\u00e1si m\u00e1rka luxuscsomagol\u00e1s\u00e1nak \u00e1talak\u00edt\u00e1sa <\/span><\/h2>\n<p><span class=\"highlights\" data-v-df95d256=\"\">Egy b\u0151r\u00e1pol\u00e1si startupnak t\u00e9gelyes kr\u00e9mekre volt sz\u00fcks\u00e9ge az \u00faj, finom text\u00far\u00e1j\u00fa kozmetikai sz\u00e9rumcsal\u00e1dj\u00e1hoz. 30 g-os borosty\u00e1nsz\u00edn\u0171 t\u00e9gelyeket k\u00e9sz\u00edtett\u00fcnk f\u00e9m fed\u00e9llel \u00e9s matt felirattal. Az eredm\u00e9ny? A nagykereskedelmi sz\u00e9ps\u00e9g\u00e1pol\u00e1si t\u00e9gelyek elad\u00e1sainak 400%-os n\u00f6veked\u00e9se \u00e9s a luxus\u00e9rzetr\u0151l sz\u00f3l\u00f3 lelkes v\u00e9lem\u00e9nyek. Profi tipp: Ha a t\u00e9gelyed egy spa-szuven\u00edrre hasonl\u00edt, a v\u00e1s\u00e1rl\u00f3k nem akarnak elmenni.<\/span><\/p>\n<h2><span class=\"highlights\" data-v-df95d256=\"\">Testreszab\u00e1si tippek a m\u00e1rk\u00e1dhoz <\/span><\/h2>\n<ul>\n<li><span class=\"highlights\" data-v-df95d256=\"\"><strong>Sz\u00edn \u00e9s fel\u00fclet:<\/strong> UV-v\u00e9delem \u00e9rdek\u00e9ben haszn\u00e1lj borosty\u00e1nt, vagy matt \u00fcveget a finom, k\u00f6dszer\u0171 text\u00far\u00e1\u00e9rt. <\/span><\/li>\n<li><span class=\"highlights\" data-v-df95d256=\"\"><strong>Fed\u00e9l opci\u00f3k:<\/strong> V\u00e1lassz f\u00e9met a pr\u00e9mium sz\u00e9ps\u00e9g\u00e1pol\u00e1si csomagol\u00e1s\u00e9rt, vagy m\u0171anyagot a k\u00f6lts\u00e9ghat\u00e9kony \u00f6mlesztett csomagol\u00e1s\u00e9rt.<\/span><\/li>\n<li><span class=\"highlights\" data-v-df95d256=\"\"><strong>C\u00edmketervez\u00e9s:<\/strong> Haszn\u00e1ljon minimalista bet\u0171t\u00edpusokat a kozmetikai csomagol\u00f3anyagokhoz, amelyek eleganci\u00e1t sugallnak, vagy mer\u00e9sz bet\u0171t\u00edpusokat a felt\u0171n\u0151 t\u00e9gelyekhez.<\/span><\/li>\n<\/ul>","protected":false},"excerpt":{"rendered":"<p>Tart\u00f3s borosty\u00e1nsz\u00edn\u0171 \u00fcveged\u00e9nyek test\u00e1pol\u00f3khoz nagykereskedelemben. T\u00f6k\u00e9letes b\u0151r\u00e1pol\u00e1si m\u00e1rk\u00e1k sz\u00e1m\u00e1ra, akik k\u00f6rnyezetbar\u00e1t, testreszabhat\u00f3, nagykereskedelmi sz\u00e9ps\u00e9g\u00e1pol\u00e1si tart\u00e1lyokat keresnek.<\/p>","protected":false},"featured_media":4671,"comment_status":"open","ping_status":"closed","template":"","meta":{"_acf_changed":false,"site-sidebar-layout":"default","site-content-layout":"","ast-site-content-layout":"default","site-content-style":"default","site-sidebar-style":"default","ast-global-header-display":"","ast-banner-title-visibility":"","ast-main-header-display":"","ast-hfb-above-header-display":"","ast-hfb-below-header-display":"","ast-hfb-mobile-header-display":"","site-post-title":"","ast-breadcrumbs-content":"","ast-featured-img":"","footer-sml-layout":"","ast-disable-related-posts":"","theme-transparent-header-meta":"default","adv-header-id-meta":"","stick-header-meta":"","header-above-stick-meta":"","header-main-stick-meta":"","header-below-stick-meta":"","astra-migrate-meta-layouts":"set","ast-page-background-enabled":"default","ast-page-background-meta":{"desktop":{"background-color":"var(--ast-global-color-5)","background-image":"","background-repeat":"repeat","background-position":"center center","background-size":"auto","background-attachment":"scroll","background-type":"","background-media":"","overlay-type":"","overlay-color":"","overlay-opacity":"","overlay-gradient":""},"tablet":{"background-color":"","background-image":"","background-repeat":"repeat","background-position":"center center","background-size":"auto","background-attachment":"scroll","background-type":"","background-media":"","overlay-type":"","overlay-color":"","overlay-opacity":"","overlay-gradient":""},"mobile":{"background-color":"","background-image":"","background-repeat":"repeat","background-position":"center center","background-size":"auto","background-attachment":"scroll","background-type":"","background-media":"","overlay-type":"","overlay-color":"","overlay-opacity":"","overlay-gradient":""}},"ast-content-background-meta":{"desktop":{"background-color":"var(--ast-global-color-4)","background-image":"","background-repeat":"repeat","background-position":"center center","background-size":"auto","background-attachment":"scroll","background-type":"","background-media":"","overlay-type":"","overlay-color":"","overlay-opacity":"","overlay-gradient":""},"tablet":{"background-color":"var(--ast-global-color-4)","background-image":"","background-repeat":"repeat","background-position":"center center","background-size":"auto","background-attachment":"scroll","background-type":"","background-media":"","overlay-type":"","overlay-color":"","overlay-opacity":"","overlay-gradient":""},"mobile":{"background-color":"var(--ast-global-color-4)","background-image":"","background-repeat":"repeat","background-position":"center center","background-size":"auto","background-attachment":"scroll","background-type":"","background-media":"","overlay-type":"","overlay-color":"","overlay-opacity":"","overlay-gradient":""}}},"product_brand":[],"product_cat":[56,72,62],"product_tag":[145,142],"class_list":{"0":"post-4670","1":"product","2":"type-product","3":"status-publish","4":"has-post-thumbnail","6":"product_cat-cosmetic-jars","7":"product_cat-cosmetic-packaging","8":"product_cat-cosmetic-containers","9":"product_tag-cosmetic-cream-containers","10":"product_tag-wholesale-beauty-containers","11":"desktop-align-left","12":"tablet-align-left","13":"mobile-align-left","15":"first","16":"instock","17":"shipping-taxable","18":"product-type-simple"},"acf":[],"jetpack_sharing_enabled":true,"_links":{"self":[{"href":"https:\/\/theperfumebottles.com\/hu\/wp-json\/wp\/v2\/product\/4670","targetHints":{"allow":["GET"]}}],"collection":[{"href":"https:\/\/theperfumebottles.com\/hu\/wp-json\/wp\/v2\/product"}],"about":[{"href":"https:\/\/theperfumebottles.com\/hu\/wp-json\/wp\/v2\/types\/product"}],"replies":[{"embeddable":true,"href":"https:\/\/theperfumebottles.com\/hu\/wp-json\/wp\/v2\/comments?post=4670"}],"wp:featuredmedia":[{"embeddable":true,"href":"https:\/\/theperfumebottles.com\/hu\/wp-json\/wp\/v2\/media\/4671"}],"wp:attachment":[{"href":"https:\/\/theperfumebottles.com\/hu\/wp-json\/wp\/v2\/media?parent=4670"}],"wp:term":[{"taxonomy":"product_brand","embeddable":true,"href":"https:\/\/theperfumebottles.com\/hu\/wp-json\/wp\/v2\/product_brand?post=4670"},{"taxonomy":"product_cat","embeddable":true,"href":"https:\/\/theperfumebottles.com\/hu\/wp-json\/wp\/v2\/product_cat?post=4670"},{"taxonomy":"product_tag","embeddable":true,"href":"https:\/\/theperfumebottles.com\/hu\/wp-json\/wp\/v2\/product_tag?post=4670"}],"curies":[{"name":"wp","href":"https:\/\/api.w.org\/{rel}","templated":true}]}}