{"id":4702,"date":"2025-07-21T17:51:13","date_gmt":"2025-07-21T09:51:13","guid":{"rendered":"https:\/\/theperfumebottles.com\/?post_type=product&#038;p=4702"},"modified":"2025-08-01T10:23:11","modified_gmt":"2025-08-01T02:23:11","slug":"empty-makeup-containers-wholesale-skincare-jars","status":"publish","type":"product","link":"https:\/\/theperfumebottles.com\/hu\/termek\/empty-makeup-containers-wholesale-skincare-jars\/","title":{"rendered":"1oz 2oz 4oz 8oz \u00dcres Sminkket\u00e1lc\u00e1k \u2013 Nagykereskedelmi B\u0151r\u00e1pol\u00f3 T\u00e9gelyek"},"content":{"rendered":"<p><span class=\"highlights\" data-v-df95d256=\"\">\u00dcres sminkt\u00e1rol\u00f3 dobozokat keresel, amelyek \u00f6tv\u00f6zik az eleganci\u00e1t \u00e9s a funkcionalit\u00e1st? Ezek a nagykereskedelmi b\u0151r\u00e1pol\u00f3 dobozok \u00fagy lettek tervezve, hogy inspir\u00e1lj\u00e1k a sz\u00e9ps\u00e9g\u00e1pol\u00e1si csomagol\u00e1sodat. Kozmetikai csomagol\u00f3anyagok besz\u00e1ll\u00edt\u00f3jak\u00e9nt ez\u00fcst csavaros kupakkal ell\u00e1tott \u00fcvegeket k\u00e9sz\u00edt\u00fcnk olyan b\u0151r\u00e1pol\u00e1si m\u00e1rk\u00e1k sz\u00e1m\u00e1ra, amelyek ragyog\u00f3 kozmetikai dobozokra szorulnak. T\u00f6k\u00e9letesek arckr\u00e9mekhez, test\u00e1pol\u00f3khoz vagy szemsz\u00e9rumokhoz \u2013 \u00e9s igen, \u00f6mlesztett mennyis\u00e9gben is sz\u00e1ll\u00edthat\u00f3k.<\/span><\/p>\n<h2><span class=\"highlights\" data-v-df95d256=\"\">F\u0151bb specifik\u00e1ci\u00f3k<\/span><\/h2>\n<table style=\"border-collapse: collapse;width: 80%;margin-left: auto;margin-right: auto\" border=\"0\" width=\"432\" cellspacing=\"0\" cellpadding=\"0\">\n<tbody>\n<tr style=\"height: 13.50pt\">\n<td style=\"height: 13.50pt;width: 54.00pt\" width=\"72\" height=\"18\">Kapacit\u00e1s<\/td>\n<td style=\"width: 54.00pt\" width=\"72\">Alak<\/td>\n<td style=\"width: 54.00pt\" width=\"72\">T\u00f6m\u00edt\u00e9si m\u00f3dszerek<\/td>\n<td style=\"width: 54.00pt\" width=\"72\">Anyag<\/td>\n<td style=\"width: 54.00pt\" width=\"72\">Sz\u00ednbe\u00e1ll\u00edt\u00e1sok<\/td>\n<td style=\"width: 54.00pt\" width=\"72\">Haszn\u00e1lat<\/td>\n<\/tr>\n<tr style=\"height: 13.50pt\">\n<td style=\"height: 13.50pt\" height=\"18\">5g<\/td>\n<td class=\"et2\" rowspan=\"8\">Hengeres<\/td>\n<td class=\"et2\" rowspan=\"8\">Csavaros kupak (m\u0171anyag\/f\u00e9m)<\/td>\n<td class=\"et2\" rowspan=\"8\">Krist\u00e1ly\u00fcveg<\/td>\n<td class=\"et2\" rowspan=\"8\">\u00c1tl\u00e1tsz\u00f3, borosty\u00e1ns\u00e1rga, fekete, z\u00f6ld, k\u00e9k, matt<\/td>\n<td class=\"et2\" rowspan=\"8\">Arckr\u00e9m, Testkr\u00e9m, Szemkr\u00e9m, Ajak\u2026<\/td>\n<\/tr>\n<tr style=\"height: 13.50pt\">\n<td style=\"height: 13.50pt\" height=\"18\">15 g (0,5 uncia)<\/td>\n<\/tr>\n<tr style=\"height: 13.50pt\">\n<td style=\"height: 13.50pt\" height=\"18\">30 g (1 uncia)<\/td>\n<\/tr>\n<tr style=\"height: 13.50pt\">\n<td style=\"height: 13.50pt\" height=\"18\">50 g<\/td>\n<\/tr>\n<tr style=\"height: 13.50pt\">\n<td style=\"height: 13.50pt\" height=\"18\">60 g (2 uncia)<\/td>\n<\/tr>\n<tr style=\"height: 13.50pt\">\n<td style=\"height: 13.50pt\" height=\"18\">100 g<\/td>\n<\/tr>\n<tr style=\"height: 13.50pt\">\n<td style=\"height: 13.50pt\" height=\"18\">120 g<\/td>\n<\/tr>\n<tr style=\"height: 13.50pt\">\n<td style=\"height: 13.50pt\" height=\"18\">250 g<\/td>\n<\/tr>\n<\/tbody>\n<\/table>\n<h2><span class=\"highlights\" data-v-df95d256=\"\">Sikeres eset: Egy luxus b\u0151r\u00e1pol\u00e1si m\u00e1rka csomagol\u00e1s\u00e1nak meg\u00faj\u00edt\u00e1sa <\/span><\/h2>\n<p><span class=\"highlights\" data-v-df95d256=\"\">Egy luxus b\u0151r\u00e1pol\u00e1si vonalnak \u00fcres sminkt\u00e1rol\u00f3kra volt sz\u00fcks\u00e9ge, amelyek illeszkedtek a \u201etiszta luxus\u201d eszt\u00e9tik\u00e1jukhoz. 100 grammos borosty\u00e1nsz\u00edn\u0171 t\u00e9gelyeket sz\u00e1ll\u00edtottunk matt fekete c\u00edmk\u00e9vel \u00e9s ez\u00fcst kupakkal. Az eredm\u00e9ny? A nagykereskedelmi b\u0151r\u00e1pol\u00f3 tart\u00e1lyok elad\u00e1sainak 250%-os n\u00f6veked\u00e9se \u00e9s a kozmetikai csomagol\u00e1s minimalista diz\u00e1jnj\u00e1nak elismer\u0151 \u00e9rt\u00e9kel\u00e9sei.<\/span><\/p>\n<h2>Testreszab\u00e1si tippek a m\u00e1rk\u00e1dhoz<\/h2>\n<ul>\n<li><strong>Sz\u00ednpszichol\u00f3gia:<\/strong> A k\u00e9k ellaz\u00edt\u00f3 hat\u00e1s\u00fa, \u00edgy alkalmas nyugtat\u00f3 sz\u00e9rumokhoz; a borosty\u00e1n ide\u00e1lis \u00f6reged\u00e9sg\u00e1tl\u00f3 test\u00e1pol\u00f3khoz, melegs\u00e9get \u00e9s regener\u00e1l\u00f3d\u00e1st k\u00f6lcs\u00f6n\u00f6z.<\/li>\n<li><strong>C\u00edmke elrendez\u00e9se:<\/strong> V\u00e1lassz minimalista bet\u0171t\u00edpusokat vagy aranyf\u00f3li\u00e1t a st\u00edlusos, l\u00e1that\u00f3 hat\u00e1s\u00e9rt.<\/li>\n<li><strong>Fel\u00fclet v\u00e9ge:<\/strong> A matt v\u00e9g vagy a grav\u00edrozott embl\u00e9ma fokozza a csomagol\u00e1s kiv\u00e1l\u00f3 min\u0151s\u00e9g\u00e9t.<\/li>\n<\/ul>","protected":false},"excerpt":{"rendered":"<p>Tart\u00f3s, \u00fcres sminkt\u00e1rol\u00f3k nagykereskedelmi b\u0151r\u00e1pol\u00f3 tart\u00e1lyokhoz \u2013 testreszabhat\u00f3 kozmetikai csomagol\u00e1s nagy t\u00e9telben.<\/p>","protected":false},"featured_media":4703,"comment_status":"open","ping_status":"closed","template":"","meta":{"_acf_changed":false,"site-sidebar-layout":"default","site-content-layout":"","ast-site-content-layout":"default","site-content-style":"default","site-sidebar-style":"default","ast-global-header-display":"","ast-banner-title-visibility":"","ast-main-header-display":"","ast-hfb-above-header-display":"","ast-hfb-below-header-display":"","ast-hfb-mobile-header-display":"","site-post-title":"","ast-breadcrumbs-content":"","ast-featured-img":"","footer-sml-layout":"","ast-disable-related-posts":"","theme-transparent-header-meta":"default","adv-header-id-meta":"","stick-header-meta":"","header-above-stick-meta":"","header-main-stick-meta":"","header-below-stick-meta":"","astra-migrate-meta-layouts":"set","ast-page-background-enabled":"default","ast-page-background-meta":{"desktop":{"background-color":"var(--ast-global-color-5)","background-image":"","background-repeat":"repeat","background-position":"center center","background-size":"auto","background-attachment":"scroll","background-type":"","background-media":"","overlay-type":"","overlay-color":"","overlay-opacity":"","overlay-gradient":""},"tablet":{"background-color":"","background-image":"","background-repeat":"repeat","background-position":"center center","background-size":"auto","background-attachment":"scroll","background-type":"","background-media":"","overlay-type":"","overlay-color":"","overlay-opacity":"","overlay-gradient":""},"mobile":{"background-color":"","background-image":"","background-repeat":"repeat","background-position":"center center","background-size":"auto","background-attachment":"scroll","background-type":"","background-media":"","overlay-type":"","overlay-color":"","overlay-opacity":"","overlay-gradient":""}},"ast-content-background-meta":{"desktop":{"background-color":"var(--ast-global-color-4)","background-image":"","background-repeat":"repeat","background-position":"center center","background-size":"auto","background-attachment":"scroll","background-type":"","background-media":"","overlay-type":"","overlay-color":"","overlay-opacity":"","overlay-gradient":""},"tablet":{"background-color":"var(--ast-global-color-4)","background-image":"","background-repeat":"repeat","background-position":"center center","background-size":"auto","background-attachment":"scroll","background-type":"","background-media":"","overlay-type":"","overlay-color":"","overlay-opacity":"","overlay-gradient":""},"mobile":{"background-color":"var(--ast-global-color-4)","background-image":"","background-repeat":"repeat","background-position":"center center","background-size":"auto","background-attachment":"scroll","background-type":"","background-media":"","overlay-type":"","overlay-color":"","overlay-opacity":"","overlay-gradient":""}}},"product_brand":[],"product_cat":[72,62,56],"product_tag":[146,147],"class_list":{"0":"post-4702","1":"product","2":"type-product","3":"status-publish","4":"has-post-thumbnail","6":"product_cat-cosmetic-packaging","7":"product_cat-cosmetic-containers","8":"product_cat-cosmetic-jars","9":"product_tag-empty-makeup-containers","10":"product_tag-wholesale-skincare-containers","11":"desktop-align-left","12":"tablet-align-left","13":"mobile-align-left","15":"first","16":"instock","17":"shipping-taxable","18":"product-type-simple"},"acf":[],"jetpack_sharing_enabled":true,"_links":{"self":[{"href":"https:\/\/theperfumebottles.com\/hu\/wp-json\/wp\/v2\/product\/4702","targetHints":{"allow":["GET"]}}],"collection":[{"href":"https:\/\/theperfumebottles.com\/hu\/wp-json\/wp\/v2\/product"}],"about":[{"href":"https:\/\/theperfumebottles.com\/hu\/wp-json\/wp\/v2\/types\/product"}],"replies":[{"embeddable":true,"href":"https:\/\/theperfumebottles.com\/hu\/wp-json\/wp\/v2\/comments?post=4702"}],"wp:featuredmedia":[{"embeddable":true,"href":"https:\/\/theperfumebottles.com\/hu\/wp-json\/wp\/v2\/media\/4703"}],"wp:attachment":[{"href":"https:\/\/theperfumebottles.com\/hu\/wp-json\/wp\/v2\/media?parent=4702"}],"wp:term":[{"taxonomy":"product_brand","embeddable":true,"href":"https:\/\/theperfumebottles.com\/hu\/wp-json\/wp\/v2\/product_brand?post=4702"},{"taxonomy":"product_cat","embeddable":true,"href":"https:\/\/theperfumebottles.com\/hu\/wp-json\/wp\/v2\/product_cat?post=4702"},{"taxonomy":"product_tag","embeddable":true,"href":"https:\/\/theperfumebottles.com\/hu\/wp-json\/wp\/v2\/product_tag?post=4702"}],"curies":[{"name":"wp","href":"https:\/\/api.w.org\/{rel}","templated":true}]}}