{"id":4707,"date":"2025-07-21T17:54:25","date_gmt":"2025-07-21T09:54:25","guid":{"rendered":"https:\/\/theperfumebottles.com\/?post_type=product&#038;p=4707"},"modified":"2026-04-02T17:19:07","modified_gmt":"2026-04-02T09:19:07","slug":"skincare-set-50g-40ml-100ml-120ml-cosmetic-pump-bottles-wholesale","status":"publish","type":"product","link":"https:\/\/theperfumebottles.com\/hu\/termek\/skincare-set-50g-40ml-100ml-120ml-cosmetic-pump-bottles-wholesale\/","title":{"rendered":"B\u0151r\u00e1pol\u00f3 k\u00e9szlet 50g 40ml 100ml 120ml kozmetikai pump\u00e1s palackok nagykereskedelemben"},"content":{"rendered":"<p><span class=\"highlights\" data-v-df95d256=\"\">St\u00edlusos \u00e9s funkcionalit\u00e1st \u00f6tv\u00f6z\u0151 kozmetikai pump\u00e1s flakonokat keresel? Ezek a nagykereskedelmi b\u0151r\u00e1pol\u00f3 flakonok \u00fagy lettek tervezve, hogy inspir\u00e1lj\u00e1k a sz\u00e9ps\u00e9g\u00e1pol\u00e1si csomagol\u00e1sodat. Kozmetikai csomagol\u00f3anyagok besz\u00e1ll\u00edt\u00f3jak\u00e9nt csavaros kupakkal \u00e9s pump\u00e1s fejjel ell\u00e1tott \u00fcvegpalackokat k\u00e9sz\u00edt\u00fcnk olyan b\u0151r\u00e1pol\u00e1si m\u00e1rk\u00e1k sz\u00e1m\u00e1ra, amelyek ragyog\u00f3 kozmetikai tart\u00e1lyokra szorulnak. T\u00f6k\u00e9letesek arcolajokhoz, sz\u00e9rumokhoz vagy hidrat\u00e1l\u00f3kr\u00e9mekhez \u2013 \u00e9s igen, \u00f6mlesztett kiszerel\u00e9sben is sz\u00e1ll\u00edthat\u00f3k.<\/span><\/p>\n<h2><strong>F\u0151bb specifik\u00e1ci\u00f3k<\/strong><\/h2>\n<table style=\"border-collapse: collapse; width: 80%; margin-left: auto; margin-right: auto;\" border=\"0\" width=\"360\" cellspacing=\"0\" cellpadding=\"0\">\n<tbody>\n<tr style=\"height: 13.50pt;\">\n<td style=\"height: 13.50pt; width: 54.00pt;\" width=\"72\" height=\"18\">Kapacit\u00e1s<\/td>\n<td style=\"width: 54.00pt;\" width=\"72\">Alak<\/td>\n<td style=\"width: 54.00pt;\" width=\"72\">T\u00f6m\u00edt\u00e9si m\u00f3dszerek<\/td>\n<td style=\"width: 54.00pt;\" width=\"72\">Anyag<\/td>\n<td style=\"width: 54.00pt;\" width=\"72\">Haszn\u00e1lat<\/td>\n<\/tr>\n<tr style=\"height: 13.50pt;\">\n<td style=\"height: 13.50pt;\" height=\"18\">50 g<\/td>\n<td class=\"et2\" rowspan=\"4\">Hengeres<\/td>\n<td class=\"et2\" rowspan=\"4\">Szivatty\u00fafej\/csavaros kupak<\/td>\n<td class=\"et2\" rowspan=\"4\">Krist\u00e1ly\u00fcveg<\/td>\n<td class=\"et2\" rowspan=\"4\">Arc\u00e1pol\u00f3, kozmetikai olaj\u2026<\/td>\n<\/tr>\n<tr style=\"height: 13.50pt;\">\n<td style=\"height: 13.50pt;\" height=\"18\">40 ml<\/td>\n<\/tr>\n<tr style=\"height: 13.50pt;\">\n<td style=\"height: 13.50pt;\" height=\"18\">100 ml<\/td>\n<\/tr>\n<tr style=\"height: 13.50pt;\">\n<td style=\"height: 13.50pt;\" height=\"18\">120 ml<\/td>\n<\/tr>\n<\/tbody>\n<\/table>\n<h2><span class=\"highlights\" data-v-df95d256=\"\">Sikeres eset: Egy luxus b\u0151r\u00e1pol\u00e1si m\u00e1rka csomagol\u00e1s\u00e1nak meg\u00faj\u00edt\u00e1sa <\/span><\/h2>\n<p><span class=\"highlights\" data-v-df95d256=\"\">Egy luxus b\u0151r\u00e1pol\u00e1si vonalnak olyan kozmetikai pump\u00e1s flakonokra volt sz\u00fcks\u00e9ge, amelyek illeszkedtek a \u201etiszta luxus\u201d eszt\u00e9tik\u00e1jukhoz. 100 ml-es borosty\u00e1nsz\u00edn\u0171 flakonokat sz\u00e1ll\u00edtottunk matt fekete c\u00edmk\u00e9vel \u00e9s arany pump\u00e1s fejjel. Az eredm\u00e9ny? A nagykereskedelmi b\u0151r\u00e1pol\u00f3 flakonok elad\u00e1sainak 250%-os n\u00f6veked\u00e9se \u00e9s a kozmetikai csomagol\u00e1s minimalista diz\u00e1jnj\u00e1nak elismer\u0151 \u00e9rt\u00e9kel\u00e9sei.<\/span><\/p>\n<p>&nbsp;<\/p>","protected":false},"excerpt":{"rendered":"<p>Eleg\u00e1ns kozmetikai pump\u00e1s flakonok nagykereskedelmi b\u0151r\u00e1pol\u00f3 flakonokhoz \u2013 testreszabhat\u00f3 sz\u00e9ps\u00e9g\u00e1pol\u00e1si csomagol\u00e1s nagy t\u00e9telben.<\/p>","protected":false},"featured_media":4710,"comment_status":"open","ping_status":"closed","template":"","meta":{"_acf_changed":false,"site-sidebar-layout":"default","site-content-layout":"","ast-site-content-layout":"default","site-content-style":"default","site-sidebar-style":"default","ast-global-header-display":"","ast-banner-title-visibility":"","ast-main-header-display":"","ast-hfb-above-header-display":"","ast-hfb-below-header-display":"","ast-hfb-mobile-header-display":"","site-post-title":"","ast-breadcrumbs-content":"","ast-featured-img":"","footer-sml-layout":"","ast-disable-related-posts":"","theme-transparent-header-meta":"default","adv-header-id-meta":"","stick-header-meta":"","header-above-stick-meta":"","header-main-stick-meta":"","header-below-stick-meta":"","astra-migrate-meta-layouts":"set","ast-page-background-enabled":"default","ast-page-background-meta":{"desktop":{"background-color":"var(--ast-global-color-5)","background-image":"","background-repeat":"repeat","background-position":"center center","background-size":"auto","background-attachment":"scroll","background-type":"","background-media":"","overlay-type":"","overlay-color":"","overlay-opacity":"","overlay-gradient":""},"tablet":{"background-color":"","background-image":"","background-repeat":"repeat","background-position":"center center","background-size":"auto","background-attachment":"scroll","background-type":"","background-media":"","overlay-type":"","overlay-color":"","overlay-opacity":"","overlay-gradient":""},"mobile":{"background-color":"","background-image":"","background-repeat":"repeat","background-position":"center center","background-size":"auto","background-attachment":"scroll","background-type":"","background-media":"","overlay-type":"","overlay-color":"","overlay-opacity":"","overlay-gradient":""}},"ast-content-background-meta":{"desktop":{"background-color":"var(--ast-global-color-4)","background-image":"","background-repeat":"repeat","background-position":"center center","background-size":"auto","background-attachment":"scroll","background-type":"","background-media":"","overlay-type":"","overlay-color":"","overlay-opacity":"","overlay-gradient":""},"tablet":{"background-color":"var(--ast-global-color-4)","background-image":"","background-repeat":"repeat","background-position":"center center","background-size":"auto","background-attachment":"scroll","background-type":"","background-media":"","overlay-type":"","overlay-color":"","overlay-opacity":"","overlay-gradient":""},"mobile":{"background-color":"var(--ast-global-color-4)","background-image":"","background-repeat":"repeat","background-position":"center center","background-size":"auto","background-attachment":"scroll","background-type":"","background-media":"","overlay-type":"","overlay-color":"","overlay-opacity":"","overlay-gradient":""}}},"product_brand":[],"product_cat":[236,62,72],"product_tag":[148,149],"class_list":{"0":"post-4707","1":"product","2":"type-product","3":"status-publish","4":"has-post-thumbnail","6":"product_cat-cosmetic-container-set","7":"product_cat-cosmetic-containers","8":"product_cat-cosmetic-packaging","9":"product_tag-cosmetic-pump-bottles","10":"product_tag-wholesale-skincare-bottles","11":"desktop-align-left","12":"tablet-align-left","13":"mobile-align-left","15":"first","16":"instock","17":"shipping-taxable","18":"product-type-simple"},"acf":[],"jetpack_sharing_enabled":true,"_links":{"self":[{"href":"https:\/\/theperfumebottles.com\/hu\/wp-json\/wp\/v2\/product\/4707","targetHints":{"allow":["GET"]}}],"collection":[{"href":"https:\/\/theperfumebottles.com\/hu\/wp-json\/wp\/v2\/product"}],"about":[{"href":"https:\/\/theperfumebottles.com\/hu\/wp-json\/wp\/v2\/types\/product"}],"replies":[{"embeddable":true,"href":"https:\/\/theperfumebottles.com\/hu\/wp-json\/wp\/v2\/comments?post=4707"}],"wp:featuredmedia":[{"embeddable":true,"href":"https:\/\/theperfumebottles.com\/hu\/wp-json\/wp\/v2\/media\/4710"}],"wp:attachment":[{"href":"https:\/\/theperfumebottles.com\/hu\/wp-json\/wp\/v2\/media?parent=4707"}],"wp:term":[{"taxonomy":"product_brand","embeddable":true,"href":"https:\/\/theperfumebottles.com\/hu\/wp-json\/wp\/v2\/product_brand?post=4707"},{"taxonomy":"product_cat","embeddable":true,"href":"https:\/\/theperfumebottles.com\/hu\/wp-json\/wp\/v2\/product_cat?post=4707"},{"taxonomy":"product_tag","embeddable":true,"href":"https:\/\/theperfumebottles.com\/hu\/wp-json\/wp\/v2\/product_tag?post=4707"}],"curies":[{"name":"wp","href":"https:\/\/api.w.org\/{rel}","templated":true}]}}