{"id":4712,"date":"2025-07-21T18:02:54","date_gmt":"2025-07-21T10:02:54","guid":{"rendered":"https:\/\/theperfumebottles.com\/?post_type=product&#038;p=4712"},"modified":"2026-04-02T17:20:50","modified_gmt":"2026-04-02T09:20:50","slug":"skincare-set-50g-40ml-120ml-glass-airless-pump-bottles-small-lotion-jars-wholesale","status":"publish","type":"product","link":"https:\/\/theperfumebottles.com\/hu\/termek\/skincare-set-50g-40ml-120ml-glass-airless-pump-bottles-small-lotion-jars-wholesale\/","title":{"rendered":"Skincare Set 50g 40ml 120ml Glass Airless Pump Bottles \u2013 Small Lotion Jars Wholesale"},"content":{"rendered":"<p><span class=\"highlights\" data-v-df95d256=\"\">\u00dcvegb\u0151l k\u00e9sz\u00fclt, l\u00e9gmentes pump\u00e1s flakonokra van sz\u00fcks\u00e9ge, amelyek \u00f6tv\u00f6zik az eleganci\u00e1t a hat\u00e9konys\u00e1ggal? Kis test\u00e1pol\u00f3 t\u00e9gelyeinket \u00fagy tervezt\u00fck, hogy inspir\u00e1lj\u00e1k kozmetikai csomagol\u00e1s\u00e1t. Sz\u00e9ps\u00e9g\u00e1pol\u00e1si csomagol\u00e1si szak\u00e9rt\u0151k\u00e9nt csavaros kupakkal \u00e9s pump\u00e1s fejjel ell\u00e1tott \u00fcvegtart\u00e1lyokat k\u00e9sz\u00edt\u00fcnk olyan b\u0151r\u00e1pol\u00e1si m\u00e1rk\u00e1k sz\u00e1m\u00e1ra, amelyek ragyog\u00f3 kozmetikai csomagol\u00f3anyagokra szorulnak. T\u00f6k\u00e9letesek arcolajokhoz, sz\u00e9rumokhoz vagy hidrat\u00e1l\u00f3kr\u00e9mekhez \u2013 \u00e9s igen, \u00f6mlesztett mennyis\u00e9gben is sz\u00e1ll\u00edthat\u00f3k.<\/span><\/p>\n<h2><strong>F\u0151bb specifik\u00e1ci\u00f3k<\/strong><\/h2>\n<table style=\"border-collapse: collapse; width: 1003px; height: 283px; margin-left: 160px;\" border=\"0\" width=\"432\" cellspacing=\"0\" cellpadding=\"0\">\n<tbody>\n<tr style=\"height: 13.50pt;\">\n<td style=\"height: 13.50pt; width: 54.00pt;\" width=\"72\" height=\"18\">Kapacit\u00e1s<\/td>\n<td style=\"width: 54.00pt;\" width=\"72\">Alak<\/td>\n<td style=\"width: 54.00pt;\" width=\"72\">T\u00f6m\u00edt\u00e9s<\/td>\n<td style=\"width: 54.00pt;\" width=\"72\">Anyag<\/td>\n<td style=\"width: 54.00pt;\" width=\"72\">Sz\u00ednbe\u00e1ll\u00edt\u00e1sok<\/td>\n<td style=\"width: 54.00pt;\" width=\"72\">Felhaszn\u00e1l\u00e1s<\/td>\n<\/tr>\n<tr style=\"height: 13.50pt;\">\n<td style=\"height: 13.50pt;\" height=\"18\">50 g<\/td>\n<td>Hengeres<\/td>\n<td>Szivatty\u00fafej + csavaros kupak<\/td>\n<td>\u00dcveg<\/td>\n<td>Matt fekete, \u00e1tl\u00e1tsz\u00f3, borosty\u00e1nsz\u00edn\u0171<\/td>\n<td>Arcolaj, sz\u00e9rum<\/td>\n<\/tr>\n<tr style=\"height: 13.50pt;\">\n<td style=\"height: 13.50pt;\" height=\"18\">40 ml<\/td>\n<td>Hengeres<\/td>\n<td>Szivatty\u00fafej + csavaros kupak<\/td>\n<td>\u00dcveg<\/td>\n<td>Matt fekete, \u00e1tl\u00e1tsz\u00f3, borosty\u00e1nsz\u00edn\u0171<\/td>\n<td>Utaz\u00f3 m\u00e9ret\u0171 hidrat\u00e1l\u00f3<\/td>\n<\/tr>\n<tr style=\"height: 13.50pt;\">\n<td style=\"height: 13.50pt;\" height=\"18\">120 ml<\/td>\n<td>Hengeres<\/td>\n<td>Szivatty\u00fafej + csavaros kupak<\/td>\n<td>\u00dcveg<\/td>\n<td>Matt fekete, \u00e1tl\u00e1tsz\u00f3, borosty\u00e1nsz\u00edn\u0171<\/td>\n<td>Teljes m\u00e9ret\u0171 arcolaj<\/td>\n<\/tr>\n<\/tbody>\n<\/table>\n<h2><span class=\"highlights\" data-v-df95d256=\"\">Sikeres eset: Egy luxus b\u0151r\u00e1pol\u00e1si m\u00e1rka csomagol\u00e1s\u00e1nak meg\u00faj\u00edt\u00e1sa <\/span><\/h2>\n<p><span class=\"highlights\" data-v-df95d256=\"\">Egy luxus b\u0151r\u00e1pol\u00e1si vonalnak \u00fcvegb\u0151l k\u00e9sz\u00fclt, l\u00e9gmentes pump\u00e1s flakonokra volt sz\u00fcks\u00e9ge, amelyek illeszkedtek a \u201etiszta luxus\u201d eszt\u00e9tik\u00e1jukhoz. 120 ml-es borosty\u00e1nsz\u00edn\u0171 flakonokat sz\u00e1ll\u00edtottunk matt fekete c\u00edmk\u00e9vel \u00e9s arany pump\u00e1s fejjel. Az eredm\u00e9ny? A kism\u00e9ret\u0171 test\u00e1pol\u00f3 t\u00e9gelyek elad\u00e1sainak 250%-os n\u00f6veked\u00e9se \u00e9s a kozmetikai csomagol\u00e1s minimalista diz\u00e1jnj\u00e1nak lelkes v\u00e9lem\u00e9nyei.<\/span><\/p>\n<h2><span class=\"highlights\" data-v-df95d256=\"\">Testreszab\u00e1si tippek a m\u00e1rk\u00e1dhoz <\/span><\/h2>\n<ul>\n<li><span class=\"highlights\" data-v-df95d256=\"\"><strong>Sz\u00ednpszichol\u00f3gia:<\/strong> Haszn\u00e1lj matt feket\u00e9t a pr\u00e9mium sz\u00e9rumokhoz, vagy borosty\u00e1nsz\u00edn\u0171t az \u00f6reged\u00e9sg\u00e1tl\u00f3 olajokhoz. <\/span><\/li>\n<li><span class=\"highlights\" data-v-df95d256=\"\"><strong>C\u00edmketervez\u00e9s:<\/strong> V\u00e1lassz minimalista bet\u0171t\u00edpusokat vagy eleg\u00e1ns aranyf\u00f3lia fel\u00fcleteket. <\/span><\/li>\n<li><span class=\"highlights\" data-v-df95d256=\"\"><strong>Befejez\u00e9si lehet\u0151s\u00e9gek:<\/strong> Pr\u00e9mium megjelen\u00e9s\u00e9rt adjon hozz\u00e1 matt text\u00far\u00e1kat vagy grav\u00edrozott log\u00f3kat.<\/span><\/li>\n<\/ul>","protected":false},"excerpt":{"rendered":"<p>Pr\u00e9mium \u00fcveg l\u00e9gmentes pump\u00e1s flakonok \u00e9s kis test\u00e1pol\u00f3 t\u00e9gelyek sz\u00e9ps\u00e9g\u00e1pol\u00e1si csomagol\u00e1shoz. Testreszabhatja a sz\u00edneket, c\u00edmk\u00e9ket \u00e9s nagy t\u00e9telben is rendelhet.<\/p>","protected":false},"featured_media":4714,"comment_status":"open","ping_status":"closed","template":"","meta":{"_acf_changed":false,"site-sidebar-layout":"default","site-content-layout":"","ast-site-content-layout":"default","site-content-style":"default","site-sidebar-style":"default","ast-global-header-display":"","ast-banner-title-visibility":"","ast-main-header-display":"","ast-hfb-above-header-display":"","ast-hfb-below-header-display":"","ast-hfb-mobile-header-display":"","site-post-title":"","ast-breadcrumbs-content":"","ast-featured-img":"","footer-sml-layout":"","ast-disable-related-posts":"","theme-transparent-header-meta":"default","adv-header-id-meta":"","stick-header-meta":"","header-above-stick-meta":"","header-main-stick-meta":"","header-below-stick-meta":"","astra-migrate-meta-layouts":"set","ast-page-background-enabled":"default","ast-page-background-meta":{"desktop":{"background-color":"var(--ast-global-color-5)","background-image":"","background-repeat":"repeat","background-position":"center center","background-size":"auto","background-attachment":"scroll","background-type":"","background-media":"","overlay-type":"","overlay-color":"","overlay-opacity":"","overlay-gradient":""},"tablet":{"background-color":"","background-image":"","background-repeat":"repeat","background-position":"center center","background-size":"auto","background-attachment":"scroll","background-type":"","background-media":"","overlay-type":"","overlay-color":"","overlay-opacity":"","overlay-gradient":""},"mobile":{"background-color":"","background-image":"","background-repeat":"repeat","background-position":"center center","background-size":"auto","background-attachment":"scroll","background-type":"","background-media":"","overlay-type":"","overlay-color":"","overlay-opacity":"","overlay-gradient":""}},"ast-content-background-meta":{"desktop":{"background-color":"var(--ast-global-color-4)","background-image":"","background-repeat":"repeat","background-position":"center center","background-size":"auto","background-attachment":"scroll","background-type":"","background-media":"","overlay-type":"","overlay-color":"","overlay-opacity":"","overlay-gradient":""},"tablet":{"background-color":"var(--ast-global-color-4)","background-image":"","background-repeat":"repeat","background-position":"center center","background-size":"auto","background-attachment":"scroll","background-type":"","background-media":"","overlay-type":"","overlay-color":"","overlay-opacity":"","overlay-gradient":""},"mobile":{"background-color":"var(--ast-global-color-4)","background-image":"","background-repeat":"repeat","background-position":"center center","background-size":"auto","background-attachment":"scroll","background-type":"","background-media":"","overlay-type":"","overlay-color":"","overlay-opacity":"","overlay-gradient":""}}},"product_brand":[],"product_cat":[71,62,72],"product_tag":[150,151],"class_list":{"0":"post-4712","1":"product","2":"type-product","3":"status-publish","4":"has-post-thumbnail","6":"product_cat-glass-lotion-bottles","7":"product_cat-cosmetic-containers","8":"product_cat-cosmetic-packaging","9":"product_tag-glass-airless-pump-bottles","10":"product_tag-small-lotion-jars","11":"desktop-align-left","12":"tablet-align-left","13":"mobile-align-left","15":"first","16":"instock","17":"shipping-taxable","18":"product-type-simple"},"acf":[],"jetpack_sharing_enabled":true,"_links":{"self":[{"href":"https:\/\/theperfumebottles.com\/hu\/wp-json\/wp\/v2\/product\/4712","targetHints":{"allow":["GET"]}}],"collection":[{"href":"https:\/\/theperfumebottles.com\/hu\/wp-json\/wp\/v2\/product"}],"about":[{"href":"https:\/\/theperfumebottles.com\/hu\/wp-json\/wp\/v2\/types\/product"}],"replies":[{"embeddable":true,"href":"https:\/\/theperfumebottles.com\/hu\/wp-json\/wp\/v2\/comments?post=4712"}],"wp:featuredmedia":[{"embeddable":true,"href":"https:\/\/theperfumebottles.com\/hu\/wp-json\/wp\/v2\/media\/4714"}],"wp:attachment":[{"href":"https:\/\/theperfumebottles.com\/hu\/wp-json\/wp\/v2\/media?parent=4712"}],"wp:term":[{"taxonomy":"product_brand","embeddable":true,"href":"https:\/\/theperfumebottles.com\/hu\/wp-json\/wp\/v2\/product_brand?post=4712"},{"taxonomy":"product_cat","embeddable":true,"href":"https:\/\/theperfumebottles.com\/hu\/wp-json\/wp\/v2\/product_cat?post=4712"},{"taxonomy":"product_tag","embeddable":true,"href":"https:\/\/theperfumebottles.com\/hu\/wp-json\/wp\/v2\/product_tag?post=4712"}],"curies":[{"name":"wp","href":"https:\/\/api.w.org\/{rel}","templated":true}]}}