{"id":4717,"date":"2025-07-21T18:02:38","date_gmt":"2025-07-21T10:02:38","guid":{"rendered":"https:\/\/theperfumebottles.com\/?post_type=product&#038;p=4717"},"modified":"2026-04-02T17:12:44","modified_gmt":"2026-04-02T09:12:44","slug":"skincare-set-30ml-50ml-100ml-120ml-wholesale-cosmetic-jars-with-lids-lotion-bottles","status":"publish","type":"product","link":"https:\/\/theperfumebottles.com\/hu\/termek\/skincare-set-30ml-50ml-100ml-120ml-wholesale-cosmetic-jars-with-lids-lotion-bottles\/","title":{"rendered":"B\u0151r\u00e1pol\u00f3 k\u00e9szlet 30ml 50ml 100ml 120ml Nagykereskedelmi kozmetikai t\u00e9gelyek fed\u00e9llel \u00e9s test\u00e1pol\u00f3 palackokkal"},"content":{"rendered":"<p><span class=\"highlights\" data-v-df95d256=\"\">Luxust sug\u00e1rz\u00f3, nagykereskedelmi \u00fcvegpalackokat keresel? Ezek a nagykereskedelmi kozmetikai t\u00e9gelyek fed\u00e9llel a fekete \u00fcveg \u00e9s az arany fel\u00fcleteket \u00f6tv\u00f6zik egy letisztult, modern diz\u00e1jnban. T\u00f6k\u00e9letesek azoknak a b\u0151r\u00e1pol\u00e1si m\u00e1rk\u00e1knak, amelyeknek olyan kozmetikai csomagol\u00e1sra van sz\u00fcks\u00e9g\u00fck, amely egyszerre funkcion\u00e1lis \u00e9s szemet gy\u00f6ny\u00f6rk\u00f6dtet\u0151. Az arckr\u00e9mekt\u0151l a sz\u00e9rumokig, sz\u00e9ps\u00e9g\u00e1pol\u00e1si csomagol\u00e1said kit\u0171nnek a finom permetez\u00e9sre k\u00e9sz pump\u00e1s opci\u00f3kkal, \u00e9s k\u00e9szen \u00e1llnak a nagy t\u00e9telben t\u00f6rt\u00e9n\u0151 sz\u00e1ll\u00edt\u00e1sra.<\/span><\/p>\n<h2><span class=\"highlights\" data-v-df95d256=\"\">F\u0151bb specifik\u00e1ci\u00f3k<\/span><\/h2>\n<table style=\"border-collapse: collapse; width: 80%; margin-left: auto; margin-right: auto;\" border=\"0\" width=\"432\" cellspacing=\"0\" cellpadding=\"0\">\n<tbody>\n<tr style=\"height: 13.50pt;\">\n<td style=\"height: 13.50pt; width: 54.00pt;\" width=\"72\" height=\"18\">Kapacit\u00e1s<\/td>\n<td style=\"width: 54.00pt;\" width=\"72\">Alak<\/td>\n<td style=\"width: 54.00pt;\" width=\"72\">T\u00f6m\u00edt\u00e9si m\u00f3dszerek<\/td>\n<td style=\"width: 54.00pt;\" width=\"72\">Anyag<\/td>\n<td style=\"width: 54.00pt;\" width=\"72\">Sz\u00ednbe\u00e1ll\u00edt\u00e1sok<\/td>\n<td style=\"width: 54.00pt;\" width=\"72\">Haszn\u00e1lat<\/td>\n<\/tr>\n<tr style=\"height: 13.50pt;\">\n<td style=\"height: 13.50pt;\" height=\"18\">30 ml<\/td>\n<td class=\"et2\" rowspan=\"4\">Egyenes oldal\u00fa<\/td>\n<td class=\"et2\" rowspan=\"4\">Szivatty\u00fafej + arany csavaros kupak<\/td>\n<td class=\"et2\" rowspan=\"4\">\u00dcveg<\/td>\n<td class=\"et2\" rowspan=\"4\">Matt fekete<\/td>\n<td class=\"et2\" rowspan=\"4\">Arc\u00e1pol\u00f3, kozmetikai olaj<\/td>\n<\/tr>\n<tr style=\"height: 13.50pt;\">\n<td style=\"height: 13.50pt;\" height=\"18\">50 ml<\/td>\n<\/tr>\n<tr style=\"height: 13.50pt;\">\n<td style=\"height: 13.50pt;\" height=\"18\">100 ml<\/td>\n<\/tr>\n<tr style=\"height: 13.50pt;\">\n<td style=\"height: 13.50pt;\" height=\"18\">120 ml<\/td>\n<\/tr>\n<\/tbody>\n<\/table>\n<h2><span class=\"highlights\" data-v-df95d256=\"\">Sikeres eset: Egy letisztult sz\u00e9ps\u00e9g\u00e1pol\u00e1si m\u00e1rka csomagol\u00e1s\u00e1nak \u00e1talak\u00edt\u00e1sa <\/span><\/h2>\n<p><span class=\"highlights\" data-v-df95d256=\"\">Egy letisztult sz\u00e9ps\u00e9g\u00e1pol\u00e1si startupnak olyan \u00fcveg test\u00e1pol\u00f3 palackokra volt sz\u00fcks\u00e9ge nagykereskedelmi \u00e1ron, amelyek illeszkedtek a \u201eminimalista luxus\u201d hangulatukhoz. 100 ml-es homok\u00f3ra t\u00e9gelyeket sz\u00e1ll\u00edtottunk arany csavaros kupakkal \u00e9s egyedi feh\u00e9r c\u00edmk\u00e9kkel. Az eredm\u00e9ny? A nagykereskedelmi kozmetikai t\u00e9gelyek fed\u00e9llel t\u00f6rt\u00e9n\u0151 elad\u00e1sa 300%-kal n\u0151tt, \u00e9s egy vezet\u0151 sz\u00e9ps\u00e9g\u00e1pol\u00e1si csomagol\u00e1si blogon is szerepelt\u00fcnk.<\/span><\/p>\n<h2><span class=\"highlights\" data-v-df95d256=\"\">Testreszab\u00e1si tippek a m\u00e1rk\u00e1dhoz <\/span><\/h2>\n<ul>\n<li><span class=\"highlights\" data-v-df95d256=\"\"><strong>Log\u00f3tervez\u00e9s:<\/strong> V\u00e1lasszon matt vagy f\u00e9nyes fel\u00fcletet a log\u00f3 karakter\u00e9hez igazodva. <\/span><\/li>\n<li><span class=\"highlights\" data-v-df95d256=\"\"><strong>Szivatty\u00fav\u00e1ltozatok:<\/strong> Kellemes permetez\u00e9shez v\u00e1lasszon pump\u00e1s fejet, s\u0171r\u0171bb formul\u00e1khoz pedig csavaros kupakot.<\/span><\/li>\n<\/ul>","protected":false},"excerpt":{"rendered":"<p>Fedezzen fel nagykereskedelmi kozmetikai t\u00e9gelyeket fed\u00e9llel \u00e9s \u00fcveg test\u00e1pol\u00f3 flakonokat b\u0151r\u00e1pol\u00e1si term\u00e9keihez. Egyedi c\u00edmk\u00e9k, gyors sz\u00e1ll\u00edt\u00e1s \u00e9s k\u00f6rnyezetbar\u00e1t diz\u00e1jn.<\/p>","protected":false},"featured_media":4720,"comment_status":"open","ping_status":"closed","template":"","meta":{"_acf_changed":false,"site-sidebar-layout":"default","site-content-layout":"","ast-site-content-layout":"default","site-content-style":"default","site-sidebar-style":"default","ast-global-header-display":"","ast-banner-title-visibility":"","ast-main-header-display":"","ast-hfb-above-header-display":"","ast-hfb-below-header-display":"","ast-hfb-mobile-header-display":"","site-post-title":"","ast-breadcrumbs-content":"","ast-featured-img":"","footer-sml-layout":"","ast-disable-related-posts":"","theme-transparent-header-meta":"default","adv-header-id-meta":"","stick-header-meta":"","header-above-stick-meta":"","header-main-stick-meta":"","header-below-stick-meta":"","astra-migrate-meta-layouts":"set","ast-page-background-enabled":"default","ast-page-background-meta":{"desktop":{"background-color":"var(--ast-global-color-5)","background-image":"","background-repeat":"repeat","background-position":"center center","background-size":"auto","background-attachment":"scroll","background-type":"","background-media":"","overlay-type":"","overlay-color":"","overlay-opacity":"","overlay-gradient":""},"tablet":{"background-color":"","background-image":"","background-repeat":"repeat","background-position":"center center","background-size":"auto","background-attachment":"scroll","background-type":"","background-media":"","overlay-type":"","overlay-color":"","overlay-opacity":"","overlay-gradient":""},"mobile":{"background-color":"","background-image":"","background-repeat":"repeat","background-position":"center center","background-size":"auto","background-attachment":"scroll","background-type":"","background-media":"","overlay-type":"","overlay-color":"","overlay-opacity":"","overlay-gradient":""}},"ast-content-background-meta":{"desktop":{"background-color":"var(--ast-global-color-4)","background-image":"","background-repeat":"repeat","background-position":"center center","background-size":"auto","background-attachment":"scroll","background-type":"","background-media":"","overlay-type":"","overlay-color":"","overlay-opacity":"","overlay-gradient":""},"tablet":{"background-color":"var(--ast-global-color-4)","background-image":"","background-repeat":"repeat","background-position":"center center","background-size":"auto","background-attachment":"scroll","background-type":"","background-media":"","overlay-type":"","overlay-color":"","overlay-opacity":"","overlay-gradient":""},"mobile":{"background-color":"var(--ast-global-color-4)","background-image":"","background-repeat":"repeat","background-position":"center center","background-size":"auto","background-attachment":"scroll","background-type":"","background-media":"","overlay-type":"","overlay-color":"","overlay-opacity":"","overlay-gradient":""}}},"product_brand":[],"product_cat":[236,62,72],"product_tag":[152,136],"class_list":{"0":"post-4717","1":"product","2":"type-product","3":"status-publish","4":"has-post-thumbnail","6":"product_cat-cosmetic-container-set","7":"product_cat-cosmetic-containers","8":"product_cat-cosmetic-packaging","9":"product_tag-glass-lotion-bottles-wholesale","10":"product_tag-wholesale-cosmetic-jars-with-lids","11":"desktop-align-left","12":"tablet-align-left","13":"mobile-align-left","15":"first","16":"instock","17":"shipping-taxable","18":"product-type-simple"},"acf":[],"jetpack_sharing_enabled":true,"_links":{"self":[{"href":"https:\/\/theperfumebottles.com\/hu\/wp-json\/wp\/v2\/product\/4717","targetHints":{"allow":["GET"]}}],"collection":[{"href":"https:\/\/theperfumebottles.com\/hu\/wp-json\/wp\/v2\/product"}],"about":[{"href":"https:\/\/theperfumebottles.com\/hu\/wp-json\/wp\/v2\/types\/product"}],"replies":[{"embeddable":true,"href":"https:\/\/theperfumebottles.com\/hu\/wp-json\/wp\/v2\/comments?post=4717"}],"wp:featuredmedia":[{"embeddable":true,"href":"https:\/\/theperfumebottles.com\/hu\/wp-json\/wp\/v2\/media\/4720"}],"wp:attachment":[{"href":"https:\/\/theperfumebottles.com\/hu\/wp-json\/wp\/v2\/media?parent=4717"}],"wp:term":[{"taxonomy":"product_brand","embeddable":true,"href":"https:\/\/theperfumebottles.com\/hu\/wp-json\/wp\/v2\/product_brand?post=4717"},{"taxonomy":"product_cat","embeddable":true,"href":"https:\/\/theperfumebottles.com\/hu\/wp-json\/wp\/v2\/product_cat?post=4717"},{"taxonomy":"product_tag","embeddable":true,"href":"https:\/\/theperfumebottles.com\/hu\/wp-json\/wp\/v2\/product_tag?post=4717"}],"curies":[{"name":"wp","href":"https:\/\/api.w.org\/{rel}","templated":true}]}}