{"id":4757,"date":"2025-07-22T18:02:44","date_gmt":"2025-07-22T10:02:44","guid":{"rendered":"https:\/\/theperfumebottles.com\/?post_type=product&#038;p=4757"},"modified":"2026-04-08T12:01:37","modified_gmt":"2026-04-08T04:01:37","slug":"30g-50g-30ml-35ml-100ml-120ml-green-glass-pump-cosmetic-bottles-jar-cosmetics-containers-set","status":"publish","type":"product","link":"https:\/\/theperfumebottles.com\/hu\/termek\/30g-50g-30ml-35ml-100ml-120ml-green-glass-pump-cosmetic-bottles-jar-cosmetics-containers-set\/","title":{"rendered":"30g 50g 30ml 35ml 100ml 120ml z\u00f6ld \u00fcveg pump\u00e1s kozmetikai palackok \u00e9s t\u00e9gelyes kozmetikai tart\u00e1lyok k\u00e9szlet"},"content":{"rendered":"<p><span class=\"highlights\" data-v-df95d256=\"\">Z\u00f6ld \u00fcveg kozmetikai t\u00e1rol\u00f3ink \u200b\u200b\u00f6tv\u00f6zik a st\u00edlust \u00e9s a funkcionalit\u00e1st, olyan m\u00e1rk\u00e1k sz\u00e1m\u00e1ra, amelyek az eszt\u00e9tik\u00e1t \u00e9s a teljes\u00edtm\u00e9nyt egyar\u00e1nt el\u0151t\u00e9rbe helyezik.<\/span><\/p>\n<h2><span class=\"highlights\" data-v-df95d256=\"\">F\u0151bb specifik\u00e1ci\u00f3k<\/span><\/h2>\n<table style=\"border-collapse: collapse; width: 1000px; height: 421px; margin-left: 160px;\" border=\"0\" width=\"144\" cellspacing=\"0\" cellpadding=\"0\">\n<tbody>\n<tr style=\"height: 13.50pt;\">\n<td style=\"height: 13.50pt; width: 54.00pt;\" width=\"72\" height=\"18\">Jellemz\u0151<\/td>\n<td style=\"width: 54.00pt;\" width=\"72\">R\u00e9szletek<\/td>\n<\/tr>\n<tr style=\"height: 13.50pt;\">\n<td style=\"height: 13.50pt;\" height=\"18\">Kapacit\u00e1s<\/td>\n<td>30 g, 50 g, 30 ml, 35 ml, 100 ml, 120 ml<\/td>\n<\/tr>\n<tr style=\"height: 13.50pt;\">\n<td style=\"height: 13.50pt;\" height=\"18\">Alak<\/td>\n<td>Egyenes \u00e9l\u0171 kialak\u00edt\u00e1s a modern eszt\u00e9tika jegy\u00e9ben<\/td>\n<\/tr>\n<tr style=\"height: 13.50pt;\">\n<td style=\"height: 13.50pt;\" height=\"18\">T\u00f6m\u00edt\u00e9si m\u00f3dszer<\/td>\n<td>Csavaros kupak + m\u0171anyag\/f\u00e9m fed\u00e9l (pumpafej is kaphat\u00f3)<\/td>\n<\/tr>\n<tr style=\"height: 13.50pt;\">\n<td style=\"height: 13.50pt;\" height=\"18\">Anyag<\/td>\n<td>K\u00f6rnyezetbar\u00e1t, nagy \u00e1tl\u00e1tsz\u00f3s\u00e1g\u00fa z\u00f6ld \u00fcveg<\/td>\n<\/tr>\n<tr style=\"height: 13.50pt;\">\n<td style=\"height: 13.50pt;\" height=\"18\">Sz\u00edn<\/td>\n<td>Matt fekete fed\u00e9l; \u00e9l\u00e9nk z\u00f6ld \u00fcvegtest<\/td>\n<\/tr>\n<tr style=\"height: 13.50pt;\">\n<td style=\"height: 13.50pt;\" height=\"18\">Haszn\u00e1lati eset<\/td>\n<td>Arckr\u00e9m, test\u00e1pol\u00f3, sz\u00e9rum \u00e9s kozmetikai tart\u00e1lyok a csomagol\u00e1s innov\u00e1ci\u00f3j\u00e1hoz<\/td>\n<\/tr>\n<\/tbody>\n<\/table>\n<h2><span class=\"highlights\" data-v-df95d256=\"\">Sikert\u00f6rt\u00e9net: Egy b\u0151r\u00e1pol\u00e1si m\u00e1rka felemelked\u00e9se <\/span><\/h2>\n<p><span class=\"highlights\" data-v-df95d256=\"\">Egy term\u00e9szetes b\u0151r\u00e1pol\u00e1ssal foglalkoz\u00f3 startup a pump\u00e1s kozmetikai flakonjainkat \u00e9s t\u00e9gelyes kozmetikumainkat haszn\u00e1lta fel kozmetikai csomagol\u00e1s\u00e1nak \u00fajrabrandol\u00e1s\u00e1ra. A minimalista fekete kupakkal ell\u00e1tott z\u00f6ld \u00fcvegre val\u00f3 \u00e1t\u00e1ll\u00e1ssal 40%-os n\u00f6veked\u00e9st tapasztaltak az \u00fcgyf\u00e9lmegtart\u00e1sban. A honlapjukon most a finom permet\u0171 pump\u00e1s rendszert emelik ki, mint a b\u0151r\u00e1pol\u00e1si term\u00e9kek egyik f\u0151 megk\u00fcl\u00f6nb\u00f6ztet\u0151 jegy\u00e9t.<\/span><\/p>\n<h2><span class=\"highlights\" data-v-df95d256=\"\">Testreszab\u00e1si tippek: <\/span><\/h2>\n<ul>\n<li><span class=\"highlights\" data-v-df95d256=\"\"><strong>Form\u00e1tumok kever\u00e9se:<\/strong> Kombin\u00e1ld az \u00fcveges \u00e9s t\u00e9gelyes st\u00edlusokat egy egys\u00e9ges sz\u00e9ps\u00e9g\u00e1pol\u00e1si csomagol\u00e1si vonal\u00e9rt. <\/span><\/li>\n<li><span class=\"highlights\" data-v-df95d256=\"\"><strong>Fenntarthat\u00f3s\u00e1gi hozz\u00e1\u00e1ll\u00e1s:<\/strong> Rekl\u00e1mozd az \u00fajrahasznos\u00edthat\u00f3 \u00fcveget a z\u00f6ld \u00edg\u00e9reted r\u00e9szek\u00e9nt. <\/span><\/li>\n<li><span class=\"highlights\" data-v-df95d256=\"\"><strong>M\u00e1rka c\u00edmk\u00e9z\u00e9se\uff1a<\/strong>Adjon hozz\u00e1 egy m\u00e1sodlagos c\u00edmk\u00e9t, amely a kulcsfontoss\u00e1g\u00fa \u00f6sszetev\u0151kre vagy a fenntarthat\u00f3s\u00e1gi adatokra \u00f6sszpontos\u00edt. <\/span><\/li>\n<li><span class=\"highlights\" data-v-df95d256=\"\"><strong>Kombin\u00e1lt sapkafel\u00fcletek:<\/strong>P\u00e1ros\u00edtsd a matt fekete fedeleket eleg\u00e1ns \u00fcvegtestekkel a mer\u00e9sz megjelen\u00e9s\u00e9rt, vagy v\u00e1laszd a teljesen matt fedeleket a minimalista hangulat\u00e9rt.<\/span><\/li>\n<\/ul>","protected":false},"excerpt":{"rendered":"<p>Fedezze fel a k\u00f6rnyezetbar\u00e1t pump\u00e1s kozmetikai flakonokat \u00e9s t\u00e9gelyes kozmetikai tart\u00e1lyokat b\u0151r\u00e1pol\u00e1si csomagol\u00e1shoz. Sz\u00e1ll\u00edt\u00e1sra k\u00e9sz, testreszabhat\u00f3 sz\u00e9ps\u00e9g\u00e1pol\u00e1si csomagol\u00e1s nagy t\u00e9telben, finom permetez\u00e9ssel \u2013 inspir\u00e1lja m\u00e1rk\u00e1ja megjelen\u00e9s\u00e9t!<\/p>","protected":false},"featured_media":7609,"comment_status":"open","ping_status":"closed","template":"","meta":{"_acf_changed":false,"site-sidebar-layout":"default","site-content-layout":"","ast-site-content-layout":"default","site-content-style":"default","site-sidebar-style":"default","ast-global-header-display":"","ast-banner-title-visibility":"","ast-main-header-display":"","ast-hfb-above-header-display":"","ast-hfb-below-header-display":"","ast-hfb-mobile-header-display":"","site-post-title":"","ast-breadcrumbs-content":"","ast-featured-img":"","footer-sml-layout":"","ast-disable-related-posts":"","theme-transparent-header-meta":"default","adv-header-id-meta":"","stick-header-meta":"","header-above-stick-meta":"","header-main-stick-meta":"","header-below-stick-meta":"","astra-migrate-meta-layouts":"set","ast-page-background-enabled":"default","ast-page-background-meta":{"desktop":{"background-color":"var(--ast-global-color-5)","background-image":"","background-repeat":"repeat","background-position":"center center","background-size":"auto","background-attachment":"scroll","background-type":"","background-media":"","overlay-type":"","overlay-color":"","overlay-opacity":"","overlay-gradient":""},"tablet":{"background-color":"","background-image":"","background-repeat":"repeat","background-position":"center center","background-size":"auto","background-attachment":"scroll","background-type":"","background-media":"","overlay-type":"","overlay-color":"","overlay-opacity":"","overlay-gradient":""},"mobile":{"background-color":"","background-image":"","background-repeat":"repeat","background-position":"center center","background-size":"auto","background-attachment":"scroll","background-type":"","background-media":"","overlay-type":"","overlay-color":"","overlay-opacity":"","overlay-gradient":""}},"ast-content-background-meta":{"desktop":{"background-color":"var(--ast-global-color-4)","background-image":"","background-repeat":"repeat","background-position":"center center","background-size":"auto","background-attachment":"scroll","background-type":"","background-media":"","overlay-type":"","overlay-color":"","overlay-opacity":"","overlay-gradient":""},"tablet":{"background-color":"var(--ast-global-color-4)","background-image":"","background-repeat":"repeat","background-position":"center center","background-size":"auto","background-attachment":"scroll","background-type":"","background-media":"","overlay-type":"","overlay-color":"","overlay-opacity":"","overlay-gradient":""},"mobile":{"background-color":"var(--ast-global-color-4)","background-image":"","background-repeat":"repeat","background-position":"center center","background-size":"auto","background-attachment":"scroll","background-type":"","background-media":"","overlay-type":"","overlay-color":"","overlay-opacity":"","overlay-gradient":""}}},"product_brand":[],"product_cat":[236,62,72],"product_tag":[158,157],"class_list":{"0":"post-4757","1":"product","2":"type-product","3":"status-publish","4":"has-post-thumbnail","6":"product_cat-cosmetic-container-set","7":"product_cat-cosmetic-containers","8":"product_cat-cosmetic-packaging","9":"product_tag-jar-cosmetics","10":"product_tag-pump-cosmetic-bottles","11":"desktop-align-left","12":"tablet-align-left","13":"mobile-align-left","15":"first","16":"instock","17":"shipping-taxable","18":"product-type-simple"},"acf":[],"jetpack_sharing_enabled":true,"_links":{"self":[{"href":"https:\/\/theperfumebottles.com\/hu\/wp-json\/wp\/v2\/product\/4757","targetHints":{"allow":["GET"]}}],"collection":[{"href":"https:\/\/theperfumebottles.com\/hu\/wp-json\/wp\/v2\/product"}],"about":[{"href":"https:\/\/theperfumebottles.com\/hu\/wp-json\/wp\/v2\/types\/product"}],"replies":[{"embeddable":true,"href":"https:\/\/theperfumebottles.com\/hu\/wp-json\/wp\/v2\/comments?post=4757"}],"wp:featuredmedia":[{"embeddable":true,"href":"https:\/\/theperfumebottles.com\/hu\/wp-json\/wp\/v2\/media\/7609"}],"wp:attachment":[{"href":"https:\/\/theperfumebottles.com\/hu\/wp-json\/wp\/v2\/media?parent=4757"}],"wp:term":[{"taxonomy":"product_brand","embeddable":true,"href":"https:\/\/theperfumebottles.com\/hu\/wp-json\/wp\/v2\/product_brand?post=4757"},{"taxonomy":"product_cat","embeddable":true,"href":"https:\/\/theperfumebottles.com\/hu\/wp-json\/wp\/v2\/product_cat?post=4757"},{"taxonomy":"product_tag","embeddable":true,"href":"https:\/\/theperfumebottles.com\/hu\/wp-json\/wp\/v2\/product_tag?post=4757"}],"curies":[{"name":"wp","href":"https:\/\/api.w.org\/{rel}","templated":true}]}}