{"id":4762,"date":"2025-07-22T17:44:55","date_gmt":"2025-07-22T09:44:55","guid":{"rendered":"https:\/\/theperfumebottles.com\/?post_type=product&#038;p=4762"},"modified":"2026-04-01T15:02:00","modified_gmt":"2026-04-01T07:02:00","slug":"custom-cosmetic-jars-makeup-pump-bottles-wholesale","status":"publish","type":"product","link":"https:\/\/theperfumebottles.com\/hu\/termek\/custom-cosmetic-jars-makeup-pump-bottles-wholesale\/","title":{"rendered":"50g 30ml 40ml 100ml 120ml Egyedi kozmetikai t\u00e9gelyek \u2013 Sminkpump\u00e1s palackok nagykereskedelme"},"content":{"rendered":"<p>Egyedi kozmetikai t\u00e9gelyeket keresel, amelyek \u00f6tv\u00f6zik az eleganci\u00e1t a praktikummal? Ez az \u00fcvegb\u0151l k\u00e9sz\u00fclt pomp\u00e1s t\u00e1rol\u00f3k kollekci\u00f3 matt feh\u00e9r vagy tiszta \u00fcveget mutat be, amelyet st\u00edlusos ez\u00fcst\u00f6z\u00f6tt fedelek eg\u00e9sz\u00edtenek ki. A b\u0151r\u00e1pol\u00f3 gy\u00e1rt\u00f3k sz\u00e1m\u00e1ra k\u00e9sz\u00fclt kollekci\u00f3ban arckr\u00e9mes t\u00e9gelyek, sz\u00e9rumpalackok \u00e9s sminkpump\u00e1s flakonok is tal\u00e1lhat\u00f3k \u2013 ide\u00e1lisak a kiemelked\u0151, nagy hat\u00e1s\u00fa sz\u00e9ps\u00e9g\u00e1pol\u00e1si csomagol\u00e1sokhoz.<\/p>\n<h2><span class=\"highlights\" data-v-df95d256=\"\">F\u0151bb specifik\u00e1ci\u00f3k<\/span><\/h2>\n<table style=\"margin-left: auto; margin-right: auto; border-collapse: collapse; width: 80%; height: 290px;\" border=\"0\" width=\"360\" cellspacing=\"0\" cellpadding=\"0\">\n<tbody>\n<tr style=\"height: 13.50pt;\">\n<td style=\"height: 13.50pt; width: 54.00pt;\" width=\"72\" height=\"18\">Kapacit\u00e1s<\/td>\n<td style=\"width: 54.00pt;\" width=\"72\">T\u00f6m\u00edt\u00e9s<\/td>\n<td style=\"width: 54.00pt;\" width=\"72\">Anyag<\/td>\n<td style=\"width: 54.00pt;\" width=\"72\">Sz\u00ednbe\u00e1ll\u00edt\u00e1sok<\/td>\n<td style=\"width: 54.00pt;\" width=\"72\">Haszn\u00e1lat<\/td>\n<\/tr>\n<tr style=\"height: 13.50pt;\">\n<td style=\"height: 13.50pt;\" height=\"18\">30 ml<\/td>\n<td class=\"et2\" rowspan=\"4\">Szivatty\u00fafej vagy csavaros kupak<\/td>\n<td class=\"et2\" rowspan=\"5\">N\u00e1trium-m\u00e9sz\u00fcveg<\/td>\n<td class=\"et2\" rowspan=\"5\">White, clear, black, amber, as you requir<\/td>\n<td class=\"et2\" rowspan=\"5\">Arc\u00e1pol\u00f3, kozmetikai olaj\u2026<\/td>\n<\/tr>\n<tr style=\"height: 13.50pt;\">\n<td style=\"height: 13.50pt;\" height=\"18\">40 ml<\/td>\n<\/tr>\n<tr style=\"height: 13.50pt;\">\n<td style=\"height: 13.50pt;\" height=\"18\">100 ml<\/td>\n<\/tr>\n<tr style=\"height: 13.50pt;\">\n<td style=\"height: 13.50pt;\" height=\"18\">120 ml<\/td>\n<\/tr>\n<tr style=\"height: 13.50pt;\">\n<td style=\"height: 13.50pt;\" height=\"18\">50 g<\/td>\n<td>Csavaros kupak + m\u0171anyag\/f\u00e9m fed\u00e9l<\/td>\n<\/tr>\n<\/tbody>\n<\/table>\n<h2><span class=\"highlights\" data-v-df95d256=\"\">Sikeres eset: Egy luxus b\u0151r\u00e1pol\u00e1si m\u00e1rka csomagol\u00e1s\u00e1nak meg\u00faj\u00edt\u00e1sa <\/span><\/h2>\n<p><span class=\"highlights\" data-v-df95d256=\"\">Egy luxus b\u0151r\u00e1pol\u00e1si vonalnak olyan egyedi kozmetikai t\u00e9gelyekre volt sz\u00fcks\u00e9ge, amelyek illeszkedtek a \u201eletisztult elegancia\u201d t\u00e9m\u00e1j\u00e1hoz. 100 ml-es matt feh\u00e9r t\u00e9gelyeket sz\u00e1ll\u00edtottunk ez\u00fcst\u00f6z\u00f6tt csavaros kupakkal \u00e9s egyedi arany c\u00edmk\u00e9kkel. Az eredm\u00e9ny? A sminkpump\u00e1s flakonok elad\u00e1sainak 300%-os n\u00f6veked\u00e9se \u00e9s egy vezet\u0151 sz\u00e9ps\u00e9g\u00e1pol\u00e1si csomagol\u00e1smagazinban val\u00f3 megjelen\u00e9s.<\/span><\/p>\n<h2><span class=\"highlights\" data-v-df95d256=\"\">Testreszab\u00e1si tippek a m\u00e1rk\u00e1dhoz <\/span><\/h2>\n<ul>\n<li><span class=\"highlights\" data-v-df95d256=\"\"><strong>Sz\u00ednv\u00e1laszt\u00e9k:<\/strong> Kezdj matt feh\u00e9rrel az egyszer\u0171s\u00e9g kedv\u00e9\u00e9rt, vagy v\u00e1lts borosty\u00e1nsz\u00edn\u0171 \u00fcvegre a finom permet hat\u00e1s\u00fa sz\u00e9rum\u00e9rt. <\/span><\/li>\n<li><span class=\"highlights\" data-v-df95d256=\"\"><strong>Log\u00f3tervez\u00e9s:<\/strong> Haszn\u00e1lj minimalista bet\u0171t\u00edpusokat a pr\u00e9mium \u00e9rzet\u00e9rt, vagy \u00e9l\u00e9nk grafik\u00e1kat a mer\u00e9sz m\u00e1rka\u00e9p\u00edt\u00e9s\u00e9rt. <\/span><\/li>\n<li><span aria-hidden=\"true\"><strong>Szem\u00e9lyre szab\u00e1si funkci\u00f3k:<\/strong> A kont\u00e9nereket olyan m\u00f3dszerekkel szabhatja testre, mint a l\u00e9zergrav\u00edrozott log\u00f3k vagy a sz\u00ednezett \u00fcveg.<\/span><\/li>\n<\/ul>","protected":false},"excerpt":{"rendered":"<p>Pr\u00e9mium min\u0151s\u00e9g\u0171, egyedi kozmetikai t\u00e9gelyek \u00e9s sminkpump\u00e1s flakonok b\u0151r\u00e1pol\u00e1si csomagol\u00e1shoz. K\u00f6rnyezetbar\u00e1t, egyedi c\u00edmk\u00e9kkel, \u00f6mlesztett sz\u00e1ll\u00edt\u00e1sra k\u00e9szen. Fedezze fel honlapunkon!<\/p>","protected":false},"featured_media":4763,"comment_status":"open","ping_status":"closed","template":"","meta":{"_acf_changed":false,"site-sidebar-layout":"default","site-content-layout":"","ast-site-content-layout":"default","site-content-style":"default","site-sidebar-style":"default","ast-global-header-display":"","ast-banner-title-visibility":"","ast-main-header-display":"","ast-hfb-above-header-display":"","ast-hfb-below-header-display":"","ast-hfb-mobile-header-display":"","site-post-title":"","ast-breadcrumbs-content":"","ast-featured-img":"","footer-sml-layout":"","ast-disable-related-posts":"","theme-transparent-header-meta":"default","adv-header-id-meta":"","stick-header-meta":"","header-above-stick-meta":"","header-main-stick-meta":"","header-below-stick-meta":"","astra-migrate-meta-layouts":"set","ast-page-background-enabled":"default","ast-page-background-meta":{"desktop":{"background-color":"var(--ast-global-color-5)","background-image":"","background-repeat":"repeat","background-position":"center center","background-size":"auto","background-attachment":"scroll","background-type":"","background-media":"","overlay-type":"","overlay-color":"","overlay-opacity":"","overlay-gradient":""},"tablet":{"background-color":"","background-image":"","background-repeat":"repeat","background-position":"center center","background-size":"auto","background-attachment":"scroll","background-type":"","background-media":"","overlay-type":"","overlay-color":"","overlay-opacity":"","overlay-gradient":""},"mobile":{"background-color":"","background-image":"","background-repeat":"repeat","background-position":"center center","background-size":"auto","background-attachment":"scroll","background-type":"","background-media":"","overlay-type":"","overlay-color":"","overlay-opacity":"","overlay-gradient":""}},"ast-content-background-meta":{"desktop":{"background-color":"var(--ast-global-color-4)","background-image":"","background-repeat":"repeat","background-position":"center center","background-size":"auto","background-attachment":"scroll","background-type":"","background-media":"","overlay-type":"","overlay-color":"","overlay-opacity":"","overlay-gradient":""},"tablet":{"background-color":"var(--ast-global-color-4)","background-image":"","background-repeat":"repeat","background-position":"center center","background-size":"auto","background-attachment":"scroll","background-type":"","background-media":"","overlay-type":"","overlay-color":"","overlay-opacity":"","overlay-gradient":""},"mobile":{"background-color":"var(--ast-global-color-4)","background-image":"","background-repeat":"repeat","background-position":"center center","background-size":"auto","background-attachment":"scroll","background-type":"","background-media":"","overlay-type":"","overlay-color":"","overlay-opacity":"","overlay-gradient":""}}},"product_brand":[],"product_cat":[236,62,72],"product_tag":[159,160],"class_list":{"0":"post-4762","1":"product","2":"type-product","3":"status-publish","4":"has-post-thumbnail","6":"product_cat-cosmetic-container-set","7":"product_cat-cosmetic-containers","8":"product_cat-cosmetic-packaging","9":"product_tag-custom-cosmetic-jars","10":"product_tag-makeup-pump-bottle","11":"desktop-align-left","12":"tablet-align-left","13":"mobile-align-left","15":"first","16":"instock","17":"shipping-taxable","18":"product-type-simple"},"acf":[],"jetpack_sharing_enabled":true,"_links":{"self":[{"href":"https:\/\/theperfumebottles.com\/hu\/wp-json\/wp\/v2\/product\/4762","targetHints":{"allow":["GET"]}}],"collection":[{"href":"https:\/\/theperfumebottles.com\/hu\/wp-json\/wp\/v2\/product"}],"about":[{"href":"https:\/\/theperfumebottles.com\/hu\/wp-json\/wp\/v2\/types\/product"}],"replies":[{"embeddable":true,"href":"https:\/\/theperfumebottles.com\/hu\/wp-json\/wp\/v2\/comments?post=4762"}],"wp:featuredmedia":[{"embeddable":true,"href":"https:\/\/theperfumebottles.com\/hu\/wp-json\/wp\/v2\/media\/4763"}],"wp:attachment":[{"href":"https:\/\/theperfumebottles.com\/hu\/wp-json\/wp\/v2\/media?parent=4762"}],"wp:term":[{"taxonomy":"product_brand","embeddable":true,"href":"https:\/\/theperfumebottles.com\/hu\/wp-json\/wp\/v2\/product_brand?post=4762"},{"taxonomy":"product_cat","embeddable":true,"href":"https:\/\/theperfumebottles.com\/hu\/wp-json\/wp\/v2\/product_cat?post=4762"},{"taxonomy":"product_tag","embeddable":true,"href":"https:\/\/theperfumebottles.com\/hu\/wp-json\/wp\/v2\/product_tag?post=4762"}],"curies":[{"name":"wp","href":"https:\/\/api.w.org\/{rel}","templated":true}]}}