{"id":4779,"date":"2025-07-22T17:54:09","date_gmt":"2025-07-22T09:54:09","guid":{"rendered":"https:\/\/theperfumebottles.com\/?post_type=product&#038;p=4779"},"modified":"2026-03-27T16:41:05","modified_gmt":"2026-03-27T08:41:05","slug":"amber-tincture-bottles-with-dropper-glass-bottles-supplier","status":"publish","type":"product","link":"https:\/\/theperfumebottles.com\/hu\/termek\/amber-tincture-bottles-with-dropper-glass-bottles-supplier\/","title":{"rendered":"Borosty\u00e1n tinkt\u00fara \u00fcvegcs\u00e9k cseppent\u0151vel | 15 ml\u2013120 ml \u00fcvegcs\u00e9k"},"content":{"rendered":"<p>A borosty\u00e1nsz\u00edn\u0171 tinkt\u00far\u00e1s \u00fcvegek sorozata klasszikus, kerek form\u00e1j\u00fa, egyenes testtel \u00e9s lejt\u0151s v\u00e1llal, amely sima kont\u00fart alkot a test \u00e9s a nyak k\u00f6z\u00f6tt, \u00edgy letisztult \u00e9s professzion\u00e1lis megjelen\u00e9st k\u00f6lcs\u00f6n\u00f6zve. Ezek a borosty\u00e1nsz\u00edn\u0171 \u00fcvegek kiv\u00e1l\u00f3 min\u0151s\u00e9g\u0171 borosty\u00e1nsz\u00edn\u0171 \u00fcvegb\u0151l k\u00e9sz\u00fclnek, amely j\u00f3 UV-v\u00e9delmet biztos\u00edt a f\u00e9ny\u00e9rz\u00e9keny term\u00e9keknek. A menetes nyak szabv\u00e1nyos, \u00e9s k\u00fcl\u00f6nf\u00e9le z\u00e1rakkal kompatibilis, p\u00e9ld\u00e1ul alum\u00ednium, m\u0171anyag vagy bambusz bevonat\u00fa cseppent\u0151kkel, sz\u00f3r\u00f3fejekkel \u00e9s pump\u00e1s adagol\u00f3kkal. Ez a sorozat 15 ml-es, 30 ml-es, 60 ml-es, 100 ml-es \u00e9s 120 ml-es kapacit\u00e1sban is kaphat\u00f3, ami seg\u00edti a rugalmas term\u00e9kvonalak \u00e9s m\u00e1rka\u00e9p\u00edt\u00e9s l\u00e9trehoz\u00e1s\u00e1t.<\/p>\n<h2><span class=\"highlights\" data-v-df95d256=\"\">F\u0151bb specifik\u00e1ci\u00f3k<\/span><\/h2>\n<table style=\"border-collapse: collapse; width: 879px; height: 272px; margin-left: 200px;\" border=\"0\" width=\"144\" cellspacing=\"0\" cellpadding=\"0\">\n<tbody>\n<tr style=\"height: 13.50pt;\">\n<td style=\"height: 13.50pt; width: 30%;\" width=\"72\" height=\"18\">Term\u00e9k<\/td>\n<td style=\"width: 54.00pt;\" width=\"72\">Borosty\u00e1nsz\u00edn\u0171 \u00fcveg cseppent\u0151vel<\/td>\n<\/tr>\n<tr style=\"height: 13.50pt;\">\n<td style=\"height: 13.50pt;\" height=\"18\">Kapacit\u00e1s<\/td>\n<td>15 ml, 30 ml, 60 ml, 100 ml, 120 ml<\/td>\n<\/tr>\n<tr style=\"height: 13.50pt;\">\n<td style=\"height: 13.50pt;\" height=\"18\">Alak<\/td>\n<td>Egyenes \u00e9l\u0171 kialak\u00edt\u00e1s a modern eszt\u00e9tika jegy\u00e9ben<\/td>\n<\/tr>\n<tr style=\"height: 13.50pt;\">\n<td style=\"height: 13.50pt;\" height=\"18\">Tartoz\u00e9kok<\/td>\n<td>Test\u00e1pol\u00f3 pumpa, Permetez\u0151, Cseppent\u0151, Csavaros kupak<\/td>\n<\/tr>\n<tr style=\"height: 13.50pt;\">\n<td style=\"height: 13.50pt;\" height=\"18\">Anyag<\/td>\n<td>N\u00e1trium-m\u00e9sz\u00fcveg<\/td>\n<\/tr>\n<tr style=\"height: 13.50pt;\">\n<td style=\"height: 13.50pt;\" height=\"18\">Sz\u00edn<\/td>\n<td>Borosty\u00e1n (UV-sz\u0171r\u0151s sz\u00ednez\u00e9s)<\/td>\n<\/tr>\n<tr style=\"height: 13.50pt;\">\n<td style=\"height: 13.50pt;\" height=\"18\">Els\u0151dleges felhaszn\u00e1l\u00e1s<\/td>\n<td>Arcpermetek, tonikok, test\u00e1pol\u00f3 olajok \u00e9s kozmetikai csomagol\u00f3anyagok<\/td>\n<\/tr>\n<\/tbody>\n<\/table>\n<h2>Alkalmaz\u00e1s<\/h2>\n<p>Az ilyen borosty\u00e1nsz\u00edn\u0171 tinkt\u00far\u00e1s palackok sz\u00e9les k\u00f6rben alkalmazhat\u00f3k a gy\u00f3gyszeripari, kozmetikai \u00e9s wellness szektorban. T\u00f6k\u00e9letesek ill\u00f3olajok, tinkt\u00far\u00e1k, sz\u00e9rumok, gy\u00f3gyn\u00f6v\u00e9nykivonatok \u00e9s folyad\u00e9kok csomagol\u00e1s\u00e1ra a b\u0151r\u00e1pol\u00e1sban. Kiskereskedelemben, h\u00e1zon bel\u00fcli c\u00edmk\u00e9z\u00e9sre \u00e9s nagykereskedelmi ell\u00e1t\u00e1sra is haszn\u00e1lhat\u00f3k, sz\u00e1mos adagol\u00e1si m\u00f3dszerrel: prec\u00edzi\u00f3s adagol\u00e1s, p\u00e1r\u00e1s\u00edt\u00e1s vagy pump\u00e1l\u00e1s, hogy biztos\u00edts\u00e1k a term\u00e9k v\u00e9delm\u00e9t, valamint a v\u00e9gfelhaszn\u00e1l\u00f3 sz\u00e1m\u00e1ra a k\u00f6nny\u0171 hozz\u00e1f\u00e9r\u00e9st.<\/p>\n<h2><span class=\"highlights\" data-v-df95d256=\"\">Sikert\u00f6rt\u00e9net: Egyedi adagol\u00f3kkal rendelkez\u0151 m\u00e1rka <\/span><\/h2>\n<p><span class=\"highlights\" data-v-df95d256=\"\">Egy felt\u00f6rekv\u0151 b\u0151r\u00e1pol\u00e1si startup c\u00e9g egy\u00fcttm\u0171k\u00f6d\u00f6tt vel\u00fcnk, hogy kozmetikai pump\u00e1s adagol\u00f3kat tervezz\u00fcnk \u00faj hialuronsav sz\u00e9rumukhoz. A k\u00f6nny\u0171 felvitel \u00e9rdek\u00e9ben 100 ml-es borosty\u00e1nsz\u00edn\u0171 \u00fcvegpalackokat v\u00e1lasztottak finom permetez\u0151vel. A kozmetikai sz\u00f3r\u00f3fejes flakonok nagykereskedelmi megrendel\u00e9s\u00e9vel 25%-kal cs\u00f6kkentett\u00e9k a k\u00f6lts\u00e9geket, \u00e9s elind\u00edtottak egy sz\u00e1ll\u00edt\u00e1sra k\u00e9sz kamp\u00e1nyt, amely n\u00f6velte kezd\u0151lapjuk l\u00e1that\u00f3s\u00e1g\u00e1t az Amazonon. Az elad\u00e1sok mind\u00f6ssze k\u00e9t h\u00f3nap alatt 40%-kal ugrottak meg!<\/span><\/p>\n<h2><span class=\"highlights\" data-v-df95d256=\"\">Testreszab\u00e1si tippek az \u00d6n sz\u00e1m\u00e1ra <\/span><\/h2>\n<ul>\n<li><span class=\"highlights\" data-v-df95d256=\"\"><strong>Sz\u00ednkonzisztencia:<\/strong> A borosty\u00e1nsz\u00edn\u0171 \u00fcveg nemcsak st\u00edlusos, de v\u00e9delmet ny\u00fajt a f\u00e9ny okozta deform\u00e1ci\u00f3 ellen is. \u00c9rz\u00e9keny b\u0151rre val\u00f3 formul\u00e1k eset\u00e9n is ezt \u00e9rdemes haszn\u00e1lni. <\/span><\/li>\n<li><span class=\"highlights\" data-v-df95d256=\"\"><strong>C\u00edmke Szerelem:<\/strong> Pr\u00e9mium megjelen\u00e9s\u00e9rt dombornyomott log\u00f3kat vagy QR-k\u00f3dokat helyezhet a csomagj\u00e1ra. <\/span><\/li>\n<li><span class=\"highlights\" data-v-df95d256=\"\"><strong>Finom befejez\u00e9s:<\/strong> Matt vs. eleg\u00e1ns? A fel\u00fcletet igaz\u00edtsd m\u00e1rk\u00e1d hangulat\u00e1hoz \u2013 matt a minimalista vonalakhoz, eleg\u00e1ns a luxushoz.<\/span><\/li>\n<\/ul>","protected":false},"excerpt":{"rendered":"<p>Borosty\u00e1nsz\u00edn\u0171 tinkt\u00far\u00e1s \u00fcvegek cseppent\u0151vel, sz\u00f3r\u00f3fejjel vagy pump\u00e1val. Ide\u00e1lis olajok, sz\u00e9rumok \u00e9s kivonatok saj\u00e1t m\u00e1rk\u00e1s, nagykereskedelmi \u00e9s OEM csomagol\u00e1s\u00e1hoz.<\/p>","protected":false},"featured_media":7490,"comment_status":"open","ping_status":"closed","template":"","meta":{"_acf_changed":false,"site-sidebar-layout":"default","site-content-layout":"","ast-site-content-layout":"default","site-content-style":"default","site-sidebar-style":"default","ast-global-header-display":"","ast-banner-title-visibility":"","ast-main-header-display":"","ast-hfb-above-header-display":"","ast-hfb-below-header-display":"","ast-hfb-mobile-header-display":"","site-post-title":"","ast-breadcrumbs-content":"","ast-featured-img":"","footer-sml-layout":"","ast-disable-related-posts":"","theme-transparent-header-meta":"default","adv-header-id-meta":"","stick-header-meta":"","header-above-stick-meta":"","header-main-stick-meta":"","header-below-stick-meta":"","astra-migrate-meta-layouts":"set","ast-page-background-enabled":"default","ast-page-background-meta":{"desktop":{"background-color":"var(--ast-global-color-5)","background-image":"","background-repeat":"repeat","background-position":"center center","background-size":"auto","background-attachment":"scroll","background-type":"","background-media":"","overlay-type":"","overlay-color":"","overlay-opacity":"","overlay-gradient":""},"tablet":{"background-color":"","background-image":"","background-repeat":"repeat","background-position":"center center","background-size":"auto","background-attachment":"scroll","background-type":"","background-media":"","overlay-type":"","overlay-color":"","overlay-opacity":"","overlay-gradient":""},"mobile":{"background-color":"","background-image":"","background-repeat":"repeat","background-position":"center center","background-size":"auto","background-attachment":"scroll","background-type":"","background-media":"","overlay-type":"","overlay-color":"","overlay-opacity":"","overlay-gradient":""}},"ast-content-background-meta":{"desktop":{"background-color":"var(--ast-global-color-4)","background-image":"","background-repeat":"repeat","background-position":"center center","background-size":"auto","background-attachment":"scroll","background-type":"","background-media":"","overlay-type":"","overlay-color":"","overlay-opacity":"","overlay-gradient":""},"tablet":{"background-color":"var(--ast-global-color-4)","background-image":"","background-repeat":"repeat","background-position":"center center","background-size":"auto","background-attachment":"scroll","background-type":"","background-media":"","overlay-type":"","overlay-color":"","overlay-opacity":"","overlay-gradient":""},"mobile":{"background-color":"var(--ast-global-color-4)","background-image":"","background-repeat":"repeat","background-position":"center center","background-size":"auto","background-attachment":"scroll","background-type":"","background-media":"","overlay-type":"","overlay-color":"","overlay-opacity":"","overlay-gradient":""}}},"product_brand":[],"product_cat":[59,62,72,57],"product_tag":[165,166],"class_list":{"0":"post-4779","1":"product","2":"type-product","3":"status-publish","4":"has-post-thumbnail","6":"product_cat-glass-dropper-bottles","7":"product_cat-cosmetic-containers","8":"product_cat-cosmetic-packaging","9":"product_cat-essential-oil-bottles","10":"product_tag-cosmetic-pump-dispenser","11":"product_tag-cosmetic-spray-bottles-wholesale","12":"desktop-align-left","13":"tablet-align-left","14":"mobile-align-left","16":"first","17":"instock","18":"shipping-taxable","19":"product-type-simple"},"acf":[],"jetpack_sharing_enabled":true,"_links":{"self":[{"href":"https:\/\/theperfumebottles.com\/hu\/wp-json\/wp\/v2\/product\/4779","targetHints":{"allow":["GET"]}}],"collection":[{"href":"https:\/\/theperfumebottles.com\/hu\/wp-json\/wp\/v2\/product"}],"about":[{"href":"https:\/\/theperfumebottles.com\/hu\/wp-json\/wp\/v2\/types\/product"}],"replies":[{"embeddable":true,"href":"https:\/\/theperfumebottles.com\/hu\/wp-json\/wp\/v2\/comments?post=4779"}],"wp:featuredmedia":[{"embeddable":true,"href":"https:\/\/theperfumebottles.com\/hu\/wp-json\/wp\/v2\/media\/7490"}],"wp:attachment":[{"href":"https:\/\/theperfumebottles.com\/hu\/wp-json\/wp\/v2\/media?parent=4779"}],"wp:term":[{"taxonomy":"product_brand","embeddable":true,"href":"https:\/\/theperfumebottles.com\/hu\/wp-json\/wp\/v2\/product_brand?post=4779"},{"taxonomy":"product_cat","embeddable":true,"href":"https:\/\/theperfumebottles.com\/hu\/wp-json\/wp\/v2\/product_cat?post=4779"},{"taxonomy":"product_tag","embeddable":true,"href":"https:\/\/theperfumebottles.com\/hu\/wp-json\/wp\/v2\/product_tag?post=4779"}],"curies":[{"name":"wp","href":"https:\/\/api.w.org\/{rel}","templated":true}]}}