{"id":4824,"date":"2025-07-23T15:48:46","date_gmt":"2025-07-23T07:48:46","guid":{"rendered":"https:\/\/theperfumebottles.com\/?post_type=product&#038;p=4824"},"modified":"2025-07-23T15:49:28","modified_gmt":"2025-07-23T07:49:28","slug":"1-oz-cosmetic-glass-jars-with-lids-small-cosmetic-containers-for-skincare-bulk","status":"publish","type":"product","link":"https:\/\/theperfumebottles.com\/hu\/termek\/1-oz-cosmetic-glass-jars-with-lids-small-cosmetic-containers-for-skincare-bulk\/","title":{"rendered":"28 g-os kozmetikai \u00fcvegek fed\u00e9llel \u2013 kis kozmetikai tart\u00e1lyok b\u0151r\u00e1pol\u00e1shoz, nagy t\u00e9telben"},"content":{"rendered":"<p><span class=\"highlights\" data-v-df95d256=\"\">Sz\u00fcks\u00e9ged van egy letisztult, funkcion\u00e1lis t\u00e1rol\u00f3ra a b\u0151r\u00e1pol\u00e1si vagy sz\u00e9ps\u00e9g\u00e1pol\u00e1si term\u00e9keidnek? Ezek a 28 ml-es, fedeles kozmetikai \u00fcvegek inspir\u00e1ci\u00f3t ny\u00fajtanak. <\/span><\/p>\n<h2><span class=\"highlights\" data-v-df95d256=\"\">F\u0151bb specifik\u00e1ci\u00f3k<\/span><\/h2>\n<table style=\"border-collapse: collapse; width: 588px; height: 159px; margin-left: 360px;\" border=\"0\" width=\"144\" cellspacing=\"0\" cellpadding=\"0\">\n<tbody>\n<tr style=\"height: 13.50pt;\">\n<td style=\"height: 13.50pt; width: 54.00pt;\" width=\"72\" height=\"18\">Jellemz\u0151<\/td>\n<td style=\"width: 54.00pt;\" width=\"72\">R\u00e9szlet<\/td>\n<\/tr>\n<tr style=\"height: 13.50pt;\">\n<td style=\"height: 13.50pt;\" height=\"18\">Kapacit\u00e1s<\/td>\n<td>30 ml (1 uncia)<\/td>\n<\/tr>\n<tr style=\"height: 13.50pt;\">\n<td style=\"height: 13.50pt;\" height=\"18\">Alak<\/td>\n<td>Egyenes oldal\u00fa<\/td>\n<\/tr>\n<tr style=\"height: 13.50pt;\">\n<td style=\"height: 13.50pt;\" height=\"18\">T\u00f6m\u00edt\u00e9s<\/td>\n<td>Menetes fed\u00e9l + m\u0171anyag kupak (testreszabhat\u00f3)<\/td>\n<\/tr>\n<tr style=\"height: 13.50pt;\">\n<td style=\"height: 13.50pt;\" height=\"18\">Anyag<\/td>\n<td>Vastag, \u00e1tl\u00e1tsz\u00f3 krist\u00e1ly\u00fcveg<\/td>\n<\/tr>\n<tr style=\"height: 13.50pt;\">\n<td style=\"height: 13.50pt;\" height=\"18\">Sz\u00ednbe\u00e1ll\u00edt\u00e1sok<\/td>\n<td>\u00c1tl\u00e1tsz\u00f3 (egyedi sz\u00ednek el\u00e9rhet\u0151k)<\/td>\n<\/tr>\n<tr style=\"height: 13.50pt;\">\n<td style=\"height: 13.50pt;\" height=\"18\">Haszn\u00e1lati esetek<\/td>\n<td>Ajakbalzsamok, test\u00e1pol\u00f3k, kr\u00e9mek csomagol\u00e1sa<\/td>\n<\/tr>\n<\/tbody>\n<\/table>\n<h2>Sikert\u00f6rt\u00e9net<\/h2>\n<p>Egy k\u00f6zepes m\u00e9ret\u0171, f\u00e9ny\u0171z\u0151 term\u00e9keket gy\u00e1rt\u00f3 v\u00e1llalat a mi 28 grammos, fedeles kozmetikai \u00fcvegt\u00e9gelyeinket v\u00e1lasztotta, amikor k\u00f6rnyezetbar\u00e1t ajakbalzsam-term\u00e9kcsal\u00e1dot dobott piacra. Az egyszer\u0171 kialak\u00edt\u00e1s \u00e9s az egyedi matt c\u00edmke seg\u00edtett nekik kit\u0171nni a versenypiacon. \u201eAz \u00fcveg kozmetikai csomagol\u00e1sra val\u00f3 \u00e1tt\u00e9r\u00e9s nemcsak a log\u00f3nk \u00e9rt\u00e9k\u00e9t er\u0151s\u00edtette, hanem 30%-kal cs\u00f6kkentette a visszak\u00fcld\u00e9si ar\u00e1nyunkat is\u201d \u2013 mondta az alap\u00edt\u00f3juk.<\/p>\n<h2>Testreszab\u00e1si tippek az \u00d6n sz\u00e1m\u00e1ra<\/h2>\n<ul>\n<li><strong>Sz\u00ednkiemel\u00e9s:<\/strong> Cser\u00e9ld le az \u00e1tl\u00e1tsz\u00f3 \u00fcveget pasztell \u00e1rnyalatokra, hogy egys\u00e9ges sz\u00e9ps\u00e9g\u00e1pol\u00e1si csomagol\u00e1spalett\u00e1t hozz l\u00e9tre.<\/li>\n<li><strong>C\u00edmke var\u00e1zslat:<\/strong> Haszn\u00e1lj matt vagy tiszta fel\u00fcleteket a kulcsfontoss\u00e1g\u00fa \u00f6sszetev\u0151k kiemel\u00e9s\u00e9hez.<\/li>\n<li><strong>K\u00f6rnyezettudatos fejleszt\u00e9sek:<\/strong>Adj fenntarthat\u00f3 csavart sz\u00e9ps\u00e9g\u00e1pol\u00e1si csomagol\u00e1sodhoz biol\u00f3giailag leboml\u00f3 c\u00edmk\u00e9k v\u00e1laszt\u00e1s\u00e1val.<\/li>\n<\/ul>","protected":false},"excerpt":{"rendered":"<p>A 28 g-os, fedeles kozmetikai \u00fcvegek ide\u00e1lisak b\u0151r\u00e1pol\u00e1si csomagol\u00e1shoz, nagykereskedelmi pr\u00e9mium kis kozmetikai tart\u00e1lyok egyedi opci\u00f3kkal. Sz\u00e1ll\u00edt\u00e1sra k\u00e9sz!<\/p>","protected":false},"featured_media":4828,"comment_status":"open","ping_status":"closed","template":"","meta":{"_acf_changed":false,"site-sidebar-layout":"default","site-content-layout":"","ast-site-content-layout":"default","site-content-style":"default","site-sidebar-style":"default","ast-global-header-display":"","ast-banner-title-visibility":"","ast-main-header-display":"","ast-hfb-above-header-display":"","ast-hfb-below-header-display":"","ast-hfb-mobile-header-display":"","site-post-title":"","ast-breadcrumbs-content":"","ast-featured-img":"","footer-sml-layout":"","ast-disable-related-posts":"","theme-transparent-header-meta":"default","adv-header-id-meta":"","stick-header-meta":"","header-above-stick-meta":"","header-main-stick-meta":"","header-below-stick-meta":"","astra-migrate-meta-layouts":"set","ast-page-background-enabled":"default","ast-page-background-meta":{"desktop":{"background-color":"var(--ast-global-color-5)","background-image":"","background-repeat":"repeat","background-position":"center center","background-size":"auto","background-attachment":"scroll","background-type":"","background-media":"","overlay-type":"","overlay-color":"","overlay-opacity":"","overlay-gradient":""},"tablet":{"background-color":"","background-image":"","background-repeat":"repeat","background-position":"center center","background-size":"auto","background-attachment":"scroll","background-type":"","background-media":"","overlay-type":"","overlay-color":"","overlay-opacity":"","overlay-gradient":""},"mobile":{"background-color":"","background-image":"","background-repeat":"repeat","background-position":"center center","background-size":"auto","background-attachment":"scroll","background-type":"","background-media":"","overlay-type":"","overlay-color":"","overlay-opacity":"","overlay-gradient":""}},"ast-content-background-meta":{"desktop":{"background-color":"var(--ast-global-color-4)","background-image":"","background-repeat":"repeat","background-position":"center center","background-size":"auto","background-attachment":"scroll","background-type":"","background-media":"","overlay-type":"","overlay-color":"","overlay-opacity":"","overlay-gradient":""},"tablet":{"background-color":"var(--ast-global-color-4)","background-image":"","background-repeat":"repeat","background-position":"center center","background-size":"auto","background-attachment":"scroll","background-type":"","background-media":"","overlay-type":"","overlay-color":"","overlay-opacity":"","overlay-gradient":""},"mobile":{"background-color":"var(--ast-global-color-4)","background-image":"","background-repeat":"repeat","background-position":"center center","background-size":"auto","background-attachment":"scroll","background-type":"","background-media":"","overlay-type":"","overlay-color":"","overlay-opacity":"","overlay-gradient":""}}},"product_brand":[],"product_cat":[72,62,56],"product_tag":[175,176],"class_list":{"0":"post-4824","1":"product","2":"type-product","3":"status-publish","4":"has-post-thumbnail","6":"product_cat-cosmetic-packaging","7":"product_cat-cosmetic-containers","8":"product_cat-cosmetic-jars","9":"product_tag-1-oz-cosmetic-glass-jars-with-lids","10":"product_tag-small-cosmetic-containers","11":"desktop-align-left","12":"tablet-align-left","13":"mobile-align-left","15":"first","16":"instock","17":"shipping-taxable","18":"product-type-simple"},"acf":[],"jetpack_sharing_enabled":true,"_links":{"self":[{"href":"https:\/\/theperfumebottles.com\/hu\/wp-json\/wp\/v2\/product\/4824","targetHints":{"allow":["GET"]}}],"collection":[{"href":"https:\/\/theperfumebottles.com\/hu\/wp-json\/wp\/v2\/product"}],"about":[{"href":"https:\/\/theperfumebottles.com\/hu\/wp-json\/wp\/v2\/types\/product"}],"replies":[{"embeddable":true,"href":"https:\/\/theperfumebottles.com\/hu\/wp-json\/wp\/v2\/comments?post=4824"}],"wp:featuredmedia":[{"embeddable":true,"href":"https:\/\/theperfumebottles.com\/hu\/wp-json\/wp\/v2\/media\/4828"}],"wp:attachment":[{"href":"https:\/\/theperfumebottles.com\/hu\/wp-json\/wp\/v2\/media?parent=4824"}],"wp:term":[{"taxonomy":"product_brand","embeddable":true,"href":"https:\/\/theperfumebottles.com\/hu\/wp-json\/wp\/v2\/product_brand?post=4824"},{"taxonomy":"product_cat","embeddable":true,"href":"https:\/\/theperfumebottles.com\/hu\/wp-json\/wp\/v2\/product_cat?post=4824"},{"taxonomy":"product_tag","embeddable":true,"href":"https:\/\/theperfumebottles.com\/hu\/wp-json\/wp\/v2\/product_tag?post=4824"}],"curies":[{"name":"wp","href":"https:\/\/api.w.org\/{rel}","templated":true}]}}