{"id":4829,"date":"2025-07-23T15:52:08","date_gmt":"2025-07-23T07:52:08","guid":{"rendered":"https:\/\/theperfumebottles.com\/?post_type=product&#038;p=4829"},"modified":"2026-03-27T14:56:33","modified_gmt":"2026-03-27T06:56:33","slug":"glass-cosmetic-packaging-containers-50ml-skincare-jars-wholesale","status":"publish","type":"product","link":"https:\/\/theperfumebottles.com\/hu\/termek\/glass-cosmetic-packaging-containers-50ml-skincare-jars-wholesale\/","title":{"rendered":"\u00dcveg kozmetikai csomagol\u00f3ed\u00e9nyek \u2013 50 ml-es b\u0151r\u00e1pol\u00f3 t\u00e9gelyek nagykereskedelemben"},"content":{"rendered":"<p>Ezek a kozmetikai csomagol\u00f3ed\u00e9nyek matt \u00fcvegb\u0151l, feh\u00e9r sz\u00edn\u0171b\u0151l \u00e9s sima f\u00e9m vagy ez\u00fcst sz\u00edn\u0171 fed\u00e9llel rendelkeznek. A sz\u00e9leik finoman vannak lekerek\u00edtve, \u00edgy t\u00f6k\u00e9letesek kr\u00e9mek, ajakbalzsamok \u00e9s luxus b\u0151r\u00e1pol\u00e1si term\u00e9kek bemutat\u00e1s\u00e1ra.<\/p>\n<h2>F\u0151bb specifik\u00e1ci\u00f3k<\/h2>\n<table style=\"border-collapse: collapse; width: 580px; height: 135px; margin-left: 360px;\" border=\"0\" width=\"144\" cellspacing=\"0\" cellpadding=\"0\">\n<tbody>\n<tr style=\"height: 13.50pt;\">\n<td style=\"height: 13.50pt; width: 54.00pt;\" width=\"72\" height=\"18\">Jellemz\u0151<\/td>\n<td style=\"width: 54.00pt;\" width=\"72\">R\u00e9szlet<\/td>\n<\/tr>\n<tr style=\"height: 13.50pt;\">\n<td style=\"height: 13.50pt;\" height=\"18\">Kapacit\u00e1s<\/td>\n<td>50 ml<\/td>\n<\/tr>\n<tr style=\"height: 13.50pt;\">\n<td style=\"height: 13.50pt;\" height=\"18\">Alak<\/td>\n<td>Kerek<\/td>\n<\/tr>\n<tr style=\"height: 13.50pt;\">\n<td style=\"height: 13.50pt;\" height=\"18\">T\u00f6m\u00edt\u00e9s<\/td>\n<td>Menetes + alum\u00ednium fed\u00e9l<\/td>\n<\/tr>\n<tr style=\"height: 13.50pt;\">\n<td style=\"height: 13.50pt;\" height=\"18\">Anyag<\/td>\n<td>\u00dcveg<\/td>\n<\/tr>\n<tr style=\"height: 13.50pt;\">\n<td style=\"height: 13.50pt;\" height=\"18\">Sz\u00ednek<\/td>\n<td>Matt \u00e1tl\u00e1tsz\u00f3 (egyedi opci\u00f3k)<\/td>\n<\/tr>\n<tr style=\"height: 13.50pt;\">\n<td style=\"height: 13.50pt;\" height=\"18\">Haszn\u00e1lati esetek<\/td>\n<td>Szemk\u00f6rny\u00e9k\u00e1pol\u00f3 kr\u00e9m, minta test\u00e1pol\u00f3 csomagol\u00e1s<\/td>\n<\/tr>\n<\/tbody>\n<\/table>\n<h2>Sikert\u00f6rt\u00e9net: Egy eur\u00f3pai b\u0151r\u00e1pol\u00e1si m\u00e1rka arculatv\u00e1lt\u00e1sa<\/h2>\n<p>50 ml-es matt \u00fcveg kozmetikai csomagol\u00e1sunkat egy eur\u00f3pai b\u0151r\u00e1pol\u00e1si m\u00e1rka v\u00e1lasztotta, az ez\u00fcst fedelet pedig sz\u00e1lcsiszolt fel\u00fclettel \u00e9s a m\u00e1rka log\u00f3j\u00e1val dombor\u00edtott\u00e1k. A fedett fel\u00fclet 40%-kal cs\u00f6kkentette a f\u00e9nynek val\u00f3 kitetts\u00e9get. A csomagol\u00e1s tapint\u00e1si \u00e9rzet\u00e9t 60 ponttal jav\u00edtott\u00e1k a v\u00e1s\u00e1rl\u00f3i el\u00e9gedetts\u00e9g ter\u00e9n. A m\u00e1rka nagyon sikeres volt, \u00e9s k\u00e9s\u0151bb \u00fajabb 300 000 t\u00e9gelyes t\u00e9telt rendelt \u00faj sz\u00e9rum- \u00e9s szemk\u00f6rny\u00e9k\u00e1pol\u00f3 term\u00e9kcsal\u00e1dj\u00e1b\u00f3l.<\/p>\n<h2>Testreszab\u00e1si tippek<\/h2>\n<ul>\n<li><strong>Keverd \u00e9s p\u00e1ros\u00edtsd:<\/strong> P\u00e1ros\u00edtsa ezeket az \u00fcvegeket finom permetez\u0151kkel egy koherens k\u00f6teghez.<\/li>\n<li><strong>C\u00edmke Like a Pro:<\/strong> Haszn\u00e1ljon dombornyomott sz\u00f6veget vagy holografikus d\u00edsz\u00edt\u00e9seket, hogy a kont\u00e9ner kit\u0171nj\u00f6n a kezd\u0151lapon.<\/li>\n<li><strong>Z\u00f6ld\u00fclj!<\/strong>Adj k\u00f6rnyezetbar\u00e1t csavart az \u00fcvegeidhez magpap\u00edr c\u00edmk\u00e9k haszn\u00e1lat\u00e1val \u2013 az \u00fcgyfelek haszn\u00e1lat ut\u00e1n el\u00fcltethetik \u0151ket vadvir\u00e1gok vagy gy\u00f3gyn\u00f6v\u00e9nyek termeszt\u00e9s\u00e9hez.<\/li>\n<\/ul>","protected":false},"excerpt":{"rendered":"<p>50 ml-es \u00fcveg kozmetikai csomagol\u00e1s ez\u00fcst tet\u0151vel a pr\u00e9mium sz\u00e9ps\u00e9g\u00e1pol\u00e1si term\u00e9kek csomagol\u00e1s\u00e1hoz. Ide\u00e1lis szemk\u00f6rny\u00e9k\u00e1pol\u00f3 kr\u00e9mek, mintacsomagol\u00e1sok \u00e9s kozmetikai term\u00e9kek csomagol\u00e1s\u00e1hoz. Sz\u00e1ll\u00edt\u00e1sra k\u00e9sz!<\/p>","protected":false},"featured_media":4830,"comment_status":"open","ping_status":"closed","template":"","meta":{"_acf_changed":false,"site-sidebar-layout":"default","site-content-layout":"","ast-site-content-layout":"default","site-content-style":"default","site-sidebar-style":"default","ast-global-header-display":"","ast-banner-title-visibility":"","ast-main-header-display":"","ast-hfb-above-header-display":"","ast-hfb-below-header-display":"","ast-hfb-mobile-header-display":"","site-post-title":"","ast-breadcrumbs-content":"","ast-featured-img":"","footer-sml-layout":"","ast-disable-related-posts":"","theme-transparent-header-meta":"default","adv-header-id-meta":"","stick-header-meta":"","header-above-stick-meta":"","header-main-stick-meta":"","header-below-stick-meta":"","astra-migrate-meta-layouts":"set","ast-page-background-enabled":"default","ast-page-background-meta":{"desktop":{"background-color":"var(--ast-global-color-5)","background-image":"","background-repeat":"repeat","background-position":"center center","background-size":"auto","background-attachment":"scroll","background-type":"","background-media":"","overlay-type":"","overlay-color":"","overlay-opacity":"","overlay-gradient":""},"tablet":{"background-color":"","background-image":"","background-repeat":"repeat","background-position":"center center","background-size":"auto","background-attachment":"scroll","background-type":"","background-media":"","overlay-type":"","overlay-color":"","overlay-opacity":"","overlay-gradient":""},"mobile":{"background-color":"","background-image":"","background-repeat":"repeat","background-position":"center center","background-size":"auto","background-attachment":"scroll","background-type":"","background-media":"","overlay-type":"","overlay-color":"","overlay-opacity":"","overlay-gradient":""}},"ast-content-background-meta":{"desktop":{"background-color":"var(--ast-global-color-4)","background-image":"","background-repeat":"repeat","background-position":"center center","background-size":"auto","background-attachment":"scroll","background-type":"","background-media":"","overlay-type":"","overlay-color":"","overlay-opacity":"","overlay-gradient":""},"tablet":{"background-color":"var(--ast-global-color-4)","background-image":"","background-repeat":"repeat","background-position":"center center","background-size":"auto","background-attachment":"scroll","background-type":"","background-media":"","overlay-type":"","overlay-color":"","overlay-opacity":"","overlay-gradient":""},"mobile":{"background-color":"var(--ast-global-color-4)","background-image":"","background-repeat":"repeat","background-position":"center center","background-size":"auto","background-attachment":"scroll","background-type":"","background-media":"","overlay-type":"","overlay-color":"","overlay-opacity":"","overlay-gradient":""}}},"product_brand":[],"product_cat":[56,62,72],"product_tag":[178,177],"class_list":{"0":"post-4829","1":"product","2":"type-product","3":"status-publish","4":"has-post-thumbnail","6":"product_cat-cosmetic-jars","7":"product_cat-cosmetic-containers","8":"product_cat-cosmetic-packaging","9":"product_tag-cosmetic-packaging-containers","10":"product_tag-glass-cosmetic-packaging","11":"desktop-align-left","12":"tablet-align-left","13":"mobile-align-left","15":"first","16":"instock","17":"shipping-taxable","18":"product-type-simple"},"acf":[],"jetpack_sharing_enabled":true,"_links":{"self":[{"href":"https:\/\/theperfumebottles.com\/hu\/wp-json\/wp\/v2\/product\/4829","targetHints":{"allow":["GET"]}}],"collection":[{"href":"https:\/\/theperfumebottles.com\/hu\/wp-json\/wp\/v2\/product"}],"about":[{"href":"https:\/\/theperfumebottles.com\/hu\/wp-json\/wp\/v2\/types\/product"}],"replies":[{"embeddable":true,"href":"https:\/\/theperfumebottles.com\/hu\/wp-json\/wp\/v2\/comments?post=4829"}],"wp:featuredmedia":[{"embeddable":true,"href":"https:\/\/theperfumebottles.com\/hu\/wp-json\/wp\/v2\/media\/4830"}],"wp:attachment":[{"href":"https:\/\/theperfumebottles.com\/hu\/wp-json\/wp\/v2\/media?parent=4829"}],"wp:term":[{"taxonomy":"product_brand","embeddable":true,"href":"https:\/\/theperfumebottles.com\/hu\/wp-json\/wp\/v2\/product_brand?post=4829"},{"taxonomy":"product_cat","embeddable":true,"href":"https:\/\/theperfumebottles.com\/hu\/wp-json\/wp\/v2\/product_cat?post=4829"},{"taxonomy":"product_tag","embeddable":true,"href":"https:\/\/theperfumebottles.com\/hu\/wp-json\/wp\/v2\/product_tag?post=4829"}],"curies":[{"name":"wp","href":"https:\/\/api.w.org\/{rel}","templated":true}]}}