{"id":4861,"date":"2025-07-24T17:38:18","date_gmt":"2025-07-24T09:38:18","guid":{"rendered":"https:\/\/theperfumebottles.com\/?post_type=product&#038;p=4861"},"modified":"2026-04-01T14:02:53","modified_gmt":"2026-04-01T06:02:53","slug":"cream-storage-jars-empty-skincare-containers-wholesale","status":"publish","type":"product","link":"https:\/\/theperfumebottles.com\/hu\/termek\/cream-storage-jars-empty-skincare-containers-wholesale\/","title":{"rendered":"28 g-os kr\u00e9mt\u00e1rol\u00f3 \u00fcvegek \u2013 \u00dcres b\u0151r\u00e1pol\u00f3 tart\u00e1lyok nagykereskedelme"},"content":{"rendered":"<p>A kr\u00e9mt\u00e1rol\u00f3 \u00fcvegek kompakt, hengeres kialak\u00edt\u00e1s\u00faak, \u00e9s k\u00e9tf\u00e9le \u00fcvegv\u00e1ltozatban kaphat\u00f3k: l\u00e1gy matt \u00fcveg \u00e9s krist\u00e1lytiszta \u00fcveg. A matt \u00fcveg ez\u00fcst f\u00e9m csavaros kupakkal, m\u00edg az \u00e1tl\u00e1tsz\u00f3 \u00fcveg arany f\u00e9m kupakkal rendelkezik.<\/p>\n<h2><span class=\"highlights\" data-v-df95d256=\"\">F\u0151bb specifik\u00e1ci\u00f3k <\/span><\/h2>\n<table style=\"border-collapse: collapse; width: 600px; height: 81px; margin-left: 320px;\" border=\"0\" width=\"144\" cellspacing=\"0\" cellpadding=\"0\">\n<tbody>\n<tr style=\"height: 13.50pt;\">\n<td style=\"height: 13.50pt; width: 54.00pt;\" width=\"72\" height=\"18\">Jellemz\u0151<\/td>\n<td style=\"width: 54.00pt;\" width=\"72\">R\u00e9szlet<\/td>\n<\/tr>\n<tr style=\"height: 13.50pt;\">\n<td style=\"height: 13.50pt;\" height=\"18\">Kapacit\u00e1s<\/td>\n<td>30 ml (1 uncia)<\/td>\n<\/tr>\n<tr style=\"height: 13.50pt;\">\n<td style=\"height: 13.50pt;\" height=\"18\">Alak<\/td>\n<td>Egyenes oldal\u00fa<\/td>\n<\/tr>\n<tr style=\"height: 13.50pt;\">\n<td style=\"height: 13.50pt;\" height=\"18\">T\u00f6m\u00edt\u0151mechanizmus<\/td>\n<td>Menetes f\u00e9m fed\u00e9l (testreszabhat\u00f3)<\/td>\n<\/tr>\n<tr style=\"height: 13.50pt;\">\n<td style=\"height: 13.50pt;\" height=\"18\">Anyag<\/td>\n<td>Krist\u00e1ly\u00fcveg<\/td>\n<\/tr>\n<tr style=\"height: 13.50pt;\">\n<td style=\"height: 13.50pt;\" height=\"18\">Sz\u00edn<\/td>\n<td>Deres<\/td>\n<\/tr>\n<tr style=\"height: 13.50pt;\">\n<td style=\"height: 13.50pt;\" height=\"18\">Haszn\u00e1lati esetek<\/td>\n<td>Arckr\u00e9m, Testkr\u00e9m, Szemkr\u00e9m, Ajak\u00e1pol\u00f3<\/td>\n<\/tr>\n<\/tbody>\n<\/table>\n<h2>Sikert\u00f6rt\u00e9net: Egyedi megrendel\u00e9s egy luxus b\u0151r\u00e1pol\u00e1si m\u00e1rk\u00e1t\u00f3l, Egyes\u00fclt Arab Em\u00edrs\u00e9gekb\u0151l<\/h2>\n<p>Egy dubaji b\u0151r\u00e1pol\u00e1si m\u00e1rka a mi 50 ml-es \u00fcres b\u0151r\u00e1pol\u00f3 dobozainkat \u00e9s az egyedi, 24 kar\u00e1tos arannyal \u00e9s roz\u00e9arannyal bevont ez\u00fcst kupakjainkat v\u00e1lasztotta. Az eredm\u00e9ny leny\u0171g\u00f6z\u0151 volt, mivel a nemesf\u00e9m t\u00e9ma illeszkedett a m\u00e1rka luxus pozicion\u00e1l\u00e1s\u00e1hoz, ami 60%-kal n\u00f6velte az \u00fcnnepi szezonban eladott aj\u00e1nd\u00e9kdobozok mennyis\u00e9g\u00e9t. A l\u00e9gmentesen z\u00e1r\u00f3d\u00f3 f\u00e9mkupakok 30%-kal meghosszabb\u00edtott\u00e1k a n\u00f6v\u00e9nyi alap\u00fa kr\u00e9mek eltarthat\u00f3s\u00e1g\u00e1t. A m\u00e1rka hatalmas sikere tov\u00e1bbi 300 000 t\u00e9gely megrendel\u00e9s\u00e9hez vezetett egy \u00faj arc\u00e1pol\u00f3 olaj- \u00e9s sz\u00e9rumcsal\u00e1d el\u0151\u00e1ll\u00edt\u00e1s\u00e1hoz.<\/p>\n<h2><span class=\"highlights\" data-v-df95d256=\"\"> Testreszab\u00e1si tipp<\/span><\/h2>\n<ul>\n<li><span class=\"highlights\" data-v-df95d256=\"\"><strong>Sz\u00ednv\u00e1laszt\u00e9k:<\/strong> Szezon\u00e1lis kollekci\u00f3kban a matt \u00fcveget cser\u00e9lje \u00e1tl\u00e1tsz\u00f3ra vagy borosty\u00e1nsz\u00edn\u0171re. <\/span><\/li>\n<li><span class=\"highlights\" data-v-df95d256=\"\"><strong>Fed\u00e9l fejleszt\u00e9sek:<\/strong> M\u00e1gneses z\u00e1rral p\u00e1ros\u00edthatod a palackot egy els\u0151 oszt\u00e1ly\u00fa \u00e9lm\u00e9ny\u00e9rt. <\/span><\/li>\n<li><span class=\"highlights\" data-v-df95d256=\"\"><strong>K\u00f6rnyezetbar\u00e1t csavar:<\/strong> P\u00e1ros\u00edtsd az \u00fcres b\u0151r\u00e1pol\u00e1si csomagol\u00f3dobozokat biol\u00f3giailag leboml\u00f3 c\u00edmk\u00e9kkel vagy n\u00f6v\u00e9nyi alap\u00fa tint\u00e1kkal, hogy \u00f6sszhangban legy\u00e9l a fenntarthat\u00f3 sz\u00e9ps\u00e9g\u00e1pol\u00e1si csomagol\u00e1sfejleszt\u00e9sekkel.<\/span><\/li>\n<\/ul>","protected":false},"excerpt":{"rendered":"<p>Pr\u00e9mium kr\u00e9mt\u00e1rol\u00f3 t\u00e9gelyek matt \u00e9s \u00e1tl\u00e1tsz\u00f3 \u00fcvegben. \u00dcres b\u0151r\u00e1pol\u00f3 dobozok arany \u00e9s ez\u00fcst fed\u00e9llel, t\u00f6k\u00e9letesek luxus kozmetikai csomagol\u00e1shoz. Ingyenes mint\u00e1k.<\/p>","protected":false},"featured_media":4862,"comment_status":"open","ping_status":"closed","template":"","meta":{"_acf_changed":false,"site-sidebar-layout":"default","site-content-layout":"","ast-site-content-layout":"default","site-content-style":"default","site-sidebar-style":"default","ast-global-header-display":"","ast-banner-title-visibility":"","ast-main-header-display":"","ast-hfb-above-header-display":"","ast-hfb-below-header-display":"","ast-hfb-mobile-header-display":"","site-post-title":"","ast-breadcrumbs-content":"","ast-featured-img":"","footer-sml-layout":"","ast-disable-related-posts":"","theme-transparent-header-meta":"default","adv-header-id-meta":"","stick-header-meta":"","header-above-stick-meta":"","header-main-stick-meta":"","header-below-stick-meta":"","astra-migrate-meta-layouts":"set","ast-page-background-enabled":"default","ast-page-background-meta":{"desktop":{"background-color":"var(--ast-global-color-5)","background-image":"","background-repeat":"repeat","background-position":"center center","background-size":"auto","background-attachment":"scroll","background-type":"","background-media":"","overlay-type":"","overlay-color":"","overlay-opacity":"","overlay-gradient":""},"tablet":{"background-color":"","background-image":"","background-repeat":"repeat","background-position":"center center","background-size":"auto","background-attachment":"scroll","background-type":"","background-media":"","overlay-type":"","overlay-color":"","overlay-opacity":"","overlay-gradient":""},"mobile":{"background-color":"","background-image":"","background-repeat":"repeat","background-position":"center center","background-size":"auto","background-attachment":"scroll","background-type":"","background-media":"","overlay-type":"","overlay-color":"","overlay-opacity":"","overlay-gradient":""}},"ast-content-background-meta":{"desktop":{"background-color":"var(--ast-global-color-4)","background-image":"","background-repeat":"repeat","background-position":"center center","background-size":"auto","background-attachment":"scroll","background-type":"","background-media":"","overlay-type":"","overlay-color":"","overlay-opacity":"","overlay-gradient":""},"tablet":{"background-color":"var(--ast-global-color-4)","background-image":"","background-repeat":"repeat","background-position":"center center","background-size":"auto","background-attachment":"scroll","background-type":"","background-media":"","overlay-type":"","overlay-color":"","overlay-opacity":"","overlay-gradient":""},"mobile":{"background-color":"var(--ast-global-color-4)","background-image":"","background-repeat":"repeat","background-position":"center center","background-size":"auto","background-attachment":"scroll","background-type":"","background-media":"","overlay-type":"","overlay-color":"","overlay-opacity":"","overlay-gradient":""}}},"product_brand":[],"product_cat":[56,62,72],"product_tag":[181,182],"class_list":{"0":"post-4861","1":"product","2":"type-product","3":"status-publish","4":"has-post-thumbnail","6":"product_cat-cosmetic-jars","7":"product_cat-cosmetic-containers","8":"product_cat-cosmetic-packaging","9":"product_tag-cream-storage-jars","10":"product_tag-empty-skincare-containers","11":"desktop-align-left","12":"tablet-align-left","13":"mobile-align-left","15":"first","16":"instock","17":"shipping-taxable","18":"product-type-simple"},"acf":[],"jetpack_sharing_enabled":true,"_links":{"self":[{"href":"https:\/\/theperfumebottles.com\/hu\/wp-json\/wp\/v2\/product\/4861","targetHints":{"allow":["GET"]}}],"collection":[{"href":"https:\/\/theperfumebottles.com\/hu\/wp-json\/wp\/v2\/product"}],"about":[{"href":"https:\/\/theperfumebottles.com\/hu\/wp-json\/wp\/v2\/types\/product"}],"replies":[{"embeddable":true,"href":"https:\/\/theperfumebottles.com\/hu\/wp-json\/wp\/v2\/comments?post=4861"}],"wp:featuredmedia":[{"embeddable":true,"href":"https:\/\/theperfumebottles.com\/hu\/wp-json\/wp\/v2\/media\/4862"}],"wp:attachment":[{"href":"https:\/\/theperfumebottles.com\/hu\/wp-json\/wp\/v2\/media?parent=4861"}],"wp:term":[{"taxonomy":"product_brand","embeddable":true,"href":"https:\/\/theperfumebottles.com\/hu\/wp-json\/wp\/v2\/product_brand?post=4861"},{"taxonomy":"product_cat","embeddable":true,"href":"https:\/\/theperfumebottles.com\/hu\/wp-json\/wp\/v2\/product_cat?post=4861"},{"taxonomy":"product_tag","embeddable":true,"href":"https:\/\/theperfumebottles.com\/hu\/wp-json\/wp\/v2\/product_tag?post=4861"}],"curies":[{"name":"wp","href":"https:\/\/api.w.org\/{rel}","templated":true}]}}