{"id":4911,"date":"2025-07-25T17:51:40","date_gmt":"2025-07-25T09:51:40","guid":{"rendered":"https:\/\/theperfumebottles.com\/?post_type=product&#038;p=4911"},"modified":"2026-05-05T13:15:47","modified_gmt":"2026-05-05T05:15:47","slug":"beauty-cream-jars-with-lids-for-cosmetic-wholesale","status":"publish","type":"product","link":"https:\/\/theperfumebottles.com\/hu\/termek\/beauty-cream-jars-with-lids-for-cosmetic-wholesale\/","title":{"rendered":"5g \u2013 80g Beauty Cream Jars with Lids for Cosmetic Wholesale"},"content":{"rendered":"<p>Ezek a sz\u00e9ps\u00e9gkr\u00e9mes t\u00e9gelyek hengeres kialak\u00edt\u00e1s\u00faak, gazdag borosty\u00e1nsz\u00edn\u0171 \u00fcvegb\u0151l k\u00e9sz\u00fcltek, fekete f\u00e9nyes tetejjel. K\u00fcl\u00f6nb\u00f6z\u0151 m\u00e9retekben kaphat\u00f3k, a kis mintatart\u00f3kt\u00f3l a nagy \u00e9s nagy kapacit\u00e1s\u00fa tart\u00e1lyokig.<\/p>\n<h2>F\u0151bb specifik\u00e1ci\u00f3k<\/h2>\n<p>&nbsp;<\/p>\n<table style=\"border-collapse: collapse; width: 80%; height: 131px; margin-left: auto; margin-right: auto;\" border=\"0\" width=\"144\" cellspacing=\"0\" cellpadding=\"0\">\n<tbody>\n<tr style=\"height: 13.50pt;\">\n<td style=\"height: 13.5pt; width: 54pt; text-align: center;\" width=\"72\" height=\"18\">Attrib\u00fatum<\/td>\n<td style=\"width: 54pt; text-align: center;\" width=\"72\">R\u00e9szletek<\/td>\n<\/tr>\n<tr style=\"height: 13.50pt;\">\n<td style=\"height: 13.5pt; text-align: center;\" height=\"18\">Capacity(g)<\/td>\n<td style=\"text-align: center;\">5, 8, 15, 30, 40, 50, 80<\/td>\n<\/tr>\n<tr style=\"height: 13.50pt;\">\n<td style=\"height: 13.5pt; text-align: center;\" height=\"18\">T\u00f6m\u00edt\u0151mechanizmus<\/td>\n<td style=\"text-align: center;\">Menetes nyak + f\u00e9m fed\u00e9l (testreszabhat\u00f3)<\/td>\n<\/tr>\n<tr style=\"height: 13.50pt;\">\n<td style=\"height: 13.5pt; text-align: center;\" height=\"18\">Alak<\/td>\n<td style=\"text-align: center;\">Kerek<\/td>\n<\/tr>\n<tr style=\"height: 13.50pt;\">\n<td style=\"height: 13.5pt; text-align: center;\" height=\"18\">Anyag<\/td>\n<td style=\"text-align: center;\">Krist\u00e1ly\u00fcveg<\/td>\n<\/tr>\n<tr style=\"height: 13.50pt;\">\n<td style=\"height: 13.5pt; text-align: center;\" height=\"18\">Sz\u00edn<\/td>\n<td style=\"text-align: center;\">Borosty\u00e1n (egyedi sz\u00ednek el\u00e9rhet\u0151k)<\/td>\n<\/tr>\n<tr style=\"height: 13.50pt;\">\n<td style=\"height: 13.5pt; text-align: center;\" height=\"18\">Haszn\u00e1lati eset<\/td>\n<td style=\"text-align: center;\">Szemk\u00f6rny\u00e9k\u00e1pol\u00f3 kr\u00e9m, maszk, ken\u0151cs csomagol\u00e1s<\/td>\n<\/tr>\n<\/tbody>\n<\/table>\n<h2>Sikert\u00f6rt\u00e9net<\/h2>\n<p>Egy eg\u00e9szs\u00e9g\u00fcgyi b\u0151r\u00e1pol\u00e1si v\u00e1llalat a 15 g-os, 30 g-os, 50 g-os \u00e9s 80 g-os, lekerek\u00edtett tetej\u0171, borosty\u00e1nsz\u00edn\u0171 kozmetikai t\u00e9gelyeinket v\u00e1lasztotta, \u00e9s rendel\u00e9sre szitanyom\u00e1ssal, l\u00e9p\u00e9ssz\u00e1mokkal (1-4) \u00e9s biztons\u00e1gi z\u00e1rral l\u00e1tt\u00e1k el \u0151ket. A l\u00e9tfontoss\u00e1g\u00fa UV-v\u00e9delem 40-nel n\u00f6velte a formula eltarthat\u00f3s\u00e1g\u00e1t. Ez az \u00e1tfog\u00f3 \u00e1pol\u00e1si rendszer 30%-os n\u00f6veked\u00e9st eredm\u00e9nyezett azoknak az embereknek a sz\u00e1m\u00e1ban, akik a teljes k\u00e9szletet megv\u00e1s\u00e1rolt\u00e1k egyetlen term\u00e9k v\u00e1s\u00e1rl\u00e1s\u00e1hoz k\u00e9pest. A m\u00e1rka sikere eredm\u00e9nyek\u00e9nt a m\u00e1rka tov\u00e1bbi 1,5 milli\u00f3 t\u00e9gelyt rendelt \u00faj m\u0171t\u00e9t ut\u00e1ni \u00e1pol\u00e1si term\u00e9kcsal\u00e1dj\u00e1nak \u00e9s f\u00e9nyv\u00e9d\u0151j\u00e9nek csomagol\u00e1s\u00e1ra.<\/p>\n<h2>Testreszab\u00e1si tippek<\/h2>\n<ul>\n<li><strong>Sz\u00ednkontraszt:<\/strong> P\u00e1ros\u00edtsd a borosty\u00e1nsz\u00edn\u0171 \u00fcveget arany vagy feh\u00e9r c\u00edmk\u00e9kkel a cs\u00facsmin\u0151s\u00e9g\u0171 megjelen\u00e9s \u00e9rdek\u00e9ben.<\/li>\n<li><strong>Finom permet kompatibilit\u00e1s:<\/strong> Adjon hozz\u00e1 pump\u00e1t vagy cseppent\u0151t az adott szoftverhez.<\/li>\n<li><strong>Text\u00fara \u00e9s tapinthat\u00f3 kialak\u00edt\u00e1s:<\/strong> Dombornyomott mint\u00e1kat vagy kiemelked\u0151 text\u00far\u00e1kat adhat az \u00fcveged\u00e9nyhez a fog\u00e1s fokoz\u00e1sa \u00e9s a vizu\u00e1lis var\u00e1zslat fokoz\u00e1sa \u00e9rdek\u00e9ben.<\/li>\n<\/ul>","protected":false},"excerpt":{"rendered":"<p data-spm-anchor-id=\"5176.28103460.0.i4.29ab1db8t1fv9E\">5-80 grammos borosty\u00e1nsz\u00edn\u0171 \u00fcvegb\u0151l k\u00e9sz\u00fclt sz\u00e9ps\u00e9gkr\u00e9mes t\u00e9gelyek, eleg\u00e1ns fekete fed\u00e9llel. A kozmetikai t\u00e9gelyek fed\u00e9llel biztos\u00edtj\u00e1k az UV-v\u00e9delmet \u00e9s a frissess\u00e9get. Ingyenes mint\u00e1k kaphat\u00f3k.<\/p>","protected":false},"featured_media":7784,"comment_status":"open","ping_status":"closed","template":"","meta":{"_acf_changed":false,"site-sidebar-layout":"default","site-content-layout":"","ast-site-content-layout":"default","site-content-style":"default","site-sidebar-style":"default","ast-global-header-display":"","ast-banner-title-visibility":"","ast-main-header-display":"","ast-hfb-above-header-display":"","ast-hfb-below-header-display":"","ast-hfb-mobile-header-display":"","site-post-title":"","ast-breadcrumbs-content":"","ast-featured-img":"","footer-sml-layout":"","ast-disable-related-posts":"","theme-transparent-header-meta":"default","adv-header-id-meta":"","stick-header-meta":"","header-above-stick-meta":"","header-main-stick-meta":"","header-below-stick-meta":"","astra-migrate-meta-layouts":"set","ast-page-background-enabled":"default","ast-page-background-meta":{"desktop":{"background-color":"var(--ast-global-color-5)","background-image":"","background-repeat":"repeat","background-position":"center center","background-size":"auto","background-attachment":"scroll","background-type":"","background-media":"","overlay-type":"","overlay-color":"","overlay-opacity":"","overlay-gradient":""},"tablet":{"background-color":"","background-image":"","background-repeat":"repeat","background-position":"center center","background-size":"auto","background-attachment":"scroll","background-type":"","background-media":"","overlay-type":"","overlay-color":"","overlay-opacity":"","overlay-gradient":""},"mobile":{"background-color":"","background-image":"","background-repeat":"repeat","background-position":"center center","background-size":"auto","background-attachment":"scroll","background-type":"","background-media":"","overlay-type":"","overlay-color":"","overlay-opacity":"","overlay-gradient":""}},"ast-content-background-meta":{"desktop":{"background-color":"var(--ast-global-color-4)","background-image":"","background-repeat":"repeat","background-position":"center center","background-size":"auto","background-attachment":"scroll","background-type":"","background-media":"","overlay-type":"","overlay-color":"","overlay-opacity":"","overlay-gradient":""},"tablet":{"background-color":"var(--ast-global-color-4)","background-image":"","background-repeat":"repeat","background-position":"center center","background-size":"auto","background-attachment":"scroll","background-type":"","background-media":"","overlay-type":"","overlay-color":"","overlay-opacity":"","overlay-gradient":""},"mobile":{"background-color":"var(--ast-global-color-4)","background-image":"","background-repeat":"repeat","background-position":"center center","background-size":"auto","background-attachment":"scroll","background-type":"","background-media":"","overlay-type":"","overlay-color":"","overlay-opacity":"","overlay-gradient":""}}},"product_brand":[],"product_cat":[56,62,72],"product_tag":[189,190],"class_list":{"0":"post-4911","1":"product","2":"type-product","3":"status-publish","4":"has-post-thumbnail","6":"product_cat-cosmetic-jars","7":"product_cat-cosmetic-containers","8":"product_cat-cosmetic-packaging","9":"product_tag-beauty-cream-jar","10":"product_tag-cosmetic-pots-with-lids","11":"desktop-align-left","12":"tablet-align-left","13":"mobile-align-left","15":"first","16":"instock","17":"shipping-taxable","18":"product-type-simple"},"acf":[],"jetpack_sharing_enabled":true,"_links":{"self":[{"href":"https:\/\/theperfumebottles.com\/hu\/wp-json\/wp\/v2\/product\/4911","targetHints":{"allow":["GET"]}}],"collection":[{"href":"https:\/\/theperfumebottles.com\/hu\/wp-json\/wp\/v2\/product"}],"about":[{"href":"https:\/\/theperfumebottles.com\/hu\/wp-json\/wp\/v2\/types\/product"}],"replies":[{"embeddable":true,"href":"https:\/\/theperfumebottles.com\/hu\/wp-json\/wp\/v2\/comments?post=4911"}],"wp:featuredmedia":[{"embeddable":true,"href":"https:\/\/theperfumebottles.com\/hu\/wp-json\/wp\/v2\/media\/7784"}],"wp:attachment":[{"href":"https:\/\/theperfumebottles.com\/hu\/wp-json\/wp\/v2\/media?parent=4911"}],"wp:term":[{"taxonomy":"product_brand","embeddable":true,"href":"https:\/\/theperfumebottles.com\/hu\/wp-json\/wp\/v2\/product_brand?post=4911"},{"taxonomy":"product_cat","embeddable":true,"href":"https:\/\/theperfumebottles.com\/hu\/wp-json\/wp\/v2\/product_cat?post=4911"},{"taxonomy":"product_tag","embeddable":true,"href":"https:\/\/theperfumebottles.com\/hu\/wp-json\/wp\/v2\/product_tag?post=4911"}],"curies":[{"name":"wp","href":"https:\/\/api.w.org\/{rel}","templated":true}]}}