{"id":4917,"date":"2025-07-25T17:53:13","date_gmt":"2025-07-25T09:53:13","guid":{"rendered":"https:\/\/theperfumebottles.com\/?post_type=product&#038;p=4917"},"modified":"2025-08-01T11:52:21","modified_gmt":"2025-08-01T03:52:21","slug":"empty-cream-container-glass-cosmetic-containers-wholesale","status":"publish","type":"product","link":"https:\/\/theperfumebottles.com\/hu\/termek\/empty-cream-container-glass-cosmetic-containers-wholesale\/","title":{"rendered":"2oz 4oz 8oz \u00fcres kr\u00e9mtart\u00f3 \u2013 \u00dcveg kozmetikai tart\u00e1lyok nagykereskedelme"},"content":{"rendered":"<p><span class=\"highlights\" data-v-df95d256=\"\">\u00dcveg kozmetikai tart\u00e1lyokra van sz\u00fcks\u00e9ge, amelyek \u00f6tv\u00f6zik a funkcionalit\u00e1st az eleganci\u00e1val? Ezek az \u00fcres kr\u00e9mtart\u00f3k b\u0151r\u00e1pol\u00e1si m\u00e1rk\u00e1k \u00e9s kozmetikai csomagol\u00f3anyagok besz\u00e1ll\u00edt\u00f3i sz\u00e1m\u00e1ra k\u00e9sz\u00fcltek, akik maradand\u00f3 benyom\u00e1st szeretn\u00e9nek kelteni.<\/span><\/p>\n<h2><span class=\"highlights\" data-v-df95d256=\"\">F\u0151bb specifik\u00e1ci\u00f3k<\/span><\/h2>\n<p>&nbsp;<\/p>\n<table style=\"border-collapse: collapse;width: 80%;height: 5px;margin-left: auto;margin-right: auto\" border=\"0\" width=\"144\" cellspacing=\"0\" cellpadding=\"0\">\n<tbody>\n<tr style=\"height: 13.50pt\">\n<td style=\"height: 13.50pt;width: 54.00pt\" width=\"72\" height=\"18\">Attrib\u00fatum<\/td>\n<td style=\"width: 54.00pt\" width=\"72\">R\u00e9szletek<\/td>\n<\/tr>\n<tr style=\"height: 13.50pt\">\n<td style=\"height: 13.50pt\" height=\"18\">Kapacit\u00e1s<\/td>\n<td>2oz, 4oz, 8oz<\/td>\n<\/tr>\n<tr style=\"height: 13.50pt\">\n<td style=\"height: 13.50pt\" height=\"18\">T\u00f6m\u00edt\u0151mechanizmus<\/td>\n<td>Menetes nyak + m\u0171anyag fed\u00e9l (testreszabhat\u00f3)<\/td>\n<\/tr>\n<tr style=\"height: 13.50pt\">\n<td style=\"height: 13.50pt\" height=\"18\">Alak<\/td>\n<td>Hengeres<\/td>\n<\/tr>\n<tr style=\"height: 13.50pt\">\n<td style=\"height: 13.50pt\" height=\"18\">Anyag<\/td>\n<td>Krist\u00e1ly\u00fcveg<\/td>\n<\/tr>\n<tr style=\"height: 13.50pt\">\n<td style=\"height: 13.50pt\" height=\"18\">Sz\u00ednbe\u00e1ll\u00edt\u00e1sok<\/td>\n<td>Kovak\u0151, borosty\u00e1n, z\u00f6ld, k\u00e9k (testreszabhat\u00f3)<\/td>\n<\/tr>\n<tr style=\"height: 13.50pt\">\n<td style=\"height: 13.50pt\" height=\"18\">Haszn\u00e1lati eset<\/td>\n<td>Kr\u00e9mes t\u00e9gelyek, b\u0151r\u00e1pol\u00f3 term\u00e9kek, ken\u0151cs\u00f6k<\/td>\n<\/tr>\n<\/tbody>\n<\/table>\n<h2><span class=\"highlights\" data-v-df95d256=\"\">Sikert\u00f6rt\u00e9net: Egy b\u0151r\u00e1pol\u00e1si m\u00e1rka csomagol\u00e1si forradalma <\/span><\/h2>\n<p><span class=\"highlights\" data-v-df95d256=\"\">Egy b\u0151r\u00e1pol\u00e1si startup bio test\u00e1pol\u00f3k term\u00e9kcsal\u00e1dj\u00e1t szerette volna piacra dobni. Ezeket az egyedi k\u00e9k \u00fcveggel \u00e9s minimalista c\u00edmk\u00e9kkel ell\u00e1tott, \u00fcres kr\u00e9mes dobozokat v\u00e1lasztott\u00e1k. Az eredm\u00e9ny? 50%-os n\u00f6veked\u00e9s a visszat\u00e9r\u0151 v\u00e1s\u00e1rl\u00f3k sz\u00e1m\u00e1ban, a v\u00e1s\u00e1rl\u00f3k dics\u00e9rt\u00e9k a \u201espa kezel\u00e9sre eml\u00e9keztet\u0151 t\u00e9gelyes hat\u00e1st\u201d.<\/span><\/p>","protected":false},"excerpt":{"rendered":"<p>Pr\u00e9mium min\u0151s\u00e9g\u0171, \u00fcres kr\u00e9mtart\u00f3k b\u0151r\u00e1pol\u00e1shoz. \u00dcveg kozmetikai tart\u00f3k nagykereskedelemben, egyedi sz\u00ednekkel, sz\u00e1ll\u00edt\u00e1sra k\u00e9szen.<\/p>","protected":false},"featured_media":4918,"comment_status":"open","ping_status":"closed","template":"","meta":{"_acf_changed":false,"site-sidebar-layout":"default","site-content-layout":"","ast-site-content-layout":"default","site-content-style":"default","site-sidebar-style":"default","ast-global-header-display":"","ast-banner-title-visibility":"","ast-main-header-display":"","ast-hfb-above-header-display":"","ast-hfb-below-header-display":"","ast-hfb-mobile-header-display":"","site-post-title":"","ast-breadcrumbs-content":"","ast-featured-img":"","footer-sml-layout":"","ast-disable-related-posts":"","theme-transparent-header-meta":"default","adv-header-id-meta":"","stick-header-meta":"","header-above-stick-meta":"","header-main-stick-meta":"","header-below-stick-meta":"","astra-migrate-meta-layouts":"set","ast-page-background-enabled":"default","ast-page-background-meta":{"desktop":{"background-color":"var(--ast-global-color-5)","background-image":"","background-repeat":"repeat","background-position":"center center","background-size":"auto","background-attachment":"scroll","background-type":"","background-media":"","overlay-type":"","overlay-color":"","overlay-opacity":"","overlay-gradient":""},"tablet":{"background-color":"","background-image":"","background-repeat":"repeat","background-position":"center center","background-size":"auto","background-attachment":"scroll","background-type":"","background-media":"","overlay-type":"","overlay-color":"","overlay-opacity":"","overlay-gradient":""},"mobile":{"background-color":"","background-image":"","background-repeat":"repeat","background-position":"center center","background-size":"auto","background-attachment":"scroll","background-type":"","background-media":"","overlay-type":"","overlay-color":"","overlay-opacity":"","overlay-gradient":""}},"ast-content-background-meta":{"desktop":{"background-color":"var(--ast-global-color-4)","background-image":"","background-repeat":"repeat","background-position":"center center","background-size":"auto","background-attachment":"scroll","background-type":"","background-media":"","overlay-type":"","overlay-color":"","overlay-opacity":"","overlay-gradient":""},"tablet":{"background-color":"var(--ast-global-color-4)","background-image":"","background-repeat":"repeat","background-position":"center center","background-size":"auto","background-attachment":"scroll","background-type":"","background-media":"","overlay-type":"","overlay-color":"","overlay-opacity":"","overlay-gradient":""},"mobile":{"background-color":"var(--ast-global-color-4)","background-image":"","background-repeat":"repeat","background-position":"center center","background-size":"auto","background-attachment":"scroll","background-type":"","background-media":"","overlay-type":"","overlay-color":"","overlay-opacity":"","overlay-gradient":""}}},"product_brand":[],"product_cat":[72,62,56],"product_tag":[191,192],"class_list":{"0":"post-4917","1":"product","2":"type-product","3":"status-publish","4":"has-post-thumbnail","6":"product_cat-cosmetic-packaging","7":"product_cat-cosmetic-containers","8":"product_cat-cosmetic-jars","9":"product_tag-empty-cream-container","10":"product_tag-glass-cosmetic-containers-wholesale","11":"desktop-align-left","12":"tablet-align-left","13":"mobile-align-left","15":"first","16":"instock","17":"shipping-taxable","18":"product-type-simple"},"acf":[],"jetpack_sharing_enabled":true,"_links":{"self":[{"href":"https:\/\/theperfumebottles.com\/hu\/wp-json\/wp\/v2\/product\/4917","targetHints":{"allow":["GET"]}}],"collection":[{"href":"https:\/\/theperfumebottles.com\/hu\/wp-json\/wp\/v2\/product"}],"about":[{"href":"https:\/\/theperfumebottles.com\/hu\/wp-json\/wp\/v2\/types\/product"}],"replies":[{"embeddable":true,"href":"https:\/\/theperfumebottles.com\/hu\/wp-json\/wp\/v2\/comments?post=4917"}],"wp:featuredmedia":[{"embeddable":true,"href":"https:\/\/theperfumebottles.com\/hu\/wp-json\/wp\/v2\/media\/4918"}],"wp:attachment":[{"href":"https:\/\/theperfumebottles.com\/hu\/wp-json\/wp\/v2\/media?parent=4917"}],"wp:term":[{"taxonomy":"product_brand","embeddable":true,"href":"https:\/\/theperfumebottles.com\/hu\/wp-json\/wp\/v2\/product_brand?post=4917"},{"taxonomy":"product_cat","embeddable":true,"href":"https:\/\/theperfumebottles.com\/hu\/wp-json\/wp\/v2\/product_cat?post=4917"},{"taxonomy":"product_tag","embeddable":true,"href":"https:\/\/theperfumebottles.com\/hu\/wp-json\/wp\/v2\/product_tag?post=4917"}],"curies":[{"name":"wp","href":"https:\/\/api.w.org\/{rel}","templated":true}]}}