{"id":4922,"date":"2025-07-25T17:56:06","date_gmt":"2025-07-25T09:56:06","guid":{"rendered":"https:\/\/theperfumebottles.com\/?post_type=product&#038;p=4922"},"modified":"2025-08-01T11:45:48","modified_gmt":"2025-08-01T03:45:48","slug":"empty-cosmetic-pots-custom-jar-packaging-for-skincare","status":"publish","type":"product","link":"https:\/\/theperfumebottles.com\/hu\/termek\/empty-cosmetic-pots-custom-jar-packaging-for-skincare\/","title":{"rendered":"2oz 250ml 8oz \u00fcres kozmetikai t\u00e9gelyek \u2013 egyedi t\u00e9gelycsomagol\u00e1s b\u0151r\u00e1pol\u00e1shoz\u00a0"},"content":{"rendered":"<p>Egyedi t\u00e9gelyes csomagol\u00e1sra van sz\u00fcks\u00e9ge, amely \u00f6tv\u00f6zi a tart\u00f3ss\u00e1got \u00e9s az eleganci\u00e1t? Ezek az \u00fcres kozmetikai t\u00e9gelyek b\u0151r\u00e1pol\u00e1si gy\u00e1rt\u00f3k \u00e9s kozmetikai csomagol\u00f3anyagok forgalmaz\u00f3i sz\u00e1m\u00e1ra k\u00e9sz\u00fcltek, akik tart\u00f3s hat\u00e1st szeretn\u00e9nek el\u00e9rni.<\/p>\n<h2>F\u0151bb specifik\u00e1ci\u00f3k<\/h2>\n<table style=\"border-collapse: collapse;width: 80%;height: 17px;margin-left: auto;margin-right: auto\" border=\"0\" width=\"144\" cellspacing=\"0\" cellpadding=\"0\">\n<tbody>\n<tr style=\"height: 13.50pt\">\n<td style=\"height: 13.50pt;width: 54.00pt\" width=\"72\" height=\"18\">Attrib\u00fatum<\/td>\n<td style=\"width: 54.00pt\" width=\"72\">R\u00e9szletek<\/td>\n<\/tr>\n<tr style=\"height: 13.50pt\">\n<td style=\"height: 13.50pt\" height=\"18\">Kapacit\u00e1s<\/td>\n<td>2oz, 250ml, 8oz<\/td>\n<\/tr>\n<tr style=\"height: 13.50pt\">\n<td style=\"height: 13.50pt\" height=\"18\">T\u00f6m\u00edt\u0151mechanizmus<\/td>\n<td>Menetes nyak + m\u0171anyag fed\u00e9l (testreszabhat\u00f3)<\/td>\n<\/tr>\n<tr style=\"height: 13.50pt\">\n<td style=\"height: 13.50pt\" height=\"18\">Alak<\/td>\n<td>Kerek<\/td>\n<\/tr>\n<tr style=\"height: 13.50pt\">\n<td style=\"height: 13.50pt\" height=\"18\">Anyag<\/td>\n<td>Krist\u00e1ly\u00fcveg<\/td>\n<\/tr>\n<tr style=\"height: 13.50pt\">\n<td style=\"height: 13.50pt\" height=\"18\">Sz\u00edn<\/td>\n<td>Borosty\u00e1n<\/td>\n<\/tr>\n<tr style=\"height: 13.50pt\">\n<td style=\"height: 13.50pt\" height=\"18\">Haszn\u00e1lati eset<\/td>\n<td>B\u0151r\u00e1pol\u00f3 kr\u00e9mek<\/td>\n<\/tr>\n<\/tbody>\n<\/table>\n<h2>Sikert\u00f6rt\u00e9net: Egy b\u0151r\u00e1pol\u00e1si m\u00e1rka csomagol\u00e1s\u00e1nak \u00e1talak\u00edt\u00e1sa<\/h2>\n<p>Egy b\u0151r\u00e1pol\u00e1si m\u00e1rka C-vitaminos sz\u00e9rumokat szeretett volna piacra dobni. Ezeket az \u00fcres, borosty\u00e1nsz\u00edn\u0171 \u00fcveggel \u00e9s egyedi arany c\u00edmk\u00e9vel ell\u00e1tott kozmetikai t\u00e9gelyeket v\u00e1lasztott\u00e1k. Az eredm\u00e9ny? 45%-os n\u00f6veked\u00e9s az elad\u00e1sokban, a v\u00e1s\u00e1rl\u00f3k dics\u00e9rt\u00e9k a \u201eluxus spa \u00e9lm\u00e9nyhez hasonl\u00f3 t\u00e9gelyes hat\u00e1st\u201d.<\/p>\n<h2>Testreszab\u00e1si tippek<\/h2>\n<p>Az els\u0151 oszt\u00e1ly\u00fa megjelen\u00e9s \u00e9rdek\u00e9ben kombin\u00e1ljon borosty\u00e1nsz\u00edn\u0171 \u00fcveget feh\u00e9r vagy f\u00e9m c\u00edmk\u00e9kkel, \u00e9s fontolja meg matt vagy \u00e1tl\u00e1tsz\u00f3 c\u00edmk\u00e9k haszn\u00e1lat\u00e1t a term\u00e9kinform\u00e1ci\u00f3k kiemel\u00e9s\u00e9re. A t\u00e9gely dombornyomott vagy kiemelt text\u00far\u00e1kkal val\u00f3 kieg\u00e9sz\u00edt\u00e9se l\u00e1that\u00f3bb\u00e1 \u00e9s jobb fog\u00e1st biztos\u00edt.<\/p>","protected":false},"excerpt":{"rendered":"<p>Tart\u00f3s, \u00fcres kozmetikai t\u00e9gelyek borosty\u00e1nsz\u00edn\u0171 \u00fcvegb\u0151l. Kozmetikai t\u00e9gelyek b\u0151r\u00e1pol\u00e1shoz, testreszabhat\u00f3ak, sz\u00e1ll\u00edt\u00e1sra k\u00e9szek \u00e9s ide\u00e1lisak nagy t\u00e9telben t\u00f6rt\u00e9n\u0151 megrendel\u00e9sekhez.<\/p>","protected":false},"featured_media":4947,"comment_status":"open","ping_status":"closed","template":"","meta":{"_acf_changed":false,"site-sidebar-layout":"default","site-content-layout":"","ast-site-content-layout":"default","site-content-style":"default","site-sidebar-style":"default","ast-global-header-display":"","ast-banner-title-visibility":"","ast-main-header-display":"","ast-hfb-above-header-display":"","ast-hfb-below-header-display":"","ast-hfb-mobile-header-display":"","site-post-title":"","ast-breadcrumbs-content":"","ast-featured-img":"","footer-sml-layout":"","ast-disable-related-posts":"","theme-transparent-header-meta":"default","adv-header-id-meta":"","stick-header-meta":"","header-above-stick-meta":"","header-main-stick-meta":"","header-below-stick-meta":"","astra-migrate-meta-layouts":"set","ast-page-background-enabled":"default","ast-page-background-meta":{"desktop":{"background-color":"var(--ast-global-color-5)","background-image":"","background-repeat":"repeat","background-position":"center center","background-size":"auto","background-attachment":"scroll","background-type":"","background-media":"","overlay-type":"","overlay-color":"","overlay-opacity":"","overlay-gradient":""},"tablet":{"background-color":"","background-image":"","background-repeat":"repeat","background-position":"center center","background-size":"auto","background-attachment":"scroll","background-type":"","background-media":"","overlay-type":"","overlay-color":"","overlay-opacity":"","overlay-gradient":""},"mobile":{"background-color":"","background-image":"","background-repeat":"repeat","background-position":"center center","background-size":"auto","background-attachment":"scroll","background-type":"","background-media":"","overlay-type":"","overlay-color":"","overlay-opacity":"","overlay-gradient":""}},"ast-content-background-meta":{"desktop":{"background-color":"var(--ast-global-color-4)","background-image":"","background-repeat":"repeat","background-position":"center center","background-size":"auto","background-attachment":"scroll","background-type":"","background-media":"","overlay-type":"","overlay-color":"","overlay-opacity":"","overlay-gradient":""},"tablet":{"background-color":"var(--ast-global-color-4)","background-image":"","background-repeat":"repeat","background-position":"center center","background-size":"auto","background-attachment":"scroll","background-type":"","background-media":"","overlay-type":"","overlay-color":"","overlay-opacity":"","overlay-gradient":""},"mobile":{"background-color":"var(--ast-global-color-4)","background-image":"","background-repeat":"repeat","background-position":"center center","background-size":"auto","background-attachment":"scroll","background-type":"","background-media":"","overlay-type":"","overlay-color":"","overlay-opacity":"","overlay-gradient":""}}},"product_brand":[],"product_cat":[72,62,56],"product_tag":[194,193],"class_list":{"0":"post-4922","1":"product","2":"type-product","3":"status-publish","4":"has-post-thumbnail","6":"product_cat-cosmetic-packaging","7":"product_cat-cosmetic-containers","8":"product_cat-cosmetic-jars","9":"product_tag-cosmetic-jar-packaging","10":"product_tag-empty-cosmetic-pots","11":"desktop-align-left","12":"tablet-align-left","13":"mobile-align-left","15":"first","16":"instock","17":"shipping-taxable","18":"product-type-simple"},"acf":[],"jetpack_sharing_enabled":true,"_links":{"self":[{"href":"https:\/\/theperfumebottles.com\/hu\/wp-json\/wp\/v2\/product\/4922","targetHints":{"allow":["GET"]}}],"collection":[{"href":"https:\/\/theperfumebottles.com\/hu\/wp-json\/wp\/v2\/product"}],"about":[{"href":"https:\/\/theperfumebottles.com\/hu\/wp-json\/wp\/v2\/types\/product"}],"replies":[{"embeddable":true,"href":"https:\/\/theperfumebottles.com\/hu\/wp-json\/wp\/v2\/comments?post=4922"}],"wp:featuredmedia":[{"embeddable":true,"href":"https:\/\/theperfumebottles.com\/hu\/wp-json\/wp\/v2\/media\/4947"}],"wp:attachment":[{"href":"https:\/\/theperfumebottles.com\/hu\/wp-json\/wp\/v2\/media?parent=4922"}],"wp:term":[{"taxonomy":"product_brand","embeddable":true,"href":"https:\/\/theperfumebottles.com\/hu\/wp-json\/wp\/v2\/product_brand?post=4922"},{"taxonomy":"product_cat","embeddable":true,"href":"https:\/\/theperfumebottles.com\/hu\/wp-json\/wp\/v2\/product_cat?post=4922"},{"taxonomy":"product_tag","embeddable":true,"href":"https:\/\/theperfumebottles.com\/hu\/wp-json\/wp\/v2\/product_tag?post=4922"}],"curies":[{"name":"wp","href":"https:\/\/api.w.org\/{rel}","templated":true}]}}