{"id":4932,"date":"2025-07-25T17:57:13","date_gmt":"2025-07-25T09:57:13","guid":{"rendered":"https:\/\/theperfumebottles.com\/?post_type=product&#038;p=4932"},"modified":"2026-03-30T15:56:01","modified_gmt":"2026-03-30T07:56:01","slug":"clear-50ml-cosmetic-containers-with-gold-lids-wholesale","status":"publish","type":"product","link":"https:\/\/theperfumebottles.com\/hu\/termek\/clear-50ml-cosmetic-containers-with-gold-lids-wholesale\/","title":{"rendered":"\u00c1tl\u00e1tsz\u00f3 50 ml-es kozmetikai tart\u00e1lyok arany fed\u00e9llel, nagykereskedelemben"},"content":{"rendered":"<p>Ezek az 50 ml-es kozmetikai tart\u00e1lyok kifinomult, r\u00e9tegzett diz\u00e1jnnal rendelkeznek. Az \u00fcveg \u00e1tl\u00e1tsz\u00f3, hengeres \u00fcvegb\u0151l k\u00e9sz\u00fclt, k\u00f6z\u00e9ps\u0151 sz\u00e9llel \u00e9s magasf\u00e9ny\u0171 f\u00e9mes arany gy\u0171r\u0171vel k\u00f6r\u00fclv\u00e9ve. A kupak \u00e1tl\u00e1tsz\u00f3 akrilb\u00f3l k\u00e9sz\u00fclt, v\u00e9kony f\u00e9mes arany kerettel.<\/p>\n<h2><span class=\"highlights\" data-v-df95d256=\"\">F\u0151bb specifik\u00e1ci\u00f3k <\/span><\/h2>\n<table style=\"border-collapse: collapse; width: 80%; height: 5px; margin-left: auto; margin-right: auto;\" border=\"0\" width=\"144\" cellspacing=\"0\" cellpadding=\"0\">\n<tbody>\n<tr style=\"height: 13.50pt;\">\n<td style=\"height: 13.50pt; width: 54.00pt;\" width=\"72\" height=\"18\">Attrib\u00fatum<\/td>\n<td style=\"width: 54.00pt;\" width=\"72\">R\u00e9szletek<\/td>\n<\/tr>\n<tr style=\"height: 13.50pt;\">\n<td style=\"height: 13.50pt;\" height=\"18\">Kapacit\u00e1s<\/td>\n<td>50 ml<\/td>\n<\/tr>\n<tr style=\"height: 13.50pt;\">\n<td style=\"height: 13.50pt;\" height=\"18\">T\u00f6m\u00edt\u0151mechanizmus<\/td>\n<td>Menetes nyak + m\u0171anyag fed\u00e9l (testreszabhat\u00f3)<\/td>\n<\/tr>\n<tr style=\"height: 13.50pt;\">\n<td style=\"height: 13.50pt;\" height=\"18\">Alak<\/td>\n<td>Kerek<\/td>\n<\/tr>\n<tr style=\"height: 13.50pt;\">\n<td style=\"height: 13.50pt;\" height=\"18\">Anyag<\/td>\n<td>Krist\u00e1ly\u00fcveg<\/td>\n<\/tr>\n<tr style=\"height: 13.50pt;\">\n<td style=\"height: 13.50pt;\" height=\"18\">Sz\u00edn<\/td>\n<td>Tiszta (egy\u00e9ni)<\/td>\n<\/tr>\n<tr style=\"height: 13.50pt;\">\n<td style=\"height: 13.50pt;\" height=\"18\">Haszn\u00e1lati eset<\/td>\n<td>B\u0151r\u00e1pol\u00f3 kr\u00e9m, test\u00e1pol\u00f3 csomagol\u00e1s<\/td>\n<\/tr>\n<\/tbody>\n<\/table>\n<h2>Sikert\u00f6rt\u00e9net: Luxus k\u00f6zel-keleti \u00e9jszakai kr\u00e9m<\/h2>\n<p>50 ml-es \u00e1tl\u00e1tsz\u00f3 \u00fcveg kozmetikai t\u00e9gelyeinket egy k\u00f6zel-keleti luxus sz\u00e9ps\u00e9g\u00e1pol\u00e1si c\u00e9g szabta testre, amely arany gy\u0171r\u0171ket, roz\u00e9arany PVD bevonatot \u00e9s dombornyomott fel\u00fcletet adott hozz\u00e1. Az \u00e1tl\u00e1tsz\u00f3 t\u00e9gelyek t\u00f6k\u00e9letesen visszaadt\u00e1k az aranyf\u00fcst hat\u00e1s\u00e1t, ami 300 sz\u00e1zal\u00e9kos n\u00f6veked\u00e9st eredm\u00e9nyezett a k\u00f6z\u00f6ss\u00e9gi m\u00e9di\u00e1ban val\u00f3 megoszt\u00e1sokban. A kezdeti 50 000 darab 72 \u00f3r\u00e1n bel\u00fcl kelt el a gy\u00f6ny\u00f6r\u0171 csomagol\u00e1s seg\u00edts\u00e9g\u00e9vel. A m\u00e1rka hatalmas sikere tov\u00e1bbi 750 000 t\u00e9gely megrendel\u00e9s\u00e9t eredm\u00e9nyezte, hogy egy \u00fajabb ragyog\u00e1st fokoz\u00f3 alapoz\u00f3k \u00e9s arckr\u00e9mek csal\u00e1dj\u00e1t dobhassuk piacra.<\/p>\n<h2><span class=\"highlights\" data-v-df95d256=\"\">Testreszab\u00e1si tippek <\/span><\/h2>\n<ul>\n<li><strong>Sz\u00ednharm\u00f3nia:<\/strong> A tiszta \u00fcveg \u00e9s a l\u00e1gy pasztell vagy feh\u00e9r c\u00edmk\u00e9k kombin\u00e1ci\u00f3j\u00e1val friss, \u00e9lvonalbeli \u00e9s divatos megjelen\u00e9st hozhat l\u00e9tre.<\/li>\n<li><strong>C\u00edmketervez\u00e9s:<\/strong> Haszn\u00e1ljon felt\u0171n\u0151 vagy ac\u00e9l c\u00edmk\u00e9ket a f\u0151 \u00f6sszetev\u0151kre \u00e9s a term\u00e9k el\u0151nyeire val\u00f3 \u00f6sszpontos\u00edt\u00e1shoz, fokozva mind a megjelen\u00e9st, mind a v\u00e1s\u00e1rl\u00f3i inform\u00e1ci\u00f3kat.<\/li>\n<li><strong>Textur\u00e1lt jellemz\u0151k:<\/strong> A bef\u0151ttes\u00fcvegekn\u00e9l dombornyomott mint\u00e1kat vagy kiemelked\u0151 text\u00far\u00e1kat alkalmazz a jobb tapint\u00e1s \u00e9s a l\u00e1that\u00f3, tapinthat\u00f3 vonzer\u0151 \u00e9rdek\u00e9ben.<\/li>\n<\/ul>","protected":false},"excerpt":{"rendered":"<p>50 ml-es kozmetikai kiszerel\u00e9sek \u00e1tl\u00e1tsz\u00f3 \u00fcveggel \u00e9s arany d\u00edsz\u00edt\u00e9ssel. Az \u00e1tl\u00e1tsz\u00f3 \u00fcvegb\u0151l k\u00e9sz\u00fclt kozmetikai t\u00e9gelyek luxus megjelen\u00e9st \u00e9s l\u00e9gmentes z\u00e1r\u00f3d\u00e1st biztos\u00edtanak. Ingyenes mint\u00e1k kaphat\u00f3k m\u00e9g ma.<\/p>","protected":false},"featured_media":4946,"comment_status":"open","ping_status":"closed","template":"","meta":{"_acf_changed":false,"site-sidebar-layout":"default","site-content-layout":"","ast-site-content-layout":"default","site-content-style":"default","site-sidebar-style":"default","ast-global-header-display":"","ast-banner-title-visibility":"","ast-main-header-display":"","ast-hfb-above-header-display":"","ast-hfb-below-header-display":"","ast-hfb-mobile-header-display":"","site-post-title":"","ast-breadcrumbs-content":"","ast-featured-img":"","footer-sml-layout":"","ast-disable-related-posts":"","theme-transparent-header-meta":"default","adv-header-id-meta":"","stick-header-meta":"","header-above-stick-meta":"","header-main-stick-meta":"","header-below-stick-meta":"","astra-migrate-meta-layouts":"set","ast-page-background-enabled":"default","ast-page-background-meta":{"desktop":{"background-color":"var(--ast-global-color-5)","background-image":"","background-repeat":"repeat","background-position":"center center","background-size":"auto","background-attachment":"scroll","background-type":"","background-media":"","overlay-type":"","overlay-color":"","overlay-opacity":"","overlay-gradient":""},"tablet":{"background-color":"","background-image":"","background-repeat":"repeat","background-position":"center center","background-size":"auto","background-attachment":"scroll","background-type":"","background-media":"","overlay-type":"","overlay-color":"","overlay-opacity":"","overlay-gradient":""},"mobile":{"background-color":"","background-image":"","background-repeat":"repeat","background-position":"center center","background-size":"auto","background-attachment":"scroll","background-type":"","background-media":"","overlay-type":"","overlay-color":"","overlay-opacity":"","overlay-gradient":""}},"ast-content-background-meta":{"desktop":{"background-color":"var(--ast-global-color-4)","background-image":"","background-repeat":"repeat","background-position":"center center","background-size":"auto","background-attachment":"scroll","background-type":"","background-media":"","overlay-type":"","overlay-color":"","overlay-opacity":"","overlay-gradient":""},"tablet":{"background-color":"var(--ast-global-color-4)","background-image":"","background-repeat":"repeat","background-position":"center center","background-size":"auto","background-attachment":"scroll","background-type":"","background-media":"","overlay-type":"","overlay-color":"","overlay-opacity":"","overlay-gradient":""},"mobile":{"background-color":"var(--ast-global-color-4)","background-image":"","background-repeat":"repeat","background-position":"center center","background-size":"auto","background-attachment":"scroll","background-type":"","background-media":"","overlay-type":"","overlay-color":"","overlay-opacity":"","overlay-gradient":""}}},"product_brand":[],"product_cat":[56,62,72],"product_tag":[197,198],"class_list":{"0":"post-4932","1":"product","2":"type-product","3":"status-publish","4":"has-post-thumbnail","6":"product_cat-cosmetic-jars","7":"product_cat-cosmetic-containers","8":"product_cat-cosmetic-packaging","9":"product_tag-50ml-cosmetic-containers","10":"product_tag-clear-glass-cosmetic-jars","11":"desktop-align-left","12":"tablet-align-left","13":"mobile-align-left","15":"first","16":"instock","17":"shipping-taxable","18":"product-type-simple"},"acf":[],"jetpack_sharing_enabled":true,"_links":{"self":[{"href":"https:\/\/theperfumebottles.com\/hu\/wp-json\/wp\/v2\/product\/4932","targetHints":{"allow":["GET"]}}],"collection":[{"href":"https:\/\/theperfumebottles.com\/hu\/wp-json\/wp\/v2\/product"}],"about":[{"href":"https:\/\/theperfumebottles.com\/hu\/wp-json\/wp\/v2\/types\/product"}],"replies":[{"embeddable":true,"href":"https:\/\/theperfumebottles.com\/hu\/wp-json\/wp\/v2\/comments?post=4932"}],"wp:featuredmedia":[{"embeddable":true,"href":"https:\/\/theperfumebottles.com\/hu\/wp-json\/wp\/v2\/media\/4946"}],"wp:attachment":[{"href":"https:\/\/theperfumebottles.com\/hu\/wp-json\/wp\/v2\/media?parent=4932"}],"wp:term":[{"taxonomy":"product_brand","embeddable":true,"href":"https:\/\/theperfumebottles.com\/hu\/wp-json\/wp\/v2\/product_brand?post=4932"},{"taxonomy":"product_cat","embeddable":true,"href":"https:\/\/theperfumebottles.com\/hu\/wp-json\/wp\/v2\/product_cat?post=4932"},{"taxonomy":"product_tag","embeddable":true,"href":"https:\/\/theperfumebottles.com\/hu\/wp-json\/wp\/v2\/product_tag?post=4932"}],"curies":[{"name":"wp","href":"https:\/\/api.w.org\/{rel}","templated":true}]}}