{"id":4985,"date":"2025-07-29T17:23:15","date_gmt":"2025-07-29T09:23:15","guid":{"rendered":"https:\/\/theperfumebottles.com\/?post_type=product&#038;p=4985"},"modified":"2026-04-28T15:56:07","modified_gmt":"2026-04-28T07:56:07","slug":"30ml-amber-cosmetic-jars-with-custom-options-in-bulk","status":"publish","type":"product","link":"https:\/\/theperfumebottles.com\/hu\/termek\/30ml-amber-cosmetic-jars-with-custom-options-in-bulk\/","title":{"rendered":"30 ml-es borosty\u00e1nsz\u00edn\u0171 kozmetikai t\u00e9gelyek egyedi opci\u00f3kkal, \u00f6mlesztett kiszerel\u00e9sben"},"content":{"rendered":"<p>Olyan kozmetikai csomagol\u00e1sra van sz\u00fcks\u00e9ge, amely \u00f6tv\u00f6zi a funkcionalit\u00e1st \u00e9s az eleganci\u00e1t? Ezek a 30 ml-es borosty\u00e1nsz\u00edn\u0171 kozmetikai t\u00e9gelyek olyan b\u0151r\u00e1pol\u00e1si m\u00e1rk\u00e1k \u00e9s sz\u00e9ps\u00e9g\u00e1pol\u00e1si csomagol\u00f3anyagok besz\u00e1ll\u00edt\u00f3i sz\u00e1m\u00e1ra k\u00e9sz\u00fcltek, akik szeretn\u00e9nek hat\u00e1st gyakorolni.<\/p>\n<h2>F\u0151bb specifik\u00e1ci\u00f3k<\/h2>\n<table style=\"border-collapse: collapse; width: 986px; height: 5px; margin-left: 120px;\" border=\"0\" width=\"432\" cellspacing=\"0\" cellpadding=\"0\">\n<tbody>\n<tr style=\"height: 13.50pt;\">\n<td style=\"height: 13.5pt; width: 54pt; text-align: center;\" width=\"72\" height=\"18\">Kapacit\u00e1s<\/td>\n<td style=\"width: 54pt; text-align: center;\" width=\"72\">T\u00f6m\u00edt\u00e9si m\u00f3dszer<\/td>\n<td style=\"width: 54pt; text-align: center;\" width=\"72\">Alak<\/td>\n<td style=\"width: 54pt; text-align: center;\" width=\"72\">Anyag<\/td>\n<td style=\"width: 54pt; text-align: center;\" width=\"72\">Sz\u00edn<\/td>\n<td style=\"width: 54pt; text-align: center;\" width=\"72\">Haszn\u00e1lati eset<\/td>\n<\/tr>\n<tr style=\"height: 13.50pt;\">\n<td style=\"height: 13.5pt; text-align: center;\" height=\"18\">30 ml<\/td>\n<td style=\"text-align: center;\">Menetes nyak + M\u0171anyag fed\u00e9l<\/td>\n<td style=\"text-align: center;\">Kerek<\/td>\n<td style=\"text-align: center;\">Krist\u00e1ly\u00fcveg<\/td>\n<td style=\"text-align: center;\">Borosty\u00e1n (testreszabhat\u00f3)<\/td>\n<td style=\"text-align: center;\">Ajakbalzsamok, test\u00e1pol\u00f3k, kr\u00e9mek<\/td>\n<\/tr>\n<\/tbody>\n<\/table>\n<h2>Sikert\u00f6rt\u00e9net: Egy term\u00e9szetes b\u0151r\u00e1pol\u00e1si m\u00e1rka csomagol\u00e1s\u00e1nak meg\u00faj\u00edt\u00e1sa<\/h2>\n<p>Egy letisztult sz\u00e9ps\u00e9g\u00e1pol\u00e1si startupnak 30 ml-es borosty\u00e1nsz\u00edn\u0171 kozmetikai t\u00e9gelyekre volt sz\u00fcks\u00e9ge a C-vitamin sz\u00e9rum\u00e1hoz. A mi kozmetikai t\u00e9gelyeinket v\u00e1lasztott\u00e1k egyedi matt fekete fed\u00e9llel \u00e9s minimalista c\u00edmk\u00e9kkel. Az eredm\u00e9ny? A v\u00e1s\u00e1rl\u00f3i bizalom 60%-os n\u00f6veked\u00e9se, a v\u00e1s\u00e1rl\u00f3k \u00edgy nyilatkoztak: \u201eA borosty\u00e1nsz\u00edn\u0171 kozmetikai t\u00e9gelyek olyanok, mint egy luxus wellness-r\u00e9szleg a f\u00fcrd\u0151szob\u00e1mban.\u201d<\/p>\n<h2>Testreszab\u00e1si tippek<\/h2>\n<ul>\n<li><strong>Sz\u00ednkontraszt:<\/strong> P\u00e1ros\u00edtsd a borosty\u00e1nsz\u00edn\u0171 \u00fcveget feh\u00e9r vagy arany fed\u00e9llel a cs\u00facsmin\u0151s\u00e9g\u0171 megjelen\u00e9s\u00e9rt.<\/li>\n<li><strong>C\u00edmketervez\u00e9s:<\/strong> Haszn\u00e1ljon matt c\u00edmk\u00e9ket dombornyomott v\u00e9djegyekkel a tapinthat\u00f3 \u00e9lm\u00e9ny \u00e9rdek\u00e9ben.<\/li>\n<li><strong>Anyagkever\u00e9k:<\/strong> Kombin\u00e1ljon borosty\u00e1nsz\u00edn\u0171 \u00fcveget sz\u00e1lcsiszolt ac\u00e9llal vagy matt m\u0171anyag fed\u00e9llel, hogy modern kozmetikai csomagol\u00f3ed\u00e9nyek megjelen\u00e9s\u00e9t hozza l\u00e9tre.<\/li>\n<\/ul>","protected":false},"excerpt":{"rendered":"<p>30 ml-es borosty\u00e1nsz\u00edn\u0171 kozmetikai t\u00e9gelyek test\u00e1pol\u00f3khoz \u00e9s kr\u00e9mekhez. K\u00f6rnyezetbar\u00e1t, UV-sz\u0171r\u0151s \u00e9s azonnal sz\u00e1ll\u00edthat\u00f3. T\u00f6k\u00e9letes nagy t\u00e9telben t\u00f6rt\u00e9n\u0151 sz\u00e9ps\u00e9g\u00e1pol\u00e1si csomagol\u00e1shoz.<\/p>","protected":false},"featured_media":4986,"comment_status":"open","ping_status":"closed","template":"","meta":{"_acf_changed":false,"site-sidebar-layout":"default","site-content-layout":"","ast-site-content-layout":"default","site-content-style":"default","site-sidebar-style":"default","ast-global-header-display":"","ast-banner-title-visibility":"","ast-main-header-display":"","ast-hfb-above-header-display":"","ast-hfb-below-header-display":"","ast-hfb-mobile-header-display":"","site-post-title":"","ast-breadcrumbs-content":"","ast-featured-img":"","footer-sml-layout":"","ast-disable-related-posts":"","theme-transparent-header-meta":"default","adv-header-id-meta":"","stick-header-meta":"","header-above-stick-meta":"","header-main-stick-meta":"","header-below-stick-meta":"","astra-migrate-meta-layouts":"set","ast-page-background-enabled":"default","ast-page-background-meta":{"desktop":{"background-color":"var(--ast-global-color-5)","background-image":"","background-repeat":"repeat","background-position":"center center","background-size":"auto","background-attachment":"scroll","background-type":"","background-media":"","overlay-type":"","overlay-color":"","overlay-opacity":"","overlay-gradient":""},"tablet":{"background-color":"","background-image":"","background-repeat":"repeat","background-position":"center center","background-size":"auto","background-attachment":"scroll","background-type":"","background-media":"","overlay-type":"","overlay-color":"","overlay-opacity":"","overlay-gradient":""},"mobile":{"background-color":"","background-image":"","background-repeat":"repeat","background-position":"center center","background-size":"auto","background-attachment":"scroll","background-type":"","background-media":"","overlay-type":"","overlay-color":"","overlay-opacity":"","overlay-gradient":""}},"ast-content-background-meta":{"desktop":{"background-color":"var(--ast-global-color-4)","background-image":"","background-repeat":"repeat","background-position":"center center","background-size":"auto","background-attachment":"scroll","background-type":"","background-media":"","overlay-type":"","overlay-color":"","overlay-opacity":"","overlay-gradient":""},"tablet":{"background-color":"var(--ast-global-color-4)","background-image":"","background-repeat":"repeat","background-position":"center center","background-size":"auto","background-attachment":"scroll","background-type":"","background-media":"","overlay-type":"","overlay-color":"","overlay-opacity":"","overlay-gradient":""},"mobile":{"background-color":"var(--ast-global-color-4)","background-image":"","background-repeat":"repeat","background-position":"center center","background-size":"auto","background-attachment":"scroll","background-type":"","background-media":"","overlay-type":"","overlay-color":"","overlay-opacity":"","overlay-gradient":""}}},"product_brand":[],"product_cat":[56,62,72],"product_tag":[201,200],"class_list":{"0":"post-4985","1":"product","2":"type-product","3":"status-publish","4":"has-post-thumbnail","6":"product_cat-cosmetic-jars","7":"product_cat-cosmetic-containers","8":"product_cat-cosmetic-packaging","9":"product_tag-30ml-cosmetic-jars","10":"product_tag-amber-cosmetic-jars","11":"desktop-align-left","12":"tablet-align-left","13":"mobile-align-left","15":"first","16":"instock","17":"shipping-taxable","18":"product-type-simple"},"acf":[],"jetpack_sharing_enabled":true,"_links":{"self":[{"href":"https:\/\/theperfumebottles.com\/hu\/wp-json\/wp\/v2\/product\/4985","targetHints":{"allow":["GET"]}}],"collection":[{"href":"https:\/\/theperfumebottles.com\/hu\/wp-json\/wp\/v2\/product"}],"about":[{"href":"https:\/\/theperfumebottles.com\/hu\/wp-json\/wp\/v2\/types\/product"}],"replies":[{"embeddable":true,"href":"https:\/\/theperfumebottles.com\/hu\/wp-json\/wp\/v2\/comments?post=4985"}],"wp:featuredmedia":[{"embeddable":true,"href":"https:\/\/theperfumebottles.com\/hu\/wp-json\/wp\/v2\/media\/4986"}],"wp:attachment":[{"href":"https:\/\/theperfumebottles.com\/hu\/wp-json\/wp\/v2\/media?parent=4985"}],"wp:term":[{"taxonomy":"product_brand","embeddable":true,"href":"https:\/\/theperfumebottles.com\/hu\/wp-json\/wp\/v2\/product_brand?post=4985"},{"taxonomy":"product_cat","embeddable":true,"href":"https:\/\/theperfumebottles.com\/hu\/wp-json\/wp\/v2\/product_cat?post=4985"},{"taxonomy":"product_tag","embeddable":true,"href":"https:\/\/theperfumebottles.com\/hu\/wp-json\/wp\/v2\/product_tag?post=4985"}],"curies":[{"name":"wp","href":"https:\/\/api.w.org\/{rel}","templated":true}]}}