{"id":4990,"date":"2025-07-29T17:27:28","date_gmt":"2025-07-29T09:27:28","guid":{"rendered":"https:\/\/theperfumebottles.com\/?post_type=product&#038;p=4990"},"modified":"2026-03-30T14:38:28","modified_gmt":"2026-03-30T06:38:28","slug":"custom-1-oz-cosmetic-jars-with-lids-wholesale","status":"publish","type":"product","link":"https:\/\/theperfumebottles.com\/hu\/termek\/custom-1-oz-cosmetic-jars-with-lids-wholesale\/","title":{"rendered":"5 g \u2013 80 g egyedi kozmetikai t\u00e9gelyek fed\u00e9llel nagykereskedelemben"},"content":{"rendered":"<p>Ezek kerek, 28 ml-es kozmetikai t\u00e9gelyek, amelyek k\u00e9tf\u00e9le anyagb\u00f3l k\u00e9sz\u00fclnek: l\u00e1gy matt \u00fcvegb\u0151l \u00e9s krist\u00e1lytiszta \u00fcvegb\u0151l, \u00e9s \u00fcveg hengeres palackokban kaphat\u00f3k. Az t\u00e9gelyek szabv\u00e1nyos menetes csavarral rendelkeznek, \u00e9s fekete, ez\u00fcst vagy arany f\u00e9m csavaros kupakkal is rendelkezhetnek.<\/p>\n<h2><strong data-spm-anchor-id=\"5176.28103460.0.i23.29ab1db81jJxsg\">F\u0151bb specifik\u00e1ci\u00f3k<\/strong><\/h2>\n<table style=\"border-collapse: collapse; width: 80%; margin-left: auto; margin-right: auto;\" border=\"0\" width=\"360\" cellspacing=\"0\" cellpadding=\"0\">\n<tbody>\n<tr style=\"height: 13.50pt;\">\n<td style=\"height: 13.50pt; width: 54.00pt;\" width=\"72\" height=\"18\">Kapacit\u00e1s<\/td>\n<td style=\"width: 54.00pt;\" width=\"72\">T\u00f6m\u00edt\u00e9si m\u00f3dszer<\/td>\n<td style=\"width: 54.00pt;\" width=\"72\">Anyag<\/td>\n<td style=\"width: 54.00pt;\" width=\"72\">Sz\u00ednbe\u00e1ll\u00edt\u00e1sok<\/td>\n<td style=\"width: 54.00pt;\" width=\"72\">Haszn\u00e1lat<\/td>\n<\/tr>\n<tr style=\"height: 13.50pt;\">\n<td style=\"height: 13.50pt;\" height=\"18\">5g<\/td>\n<td class=\"et2\" rowspan=\"7\">Menetes nyak + M\u0171anyag\/F\u00e9m Fed\u00e9l<\/td>\n<td class=\"et2\" rowspan=\"7\">Krist\u00e1ly\u00fcveg<\/td>\n<td class=\"et2\" rowspan=\"7\">Borosty\u00e1n, matt \u00e9s arany fed\u00e9l, vagy az \u00d6n ig\u00e9nyei szerint<\/td>\n<td class=\"et2\" rowspan=\"7\">Arckr\u00e9m, Testkr\u00e9m, Szemk\u00f6rny\u00e9k\u00e1pol\u00f3 kr\u00e9m, Ajak\u2026<\/td>\n<\/tr>\n<tr style=\"height: 13.50pt;\">\n<td style=\"height: 13.50pt;\" height=\"18\">10 g<\/td>\n<\/tr>\n<tr style=\"height: 13.50pt;\">\n<td style=\"height: 13.50pt;\" height=\"18\">15 g (0,5 uncia)<\/td>\n<\/tr>\n<tr style=\"height: 13.50pt;\">\n<td style=\"height: 13.50pt;\" height=\"18\">20 g<\/td>\n<\/tr>\n<tr style=\"height: 13.50pt;\">\n<td style=\"height: 13.50pt;\" height=\"18\">30 g (1 uncia)<\/td>\n<\/tr>\n<tr style=\"height: 13.50pt;\">\n<td style=\"height: 13.50pt;\" height=\"18\">50 g<\/td>\n<\/tr>\n<tr style=\"height: 13.50pt;\">\n<td style=\"height: 13.50pt;\" height=\"18\">80 g<\/td>\n<\/tr>\n<\/tbody>\n<\/table>\n<h2>Sikert\u00f6rt\u00e9net: Egyedi megrendel\u00e9s egy amerikai bio b\u0151r\u00e1pol\u00e1si m\u00e1rk\u00e1t\u00f3l<\/h2>\n<p>Egyedi kozmetikai csomagol\u00e1si rendszer\u00fcnket egy kaliforniai sz\u00e9khely\u0171 bio b\u0151r\u00e1pol\u00e1si m\u00e1rka v\u00e1lasztotta, amely \u00e1tl\u00e1tsz\u00f3 \u00fcvegb\u0151l k\u00e9sz\u00fclt, arany kupakkal. A szem\u00e9lyre szabott csomagol\u00e1si megold\u00e1s dr\u00e1mai k\u00f6vetkezm\u00e9nyekkel j\u00e1rt: az online konverzi\u00f3 20 sz\u00e1zal\u00e9kkal javult, a kiv\u00e1l\u00f3 min\u0151s\u00e9g\u0171 f\u00e9mkupakok pedig ide\u00e1lis z\u00e1r\u00e1st biztos\u00edtottak, amely nemcsak a term\u00e9szetes ill\u00f3olajok eltarthat\u00f3s\u00e1g\u00e1t hosszabb\u00edtotta meg 30 nappal, hanem seg\u00edtett a sz\u00e9rum text\u00far\u00e1j\u00e1nak hib\u00e1tlan bemutat\u00e1s\u00e1ban is az \u00e1tl\u00e1tsz\u00f3 \u00fcvegekben. A sikerre \u00e9p\u00edtve tov\u00e1bbi 420 000 \u00fcveget rendeltek egy \u00faj, f\u00f3kusz\u00e1lt b\u0151r\u00e1pol\u00e1si term\u00e9kcsal\u00e1d bevezet\u00e9s\u00e9re, valamint egy el\u0151fizet\u00e9ses dobozpartneri meg\u00e1llapod\u00e1s megk\u00f6t\u00e9s\u00e9re.<\/p>\n<h2>Egyedi kozmetikai csomagol\u00e1si megold\u00e1sok<\/h2>\n<ul>\n<li>Fed\u00e9l anyaga \u00e9s fel\u00fclete: A standard f\u00e9m mellett sz\u00e1mos egyedi sz\u00edn is el\u00e9rhet\u0151, p\u00e9ld\u00e1ul bambusz, parafa vagy matt m\u0171anyag.<\/li>\n<li>Egyedi m\u00e9retek: K\u00e9sz\u00edtsen speci\u00e1lis, nem szabv\u00e1nyos m\u00e9reteket (pl. 1,7 unci\u00e1s utaz\u00f3m\u00e9ret).<\/li>\n<li>Bels\u0151 t\u00f6m\u00edt\u00e9s: A frissess\u00e9g fokoz\u00e1sa \u00e9rdek\u00e9ben helyezzen aluf\u00f3li\u00e1t vagy szenzoros t\u00f6m\u00edt\u00e9st a kupak al\u00e1.<\/li>\n<\/ul>","protected":false},"excerpt":{"rendered":"<p>28 g-os kozmetikai t\u00e9gelyek b\u0151r\u00e1pol\u00e1shoz \u00e9s sz\u00e9ps\u00e9g\u00e1pol\u00e1shoz. Egyedi kozmetikai csomagol\u00e1s UV-sz\u0171r\u0151s \u00fcveggel, nagykereskedelmi \u00e1rakon, sz\u00e1ll\u00edt\u00e1sra k\u00e9szen.<\/p>","protected":false},"featured_media":4994,"comment_status":"open","ping_status":"closed","template":"","meta":{"_acf_changed":false,"site-sidebar-layout":"default","site-content-layout":"","ast-site-content-layout":"default","site-content-style":"default","site-sidebar-style":"default","ast-global-header-display":"","ast-banner-title-visibility":"","ast-main-header-display":"","ast-hfb-above-header-display":"","ast-hfb-below-header-display":"","ast-hfb-mobile-header-display":"","site-post-title":"","ast-breadcrumbs-content":"","ast-featured-img":"","footer-sml-layout":"","ast-disable-related-posts":"","theme-transparent-header-meta":"default","adv-header-id-meta":"","stick-header-meta":"","header-above-stick-meta":"","header-main-stick-meta":"","header-below-stick-meta":"","astra-migrate-meta-layouts":"set","ast-page-background-enabled":"default","ast-page-background-meta":{"desktop":{"background-color":"var(--ast-global-color-5)","background-image":"","background-repeat":"repeat","background-position":"center center","background-size":"auto","background-attachment":"scroll","background-type":"","background-media":"","overlay-type":"","overlay-color":"","overlay-opacity":"","overlay-gradient":""},"tablet":{"background-color":"","background-image":"","background-repeat":"repeat","background-position":"center center","background-size":"auto","background-attachment":"scroll","background-type":"","background-media":"","overlay-type":"","overlay-color":"","overlay-opacity":"","overlay-gradient":""},"mobile":{"background-color":"","background-image":"","background-repeat":"repeat","background-position":"center center","background-size":"auto","background-attachment":"scroll","background-type":"","background-media":"","overlay-type":"","overlay-color":"","overlay-opacity":"","overlay-gradient":""}},"ast-content-background-meta":{"desktop":{"background-color":"var(--ast-global-color-4)","background-image":"","background-repeat":"repeat","background-position":"center center","background-size":"auto","background-attachment":"scroll","background-type":"","background-media":"","overlay-type":"","overlay-color":"","overlay-opacity":"","overlay-gradient":""},"tablet":{"background-color":"var(--ast-global-color-4)","background-image":"","background-repeat":"repeat","background-position":"center center","background-size":"auto","background-attachment":"scroll","background-type":"","background-media":"","overlay-type":"","overlay-color":"","overlay-opacity":"","overlay-gradient":""},"mobile":{"background-color":"var(--ast-global-color-4)","background-image":"","background-repeat":"repeat","background-position":"center center","background-size":"auto","background-attachment":"scroll","background-type":"","background-media":"","overlay-type":"","overlay-color":"","overlay-opacity":"","overlay-gradient":""}}},"product_brand":[],"product_cat":[56,62,72],"product_tag":[203,202],"class_list":{"0":"post-4990","1":"product","2":"type-product","3":"status-publish","4":"has-post-thumbnail","6":"product_cat-cosmetic-jars","7":"product_cat-cosmetic-containers","8":"product_cat-cosmetic-packaging","9":"product_tag-1-oz-cosmetic-jars","10":"product_tag-custom-cosmetic-packaging","11":"desktop-align-left","12":"tablet-align-left","13":"mobile-align-left","15":"first","16":"instock","17":"shipping-taxable","18":"product-type-simple"},"acf":[],"jetpack_sharing_enabled":true,"_links":{"self":[{"href":"https:\/\/theperfumebottles.com\/hu\/wp-json\/wp\/v2\/product\/4990","targetHints":{"allow":["GET"]}}],"collection":[{"href":"https:\/\/theperfumebottles.com\/hu\/wp-json\/wp\/v2\/product"}],"about":[{"href":"https:\/\/theperfumebottles.com\/hu\/wp-json\/wp\/v2\/types\/product"}],"replies":[{"embeddable":true,"href":"https:\/\/theperfumebottles.com\/hu\/wp-json\/wp\/v2\/comments?post=4990"}],"wp:featuredmedia":[{"embeddable":true,"href":"https:\/\/theperfumebottles.com\/hu\/wp-json\/wp\/v2\/media\/4994"}],"wp:attachment":[{"href":"https:\/\/theperfumebottles.com\/hu\/wp-json\/wp\/v2\/media?parent=4990"}],"wp:term":[{"taxonomy":"product_brand","embeddable":true,"href":"https:\/\/theperfumebottles.com\/hu\/wp-json\/wp\/v2\/product_brand?post=4990"},{"taxonomy":"product_cat","embeddable":true,"href":"https:\/\/theperfumebottles.com\/hu\/wp-json\/wp\/v2\/product_cat?post=4990"},{"taxonomy":"product_tag","embeddable":true,"href":"https:\/\/theperfumebottles.com\/hu\/wp-json\/wp\/v2\/product_tag?post=4990"}],"curies":[{"name":"wp","href":"https:\/\/api.w.org\/{rel}","templated":true}]}}