{"id":5173,"date":"2025-08-05T16:32:00","date_gmt":"2025-08-05T08:32:00","guid":{"rendered":"https:\/\/theperfumebottles.com\/?post_type=product&#038;p=5173"},"modified":"2025-08-05T09:28:45","modified_gmt":"2025-08-05T01:28:45","slug":"bulk-glass-pump-bottle-cosmetic-glass-bottle-solutions","status":"publish","type":"product","link":"https:\/\/theperfumebottles.com\/hu\/termek\/bulk-glass-pump-bottle-cosmetic-glass-bottle-solutions\/","title":{"rendered":"\u00dcvegpump\u00e1s \u00fcveg \u2013 Kozmetikai \u00fcvegpalack-megold\u00e1sok"},"content":{"rendered":"<p>N\u00e9zd meg ezt a kiv\u00e1l\u00f3 pump\u00e1s \u00fcvegpalackot! Egyszer\u0171, kifinomult \u00e9s visszafogott, m\u00e9gis ig\u00e9nyes. Ez nem ak\u00e1rmilyen sz\u00e9ps\u00e9g\u00e1pol\u00e1si flakon; seg\u00edt a mindennapi b\u0151r\u00e1pol\u00e1si rutinodban \u00e9s jav\u00edtja a megjelen\u00e9sedet. Tiszta \u00e9s nem ragad, a m\u0171anyag flakonok olcs\u00f3, k\u00f6d\u00f6s \u00e9rzete n\u00e9lk\u00fcl. A matt \u00fcveg minden egyes nyom\u00e1ssal felpattan. Log\u00f3t szeretn\u00e9l? Meg\u00e9rtj\u00fck! Az \u00fcvegb\u0151l k\u00e9sz\u00fclt sz\u00e9ps\u00e9g\u00e1pol\u00e1si csomagol\u00e1sokra vonatkoz\u00f3 ig\u00e9nyek egyediek. Rugalmas megold\u00e1sokat k\u00edn\u00e1lunk, amelyek mind a kis t\u00e9tel\u0171, mind a nagym\u00e9ret\u0171 gy\u00e1rt\u00e1shoz igazodnak, biztos\u00edtva, hogy term\u00e9keid kit\u0171njenek a csomagol\u00e1sb\u00f3l.<\/p>\n<h2>F\u0151bb specifik\u00e1ci\u00f3k<\/h2>\n<table style=\"border-collapse: collapse;margin-left: auto;margin-right: auto;width: 80%\" border=\"0\" width=\"555\" cellspacing=\"0\" cellpadding=\"0\">\n<tbody>\n<tr style=\"height: 13.50pt\">\n<td style=\"height: 13.50pt;width: 136.50pt\" width=\"182\" height=\"18\">Jellemz\u0151<\/td>\n<td style=\"width: 279.75pt\" width=\"373\">R\u00e9szletek<\/td>\n<\/tr>\n<tr style=\"height: 13.50pt\">\n<td style=\"height: 13.50pt\" height=\"18\">El\u00e9rhet\u0151 m\u00e9retek<\/td>\n<td>20 ml, 30 ml, 50 ml, 100 ml, 120 ml, 200 ml<\/td>\n<\/tr>\n<tr style=\"height: 13.50pt\">\n<td style=\"height: 13.50pt\" height=\"18\">Anyag<\/td>\n<td>Pr\u00e9mium matt \u00fcveg<\/td>\n<\/tr>\n<tr style=\"height: 13.50pt\">\n<td style=\"height: 13.50pt\" height=\"18\">Fed\u00e9l<\/td>\n<td>Arany csavaros fed\u00e9l + m\u0171anyag pumpafej<\/td>\n<\/tr>\n<tr style=\"height: 13.50pt\">\n<td style=\"height: 13.50pt\" height=\"18\">Befejez\u00e9s<\/td>\n<td>Puha matt, cs\u00fasz\u00e1sg\u00e1tl\u00f3 markolat<\/td>\n<\/tr>\n<tr style=\"height: 13.50pt\">\n<td style=\"height: 13.50pt\" height=\"18\">Testreszab\u00e1s<\/td>\n<td>Teljes sz\u00ednv\u00e1laszt\u00e9k, c\u00edmke, kupak kivitel<\/td>\n<\/tr>\n<tr style=\"height: 13.50pt\">\n<td style=\"height: 13.50pt\" height=\"18\">Legjobb<\/td>\n<td style=\"text-align: left\">Sz\u00e9rumok, test\u00e1pol\u00f3k, tiszt\u00edt\u00f3k, arcolajok, aj\u00e1nd\u00e9kok<\/td>\n<\/tr>\n<\/tbody>\n<\/table>\n<h2>Sikert\u00f6rt\u00e9net<\/h2>\n<p>Egy term\u00e9szetes arc\u00e1pol\u00f3 olaj m\u00e1rka kor\u00e1bban \u00e1tl\u00e1tsz\u00f3 m\u0171anyag flakont haszn\u00e1lt standard pump\u00e1val. Maga a term\u00e9k eg\u00e9szen j\u00f3 volt, de a v\u00e1s\u00e1rl\u00f3k folyamatosan panaszkodtak, hogy a csomagol\u00e1s \u201eolcs\u00f3nak\u201d \u00e9s \u201e\u00fcresnek, elfeledettnek t\u0171nik\u201d.<\/p>\n<p>K\u00e9s\u0151bb \u00e1tt\u00e9rtek az 50 ml-es \u00fcveg kozmetikai flakonunkra \u2013 egy matt feh\u00e9r flakonra, arany kupakkal \u00e9s puha fekete c\u00edmk\u00e9vel. A v\u00e1ltoz\u00e1s azonnali volt. A v\u00e1s\u00e1rl\u00f3k \u00edgy nyilatkoztak: \u201eSokkal jobban \u00e9rzem magam\u201d, \u00e9s \u201eNem b\u00edrom elviselni, hogy haszn\u00e1lat ut\u00e1n kidobjam\u201d. Az egyik v\u00e1s\u00e1rl\u00f3juk m\u00e9g azt is megjegyezte: \u201eNemcsak haszn\u00e1lom, de m\u00e9g a kom\u00f3domon is tartom dekor\u00e1ci\u00f3k\u00e9nt.\u201d Ez a v\u00e1ltoz\u00e1s 45%-os n\u00f6veked\u00e9st eredm\u00e9nyezett az \u00fajrav\u00e1s\u00e1rl\u00e1si ar\u00e1nyban. Az \u00fcveg test\u00e1pol\u00f3 flakonjaik csomagol\u00e1sa okot adott arra, hogy az emberek az \u00f6v\u00e9k\u00e9t v\u00e1lassz\u00e1k a bev\u00e1lt m\u00e1rk\u00e1k helyett.<\/p>\n<h2>Egy j\u00f3 term\u00e9ket a nagyszer\u0171 csomagol\u00e1s tesz t\u00f6k\u00e9letess\u00e9<\/h2>\n<p>A b\u0151r\u00e1pol\u00e1s nem csak arr\u00f3l sz\u00f3l, hogy mi van az \u00fcvegben; ugyanolyan fontos az az \u00e9rz\u00e9s, amit a haszn\u00e1lat sor\u00e1n kapunk. \u00dcvegpump\u00e1s \u00e9s kozmetikai flakonjaink t\u00f6bbet jelentenek puszta t\u00e1rol\u00f3ed\u00e9nyn\u00e9l; ritu\u00e1l\u00e9v\u00e1 teszik a napi b\u0151r\u00e1pol\u00e1st, egy m\u00f3dja annak, hogy azt mondjuk: \u201eMeg\u00e9rdemled, hogy j\u00f3l b\u00e1njunk veled.\u201d Az \u00fcveg test\u00e1pol\u00f3 flakonokt\u00f3l a komplett \u00fcveg pump\u00e1s csomagol\u00e1si megold\u00e1sokig seg\u00edt\u00fcnk egy igaz\u00e1n eml\u00e9kezetes term\u00e9k l\u00e9trehoz\u00e1s\u00e1ban.<\/p>","protected":false},"excerpt":{"rendered":"<p>Kiv\u00e1l\u00f3 min\u0151s\u00e9g\u0171 \u00fcveg pump\u00e1s flakon \u00e9s kozmetikai \u00fcveg, ide\u00e1lis b\u0151r\u00e1pol\u00e1si \u00e9s sz\u00e9ps\u00e9g\u00e1pol\u00e1si term\u00e9kek csomagol\u00e1s\u00e1ra. T\u00f6k\u00e9letes nagykereskedelmi \u00e9s t\u00f6meges megrendel\u00e9sekhez.<\/p>","protected":false},"featured_media":5174,"comment_status":"open","ping_status":"closed","template":"","meta":{"_acf_changed":false,"site-sidebar-layout":"default","site-content-layout":"","ast-site-content-layout":"default","site-content-style":"default","site-sidebar-style":"default","ast-global-header-display":"","ast-banner-title-visibility":"","ast-main-header-display":"","ast-hfb-above-header-display":"","ast-hfb-below-header-display":"","ast-hfb-mobile-header-display":"","site-post-title":"","ast-breadcrumbs-content":"","ast-featured-img":"","footer-sml-layout":"","ast-disable-related-posts":"","theme-transparent-header-meta":"default","adv-header-id-meta":"","stick-header-meta":"","header-above-stick-meta":"","header-main-stick-meta":"","header-below-stick-meta":"","astra-migrate-meta-layouts":"set","ast-page-background-enabled":"default","ast-page-background-meta":{"desktop":{"background-color":"var(--ast-global-color-5)","background-image":"","background-repeat":"repeat","background-position":"center center","background-size":"auto","background-attachment":"scroll","background-type":"","background-media":"","overlay-type":"","overlay-color":"","overlay-opacity":"","overlay-gradient":""},"tablet":{"background-color":"","background-image":"","background-repeat":"repeat","background-position":"center center","background-size":"auto","background-attachment":"scroll","background-type":"","background-media":"","overlay-type":"","overlay-color":"","overlay-opacity":"","overlay-gradient":""},"mobile":{"background-color":"","background-image":"","background-repeat":"repeat","background-position":"center center","background-size":"auto","background-attachment":"scroll","background-type":"","background-media":"","overlay-type":"","overlay-color":"","overlay-opacity":"","overlay-gradient":""}},"ast-content-background-meta":{"desktop":{"background-color":"var(--ast-global-color-4)","background-image":"","background-repeat":"repeat","background-position":"center center","background-size":"auto","background-attachment":"scroll","background-type":"","background-media":"","overlay-type":"","overlay-color":"","overlay-opacity":"","overlay-gradient":""},"tablet":{"background-color":"var(--ast-global-color-4)","background-image":"","background-repeat":"repeat","background-position":"center center","background-size":"auto","background-attachment":"scroll","background-type":"","background-media":"","overlay-type":"","overlay-color":"","overlay-opacity":"","overlay-gradient":""},"mobile":{"background-color":"var(--ast-global-color-4)","background-image":"","background-repeat":"repeat","background-position":"center center","background-size":"auto","background-attachment":"scroll","background-type":"","background-media":"","overlay-type":"","overlay-color":"","overlay-opacity":"","overlay-gradient":""}}},"product_brand":[],"product_cat":[62,72,71],"product_tag":[190,204],"class_list":{"0":"post-5173","1":"product","2":"type-product","3":"status-publish","4":"has-post-thumbnail","6":"product_cat-cosmetic-containers","7":"product_cat-cosmetic-packaging","8":"product_cat-glass-lotion-bottles","9":"product_tag-cosmetic-pots-with-lids","10":"product_tag-frosted-cosmetic-jars","11":"desktop-align-left","12":"tablet-align-left","13":"mobile-align-left","15":"first","16":"instock","17":"shipping-taxable","18":"product-type-simple"},"acf":[],"jetpack_sharing_enabled":true,"_links":{"self":[{"href":"https:\/\/theperfumebottles.com\/hu\/wp-json\/wp\/v2\/product\/5173","targetHints":{"allow":["GET"]}}],"collection":[{"href":"https:\/\/theperfumebottles.com\/hu\/wp-json\/wp\/v2\/product"}],"about":[{"href":"https:\/\/theperfumebottles.com\/hu\/wp-json\/wp\/v2\/types\/product"}],"replies":[{"embeddable":true,"href":"https:\/\/theperfumebottles.com\/hu\/wp-json\/wp\/v2\/comments?post=5173"}],"wp:featuredmedia":[{"embeddable":true,"href":"https:\/\/theperfumebottles.com\/hu\/wp-json\/wp\/v2\/media\/5174"}],"wp:attachment":[{"href":"https:\/\/theperfumebottles.com\/hu\/wp-json\/wp\/v2\/media?parent=5173"}],"wp:term":[{"taxonomy":"product_brand","embeddable":true,"href":"https:\/\/theperfumebottles.com\/hu\/wp-json\/wp\/v2\/product_brand?post=5173"},{"taxonomy":"product_cat","embeddable":true,"href":"https:\/\/theperfumebottles.com\/hu\/wp-json\/wp\/v2\/product_cat?post=5173"},{"taxonomy":"product_tag","embeddable":true,"href":"https:\/\/theperfumebottles.com\/hu\/wp-json\/wp\/v2\/product_tag?post=5173"}],"curies":[{"name":"wp","href":"https:\/\/api.w.org\/{rel}","templated":true}]}}