{"id":5245,"date":"2025-08-07T10:30:11","date_gmt":"2025-08-07T02:30:11","guid":{"rendered":"https:\/\/theperfumebottles.com\/?post_type=product&#038;p=5245"},"modified":"2026-03-30T14:21:28","modified_gmt":"2026-03-30T06:21:28","slug":"essential-oil-glass-roller-bottles-for-packaging-wholesale","status":"publish","type":"product","link":"https:\/\/theperfumebottles.com\/hu\/termek\/essential-oil-glass-roller-bottles-for-packaging-wholesale\/","title":{"rendered":"1ml -100ml ill\u00f3olaj \u00fcveg g\u00f6rg\u0151s palackok nagykereskedelmi csomagol\u00e1shoz"},"content":{"rendered":"<p>Olyan \u00fcveg roll-on flakonokra van sz\u00fcks\u00e9ged, amelyek \u00f6tv\u00f6zik a precizit\u00e1st \u00e9s az eleganci\u00e1t? Ezeket az ill\u00f3olajos roll-on flakonokat olyan m\u00e1rk\u00e1knak tervezt\u00e9k, amelyek kiemelked\u0151 kozmetikai csomagol\u00e1st szeretn\u00e9nek.<\/p>\n<h2><strong data-spm-anchor-id=\"5176.28103460.0.i9.29ab1db8AYaOUi\">F\u0151bb specifik\u00e1ci\u00f3k<\/strong><\/h2>\n<table style=\"margin-left: auto; margin-right: auto; border-collapse: collapse; width: 80%;\" border=\"0\" width=\"144\" cellspacing=\"0\" cellpadding=\"0\">\n<tbody>\n<tr style=\"height: 13.50pt;\">\n<td style=\"height: 13.5pt; width: 54pt; text-align: center;\" width=\"72\" height=\"18\">Jellemz\u0151<\/td>\n<td style=\"width: 54pt; text-align: center;\" width=\"72\">R\u00e9szletek<\/td>\n<\/tr>\n<tr style=\"height: 13.50pt;\">\n<td style=\"height: 13.5pt; text-align: center;\" height=\"18\">Kapacit\u00e1s<\/td>\n<td style=\"text-align: center;\">1 ml, 2 ml, 3 ml, 5 ml, 10 ml, 15 ml, 20 ml, 30 ml, 50 ml, 100 ml<\/td>\n<\/tr>\n<tr style=\"height: 13.50pt;\">\n<td style=\"height: 13.5pt; text-align: center;\" height=\"18\">Anyag<\/td>\n<td style=\"text-align: center;\">Krist\u00e1ly\u00fcveg<\/td>\n<\/tr>\n<tr style=\"height: 13.50pt;\">\n<td style=\"height: 13.5pt; text-align: center;\" height=\"18\">T\u00f6m\u00edt\u0151mechanizmus<\/td>\n<td style=\"text-align: center;\">Roll-On (f\u00e9m roll-on)<\/td>\n<\/tr>\n<tr style=\"height: 13.50pt;\">\n<td style=\"height: 13.5pt; text-align: center;\" height=\"18\">Sz\u00edn<\/td>\n<td style=\"text-align: center;\">Borosty\u00e1n\/Fekete\/Barna\/Z\u00f6ld\/\u00c1tl\u00e1tsz\u00f3<\/td>\n<\/tr>\n<tr style=\"height: 13.50pt;\">\n<td style=\"height: 13.5pt; text-align: center;\" height=\"18\">Haszn\u00e1lat<\/td>\n<td style=\"text-align: center;\">Ill\u00f3olaj\/Parf\u00fcm\/K\u00e9miai laborat\u00f3riumi vegyszerek\u2026<\/td>\n<\/tr>\n<\/tbody>\n<\/table>\n<h2>Sikeres eset<\/h2>\n<p>Egy ausztr\u00e1l term\u00e9szetes eg\u00e9szs\u00e9g\u00fcgyi term\u00e9keket gy\u00e1rt\u00f3 c\u00e9gnek k\u00e9ts\u00e9gbeesetten sz\u00fcks\u00e9ge volt egy er\u0151s k\u00e9szletre esszenci\u00e1lis olaj roll-on flakonokb\u00f3l. V\u00e9g\u00fcl az \u00e1ltalunk forgalmazott 50 ml-es borosty\u00e1nsz\u00edn\u0171 \u00fcveg roll-on flakonok mellett d\u00f6nt\u00f6ttek. A roll-on goly\u00f3kat rozsdamentes ac\u00e9lb\u00f3l k\u00e9sz\u00edtett\u00fck, hogy a felvitel egyszer\u0171 \u00e9s k\u00f6nny\u0171 legyen a testreszab\u00e1si f\u00e1zisban, \u00e9s matt fekete kupakkal l\u00e1ttuk el \u0151ket, hogy divatosnak \u00e9s modernnek t\u0171njenek. Ezenk\u00edv\u00fcl az \u00fcgyf\u00e9l \u00fagy d\u00f6nt\u00f6tt, hogy szitanyom\u00e1ssal nyomtatja ki a m\u00e1rkajelz\u00e9s\u00e9t, \u00e9s matt fel\u00fcletkezel\u00e9st is alkalmazott a k\u00fcl\u00f6nb\u00f6z\u0151 term\u00e9kformul\u00e1k \u00e9s verzi\u00f3k megk\u00fcl\u00f6nb\u00f6ztet\u00e9s\u00e9re, mivel k\u00fcl\u00f6nb\u00f6z\u0151 gy\u00e1rt\u00e1si t\u00e9teleket szeretett volna haszn\u00e1lni.<\/p>\n<p>A term\u00e9k bevezet\u00e9se ut\u00e1ni els\u0151 k\u00e9t h\u00f3napban 30 sz\u00e1zal\u00e9kos n\u00f6veked\u00e9st mutatott. A pozit\u00edv piaci reakci\u00f3knak k\u00f6sz\u00f6nhet\u0151en az \u00fcgyf\u00e9l azonnal tov\u00e1bbi megrendel\u00e9st adott le, \u00e9s kiterjesztette ezt a csomagol\u00e1si megold\u00e1st term\u00e9kpalett\u00e1j\u00e1nak tov\u00e1bbi, ill\u00f3olaj-kever\u00e9keket tartalmaz\u00f3 term\u00e9keire.<\/p>\n<h2>\u00a0Testreszab\u00e1si javaslat<\/h2>\n<ul>\n<li><strong>F\u00e9ny\u00e1ll\u00f3 opci\u00f3k:<\/strong> A barna \u00fcveg ill\u00f3olajokhoz megfelel\u0151; a z\u00f6ld \u00fcveg illatanyagokhoz \u00e9s laborat\u00f3riumi haszn\u00e1latra.<\/li>\n<li><strong>St\u00edlusos \u00e9s tart\u00f3s:<\/strong> A 2025-ben n\u00e9pszer\u0171, t\u00falzottan tel\u00edtett matt sz\u00ednek (mint p\u00e9ld\u00e1ul a Klein k\u00e9k, a fluoreszk\u00e1l\u00f3 z\u00f6ld) UV-nyomtat\u00e1ssal \u00e9s kop\u00e1s\u00e1ll\u00f3 c\u00edmk\u00e9kkel p\u00e1rosulnak. A g\u00f6rg\u0151s goly\u00f3 \u00e9s a kupak elrendez\u00e9se higi\u00e9nikus.<\/li>\n<li><strong>Sokoldal\u00fa m\u00e9retek:<\/strong> 1 ml\u2013100 ml (5 ml utaz\u00e1shoz, 30 ml eleg\u00e1ns) kiszerel\u00e9sben kaphat\u00f3, hogy kiel\u00e9g\u00edtse a k\u00fcl\u00f6nf\u00e9le csomagol\u00e1si ig\u00e9nyeket.<\/li>\n<\/ul>","protected":false},"excerpt":{"rendered":"<p>Fedezze fel az ill\u00f3olaj-megold\u00e1sokat \u00fcvegb\u0151l k\u00e9sz\u00fclt, roll-on palackokban egy megb\u00edzhat\u00f3 kozmetikai csomagol\u00f3anyag-sz\u00e1ll\u00edt\u00f3t\u00f3l. Tart\u00f3s, sz\u00e1ll\u00edt\u00e1sra k\u00e9sz \u00e9s nagykereskedelmi megrendel\u00e9sekhez testreszabhat\u00f3.<\/p>","protected":false},"featured_media":7498,"comment_status":"open","ping_status":"closed","template":"","meta":{"_acf_changed":false,"site-sidebar-layout":"default","site-content-layout":"","ast-site-content-layout":"default","site-content-style":"default","site-sidebar-style":"default","ast-global-header-display":"","ast-banner-title-visibility":"","ast-main-header-display":"","ast-hfb-above-header-display":"","ast-hfb-below-header-display":"","ast-hfb-mobile-header-display":"","site-post-title":"","ast-breadcrumbs-content":"","ast-featured-img":"","footer-sml-layout":"","ast-disable-related-posts":"","theme-transparent-header-meta":"default","adv-header-id-meta":"","stick-header-meta":"","header-above-stick-meta":"","header-main-stick-meta":"","header-below-stick-meta":"","astra-migrate-meta-layouts":"set","ast-page-background-enabled":"default","ast-page-background-meta":{"desktop":{"background-color":"var(--ast-global-color-5)","background-image":"","background-repeat":"repeat","background-position":"center center","background-size":"auto","background-attachment":"scroll","background-type":"","background-media":"","overlay-type":"","overlay-color":"","overlay-opacity":"","overlay-gradient":""},"tablet":{"background-color":"","background-image":"","background-repeat":"repeat","background-position":"center center","background-size":"auto","background-attachment":"scroll","background-type":"","background-media":"","overlay-type":"","overlay-color":"","overlay-opacity":"","overlay-gradient":""},"mobile":{"background-color":"","background-image":"","background-repeat":"repeat","background-position":"center center","background-size":"auto","background-attachment":"scroll","background-type":"","background-media":"","overlay-type":"","overlay-color":"","overlay-opacity":"","overlay-gradient":""}},"ast-content-background-meta":{"desktop":{"background-color":"var(--ast-global-color-4)","background-image":"","background-repeat":"repeat","background-position":"center center","background-size":"auto","background-attachment":"scroll","background-type":"","background-media":"","overlay-type":"","overlay-color":"","overlay-opacity":"","overlay-gradient":""},"tablet":{"background-color":"var(--ast-global-color-4)","background-image":"","background-repeat":"repeat","background-position":"center center","background-size":"auto","background-attachment":"scroll","background-type":"","background-media":"","overlay-type":"","overlay-color":"","overlay-opacity":"","overlay-gradient":""},"mobile":{"background-color":"var(--ast-global-color-4)","background-image":"","background-repeat":"repeat","background-position":"center center","background-size":"auto","background-attachment":"scroll","background-type":"","background-media":"","overlay-type":"","overlay-color":"","overlay-opacity":"","overlay-gradient":""}}},"product_brand":[],"product_cat":[60,62,72,57],"product_tag":[206,205],"class_list":{"0":"post-5245","1":"product","2":"type-product","3":"status-publish","4":"has-post-thumbnail","6":"product_cat-roller-bottles","7":"product_cat-cosmetic-containers","8":"product_cat-cosmetic-packaging","9":"product_cat-essential-oil-bottles","10":"product_tag-glass-roller-bottle","11":"product_tag-roll-on-bottles-essential-oils","12":"desktop-align-left","13":"tablet-align-left","14":"mobile-align-left","16":"first","17":"instock","18":"shipping-taxable","19":"product-type-simple"},"acf":[],"jetpack_sharing_enabled":true,"_links":{"self":[{"href":"https:\/\/theperfumebottles.com\/hu\/wp-json\/wp\/v2\/product\/5245","targetHints":{"allow":["GET"]}}],"collection":[{"href":"https:\/\/theperfumebottles.com\/hu\/wp-json\/wp\/v2\/product"}],"about":[{"href":"https:\/\/theperfumebottles.com\/hu\/wp-json\/wp\/v2\/types\/product"}],"replies":[{"embeddable":true,"href":"https:\/\/theperfumebottles.com\/hu\/wp-json\/wp\/v2\/comments?post=5245"}],"wp:featuredmedia":[{"embeddable":true,"href":"https:\/\/theperfumebottles.com\/hu\/wp-json\/wp\/v2\/media\/7498"}],"wp:attachment":[{"href":"https:\/\/theperfumebottles.com\/hu\/wp-json\/wp\/v2\/media?parent=5245"}],"wp:term":[{"taxonomy":"product_brand","embeddable":true,"href":"https:\/\/theperfumebottles.com\/hu\/wp-json\/wp\/v2\/product_brand?post=5245"},{"taxonomy":"product_cat","embeddable":true,"href":"https:\/\/theperfumebottles.com\/hu\/wp-json\/wp\/v2\/product_cat?post=5245"},{"taxonomy":"product_tag","embeddable":true,"href":"https:\/\/theperfumebottles.com\/hu\/wp-json\/wp\/v2\/product_tag?post=5245"}],"curies":[{"name":"wp","href":"https:\/\/api.w.org\/{rel}","templated":true}]}}