{"id":5251,"date":"2025-08-07T11:49:10","date_gmt":"2025-08-07T03:49:10","guid":{"rendered":"https:\/\/theperfumebottles.com\/?post_type=product&#038;p=5251"},"modified":"2025-08-07T17:42:15","modified_gmt":"2025-08-07T09:42:15","slug":"5ml-perfume-essential-oil-glass-roller-bottles-for-cosmetic-packaging","status":"publish","type":"product","link":"https:\/\/theperfumebottles.com\/hu\/termek\/5ml-perfume-essential-oil-glass-roller-bottles-for-cosmetic-packaging\/","title":{"rendered":"5 ml-es parf\u00fcm ill\u00f3olaj \u00fcvegg\u00f6rg\u0151s palackok kozmetikai csomagol\u00e1shoz"},"content":{"rendered":"<p>Sz\u00fcks\u00e9ge van egy olyan tart\u00e1lyra, amely \u00f6tv\u00f6zi a precizit\u00e1st \u00e9s a st\u00edlust? Ill\u00f3olajos \u00fcveg gurul\u00f3s flakonjainkat olyan m\u00e1rk\u00e1k sz\u00e1m\u00e1ra tervezt\u00fck, amelyek olyan kozmetikai csomagol\u00e1st szeretn\u00e9nek, amely mag\u00e1ra vonzza a tekinteteket.<\/p>\n<h2><strong>F\u0151bb specifik\u00e1ci\u00f3k<\/strong><\/h2>\n<table style=\"margin-left: auto;margin-right: auto;border-collapse: collapse;width: 80%\" border=\"0\" width=\"144\" cellspacing=\"0\" cellpadding=\"0\">\n<tbody>\n<tr style=\"height: 13.50pt\">\n<td style=\"height: 13.50pt;width: 54.00pt\" width=\"72\" height=\"18\">Jellemz\u0151<\/td>\n<td style=\"width: 54.00pt\" width=\"72\">R\u00e9szletek<\/td>\n<\/tr>\n<tr style=\"height: 13.50pt\">\n<td style=\"height: 13.50pt\" height=\"18\">Kapacit\u00e1s<\/td>\n<td>5 ml<\/td>\n<\/tr>\n<tr style=\"height: 13.50pt\">\n<td style=\"height: 13.50pt\" height=\"18\">Anyag<\/td>\n<td>Matt\/\u00e1tl\u00e1tsz\u00f3 \u00fcveg<\/td>\n<\/tr>\n<tr style=\"height: 13.50pt\">\n<td style=\"height: 13.50pt\" height=\"18\">Sz\u00ednbe\u00e1ll\u00edt\u00e1sok<\/td>\n<td>Testreszabott (piros, r\u00f3zsasz\u00edn, k\u00e9k, lila stb.)<\/td>\n<\/tr>\n<tr style=\"height: 13.50pt\">\n<td style=\"height: 13.50pt\" height=\"18\">Alak<\/td>\n<td>Kerek<\/td>\n<\/tr>\n<tr style=\"height: 13.50pt\">\n<td style=\"height: 13.50pt\" height=\"18\">Haszn\u00e1lat<\/td>\n<td>Parf\u00fcm<\/td>\n<\/tr>\n<\/tbody>\n<\/table>\n<h2>Sikert\u00f6rt\u00e9net: Hogyan n\u00f6velte egy parf\u00fcmgy\u00e1rt\u00f3 az elad\u00e1sait egyedi goly\u00f3s flakonokkal<\/h2>\n<p>Egy kis parf\u00fcmgy\u00e1rt\u00f3, amely roll-on flakonos parf\u00fcm mint\u00e1kat dobott piacra, vel\u00fcnk egy\u00fcttm\u0171k\u00f6dve 5 ml-es \u00fcveg roll-on flakonokat k\u00e9sz\u00edtett ill\u00f3olajokhoz. Nagykereskedelmi megrendel\u00e9ssel \u00e9s egyedi matt c\u00edmk\u00e9k hozz\u00e1ad\u00e1s\u00e1val 20%-kal cs\u00f6kkentett\u00e9k a csomagol\u00e1si k\u00f6lts\u00e9geket, \u00e9s 60%-kal n\u00f6velt\u00e9k az ism\u00e9tl\u0151d\u0151 v\u00e1s\u00e1rl\u00e1sok sz\u00e1m\u00e1t.<\/p>\n<h2><span class=\"HwtZe\" lang=\"en\"><span class=\"jCAhz ChMk0b\"><span class=\"ryNqvb\">Testreszabott javaslatok<\/span><\/span><\/span><\/h2>\n<ol>\n<li><span class=\"HwtZe\" lang=\"en\"><span class=\"jCAhz ChMk0b\"><span class=\"ryNqvb\">A t\u00f6bbsz\u00edn\u0171 flakon lehet\u0151v\u00e9 teszi a term\u00e9k funkci\u00f3j\u00e1nak vagy illat\u00e1nak sz\u00edn szerinti megk\u00fcl\u00f6nb\u00f6ztet\u00e9s\u00e9t (pl. a piros az \u00e9l\u00e9nk\u00edt\u0151 ill\u00f3olajokat, a k\u00e9k a nyugtat\u00f3 ill\u00f3olajokat jel\u00f6li). <\/span><\/span><\/span><\/li>\n<li><span class=\"HwtZe\" lang=\"en\"><span class=\"jCAhz ChMk0b\"><span class=\"ryNqvb\">Az 5 ml-es flakon k\u00e9nyelmes m\u00e9ret\u0171, k\u00f6nnyen elf\u00e9r egy sminkt\u00e1sk\u00e1ban vagy egy \u00edr\u00f3asztal fi\u00f3kj\u00e1ban, \u00edgy t\u00f6k\u00e9letes \u00fatk\u00f6zbeni utaz\u00e1shoz.<\/span><\/span> <\/span><\/li>\n<li><span class=\"HwtZe\" lang=\"en\"><span class=\"jCAhz ChMk0b\"><span class=\"ryNqvb\">A palack sima \u00edvei \u00e9s a g\u00f6rg\u0151 sima forg\u00e1sa kellemes felhaszn\u00e1l\u00f3i \u00e9lm\u00e9nyt biztos\u00edt.<\/span><\/span><\/span><\/li>\n<\/ol>","protected":false},"excerpt":{"rendered":"<p>Fedezze fel a kozmetikai csomagol\u00e1shoz val\u00f3 roll-on \u00fcveg parf\u00fcm \u00e9s ill\u00f3olaj gurul\u00f3s \u00fcvegeit. Tart\u00f3s, testreszabhat\u00f3 \u00e9s sz\u00e1ll\u00edt\u00e1sra k\u00e9sz \u2013 t\u00f6k\u00e9letes nagykereskedelmi megrendel\u00e9sekhez \u00e9s sz\u00e9ps\u00e9g\u00e1pol\u00e1si csomagol\u00e1sokhoz.<\/p>","protected":false},"featured_media":5258,"comment_status":"open","ping_status":"closed","template":"","meta":{"_acf_changed":false,"site-sidebar-layout":"default","site-content-layout":"","ast-site-content-layout":"default","site-content-style":"default","site-sidebar-style":"default","ast-global-header-display":"","ast-banner-title-visibility":"","ast-main-header-display":"","ast-hfb-above-header-display":"","ast-hfb-below-header-display":"","ast-hfb-mobile-header-display":"","site-post-title":"","ast-breadcrumbs-content":"","ast-featured-img":"","footer-sml-layout":"","ast-disable-related-posts":"","theme-transparent-header-meta":"default","adv-header-id-meta":"","stick-header-meta":"","header-above-stick-meta":"","header-main-stick-meta":"","header-below-stick-meta":"","astra-migrate-meta-layouts":"set","ast-page-background-enabled":"default","ast-page-background-meta":{"desktop":{"background-color":"var(--ast-global-color-5)","background-image":"","background-repeat":"repeat","background-position":"center center","background-size":"auto","background-attachment":"scroll","background-type":"","background-media":"","overlay-type":"","overlay-color":"","overlay-opacity":"","overlay-gradient":""},"tablet":{"background-color":"","background-image":"","background-repeat":"repeat","background-position":"center center","background-size":"auto","background-attachment":"scroll","background-type":"","background-media":"","overlay-type":"","overlay-color":"","overlay-opacity":"","overlay-gradient":""},"mobile":{"background-color":"","background-image":"","background-repeat":"repeat","background-position":"center center","background-size":"auto","background-attachment":"scroll","background-type":"","background-media":"","overlay-type":"","overlay-color":"","overlay-opacity":"","overlay-gradient":""}},"ast-content-background-meta":{"desktop":{"background-color":"var(--ast-global-color-4)","background-image":"","background-repeat":"repeat","background-position":"center center","background-size":"auto","background-attachment":"scroll","background-type":"","background-media":"","overlay-type":"","overlay-color":"","overlay-opacity":"","overlay-gradient":""},"tablet":{"background-color":"var(--ast-global-color-4)","background-image":"","background-repeat":"repeat","background-position":"center center","background-size":"auto","background-attachment":"scroll","background-type":"","background-media":"","overlay-type":"","overlay-color":"","overlay-opacity":"","overlay-gradient":""},"mobile":{"background-color":"var(--ast-global-color-4)","background-image":"","background-repeat":"repeat","background-position":"center center","background-size":"auto","background-attachment":"scroll","background-type":"","background-media":"","overlay-type":"","overlay-color":"","overlay-opacity":"","overlay-gradient":""}}},"product_brand":[],"product_cat":[72,62,57,60],"product_tag":[208,207],"class_list":{"0":"post-5251","1":"product","2":"type-product","3":"status-publish","4":"has-post-thumbnail","6":"product_cat-cosmetic-packaging","7":"product_cat-cosmetic-containers","8":"product_cat-essential-oil-bottles","9":"product_cat-roller-bottles","10":"product_tag-essential-oil-glass-roller-bottles","11":"product_tag-roller-bottle-perfume","12":"desktop-align-left","13":"tablet-align-left","14":"mobile-align-left","16":"first","17":"instock","18":"shipping-taxable","19":"product-type-simple"},"acf":[],"jetpack_sharing_enabled":true,"_links":{"self":[{"href":"https:\/\/theperfumebottles.com\/hu\/wp-json\/wp\/v2\/product\/5251","targetHints":{"allow":["GET"]}}],"collection":[{"href":"https:\/\/theperfumebottles.com\/hu\/wp-json\/wp\/v2\/product"}],"about":[{"href":"https:\/\/theperfumebottles.com\/hu\/wp-json\/wp\/v2\/types\/product"}],"replies":[{"embeddable":true,"href":"https:\/\/theperfumebottles.com\/hu\/wp-json\/wp\/v2\/comments?post=5251"}],"wp:featuredmedia":[{"embeddable":true,"href":"https:\/\/theperfumebottles.com\/hu\/wp-json\/wp\/v2\/media\/5258"}],"wp:attachment":[{"href":"https:\/\/theperfumebottles.com\/hu\/wp-json\/wp\/v2\/media?parent=5251"}],"wp:term":[{"taxonomy":"product_brand","embeddable":true,"href":"https:\/\/theperfumebottles.com\/hu\/wp-json\/wp\/v2\/product_brand?post=5251"},{"taxonomy":"product_cat","embeddable":true,"href":"https:\/\/theperfumebottles.com\/hu\/wp-json\/wp\/v2\/product_cat?post=5251"},{"taxonomy":"product_tag","embeddable":true,"href":"https:\/\/theperfumebottles.com\/hu\/wp-json\/wp\/v2\/product_tag?post=5251"}],"curies":[{"name":"wp","href":"https:\/\/api.w.org\/{rel}","templated":true}]}}