{"id":5272,"date":"2025-08-07T13:32:39","date_gmt":"2025-08-07T05:32:39","guid":{"rendered":"https:\/\/theperfumebottles.com\/?post_type=product&#038;p=5272"},"modified":"2025-08-07T17:51:17","modified_gmt":"2025-08-07T09:51:17","slug":"10ml-glass-roll-on-bottle-perfume-bottle-roller-for-cosmetic-packaging-wholesale","status":"publish","type":"product","link":"https:\/\/theperfumebottles.com\/hu\/termek\/10ml-glass-roll-on-bottle-perfume-bottle-roller-for-cosmetic-packaging-wholesale\/","title":{"rendered":"10 ml-es \u00fcveg roll-on palack \u2013 parf\u00fcm\u00f6s palack roller kozmetikai csomagol\u00e1shoz nagykereskedelemben"},"content":{"rendered":"<p>Vannak olyan tart\u00e1lyok keres\u00e9se, amelyek kombin\u00e1lj\u00e1k a funkci\u00f3t a st\u00edlussal? A mi illatotart\u00f3 robban\u00f3s \u00fcveg a m\u00e1rk\u00e1k sz\u00e1m\u00e1ra tervezt\u00e9k, akik kiemelked\u0151 kozmetikai kapszul\u00e1t szeretn\u00e9nek.<\/p>\n<h3><strong data-spm-anchor-id=\"5176.28103460.0.i50.11491db8QY3D0b\">F\u0151bb specifik\u00e1ci\u00f3k<\/strong><\/h3>\n<table style=\"margin-right: auto;margin-left: auto;width: 80%\" width=\"144\">\n<tbody>\n<tr>\n<td width=\"72\">Jellemz\u0151<\/td>\n<td width=\"72\">R\u00e9szletek<\/td>\n<\/tr>\n<tr>\n<td>Kapacit\u00e1s<\/td>\n<td>3ml, 5ml, 10ml<\/td>\n<\/tr>\n<tr>\n<td>Anyag<\/td>\n<td>Krist\u00e1ly\u00fcveg<\/td>\n<\/tr>\n<tr>\n<td>Sz\u00ednbe\u00e1ll\u00edt\u00e1sok<\/td>\n<td>Testreszabott<\/td>\n<\/tr>\n<tr>\n<td>T\u00f6m\u00edt\u0151mechanizmus<\/td>\n<td>Roll-On (f\u00e9m roll-on)<\/td>\n<\/tr>\n<tr>\n<td>Haszn\u00e1lat<\/td>\n<td>Parf\u00fcm<\/td>\n<\/tr>\n<\/tbody>\n<\/table>\n<h2>Sikeres t\u00f6rt\u00e9net: Hogyan Middle Pefume M<span class=\"HwtZe\" lang=\"en\"><span class=\"jCAhz ChMk0b\"><span class=\"ryNqvb\">gy\u00e1rt\u00f3<\/span><\/span><\/span> N\u00f6velt \u00c9rt\u00e9kes\u00edt\u00e9seket a Testreszabott Roll On \u00dcvegekkel<\/h2>\n<p>Amikor a middle pefume <span class=\"HwtZe\" lang=\"en\"><span class=\"jCAhz ChMk0b\"><span class=\"ryNqvb\">gy\u00e1rt\u00f3 <\/span><\/span><\/span>ind\u00edtott egy illatotart\u00f3 robban\u00f3s \u00fcveg mint\u00e1kat sorozatot, partnereinkkel egy\u00fcttm\u0171k\u00f6dve 10ml \u00fcveges robban\u00f3s \u00fcvegeket k\u00e9sz\u00edtettek teakolban. T\u00f6meges rendel\u00e9s \u00e9s testreszabott c\u00edmk\u00e9k h\u00f3fel\u00fclettel, cs\u00f6kkentett\u00e9k a kozmetikai kapszul\u00e1k k\u00f6lts\u00e9geit 20%-nel \u00e9s 60%-nel n\u00f6velt\u00e9k a visszat\u00e9r\u0151 \u00fcgyfeleket. \u201cA hord\u00f3 alak\u00fa diz\u00e1jn luxusnak \u00e9rz\u0151d\u00f6tt, de gyakorlatias naponta haszn\u00e1lni\u201d - mondja alap\u00edt\u00f3ja.<\/p>\n<h2>Testreszab\u00e1si tippek<\/h2>\n<ul>\n<li><strong>T\u00f6meges el\u0151ny\u00f6k:<\/strong> T\u00f6meges rendel\u00e9sen v\u00e1s\u00e1roljon csomagol\u00e1st 25%-tal megtakar\u00edtva\u2014ide\u00e1lis pop-up \u00fczletekhez vagy \u00fcnnepi csomagokhoz.<\/li>\n<li><strong>C\u00edmke Like a Pro:<\/strong> Haszn\u00e1l holografikus akcentusokat vagy felv\u00e9sett sz\u00f6veget, hogy a \u00fcveg pop legyen a f\u0151oldalon.<\/li>\n<li><strong>Sz\u00ednpszichol\u00f3gia:<\/strong> Palett\u00e1zzon er\u0151teljes sz\u00edneket arany fed\u00e9sekkel egy sz\u00e9ps\u00e9gkapszul\u00e1nak, amely ki\u00e1lt \"luxus\".<\/li>\n<\/ul>","protected":false},"excerpt":{"rendered":"<p>N\u00f6velje a sz\u00e9ps\u00e9gkapszul\u00e1j\u00e1t a mi 3ml 5ml 10ml \u00fcveges robban\u00f3s \u00fcveggel\u2014ide\u00e1lis illatokra, b\u0151r\u00e1pol\u00e1sra \u00e9s kozmetikai tart\u00e1lyokra. Szil\u00e1rd, testreszabhat\u00f3, \u00e9s k\u00e9sz a sz\u00e1ll\u00edt\u00e1sra t\u00f6meges rendel\u00e9sekhez.<\/p>","protected":false},"featured_media":5274,"comment_status":"open","ping_status":"closed","template":"","meta":{"_acf_changed":false,"site-sidebar-layout":"default","site-content-layout":"","ast-site-content-layout":"default","site-content-style":"default","site-sidebar-style":"default","ast-global-header-display":"","ast-banner-title-visibility":"","ast-main-header-display":"","ast-hfb-above-header-display":"","ast-hfb-below-header-display":"","ast-hfb-mobile-header-display":"","site-post-title":"","ast-breadcrumbs-content":"","ast-featured-img":"","footer-sml-layout":"","ast-disable-related-posts":"","theme-transparent-header-meta":"default","adv-header-id-meta":"","stick-header-meta":"","header-above-stick-meta":"","header-main-stick-meta":"","header-below-stick-meta":"","astra-migrate-meta-layouts":"set","ast-page-background-enabled":"default","ast-page-background-meta":{"desktop":{"background-color":"var(--ast-global-color-5)","background-image":"","background-repeat":"repeat","background-position":"center center","background-size":"auto","background-attachment":"scroll","background-type":"","background-media":"","overlay-type":"","overlay-color":"","overlay-opacity":"","overlay-gradient":""},"tablet":{"background-color":"","background-image":"","background-repeat":"repeat","background-position":"center center","background-size":"auto","background-attachment":"scroll","background-type":"","background-media":"","overlay-type":"","overlay-color":"","overlay-opacity":"","overlay-gradient":""},"mobile":{"background-color":"","background-image":"","background-repeat":"repeat","background-position":"center center","background-size":"auto","background-attachment":"scroll","background-type":"","background-media":"","overlay-type":"","overlay-color":"","overlay-opacity":"","overlay-gradient":""}},"ast-content-background-meta":{"desktop":{"background-color":"var(--ast-global-color-4)","background-image":"","background-repeat":"repeat","background-position":"center center","background-size":"auto","background-attachment":"scroll","background-type":"","background-media":"","overlay-type":"","overlay-color":"","overlay-opacity":"","overlay-gradient":""},"tablet":{"background-color":"var(--ast-global-color-4)","background-image":"","background-repeat":"repeat","background-position":"center center","background-size":"auto","background-attachment":"scroll","background-type":"","background-media":"","overlay-type":"","overlay-color":"","overlay-opacity":"","overlay-gradient":""},"mobile":{"background-color":"var(--ast-global-color-4)","background-image":"","background-repeat":"repeat","background-position":"center center","background-size":"auto","background-attachment":"scroll","background-type":"","background-media":"","overlay-type":"","overlay-color":"","overlay-opacity":"","overlay-gradient":""}}},"product_brand":[],"product_cat":[72,62,57,60],"product_tag":[209,210],"class_list":{"0":"post-5272","1":"product","2":"type-product","3":"status-publish","4":"has-post-thumbnail","6":"product_cat-cosmetic-packaging","7":"product_cat-cosmetic-containers","8":"product_cat-essential-oil-bottles","9":"product_cat-roller-bottles","10":"product_tag-10ml-glass-roll-on-bottle","11":"product_tag-perfume-bottle-roller","12":"desktop-align-left","13":"tablet-align-left","14":"mobile-align-left","16":"first","17":"instock","18":"shipping-taxable","19":"product-type-simple"},"acf":[],"jetpack_sharing_enabled":true,"_links":{"self":[{"href":"https:\/\/theperfumebottles.com\/hu\/wp-json\/wp\/v2\/product\/5272","targetHints":{"allow":["GET"]}}],"collection":[{"href":"https:\/\/theperfumebottles.com\/hu\/wp-json\/wp\/v2\/product"}],"about":[{"href":"https:\/\/theperfumebottles.com\/hu\/wp-json\/wp\/v2\/types\/product"}],"replies":[{"embeddable":true,"href":"https:\/\/theperfumebottles.com\/hu\/wp-json\/wp\/v2\/comments?post=5272"}],"wp:featuredmedia":[{"embeddable":true,"href":"https:\/\/theperfumebottles.com\/hu\/wp-json\/wp\/v2\/media\/5274"}],"wp:attachment":[{"href":"https:\/\/theperfumebottles.com\/hu\/wp-json\/wp\/v2\/media?parent=5272"}],"wp:term":[{"taxonomy":"product_brand","embeddable":true,"href":"https:\/\/theperfumebottles.com\/hu\/wp-json\/wp\/v2\/product_brand?post=5272"},{"taxonomy":"product_cat","embeddable":true,"href":"https:\/\/theperfumebottles.com\/hu\/wp-json\/wp\/v2\/product_cat?post=5272"},{"taxonomy":"product_tag","embeddable":true,"href":"https:\/\/theperfumebottles.com\/hu\/wp-json\/wp\/v2\/product_tag?post=5272"}],"curies":[{"name":"wp","href":"https:\/\/api.w.org\/{rel}","templated":true}]}}