{"id":5273,"date":"2025-08-07T18:04:47","date_gmt":"2025-08-07T10:04:47","guid":{"rendered":"https:\/\/theperfumebottles.com\/?post_type=product&#038;p=5273"},"modified":"2026-04-02T14:26:39","modified_gmt":"2026-04-02T06:26:39","slug":"glass-lotion-bottle-with-pump-for-bulk-supply","status":"publish","type":"product","link":"https:\/\/theperfumebottles.com\/hu\/termek\/glass-lotion-bottle-with-pump-for-bulk-supply\/","title":{"rendered":"20 ml 30 ml 40 ml 60 ml-es \u00fcveg test\u00e1pol\u00f3 palack pump\u00e1val \u00f6mlesztett adagol\u00e1shoz"},"content":{"rendered":"<p>Ennek a pump\u00e1s test\u00e1pol\u00f3 flakonnak a hengeres form\u00e1ja matt \u00fcveggel k\u00e9sz\u00fclt, amely l\u00e1gy, tejfeh\u00e9r megjelen\u00e9st k\u00f6lcs\u00f6n\u00f6z. A flakon test\u00e9t \u00e9s a feh\u00e9r m\u0171anyag pump\u00e1t term\u00e9szetes bambusz text\u00fara k\u00f6ti \u00f6ssze, amely eg\u00e9szen az \u00e1tl\u00e1tsz\u00f3 v\u00e9d\u0151burkolatig terjed, amely a pumpafejet v\u00e9di.<\/p>\n<h2>F\u0151bb specifik\u00e1ci\u00f3k<\/h2>\n<table style=\"border-collapse: collapse; margin-left: auto; margin-right: auto; width: 80%;\" border=\"0\" width=\"652\" cellspacing=\"0\" cellpadding=\"0\">\n<tbody>\n<tr style=\"height: 13.50pt;\">\n<td style=\"height: 13.50pt; width: 116.25pt;\" width=\"155\" height=\"18\">Jellemz\u0151<\/td>\n<td style=\"width: 372.75pt;\" width=\"497\">R\u00e9szlet<\/td>\n<\/tr>\n<tr style=\"height: 13.50pt;\">\n<td style=\"height: 13.50pt;\" height=\"18\">El\u00e9rhet\u0151 m\u00e9retek<\/td>\n<td>20 ml, 30 ml, 40 ml, 60 ml (ide\u00e1lis pump\u00e1s kr\u00e9mes flakon)<\/td>\n<\/tr>\n<tr style=\"height: 13.50pt;\">\n<td style=\"height: 13.50pt;\" height=\"18\">Anyag<\/td>\n<td>N\u00e1trium-kalcium \u00fcveg<\/td>\n<\/tr>\n<tr style=\"height: 13.50pt;\">\n<td style=\"height: 13.50pt;\" height=\"18\">Szivatty\u00fa<\/td>\n<td>m\u0171anyag, nat\u00far fa gall\u00e9rral<\/td>\n<\/tr>\n<tr style=\"height: 13.50pt;\">\n<td style=\"height: 13.50pt;\" height=\"18\">Befejez\u00e9s<\/td>\n<td>Matt feh\u00e9r \u00fcveg test<\/td>\n<\/tr>\n<tr style=\"height: 13.50pt;\">\n<td style=\"height: 13.50pt;\" height=\"18\">Testreszab\u00e1s<\/td>\n<td>Sz\u00edn, fa\u00e1rnyalat, log\u00f3 opci\u00f3k<\/td>\n<\/tr>\n<tr style=\"height: 13.50pt;\">\n<td style=\"height: 13.50pt;\" height=\"18\">Ide\u00e1lis<\/td>\n<td>Test\u00e1pol\u00f3, sz\u00e9rum, hidrat\u00e1l\u00f3, test\u00e1pol\u00f3<\/td>\n<\/tr>\n<\/tbody>\n<\/table>\n<h2>Sikert\u00f6rt\u00e9net<\/h2>\n<p>Egy kaliforniai Pure Beauty m\u00e1rka a mi 20 ml-es \u00fcvegpalackos test\u00e1pol\u00f3nkat v\u00e1lasztotta, amelyet l\u00e9zergrav\u00edrozott m\u00e1rkalog\u00f3val l\u00e1ttak el a bambusz nyakon, valamint egy BPA-mentes v\u00e1kuumpumpa fejjel. A term\u00e9szetes anyagok kombin\u00e1ci\u00f3ja a fogyaszt\u00f3i felm\u00e9r\u00e9sek szerint 40%-kal n\u00f6velte a m\u00e1rka hiteless\u00e9g\u00e9t \u00e9s fenntarthat\u00f3s\u00e1g\u00e1t, m\u00edg a v\u00e1kuumpumpa fej 35%-kal meghosszabb\u00edtotta a tart\u00f3s\u00edt\u00f3szermentes test\u00e1pol\u00f3 eltarthat\u00f3s\u00e1g\u00e1t. A m\u00e1rka nagy sikert aratott, \u00e9s ezt k\u00f6vet\u0151en tov\u00e1bbi 500 000 palackra vonatkoz\u00f3 megrendel\u00e9st adott le egy \u00faj tusf\u00fcrd\u0151 \u00e9s k\u00e9zkr\u00e9m term\u00e9kcsal\u00e1d gy\u00e1rt\u00e1s\u00e1hoz.<\/p>\n<h2>Szeretn\u00e9d testre szabni a saj\u00e1todat?<\/h2>\n<p>Nem kell a feh\u00e9rn\u00e9l maradnod. Ez az \u00fcres \u00fcvegpalackos test\u00e1pol\u00f3 teljesen testhez\u00e1ll\u00f3.<\/p>\n<ul>\n<li><strong>Sz\u00edn m\u00f3dos\u00edt\u00e1sa:<\/strong> Pr\u00f3b\u00e1ld ki a l\u00e1gy zs\u00e1lya, a meleg b\u00e9zs vagy a m\u00e9ly tenger\u00e9szk\u00e9k \u00e1rnyalatokat. Illeszkedj a m\u00e1rk\u00e1d hangulat\u00e1hoz.<\/li>\n<li><strong>Cser\u00e9lj\u00fck ki a f\u00e1t:<\/strong> Vil\u00e1gos t\u00f6lgy, di\u00f3 vagy bambusz? Igen, v\u00e1laszthatod.<\/li>\n<li><strong>Add hozz\u00e1 a log\u00f3dat:<\/strong> L\u00e9zergrav\u00edroz\u00e1st vagy szitanyom\u00e1st is v\u00e1llalunk \u2013 az \u00d6n d\u00f6nt\u00e9se.<\/li>\n<li><strong>Okos m\u00e9retez\u00e9s:<\/strong> 1000 egys\u00e9gre van sz\u00fcks\u00e9ge egy teszt\u00fczemhez? Vagy 30 000-re egy nagyszab\u00e1s\u00fa bevezet\u00e9sekhez? Mindkett\u0151t elint\u00e9zz\u00fck.<\/li>\n<\/ul>\n<p>Ez a pump\u00e1s test\u00e1pol\u00f3 flakon nem csup\u00e1n egy tart\u00e1ly. Ez egy v\u00e1szon. Te hozod a v\u00edzi\u00f3t. Mi val\u00f3ra v\u00e1ltjuk.<\/p>","protected":false},"excerpt":{"rendered":"<p>Pr\u00e9mium min\u0151s\u00e9g\u0171, pump\u00e1s, matt \u00fcveggel \u00e9s term\u00e9szetes bambuszgy\u0171r\u0171vel ell\u00e1tott test\u00e1pol\u00f3 flakon. \u00dcvegb\u0151l k\u00e9sz\u00fclt test\u00e1pol\u00f3, ide\u00e1lis b\u0151r\u00e1pol\u00e1si m\u00e1rk\u00e1k sz\u00e1m\u00e1ra. Gyors sz\u00e1ll\u00edt\u00e1s vil\u00e1gszerte.<\/p>","protected":false},"featured_media":5286,"comment_status":"open","ping_status":"closed","template":"","meta":{"_acf_changed":false,"site-sidebar-layout":"default","site-content-layout":"","ast-site-content-layout":"default","site-content-style":"default","site-sidebar-style":"default","ast-global-header-display":"","ast-banner-title-visibility":"","ast-main-header-display":"","ast-hfb-above-header-display":"","ast-hfb-below-header-display":"","ast-hfb-mobile-header-display":"","site-post-title":"","ast-breadcrumbs-content":"","ast-featured-img":"","footer-sml-layout":"","ast-disable-related-posts":"","theme-transparent-header-meta":"default","adv-header-id-meta":"","stick-header-meta":"","header-above-stick-meta":"","header-main-stick-meta":"","header-below-stick-meta":"","astra-migrate-meta-layouts":"set","ast-page-background-enabled":"default","ast-page-background-meta":{"desktop":{"background-color":"var(--ast-global-color-5)","background-image":"","background-repeat":"repeat","background-position":"center center","background-size":"auto","background-attachment":"scroll","background-type":"","background-media":"","overlay-type":"","overlay-color":"","overlay-opacity":"","overlay-gradient":""},"tablet":{"background-color":"","background-image":"","background-repeat":"repeat","background-position":"center center","background-size":"auto","background-attachment":"scroll","background-type":"","background-media":"","overlay-type":"","overlay-color":"","overlay-opacity":"","overlay-gradient":""},"mobile":{"background-color":"","background-image":"","background-repeat":"repeat","background-position":"center center","background-size":"auto","background-attachment":"scroll","background-type":"","background-media":"","overlay-type":"","overlay-color":"","overlay-opacity":"","overlay-gradient":""}},"ast-content-background-meta":{"desktop":{"background-color":"var(--ast-global-color-4)","background-image":"","background-repeat":"repeat","background-position":"center center","background-size":"auto","background-attachment":"scroll","background-type":"","background-media":"","overlay-type":"","overlay-color":"","overlay-opacity":"","overlay-gradient":""},"tablet":{"background-color":"var(--ast-global-color-4)","background-image":"","background-repeat":"repeat","background-position":"center center","background-size":"auto","background-attachment":"scroll","background-type":"","background-media":"","overlay-type":"","overlay-color":"","overlay-opacity":"","overlay-gradient":""},"mobile":{"background-color":"var(--ast-global-color-4)","background-image":"","background-repeat":"repeat","background-position":"center center","background-size":"auto","background-attachment":"scroll","background-type":"","background-media":"","overlay-type":"","overlay-color":"","overlay-opacity":"","overlay-gradient":""}}},"product_brand":[],"product_cat":[71,72,62],"product_tag":[190,204],"class_list":{"0":"post-5273","1":"product","2":"type-product","3":"status-publish","4":"has-post-thumbnail","6":"product_cat-glass-lotion-bottles","7":"product_cat-cosmetic-packaging","8":"product_cat-cosmetic-containers","9":"product_tag-cosmetic-pots-with-lids","10":"product_tag-frosted-cosmetic-jars","11":"desktop-align-left","12":"tablet-align-left","13":"mobile-align-left","15":"first","16":"instock","17":"shipping-taxable","18":"product-type-simple"},"acf":[],"jetpack_sharing_enabled":true,"_links":{"self":[{"href":"https:\/\/theperfumebottles.com\/hu\/wp-json\/wp\/v2\/product\/5273","targetHints":{"allow":["GET"]}}],"collection":[{"href":"https:\/\/theperfumebottles.com\/hu\/wp-json\/wp\/v2\/product"}],"about":[{"href":"https:\/\/theperfumebottles.com\/hu\/wp-json\/wp\/v2\/types\/product"}],"replies":[{"embeddable":true,"href":"https:\/\/theperfumebottles.com\/hu\/wp-json\/wp\/v2\/comments?post=5273"}],"wp:featuredmedia":[{"embeddable":true,"href":"https:\/\/theperfumebottles.com\/hu\/wp-json\/wp\/v2\/media\/5286"}],"wp:attachment":[{"href":"https:\/\/theperfumebottles.com\/hu\/wp-json\/wp\/v2\/media?parent=5273"}],"wp:term":[{"taxonomy":"product_brand","embeddable":true,"href":"https:\/\/theperfumebottles.com\/hu\/wp-json\/wp\/v2\/product_brand?post=5273"},{"taxonomy":"product_cat","embeddable":true,"href":"https:\/\/theperfumebottles.com\/hu\/wp-json\/wp\/v2\/product_cat?post=5273"},{"taxonomy":"product_tag","embeddable":true,"href":"https:\/\/theperfumebottles.com\/hu\/wp-json\/wp\/v2\/product_tag?post=5273"}],"curies":[{"name":"wp","href":"https:\/\/api.w.org\/{rel}","templated":true}]}}