{"id":5287,"date":"2025-08-07T18:38:59","date_gmt":"2025-08-07T10:38:59","guid":{"rendered":"https:\/\/theperfumebottles.com\/?post_type=product&#038;p=5287"},"modified":"2026-04-02T14:06:27","modified_gmt":"2026-04-02T06:06:27","slug":"wholesale-cosmetic-bottles-glass-with-lotion-pump","status":"publish","type":"product","link":"https:\/\/theperfumebottles.com\/hu\/termek\/wholesale-cosmetic-bottles-glass-with-lotion-pump\/","title":{"rendered":"Nagykereskedelmi 30 ml-es \u00fcres kozmetikai palackok Glod test\u00e1pol\u00f3 pump\u00e1val"},"content":{"rendered":"<p>A kiv\u00e1l\u00f3 min\u0151s\u00e9g\u0171 kozmetikai \u00fcveg palack hengeres kialak\u00edt\u00e1s\u00fa, lekerek\u00edtett talppal, amely ultra-tiszta pr\u00e9mium \u00fcvegb\u0151l k\u00e9sz\u00fclt. A term\u00e9k kifinomult arany sz\u00f3r\u00f3fejjel, \u00e1tl\u00e1tsz\u00f3 \u00fcveg biztons\u00e1gi kupakkal \u00e9s t\u00f6bbf\u00e9le sz\u00ednben kaphat\u00f3.<\/p>\n<h2>F\u0151bb specifik\u00e1ci\u00f3k<\/h2>\n<table style=\"border-collapse: collapse; margin-left: auto; margin-right: auto; width: 80%;\" border=\"0\" width=\"526\" cellspacing=\"0\" cellpadding=\"0\">\n<tbody>\n<tr style=\"height: 13.50pt;\">\n<td style=\"height: 13.50pt; width: 116.25pt;\" width=\"155\" height=\"18\">Jellemz\u0151<\/td>\n<td style=\"width: 278.25pt;\" width=\"371\">R\u00e9szlet<\/td>\n<\/tr>\n<tr style=\"height: 13.50pt;\">\n<td style=\"height: 13.50pt;\" height=\"18\">Kapacit\u00e1s<\/td>\n<td>30 ml (optim\u00e1lis kozmetikai \u00fcvegcs\u00e9k m\u00e9rete)<\/td>\n<\/tr>\n<tr style=\"height: 13.50pt;\">\n<td style=\"height: 13.50pt;\" height=\"18\">Anyag<\/td>\n<td>N\u00e1trium-kalcium \u00fcveg<\/td>\n<\/tr>\n<tr style=\"height: 13.50pt;\">\n<td style=\"height: 13.50pt;\" height=\"18\">Szivatty\u00fa<\/td>\n<td>F\u00e9m t\u00e1rcs\u00e1s pumpa (arany \u00e1rnyalat\u00fa)<\/td>\n<\/tr>\n<tr style=\"height: 13.50pt;\">\n<td style=\"height: 13.50pt;\" height=\"18\">Alak<\/td>\n<td>Hengeres, eleg\u00e1ns profil<\/td>\n<\/tr>\n<tr style=\"height: 13.50pt;\">\n<td style=\"height: 13.50pt;\" height=\"18\">Testreszab\u00e1s<\/td>\n<td>\u00dcveg \u00e9s pumpa sz\u00ednv\u00e1laszt\u00e9ka<\/td>\n<\/tr>\n<tr style=\"height: 13.50pt;\">\n<td style=\"height: 13.50pt;\" height=\"18\">Haszn\u00e1lati eset<\/td>\n<td>Test\u00e1pol\u00f3, sz\u00e9rum, hidrat\u00e1l\u00f3<\/td>\n<\/tr>\n<\/tbody>\n<\/table>\n<h2>Sikert\u00f6rt\u00e9net<\/h2>\n<p>A francia parf\u00fcm\u0151r a mi 30 ml-es \u00fcres test\u00e1pol\u00f3 pump\u00e1s flakonunkat v\u00e1lasztotta egyedi tervez\u00e9s\u00e9hez, amely matt arany pumpafejjel \u00e9s homokf\u00favott m\u00e1rkalog\u00f3val rendelkezett. A s\u00falyozott talp \u201epr\u00e9mium \u00e9rzetet\u201d k\u00f6lcs\u00f6n\u00f6z a term\u00e9knek, amit a v\u00e1s\u00e1rl\u00f3i v\u00e9lem\u00e9nyek 95%-a eml\u00edt. Az arany sz\u00f3r\u00f3fej finom permetet hoz l\u00e9tre, ami n\u00f6veli a term\u00e9k \u00e9rt\u00e9k\u00e9t, mik\u00f6zben 30%-kal cs\u00f6kkenti a permetpazarl\u00e1st. Az illatspray er\u0151s \u00e9rt\u00e9kes\u00edt\u00e9si sikert aratott, aminek eredm\u00e9nyek\u00e9nt tov\u00e1bbi 300 000 flakont rendeltek \u00faj szoba- \u00e9s textilillatos\u00edt\u00f3 term\u00e9kcsal\u00e1djukhoz.<\/p>\n<h2>Test\u00e1pol\u00f3 palackok testreszab\u00e1si lehet\u0151s\u00e9gei<\/h2>\n<ul>\n<li>A pumpafej \u00e9s a nyak n\u00e9gy sz\u00ednben kaphat\u00f3: arany, roz\u00e9arany, ez\u00fcst \u00e9s fekete.<\/li>\n<li>A rendszer k\u00e9tf\u00e9le permetez\u00e9si be\u00e1ll\u00edt\u00e1st k\u00edn\u00e1l, amelyek finom \u00e9s k\u00f6zepes permetez\u00e9st, valamint folyamatos permetez\u00e9si funkci\u00f3t is tartalmaznak.<\/li>\n<li>A term\u00e9k m\u00e1gneses f\u00e9mkupakkal rendelkezik, amely teljes v\u00e9delmet ny\u00fajt a sziv\u00e1rg\u00e1sok ellen, mik\u00f6zben k\u00f6nnyen sz\u00e1ll\u00edthat\u00f3.<\/li>\n<\/ul>","protected":false},"excerpt":{"rendered":"<p>Kozmetikai \u00fcvegpalackok nagy t\u00e9telben, \u00fcres test\u00e1pol\u00f3s flakonpump\u00e1val \u2013 egyedi opci\u00f3k b\u0151r\u00e1pol\u00e1si \u00e9s sz\u00e9ps\u00e9g\u00e1pol\u00e1si m\u00e1rk\u00e1k sz\u00e1m\u00e1ra nagykereskedelmi \u00e1ron.<\/p>","protected":false},"featured_media":5290,"comment_status":"open","ping_status":"closed","template":"","meta":{"_acf_changed":false,"site-sidebar-layout":"default","site-content-layout":"","ast-site-content-layout":"default","site-content-style":"default","site-sidebar-style":"default","ast-global-header-display":"","ast-banner-title-visibility":"","ast-main-header-display":"","ast-hfb-above-header-display":"","ast-hfb-below-header-display":"","ast-hfb-mobile-header-display":"","site-post-title":"","ast-breadcrumbs-content":"","ast-featured-img":"","footer-sml-layout":"","ast-disable-related-posts":"","theme-transparent-header-meta":"default","adv-header-id-meta":"","stick-header-meta":"","header-above-stick-meta":"","header-main-stick-meta":"","header-below-stick-meta":"","astra-migrate-meta-layouts":"set","ast-page-background-enabled":"default","ast-page-background-meta":{"desktop":{"background-color":"var(--ast-global-color-5)","background-image":"","background-repeat":"repeat","background-position":"center center","background-size":"auto","background-attachment":"scroll","background-type":"","background-media":"","overlay-type":"","overlay-color":"","overlay-opacity":"","overlay-gradient":""},"tablet":{"background-color":"","background-image":"","background-repeat":"repeat","background-position":"center center","background-size":"auto","background-attachment":"scroll","background-type":"","background-media":"","overlay-type":"","overlay-color":"","overlay-opacity":"","overlay-gradient":""},"mobile":{"background-color":"","background-image":"","background-repeat":"repeat","background-position":"center center","background-size":"auto","background-attachment":"scroll","background-type":"","background-media":"","overlay-type":"","overlay-color":"","overlay-opacity":"","overlay-gradient":""}},"ast-content-background-meta":{"desktop":{"background-color":"var(--ast-global-color-4)","background-image":"","background-repeat":"repeat","background-position":"center center","background-size":"auto","background-attachment":"scroll","background-type":"","background-media":"","overlay-type":"","overlay-color":"","overlay-opacity":"","overlay-gradient":""},"tablet":{"background-color":"var(--ast-global-color-4)","background-image":"","background-repeat":"repeat","background-position":"center center","background-size":"auto","background-attachment":"scroll","background-type":"","background-media":"","overlay-type":"","overlay-color":"","overlay-opacity":"","overlay-gradient":""},"mobile":{"background-color":"var(--ast-global-color-4)","background-image":"","background-repeat":"repeat","background-position":"center center","background-size":"auto","background-attachment":"scroll","background-type":"","background-media":"","overlay-type":"","overlay-color":"","overlay-opacity":"","overlay-gradient":""}}},"product_brand":[],"product_cat":[71,72,62],"product_tag":[190,204],"class_list":{"0":"post-5287","1":"product","2":"type-product","3":"status-publish","4":"has-post-thumbnail","6":"product_cat-glass-lotion-bottles","7":"product_cat-cosmetic-packaging","8":"product_cat-cosmetic-containers","9":"product_tag-cosmetic-pots-with-lids","10":"product_tag-frosted-cosmetic-jars","11":"desktop-align-left","12":"tablet-align-left","13":"mobile-align-left","15":"first","16":"instock","17":"shipping-taxable","18":"product-type-simple"},"acf":[],"jetpack_sharing_enabled":true,"_links":{"self":[{"href":"https:\/\/theperfumebottles.com\/hu\/wp-json\/wp\/v2\/product\/5287","targetHints":{"allow":["GET"]}}],"collection":[{"href":"https:\/\/theperfumebottles.com\/hu\/wp-json\/wp\/v2\/product"}],"about":[{"href":"https:\/\/theperfumebottles.com\/hu\/wp-json\/wp\/v2\/types\/product"}],"replies":[{"embeddable":true,"href":"https:\/\/theperfumebottles.com\/hu\/wp-json\/wp\/v2\/comments?post=5287"}],"wp:featuredmedia":[{"embeddable":true,"href":"https:\/\/theperfumebottles.com\/hu\/wp-json\/wp\/v2\/media\/5290"}],"wp:attachment":[{"href":"https:\/\/theperfumebottles.com\/hu\/wp-json\/wp\/v2\/media?parent=5287"}],"wp:term":[{"taxonomy":"product_brand","embeddable":true,"href":"https:\/\/theperfumebottles.com\/hu\/wp-json\/wp\/v2\/product_brand?post=5287"},{"taxonomy":"product_cat","embeddable":true,"href":"https:\/\/theperfumebottles.com\/hu\/wp-json\/wp\/v2\/product_cat?post=5287"},{"taxonomy":"product_tag","embeddable":true,"href":"https:\/\/theperfumebottles.com\/hu\/wp-json\/wp\/v2\/product_tag?post=5287"}],"curies":[{"name":"wp","href":"https:\/\/api.w.org\/{rel}","templated":true}]}}