{"id":5306,"date":"2025-08-11T09:05:47","date_gmt":"2025-08-11T01:05:47","guid":{"rendered":"https:\/\/theperfumebottles.com\/?post_type=product&#038;p=5306"},"modified":"2025-08-11T09:05:49","modified_gmt":"2025-08-11T01:05:49","slug":"10ml-amber-glass-roller-ball-bottles-for-cosmetic-packaging-wholesale","status":"publish","type":"product","link":"https:\/\/theperfumebottles.com\/hu\/termek\/10ml-amber-glass-roller-ball-bottles-for-cosmetic-packaging-wholesale\/","title":{"rendered":"10 ml-es borosty\u00e1nsz\u00edn\u0171 \u00fcveg g\u00f6rg\u0151s goly\u00f3s palackok kozmetikai csomagol\u00e1shoz nagykereskedelemben"},"content":{"rendered":"<p>Ha olyan tart\u00e1lyt keresel, amely megv\u00e9di a term\u00e9kedet az UV-sug\u00e1rz\u00e1st\u00f3l, mik\u00f6zben st\u00edlusos is, akkor ez a flakon a neked val\u00f3.<\/p>\n<h2>F\u0151bb specifik\u00e1ci\u00f3k<\/h2>\n<table style=\"margin-left: auto;margin-right: auto;border-collapse: collapse;width: 80%\" border=\"0\" width=\"144\" cellspacing=\"0\" cellpadding=\"0\">\n<tbody>\n<tr style=\"height: 13.50pt\">\n<td style=\"height: 13.50pt;width: 54.00pt\" width=\"72\" height=\"18\">Jellemz\u0151<\/td>\n<td style=\"width: 54.00pt\" width=\"72\">R\u00e9szletek<\/td>\n<\/tr>\n<tr style=\"height: 13.50pt\">\n<td style=\"height: 13.50pt\" height=\"18\">Kapacit\u00e1s<\/td>\n<td>10 ml<\/td>\n<\/tr>\n<tr style=\"height: 13.50pt\">\n<td style=\"height: 13.50pt\" height=\"18\">Anyag<\/td>\n<td>Borosty\u00e1n krist\u00e1lypoh\u00e1r<\/td>\n<\/tr>\n<tr style=\"height: 13.50pt\">\n<td style=\"height: 13.50pt\" height=\"18\">T\u00f6m\u00edt\u0151mechanizmus<\/td>\n<td>Roll-On (rozsdamentes ac\u00e9lgoly\u00f3)<\/td>\n<\/tr>\n<tr style=\"height: 13.50pt\">\n<td style=\"height: 13.50pt\" height=\"18\">Alak<\/td>\n<td>Kerek<\/td>\n<\/tr>\n<tr style=\"height: 13.50pt\">\n<td style=\"height: 13.50pt\" height=\"18\">Felszerel\u00e9s<\/td>\n<td>Rozsdamentes ac\u00e9l g\u00f6rg\u0151 + arany f\u00e9m kupak<\/td>\n<\/tr>\n<\/tbody>\n<\/table>\n<h2>Sikert\u00f6rt\u00e9net: Hogyan jav\u00edtotta egy n\u00f6vekv\u0151 b\u0151r\u00e1pol\u00e1si m\u00e1rka a kozmetikai csomagol\u00e1s vonzerej\u00e9t<\/h2>\n<p>Egy b\u0151r\u00e1pol\u00e1si gy\u00e1rt\u00f3 \u00faj, k\u00f6rnyezettudatos v\u00e1s\u00e1rl\u00f3kra \u00f6sszpontos\u00edt\u00f3 b\u0151r\u00e1pol\u00e1si term\u00e9kcsal\u00e1dot dobott piacra, \u00e9s borosty\u00e1nsz\u00edn\u0171 \u00fcvegb\u0151l k\u00e9sz\u00fclt hajcsavar\u00f3kat v\u00e1lasztott csomagol\u00e1sk\u00e9nt. Azzal, hogy a csomagol\u00e1st nagy t\u00e9telben rendelt\u00e9k meg, \u00e9s egyedi, k\u00f6rnyezetv\u00e9delmi \u00fczenetet tartalmaz\u00f3 c\u00edmk\u00e9ket adtak hozz\u00e1, 20%-kal cs\u00f6kkentett\u00e9k a csomagol\u00e1si k\u00f6lts\u00e9geket, \u00e9s 60%-os n\u00f6veked\u00e9st tapasztaltak az elad\u00e1sokban. \u201eA t\u00e9gely \u00edvelt form\u00e1ja egyszerre modern \u00e9s praktikus\u201d \u2013 mondta a csomagol\u00e1stechnikai menedzser\u00fck.<\/p>\n<h2>Testreszab\u00e1si tippek<\/h2>\n<ul>\n<li>A c\u00edmke n\u00f6v\u00e9nyi sz\u00ednnel \u00e9s mohaz\u00f6lddel val\u00f3 p\u00e1ros\u00edt\u00e1sa laza \u00e9s l\u00e1gy vizu\u00e1lis st\u00edlust teremt; a f\u00e9mes elemek hozz\u00e1ad\u00e1sa pr\u00e9miumabb \u00e9rzetet kelt.<\/li>\n<li>Az intelligens technol\u00f3gia integr\u00e1l\u00e1s\u00e1val a palack kupakj\u00e1ba \u00e1gyazott QR-k\u00f3d a csomagol\u00e1st nemcsak eszt\u00e9tikailag vonz\u00f3v\u00e1, hanem interakt\u00edvv\u00e1 is teszi. A felhaszn\u00e1l\u00f3k beolvashatj\u00e1k a k\u00f3dot, hogy hozz\u00e1f\u00e9rjenek a haszn\u00e1lati parancsokhoz vagy az \u00fajrat\u00f6lt\u00e9si statisztik\u00e1khoz.<\/li>\n<\/ul>","protected":false},"excerpt":{"rendered":"<p>Dobd fel kozmetikai csomagol\u00e1sodat borosty\u00e1nsz\u00edn\u0171 \u00fcveg goly\u00f3s flakonokkal. 10 ml-es roll-on \u00fcveg flakonok b\u0151r\u00e1pol\u00e1shoz, azonnal sz\u00e1ll\u00edthat\u00f3. T\u00f6k\u00e9letes nagykereskedelmi megrendel\u00e9sekhez \u00e9s sz\u00e9ps\u00e9g\u00e1pol\u00e1si csomagol\u00e1sokhoz.<\/p>","protected":false},"featured_media":5307,"comment_status":"open","ping_status":"closed","template":"","meta":{"_acf_changed":false,"site-sidebar-layout":"default","site-content-layout":"","ast-site-content-layout":"default","site-content-style":"default","site-sidebar-style":"default","ast-global-header-display":"","ast-banner-title-visibility":"","ast-main-header-display":"","ast-hfb-above-header-display":"","ast-hfb-below-header-display":"","ast-hfb-mobile-header-display":"","site-post-title":"","ast-breadcrumbs-content":"","ast-featured-img":"","footer-sml-layout":"","ast-disable-related-posts":"","theme-transparent-header-meta":"default","adv-header-id-meta":"","stick-header-meta":"","header-above-stick-meta":"","header-main-stick-meta":"","header-below-stick-meta":"","astra-migrate-meta-layouts":"set","ast-page-background-enabled":"default","ast-page-background-meta":{"desktop":{"background-color":"var(--ast-global-color-5)","background-image":"","background-repeat":"repeat","background-position":"center center","background-size":"auto","background-attachment":"scroll","background-type":"","background-media":"","overlay-type":"","overlay-color":"","overlay-opacity":"","overlay-gradient":""},"tablet":{"background-color":"","background-image":"","background-repeat":"repeat","background-position":"center center","background-size":"auto","background-attachment":"scroll","background-type":"","background-media":"","overlay-type":"","overlay-color":"","overlay-opacity":"","overlay-gradient":""},"mobile":{"background-color":"","background-image":"","background-repeat":"repeat","background-position":"center center","background-size":"auto","background-attachment":"scroll","background-type":"","background-media":"","overlay-type":"","overlay-color":"","overlay-opacity":"","overlay-gradient":""}},"ast-content-background-meta":{"desktop":{"background-color":"var(--ast-global-color-4)","background-image":"","background-repeat":"repeat","background-position":"center center","background-size":"auto","background-attachment":"scroll","background-type":"","background-media":"","overlay-type":"","overlay-color":"","overlay-opacity":"","overlay-gradient":""},"tablet":{"background-color":"var(--ast-global-color-4)","background-image":"","background-repeat":"repeat","background-position":"center center","background-size":"auto","background-attachment":"scroll","background-type":"","background-media":"","overlay-type":"","overlay-color":"","overlay-opacity":"","overlay-gradient":""},"mobile":{"background-color":"var(--ast-global-color-4)","background-image":"","background-repeat":"repeat","background-position":"center center","background-size":"auto","background-attachment":"scroll","background-type":"","background-media":"","overlay-type":"","overlay-color":"","overlay-opacity":"","overlay-gradient":""}}},"product_brand":[],"product_cat":[72,62,57,60],"product_tag":[213,214],"class_list":{"0":"post-5306","1":"product","2":"type-product","3":"status-publish","4":"has-post-thumbnail","6":"product_cat-cosmetic-packaging","7":"product_cat-cosmetic-containers","8":"product_cat-essential-oil-bottles","9":"product_cat-roller-bottles","10":"product_tag-amber-glass-roller-ball-bottles","11":"product_tag-roll-on-glass-bottles","12":"desktop-align-left","13":"tablet-align-left","14":"mobile-align-left","16":"first","17":"instock","18":"shipping-taxable","19":"product-type-simple"},"acf":[],"jetpack_sharing_enabled":true,"_links":{"self":[{"href":"https:\/\/theperfumebottles.com\/hu\/wp-json\/wp\/v2\/product\/5306","targetHints":{"allow":["GET"]}}],"collection":[{"href":"https:\/\/theperfumebottles.com\/hu\/wp-json\/wp\/v2\/product"}],"about":[{"href":"https:\/\/theperfumebottles.com\/hu\/wp-json\/wp\/v2\/types\/product"}],"replies":[{"embeddable":true,"href":"https:\/\/theperfumebottles.com\/hu\/wp-json\/wp\/v2\/comments?post=5306"}],"wp:featuredmedia":[{"embeddable":true,"href":"https:\/\/theperfumebottles.com\/hu\/wp-json\/wp\/v2\/media\/5307"}],"wp:attachment":[{"href":"https:\/\/theperfumebottles.com\/hu\/wp-json\/wp\/v2\/media?parent=5306"}],"wp:term":[{"taxonomy":"product_brand","embeddable":true,"href":"https:\/\/theperfumebottles.com\/hu\/wp-json\/wp\/v2\/product_brand?post=5306"},{"taxonomy":"product_cat","embeddable":true,"href":"https:\/\/theperfumebottles.com\/hu\/wp-json\/wp\/v2\/product_cat?post=5306"},{"taxonomy":"product_tag","embeddable":true,"href":"https:\/\/theperfumebottles.com\/hu\/wp-json\/wp\/v2\/product_tag?post=5306"}],"curies":[{"name":"wp","href":"https:\/\/api.w.org\/{rel}","templated":true}]}}