{"id":5311,"date":"2025-08-08T17:15:15","date_gmt":"2025-08-08T09:15:15","guid":{"rendered":"https:\/\/theperfumebottles.com\/?post_type=product&#038;p=5311"},"modified":"2025-08-08T17:17:29","modified_gmt":"2025-08-08T09:17:29","slug":"glass-roller-ball-bottle-essential-roll-on-container-for-cosmetic-packaging","status":"publish","type":"product","link":"https:\/\/theperfumebottles.com\/hu\/termek\/glass-roller-ball-bottle-essential-roll-on-container-for-cosmetic-packaging\/","title":{"rendered":"30 ml-es 50 ml-es \u00fcveg roll-on palackok \u2013 roll-on tart\u00e1ly kozmetikai csomagol\u00e1shoz"},"content":{"rendered":"<p>Sz\u00fcks\u00e9ge van egy olyan tart\u00e1lyra, amely megv\u00e9di term\u00e9k\u00e9t a k\u00f6nny\u0171 s\u00e9r\u00fcl\u00e9sekt\u0151l, mik\u00f6zben megk\u00f6nny\u00edti a felvitelt? Roll-on \u00fcvegpalackjainkat olyan m\u00e1rk\u00e1k sz\u00e1m\u00e1ra tervezt\u00fck, amelyek funkcion\u00e1lis \u00e9s st\u00edlusos kozmetikai csomagol\u00e1st szeretn\u00e9nek.<\/p>\n<h2>F\u0151bb specifik\u00e1ci\u00f3k<\/h2>\n<table style=\"border-collapse: collapse; width: 80%; margin-left: auto; margin-right: auto;\" border=\"0\" width=\"144\" cellspacing=\"0\" cellpadding=\"0\">\n<tbody>\n<tr style=\"height: 13.50pt;\">\n<td style=\"height: 13.50pt; width: 54.00pt;\" width=\"72\" height=\"18\">Jellemz\u0151<\/td>\n<td style=\"width: 54.00pt;\" width=\"72\">R\u00e9szletek<\/td>\n<\/tr>\n<tr style=\"height: 13.50pt;\">\n<td style=\"height: 13.50pt;\" height=\"18\">Kapacit\u00e1s<\/td>\n<td>30 ml 50 ml<\/td>\n<\/tr>\n<tr style=\"height: 13.50pt;\">\n<td style=\"height: 13.50pt;\" height=\"18\">Anyag<\/td>\n<td>\u00c1tl\u00e1tsz\u00f3 \u00fcveg<\/td>\n<\/tr>\n<tr style=\"height: 13.50pt;\">\n<td style=\"height: 13.50pt;\" height=\"18\">T\u00f6m\u00edt\u0151mechanizmus<\/td>\n<td>Roll-on<\/td>\n<\/tr>\n<tr style=\"height: 13.50pt;\">\n<td style=\"height: 13.50pt;\" height=\"18\">Felszerel\u00e9s<\/td>\n<td>M\u0171anyag g\u00f6rg\u0151s goly\u00f3 + fekete m\u0171anyag kupak<\/td>\n<\/tr>\n<\/tbody>\n<\/table>\n<h2>Sikert\u00f6rt\u00e9net: Hogyan n\u00f6velte egy z\u00f6ld b\u0151r\u00e1pol\u00e1si m\u00e1rka az elad\u00e1sait egyedi roll-on csomagol\u00e1ssal<\/h2>\n<p>Egy k\u00f6rnyezetbar\u00e1t b\u0151r\u00e1pol\u00e1si gy\u00e1rt\u00f3 piacra dobott egy b\u0151r\u00e1pol\u00e1si term\u00e9kcsal\u00e1dot, amely a k\u00f6rnyezettudatos \u00fcgyfeleket c\u00e9lozta meg, \u00e9s \u00fcvegb\u0151l k\u00e9sz\u00fclt hajcsavar\u00f3kat v\u00e1lasztott kozmetikai csomagol\u00e1s\u00e1hoz. Azzal, hogy a csomagol\u00e1st nagy t\u00e9telben rendelt\u00e9k meg, \u00e9s egyedi, k\u00f6rnyezetbar\u00e1t \u00fczenettel ell\u00e1tott c\u00edmk\u00e9ket adtak hozz\u00e1, 20%-kal cs\u00f6kkentett\u00e9k a csomagol\u00e1si k\u00f6lts\u00e9geket, \u00e9s 60%-os bev\u00e9teln\u00f6veked\u00e9st tapasztaltak.<\/p>\n<h2>Testreszab\u00e1si ir\u00e1nyelvek<\/h2>\n<ul>\n<li><strong>Egyszer\u0171s\u00edtett palackgy\u00e1rt\u00f3 sorok:<\/strong> A letisztult, felesleges d\u00edsz\u00edt\u00e9s n\u00e9lk\u00fcli, matt fel\u00fclet\u0171 kialak\u00edt\u00e1s modern, minimalista eszt\u00e9tik\u00e1t testes\u00edt meg.<\/li>\n<li><strong>Tov\u00e1bbfejlesztett vizu\u00e1lis felismer\u00e9s:<\/strong> Az \u00e1tl\u00e1tsz\u00f3 \u00fcveg \u00e9s a fekete kupak f\u00fcgg\u0151 \u00e9rt\u00e9kel\u00e9st ad, kiemelve a benne l\u00e9v\u0151 folyad\u00e9k gazdags\u00e1g\u00e1t \u00e9s text\u00far\u00e1j\u00e1t.<\/li>\n<\/ul>","protected":false},"excerpt":{"rendered":"<p>Fedezze fel az UV-\u00e1ll\u00f3, \u00e1tl\u00e1tsz\u00f3 \u00fcvegb\u0151l \u00e9s prec\u00edzi\u00f3s roll-on kialak\u00edt\u00e1sb\u00f3l k\u00e9sz\u00fclt, goly\u00f3s \u00fcvegpalackot. T\u00f6k\u00e9letes b\u0151r\u00e1pol\u00e1shoz, sz\u00e9ps\u00e9g\u00e1pol\u00e1si csomagol\u00e1shoz \u00e9s nagykereskedelmi megrendel\u00e9sekhez.<\/p>","protected":false},"featured_media":5312,"comment_status":"open","ping_status":"closed","template":"","meta":{"_acf_changed":false,"site-sidebar-layout":"default","site-content-layout":"","ast-site-content-layout":"default","site-content-style":"default","site-sidebar-style":"default","ast-global-header-display":"","ast-banner-title-visibility":"","ast-main-header-display":"","ast-hfb-above-header-display":"","ast-hfb-below-header-display":"","ast-hfb-mobile-header-display":"","site-post-title":"","ast-breadcrumbs-content":"","ast-featured-img":"","footer-sml-layout":"","ast-disable-related-posts":"","theme-transparent-header-meta":"default","adv-header-id-meta":"","stick-header-meta":"","header-above-stick-meta":"","header-main-stick-meta":"","header-below-stick-meta":"","astra-migrate-meta-layouts":"set","ast-page-background-enabled":"default","ast-page-background-meta":{"desktop":{"background-color":"var(--ast-global-color-5)","background-image":"","background-repeat":"repeat","background-position":"center center","background-size":"auto","background-attachment":"scroll","background-type":"","background-media":"","overlay-type":"","overlay-color":"","overlay-opacity":"","overlay-gradient":""},"tablet":{"background-color":"","background-image":"","background-repeat":"repeat","background-position":"center center","background-size":"auto","background-attachment":"scroll","background-type":"","background-media":"","overlay-type":"","overlay-color":"","overlay-opacity":"","overlay-gradient":""},"mobile":{"background-color":"","background-image":"","background-repeat":"repeat","background-position":"center center","background-size":"auto","background-attachment":"scroll","background-type":"","background-media":"","overlay-type":"","overlay-color":"","overlay-opacity":"","overlay-gradient":""}},"ast-content-background-meta":{"desktop":{"background-color":"var(--ast-global-color-4)","background-image":"","background-repeat":"repeat","background-position":"center center","background-size":"auto","background-attachment":"scroll","background-type":"","background-media":"","overlay-type":"","overlay-color":"","overlay-opacity":"","overlay-gradient":""},"tablet":{"background-color":"var(--ast-global-color-4)","background-image":"","background-repeat":"repeat","background-position":"center center","background-size":"auto","background-attachment":"scroll","background-type":"","background-media":"","overlay-type":"","overlay-color":"","overlay-opacity":"","overlay-gradient":""},"mobile":{"background-color":"var(--ast-global-color-4)","background-image":"","background-repeat":"repeat","background-position":"center center","background-size":"auto","background-attachment":"scroll","background-type":"","background-media":"","overlay-type":"","overlay-color":"","overlay-opacity":"","overlay-gradient":""}}},"product_brand":[],"product_cat":[72,62,57,60],"product_tag":[215,214],"class_list":{"0":"post-5311","1":"product","2":"type-product","3":"status-publish","4":"has-post-thumbnail","6":"product_cat-cosmetic-packaging","7":"product_cat-cosmetic-containers","8":"product_cat-essential-oil-bottles","9":"product_cat-roller-bottles","10":"product_tag-glass-roller-ball-bottle","11":"product_tag-roll-on-glass-bottles","12":"desktop-align-left","13":"tablet-align-left","14":"mobile-align-left","16":"first","17":"instock","18":"shipping-taxable","19":"product-type-simple"},"acf":[],"jetpack_sharing_enabled":true,"_links":{"self":[{"href":"https:\/\/theperfumebottles.com\/hu\/wp-json\/wp\/v2\/product\/5311","targetHints":{"allow":["GET"]}}],"collection":[{"href":"https:\/\/theperfumebottles.com\/hu\/wp-json\/wp\/v2\/product"}],"about":[{"href":"https:\/\/theperfumebottles.com\/hu\/wp-json\/wp\/v2\/types\/product"}],"replies":[{"embeddable":true,"href":"https:\/\/theperfumebottles.com\/hu\/wp-json\/wp\/v2\/comments?post=5311"}],"wp:featuredmedia":[{"embeddable":true,"href":"https:\/\/theperfumebottles.com\/hu\/wp-json\/wp\/v2\/media\/5312"}],"wp:attachment":[{"href":"https:\/\/theperfumebottles.com\/hu\/wp-json\/wp\/v2\/media?parent=5311"}],"wp:term":[{"taxonomy":"product_brand","embeddable":true,"href":"https:\/\/theperfumebottles.com\/hu\/wp-json\/wp\/v2\/product_brand?post=5311"},{"taxonomy":"product_cat","embeddable":true,"href":"https:\/\/theperfumebottles.com\/hu\/wp-json\/wp\/v2\/product_cat?post=5311"},{"taxonomy":"product_tag","embeddable":true,"href":"https:\/\/theperfumebottles.com\/hu\/wp-json\/wp\/v2\/product_tag?post=5311"}],"curies":[{"name":"wp","href":"https:\/\/api.w.org\/{rel}","templated":true}]}}