{"id":5316,"date":"2025-08-11T09:05:25","date_gmt":"2025-08-11T01:05:25","guid":{"rendered":"https:\/\/theperfumebottles.com\/?post_type=product&#038;p=5316"},"modified":"2025-08-11T09:05:26","modified_gmt":"2025-08-11T01:05:26","slug":"5ml-15ml-colorful-glass-roller-perfume-bottles-for-skincare-wholesale","status":"publish","type":"product","link":"https:\/\/theperfumebottles.com\/hu\/termek\/5ml-15ml-colorful-glass-roller-perfume-bottles-for-skincare-wholesale\/","title":{"rendered":"5ml-15ml sz\u00ednes \u00fcveg roller parf\u00fcm\u00f6s palackok b\u0151r\u00e1pol\u00e1shoz nagykereskedelemben"},"content":{"rendered":"<p>Olyan palackokat keresel, amelyek szemet gy\u00f6ny\u00f6rk\u00f6dtet\u0151 eszt\u00e9tik\u00e1t \u00f6tv\u00f6znek a hasznos kiv\u00e1l\u00f3s\u00e1ggal? Roller parf\u00fcm\u00f6s palackjainkat olyan gy\u00e1rt\u00f3k sz\u00e1m\u00e1ra tervezt\u00fck, akiknek kiemelked\u0151 sz\u00e9ps\u00e9g\u00e1pol\u00e1si csomagol\u00e1sra van sz\u00fcks\u00e9g\u00fck.<\/p>\n<h2>F\u0151bb specifik\u00e1ci\u00f3k<\/h2>\n<table style=\"border-collapse: collapse;width: 80%;margin-left: auto;margin-right: auto\" border=\"0\" width=\"144\" cellspacing=\"0\" cellpadding=\"0\">\n<tbody>\n<tr style=\"height: 13.50pt\">\n<td style=\"height: 13.50pt;width: 54.00pt\" width=\"72\" height=\"18\">Jellemz\u0151<\/td>\n<td style=\"width: 54.00pt\" width=\"72\">R\u00e9szletek<\/td>\n<\/tr>\n<tr style=\"height: 13.50pt\">\n<td style=\"height: 13.50pt\" height=\"18\">Kapacit\u00e1s<\/td>\n<td>5 ml, 8 ml, 10 ml, 15 ml (fix m\u00e9retek)<\/td>\n<\/tr>\n<tr style=\"height: 13.50pt\">\n<td style=\"height: 13.50pt\" height=\"18\">Anyag<\/td>\n<td>Optikai \u00fcveg<\/td>\n<\/tr>\n<tr style=\"height: 13.50pt\">\n<td style=\"height: 13.50pt\" height=\"18\">T\u00f6m\u00edt\u0151mechanizmus<\/td>\n<td>Roll-on<\/td>\n<\/tr>\n<tr style=\"height: 13.50pt\">\n<td style=\"height: 13.50pt\" height=\"18\">Alak<\/td>\n<td>Henger<\/td>\n<\/tr>\n<tr style=\"height: 13.50pt\">\n<td style=\"height: 13.50pt\" height=\"18\">Fed\u00e9l anyaga<\/td>\n<td>Alum\u00ednium\/Akril\/Fa<\/td>\n<\/tr>\n<\/tbody>\n<\/table>\n<h2>Javaslatok a szem\u00e9lyre szab\u00e1shoz<\/h2>\n<ul>\n<li><strong>Sz\u00ednes t\u00f6rt\u00e9netek:<\/strong> P\u00e1ros\u00edtsd az ambici\u00f3zus palacksz\u00edneket minimalista feh\u00e9r c\u00edmk\u00e9kkel az \u00f6sszehasonl\u00edthat\u00f3 megjelen\u00e9s\u00e9rt, vagy haszn\u00e1lj \u00e1tmenetes fel\u00fcleteket a luxus\u00e9lm\u00e9ny\u00e9rt.<\/li>\n<li><strong>Technika tal\u00e1lkozik a hagyom\u00e1nnyal:<\/strong> Helyezzen QR-k\u00f3dot a palack kupakj\u00e1ra az interakt\u00edv, pomp\u00e1s csomagol\u00e1s\u00e9rt \u2013 az \u00fcgyfelek tesztelhetik a term\u00e9keket, megtekinthetik az oktat\u00f3anyagokat, vagy inform\u00e1ci\u00f3kat t\u00f6lthetnek fel a k\u00e9szletr\u0151l.<\/li>\n<\/ul>","protected":false},"excerpt":{"rendered":"<p>Fedezze fel az \u00e9l\u00e9nk sz\u00edn\u0171 \u00e9s prec\u00edzi\u00f3s kialak\u00edt\u00e1s\u00fa \u00fcveg gurul\u00f3s flakonjainkat. Ide\u00e1lisak gurul\u00f3s parf\u00fcm\u00f6s flakonokhoz, b\u0151r\u00e1pol\u00e1si \u00e9s sz\u00e9ps\u00e9g\u00e1pol\u00e1si csomagol\u00e1sokhoz.<\/p>","protected":false},"featured_media":5317,"comment_status":"open","ping_status":"closed","template":"","meta":{"_acf_changed":false,"site-sidebar-layout":"default","site-content-layout":"","ast-site-content-layout":"default","site-content-style":"default","site-sidebar-style":"default","ast-global-header-display":"","ast-banner-title-visibility":"","ast-main-header-display":"","ast-hfb-above-header-display":"","ast-hfb-below-header-display":"","ast-hfb-mobile-header-display":"","site-post-title":"","ast-breadcrumbs-content":"","ast-featured-img":"","footer-sml-layout":"","ast-disable-related-posts":"","theme-transparent-header-meta":"default","adv-header-id-meta":"","stick-header-meta":"","header-above-stick-meta":"","header-main-stick-meta":"","header-below-stick-meta":"","astra-migrate-meta-layouts":"set","ast-page-background-enabled":"default","ast-page-background-meta":{"desktop":{"background-color":"var(--ast-global-color-5)","background-image":"","background-repeat":"repeat","background-position":"center center","background-size":"auto","background-attachment":"scroll","background-type":"","background-media":"","overlay-type":"","overlay-color":"","overlay-opacity":"","overlay-gradient":""},"tablet":{"background-color":"","background-image":"","background-repeat":"repeat","background-position":"center center","background-size":"auto","background-attachment":"scroll","background-type":"","background-media":"","overlay-type":"","overlay-color":"","overlay-opacity":"","overlay-gradient":""},"mobile":{"background-color":"","background-image":"","background-repeat":"repeat","background-position":"center center","background-size":"auto","background-attachment":"scroll","background-type":"","background-media":"","overlay-type":"","overlay-color":"","overlay-opacity":"","overlay-gradient":""}},"ast-content-background-meta":{"desktop":{"background-color":"var(--ast-global-color-4)","background-image":"","background-repeat":"repeat","background-position":"center center","background-size":"auto","background-attachment":"scroll","background-type":"","background-media":"","overlay-type":"","overlay-color":"","overlay-opacity":"","overlay-gradient":""},"tablet":{"background-color":"var(--ast-global-color-4)","background-image":"","background-repeat":"repeat","background-position":"center center","background-size":"auto","background-attachment":"scroll","background-type":"","background-media":"","overlay-type":"","overlay-color":"","overlay-opacity":"","overlay-gradient":""},"mobile":{"background-color":"var(--ast-global-color-4)","background-image":"","background-repeat":"repeat","background-position":"center center","background-size":"auto","background-attachment":"scroll","background-type":"","background-media":"","overlay-type":"","overlay-color":"","overlay-opacity":"","overlay-gradient":""}}},"product_brand":[],"product_cat":[72,62,57,60],"product_tag":[217,216],"class_list":{"0":"post-5316","1":"product","2":"type-product","3":"status-publish","4":"has-post-thumbnail","6":"product_cat-cosmetic-packaging","7":"product_cat-cosmetic-containers","8":"product_cat-essential-oil-bottles","9":"product_cat-roller-bottles","10":"product_tag-glass-roller-bottles","11":"product_tag-roller-perfume-bottles","12":"desktop-align-left","13":"tablet-align-left","14":"mobile-align-left","16":"first","17":"instock","18":"shipping-taxable","19":"product-type-simple"},"acf":[],"jetpack_sharing_enabled":true,"_links":{"self":[{"href":"https:\/\/theperfumebottles.com\/hu\/wp-json\/wp\/v2\/product\/5316","targetHints":{"allow":["GET"]}}],"collection":[{"href":"https:\/\/theperfumebottles.com\/hu\/wp-json\/wp\/v2\/product"}],"about":[{"href":"https:\/\/theperfumebottles.com\/hu\/wp-json\/wp\/v2\/types\/product"}],"replies":[{"embeddable":true,"href":"https:\/\/theperfumebottles.com\/hu\/wp-json\/wp\/v2\/comments?post=5316"}],"wp:featuredmedia":[{"embeddable":true,"href":"https:\/\/theperfumebottles.com\/hu\/wp-json\/wp\/v2\/media\/5317"}],"wp:attachment":[{"href":"https:\/\/theperfumebottles.com\/hu\/wp-json\/wp\/v2\/media?parent=5316"}],"wp:term":[{"taxonomy":"product_brand","embeddable":true,"href":"https:\/\/theperfumebottles.com\/hu\/wp-json\/wp\/v2\/product_brand?post=5316"},{"taxonomy":"product_cat","embeddable":true,"href":"https:\/\/theperfumebottles.com\/hu\/wp-json\/wp\/v2\/product_cat?post=5316"},{"taxonomy":"product_tag","embeddable":true,"href":"https:\/\/theperfumebottles.com\/hu\/wp-json\/wp\/v2\/product_tag?post=5316"}],"curies":[{"name":"wp","href":"https:\/\/api.w.org\/{rel}","templated":true}]}}