{"id":5354,"date":"2025-08-08T18:07:05","date_gmt":"2025-08-08T10:07:05","guid":{"rendered":"https:\/\/theperfumebottles.com\/?post_type=product&#038;p=5354"},"modified":"2026-04-01T15:42:44","modified_gmt":"2026-04-01T07:42:44","slug":"bulk-amber-glass-pump-bottles-for-skincare","status":"publish","type":"product","link":"https:\/\/theperfumebottles.com\/hu\/termek\/bulk-amber-glass-pump-bottles-for-skincare\/","title":{"rendered":"T\u00f6meges 20ml 30ml 40ml borosty\u00e1nsz\u00edn\u0171 \u00fcvegpumpa palackok test\u00e1pol\u00f3 csomagol\u00e1shoz"},"content":{"rendered":"<p>A borosty\u00e1ns\u00e1rga \u00fcvegpump\u00e1s flakonok \u00e1tl\u00e1tsz\u00f3 borosty\u00e1ns\u00e1rga \u00fcvegb\u0151l k\u00e9sz\u00fcltek, r\u00f6vid hengeres form\u00e1j\u00faak \u00e9s egy feh\u00e9r pump\u00e1s adagol\u00f3val, \u00fcvegkupakkal.<\/p>\n<h2>F\u0151bb specifik\u00e1ci\u00f3k<\/h2>\n<table style=\"border-collapse: collapse; margin-left: auto; margin-right: auto; width: 80%;\" border=\"0\" width=\"445\" cellspacing=\"0\" cellpadding=\"0\">\n<tbody>\n<tr style=\"height: 13.50pt;\">\n<td style=\"height: 13.50pt; width: 136.50pt;\" width=\"182\" height=\"18\">Jellemz\u0151<\/td>\n<td style=\"width: 197.25pt;\" width=\"263\">R\u00e9szlet<\/td>\n<\/tr>\n<tr style=\"height: 13.50pt;\">\n<td style=\"height: 13.50pt;\" height=\"18\">Kapacit\u00e1sbe\u00e1ll\u00edt\u00e1sok<\/td>\n<td>20 ml, 30 ml, 40 ml<\/td>\n<\/tr>\n<tr style=\"height: 13.50pt;\">\n<td style=\"height: 13.50pt;\" height=\"18\">Palack m\u00e9rete (kb.)<\/td>\n<td>36 mm \u00e1tm\u00e9r\u0151, 55\u201382 mm magass\u00e1g<\/td>\n<\/tr>\n<tr style=\"height: 13.50pt;\">\n<td style=\"height: 13.50pt;\" height=\"18\">Anyag<\/td>\n<td>Borosty\u00e1nsz\u00edn\u0171 \u00fcveg<\/td>\n<\/tr>\n<tr style=\"height: 13.50pt;\">\n<td style=\"height: 13.50pt;\" height=\"18\">Bez\u00e1r\u00e1s<\/td>\n<td>\u00c1tl\u00e1tsz\u00f3 fed\u00e9l + feh\u00e9r pumpa<\/td>\n<\/tr>\n<tr style=\"height: 13.50pt;\">\n<td style=\"height: 13.50pt;\" height=\"18\">Ide\u00e1lis<\/td>\n<td>B\u0151r\u00e1pol\u00e1s, sz\u00e9rumok, test\u00e1pol\u00f3k<\/td>\n<\/tr>\n<\/tbody>\n<\/table>\n<h2>Sikert\u00f6rt\u00e9net<\/h2>\n<p>Egy kaliforniai sz\u00e9ps\u00e9g\u00e1pol\u00e1si m\u00e1rka a 100 ml-es \u00fcres test\u00e1pol\u00f3s pump\u00e1s flakonunkat v\u00e1lasztotta, testre szabva a feh\u00e9r pump\u00e1s fejet \u00e9s a matt \u00fcveg kupakot. Az egyedi flakondiz\u00e1jn jelent\u0151s \u00e9rt\u00e9ket k\u00e9pviselt: a prec\u00edz pump\u00e1s fej 25%-kal cs\u00f6kkentette a v\u00e1s\u00e1rl\u00f3k \u00e1ltal \u00e1tlagosan felhaszn\u00e1lt mennyis\u00e9get, meghosszabb\u00edtva a term\u00e9k eltarthat\u00f3s\u00e1g\u00e1t, m\u00edg az egyedi matt \u00fcveg kupak a m\u00e1rka v\u00e9djegy\u00e9v\u00e9 v\u00e1lt, ami 150%-os n\u00f6veked\u00e9st eredm\u00e9nyezett a k\u00f6z\u00f6ss\u00e9gi m\u00e9di\u00e1ban val\u00f3 eml\u00edt\u00e9sek sz\u00e1m\u00e1ban. A v\u00e1llalat k\u00e9t tev\u00e9kenys\u00e9g r\u00e9v\u00e9n b\u0151v\u00edtette m\u0171k\u00f6d\u00e9s\u00e9t, miut\u00e1n sikert \u00e9rt el: 620 000 \u00fcveg \u00faj CBD arcolajat rendelt, \u00e9s partners\u00e9get k\u00f6t\u00f6tt egy sz\u00e9ps\u00e9g\u00e1pol\u00e1si el\u0151fizet\u00e9ses dobozokat gy\u00e1rt\u00f3 c\u00e9ggel.<\/p>\n<h2>Testreszab\u00e1si tippek, hogy m\u00e1rk\u00e1d kit\u0171nj\u00f6n a polcokon<\/h2>\n<p>Szeretn\u00e9d, hogy m\u00e1rk\u00e1d felkeltse a figyelmet \u00e9s megtartsa az \u00fcgyfeleket?<\/p>\n<ul>\n<li><strong>A szivatty\u00fafej cser\u00e9je:<\/strong> Pr\u00f3b\u00e1ld ki a feket\u00e9t vagy az aranyat egy luxus hangulat\u00e9rt.<\/li>\n<li><strong>Okos sz\u00edn:<\/strong> A borosty\u00e1n klasszikus v\u00e1laszt\u00e1s. De ha egyedi megjelen\u00e9sre v\u00e1gysz, egyedi sz\u00ednkombin\u00e1ci\u00f3kat k\u00edn\u00e1lunk.<\/li>\n<li><strong>C\u00edmketer\u00fclet:<\/strong> A letisztult, hengeres forma teret ad a m\u00e1rkat\u00f6rt\u00e9neted elmes\u00e9l\u00e9s\u00e9re.<\/li>\n<li><strong>M\u00e9ret jobbra:<\/strong> Utaz\u00f3m\u00e9ret\u0171 flakonokhoz 20 ml-es, pr\u00e9mium \u00e1r\u00faakhoz pedig 40 ml-es kiszerel\u00e9st v\u00e1lassz. A m\u00e9retet a c\u00e9lk\u00f6z\u00f6ns\u00e9gedhez kell igaz\u00edtani.<\/li>\n<\/ul>","protected":false},"excerpt":{"rendered":"<p>Borosty\u00e1nsz\u00edn\u0171 \u00fcvegpump\u00e1s flakonok klasszikus diz\u00e1jnnal \u00e9s l\u00e9gmentes z\u00e1r\u00e1ssal. \u00dcres, pump\u00e1s test\u00e1pol\u00f3 flakon, t\u00f6k\u00e9letes nagy t\u00e9telben t\u00f6rt\u00e9n\u0151 megrendel\u00e9sekhez. Nagykereskedelmi kedvezm\u00e9nyek el\u00e9rhet\u0151k. Gyors sz\u00e1ll\u00edt\u00e1s.<\/p>","protected":false},"featured_media":5369,"comment_status":"open","ping_status":"closed","template":"","meta":{"_acf_changed":false,"site-sidebar-layout":"default","site-content-layout":"","ast-site-content-layout":"default","site-content-style":"default","site-sidebar-style":"default","ast-global-header-display":"","ast-banner-title-visibility":"","ast-main-header-display":"","ast-hfb-above-header-display":"","ast-hfb-below-header-display":"","ast-hfb-mobile-header-display":"","site-post-title":"","ast-breadcrumbs-content":"","ast-featured-img":"","footer-sml-layout":"","ast-disable-related-posts":"","theme-transparent-header-meta":"default","adv-header-id-meta":"","stick-header-meta":"","header-above-stick-meta":"","header-main-stick-meta":"","header-below-stick-meta":"","astra-migrate-meta-layouts":"set","ast-page-background-enabled":"default","ast-page-background-meta":{"desktop":{"background-color":"var(--ast-global-color-5)","background-image":"","background-repeat":"repeat","background-position":"center center","background-size":"auto","background-attachment":"scroll","background-type":"","background-media":"","overlay-type":"","overlay-color":"","overlay-opacity":"","overlay-gradient":""},"tablet":{"background-color":"","background-image":"","background-repeat":"repeat","background-position":"center center","background-size":"auto","background-attachment":"scroll","background-type":"","background-media":"","overlay-type":"","overlay-color":"","overlay-opacity":"","overlay-gradient":""},"mobile":{"background-color":"","background-image":"","background-repeat":"repeat","background-position":"center center","background-size":"auto","background-attachment":"scroll","background-type":"","background-media":"","overlay-type":"","overlay-color":"","overlay-opacity":"","overlay-gradient":""}},"ast-content-background-meta":{"desktop":{"background-color":"var(--ast-global-color-4)","background-image":"","background-repeat":"repeat","background-position":"center center","background-size":"auto","background-attachment":"scroll","background-type":"","background-media":"","overlay-type":"","overlay-color":"","overlay-opacity":"","overlay-gradient":""},"tablet":{"background-color":"var(--ast-global-color-4)","background-image":"","background-repeat":"repeat","background-position":"center center","background-size":"auto","background-attachment":"scroll","background-type":"","background-media":"","overlay-type":"","overlay-color":"","overlay-opacity":"","overlay-gradient":""},"mobile":{"background-color":"var(--ast-global-color-4)","background-image":"","background-repeat":"repeat","background-position":"center center","background-size":"auto","background-attachment":"scroll","background-type":"","background-media":"","overlay-type":"","overlay-color":"","overlay-opacity":"","overlay-gradient":""}}},"product_brand":[],"product_cat":[71,72,62],"product_tag":[190,204],"class_list":{"0":"post-5354","1":"product","2":"type-product","3":"status-publish","4":"has-post-thumbnail","6":"product_cat-glass-lotion-bottles","7":"product_cat-cosmetic-packaging","8":"product_cat-cosmetic-containers","9":"product_tag-cosmetic-pots-with-lids","10":"product_tag-frosted-cosmetic-jars","11":"desktop-align-left","12":"tablet-align-left","13":"mobile-align-left","15":"first","16":"instock","17":"shipping-taxable","18":"product-type-simple"},"acf":[],"jetpack_sharing_enabled":true,"_links":{"self":[{"href":"https:\/\/theperfumebottles.com\/hu\/wp-json\/wp\/v2\/product\/5354","targetHints":{"allow":["GET"]}}],"collection":[{"href":"https:\/\/theperfumebottles.com\/hu\/wp-json\/wp\/v2\/product"}],"about":[{"href":"https:\/\/theperfumebottles.com\/hu\/wp-json\/wp\/v2\/types\/product"}],"replies":[{"embeddable":true,"href":"https:\/\/theperfumebottles.com\/hu\/wp-json\/wp\/v2\/comments?post=5354"}],"wp:featuredmedia":[{"embeddable":true,"href":"https:\/\/theperfumebottles.com\/hu\/wp-json\/wp\/v2\/media\/5369"}],"wp:attachment":[{"href":"https:\/\/theperfumebottles.com\/hu\/wp-json\/wp\/v2\/media?parent=5354"}],"wp:term":[{"taxonomy":"product_brand","embeddable":true,"href":"https:\/\/theperfumebottles.com\/hu\/wp-json\/wp\/v2\/product_brand?post=5354"},{"taxonomy":"product_cat","embeddable":true,"href":"https:\/\/theperfumebottles.com\/hu\/wp-json\/wp\/v2\/product_cat?post=5354"},{"taxonomy":"product_tag","embeddable":true,"href":"https:\/\/theperfumebottles.com\/hu\/wp-json\/wp\/v2\/product_tag?post=5354"}],"curies":[{"name":"wp","href":"https:\/\/api.w.org\/{rel}","templated":true}]}}