{"id":5355,"date":"2025-08-08T18:08:52","date_gmt":"2025-08-08T10:08:52","guid":{"rendered":"https:\/\/theperfumebottles.com\/?post_type=product&#038;p=5355"},"modified":"2026-04-01T15:09:21","modified_gmt":"2026-04-01T07:09:21","slug":"bulk-glass-amber-pump-bottle-for-cosmetic-packaging","status":"publish","type":"product","link":"https:\/\/theperfumebottles.com\/hu\/termek\/bulk-glass-amber-pump-bottle-for-cosmetic-packaging\/","title":{"rendered":"5 ml -100 ml \u00fcveg borosty\u00e1nsz\u00edn\u0171 pump\u00e1s palackok kozmetikai csomagol\u00e1shoz"},"content":{"rendered":"<p>Az \u00fcvegb\u0151l k\u00e9sz\u00fclt, borosty\u00e1ns\u00e1rga pump\u00e1s flakon modern diz\u00e1jnt k\u00e9pvisel, amely pr\u00e9mium min\u0151s\u00e9g\u0171, \u00e1ttetsz\u0151 borosty\u00e1ns\u00e1rga \u00fcvegb\u0151l k\u00e9sz\u00fclt, lekerek\u00edtett hengeres form\u00e1j\u00fa, a hozz\u00e1 pontosan illeszked\u0151 fekete pump\u00e1s fejjel \u00e9s \u00e1tl\u00e1tsz\u00f3 \u00fcveg biztons\u00e1gi fed\u00e9llel ell\u00e1tott tart\u00e1lyt alkot.<\/p>\n<h2>F\u0151bb specifik\u00e1ci\u00f3k<\/h2>\n<table style=\"border-collapse: collapse; margin-left: auto; margin-right: auto; width: 80%;\" border=\"0\" width=\"486\" cellspacing=\"0\" cellpadding=\"0\">\n<tbody>\n<tr style=\"height: 13.50pt;\">\n<td style=\"height: 13.50pt; width: 117.75pt;\" width=\"157\" height=\"18\">Jellemz\u0151<\/td>\n<td style=\"width: 246.75pt;\" width=\"329\">R\u00e9szlet<\/td>\n<\/tr>\n<tr style=\"height: 13.50pt;\">\n<td style=\"height: 13.50pt;\" height=\"18\">Kapacit\u00e1sbe\u00e1ll\u00edt\u00e1sok<\/td>\n<td>5 ml, 10 ml, 15 ml, 20 ml, 30 ml, 50 ml, 100 ml<\/td>\n<\/tr>\n<tr style=\"height: 13.50pt;\">\n<td style=\"height: 13.50pt;\" height=\"18\">Palackm\u00e9ret-tartom\u00e1ny<\/td>\n<td>22\u201344,5 mm \u00e1tm\u00e9r\u0151, 50\u2013112 mm magass\u00e1g<\/td>\n<\/tr>\n<tr style=\"height: 13.50pt;\">\n<td style=\"height: 13.50pt;\" height=\"18\">Anyag<\/td>\n<td>Nagy tisztas\u00e1g\u00fa barna \u00fcveg<\/td>\n<\/tr>\n<tr style=\"height: 13.50pt;\">\n<td style=\"height: 13.50pt;\" height=\"18\">Bez\u00e1r\u00e1s<\/td>\n<td>Fekete pumpa ferde hegy\u0171<\/td>\n<\/tr>\n<tr style=\"height: 13.50pt;\">\n<td style=\"height: 13.50pt;\" height=\"18\">Szivatty\u00facs\u0151<\/td>\n<td>Hossz\u00fa, \u00e1tl\u00e1tsz\u00f3 cs\u0151 a teljes haszn\u00e1lathoz<\/td>\n<\/tr>\n<tr style=\"height: 13.50pt;\">\n<td style=\"height: 13.50pt;\" height=\"18\">Ide\u00e1lis<\/td>\n<td>Sz\u00e9rumok, test\u00e1pol\u00f3k, arc\u00e1pol\u00f3 olajok<\/td>\n<\/tr>\n<\/tbody>\n<\/table>\n<h2>Sikert\u00f6rt\u00e9net<\/h2>\n<p>A professzion\u00e1lis b\u0151r\u00e1pol\u00e1si m\u00e1rka a 30 ml-es barna \u00fcvegb\u0151l k\u00e9sz\u00fclt, pump\u00e1s flakonjainkat v\u00e1lasztotta, miut\u00e1n szitanyomott \u201el\u00e9gmentes\u201d c\u00edmk\u00e9t \u00e9s hat\u00e9kony pump\u00e1t helyeztek el, amely illik viszk\u00f3zus sz\u00e9rumterm\u00e9keikhez. Az UV-v\u00e9delem 12 h\u00f3napon kereszt\u00fcl fenntartja a sz\u00e9rum \u00f6sszetev\u0151inek 95%-os hat\u00e9konys\u00e1g\u00e1t. A pump\u00e1s rendszer 30%-kal cs\u00f6kkenti az oxid\u00e1ci\u00f3t \u00e9s a hullad\u00e9ktermel\u00e9st a cseppent\u0151s rendszerekhez k\u00e9pest. A m\u00e1rka hatalmas sikert \u00e9rt el term\u00e9k\u00e9vel, aminek eredm\u00e9nyek\u00e9nt 750 000 flakonb\u00f3l \u00e1ll\u00f3 megrendel\u00e9st kapott az antioxid\u00e1ns sz\u00e9rumok \u00e9s b\u0151r\u00e1pol\u00e1si term\u00e9kek teljes term\u00e9kcsal\u00e1dj\u00e1ra.<\/p>\n<h2>Barna \u00fcvegpalackok pump\u00e1s testreszab\u00e1si lehet\u0151s\u00e9gekkel<\/h2>\n<ul>\n<li>A vil\u00e1gos borosty\u00e1nsz\u00edn\u0171 \u00fcvegpalack h\u00e1rom k\u00fcl\u00f6nb\u00f6z\u0151 \u00e1rnyalatban kaphat\u00f3, amelyek k\u00f6z\u00e9 tartozik a vil\u00e1gos borosty\u00e1n, a k\u00f6zepes borosty\u00e1n \u00e9s a s\u00f6t\u00e9t borosty\u00e1n.<\/li>\n<li>A v\u00e1kuumszivatty\u00fa-rendszer komplett v\u00e1kuumszivatty\u00fa-rendszert biztos\u00edt a felhaszn\u00e1l\u00f3knak, amely antioxid\u00e1ns v\u00e9dekez\u0151 mechanizmusokon kereszt\u00fcl maxim\u00e1lis v\u00e9delmet garant\u00e1l az instabil hat\u00f3anyagok sz\u00e1m\u00e1ra.<\/li>\n<li>A palack alj\u00e1n egy kiemelt sk\u00e1la jelen\u00edthet\u0151 meg, amelyen \u201e100ml\u201d l\u00e1that\u00f3, vagy a felhaszn\u00e1l\u00f3k v\u00e1laszthatj\u00e1k, hogy a m\u00e1rkalog\u00f3jukat egy kis log\u00f3kijelz\u0151n jelen\u00edts\u00e9k meg.<\/li>\n<\/ul>","protected":false},"excerpt":{"rendered":"<p>Eleg\u00e1ns borosty\u00e1nsz\u00edn\u0171 pump\u00e1s \u00fcvegpalack biztons\u00e1gos pump\u00e1val \u00e9s kupakkal. Barna \u00fcvegpalackok pump\u00e1val kr\u00e9mekhez \u00e9s folyad\u00e9kokhoz. Egyedi m\u00e1rkajelz\u00e9si lehet\u0151s\u00e9gek t\u00e1mogat\u00e1sa. Ingyenes mint\u00e1k.<\/p>","protected":false},"featured_media":5356,"comment_status":"open","ping_status":"closed","template":"","meta":{"_acf_changed":false,"site-sidebar-layout":"default","site-content-layout":"","ast-site-content-layout":"default","site-content-style":"default","site-sidebar-style":"default","ast-global-header-display":"","ast-banner-title-visibility":"","ast-main-header-display":"","ast-hfb-above-header-display":"","ast-hfb-below-header-display":"","ast-hfb-mobile-header-display":"","site-post-title":"","ast-breadcrumbs-content":"","ast-featured-img":"","footer-sml-layout":"","ast-disable-related-posts":"","theme-transparent-header-meta":"default","adv-header-id-meta":"","stick-header-meta":"","header-above-stick-meta":"","header-main-stick-meta":"","header-below-stick-meta":"","astra-migrate-meta-layouts":"set","ast-page-background-enabled":"default","ast-page-background-meta":{"desktop":{"background-color":"var(--ast-global-color-5)","background-image":"","background-repeat":"repeat","background-position":"center center","background-size":"auto","background-attachment":"scroll","background-type":"","background-media":"","overlay-type":"","overlay-color":"","overlay-opacity":"","overlay-gradient":""},"tablet":{"background-color":"","background-image":"","background-repeat":"repeat","background-position":"center center","background-size":"auto","background-attachment":"scroll","background-type":"","background-media":"","overlay-type":"","overlay-color":"","overlay-opacity":"","overlay-gradient":""},"mobile":{"background-color":"","background-image":"","background-repeat":"repeat","background-position":"center center","background-size":"auto","background-attachment":"scroll","background-type":"","background-media":"","overlay-type":"","overlay-color":"","overlay-opacity":"","overlay-gradient":""}},"ast-content-background-meta":{"desktop":{"background-color":"var(--ast-global-color-4)","background-image":"","background-repeat":"repeat","background-position":"center center","background-size":"auto","background-attachment":"scroll","background-type":"","background-media":"","overlay-type":"","overlay-color":"","overlay-opacity":"","overlay-gradient":""},"tablet":{"background-color":"var(--ast-global-color-4)","background-image":"","background-repeat":"repeat","background-position":"center center","background-size":"auto","background-attachment":"scroll","background-type":"","background-media":"","overlay-type":"","overlay-color":"","overlay-opacity":"","overlay-gradient":""},"mobile":{"background-color":"var(--ast-global-color-4)","background-image":"","background-repeat":"repeat","background-position":"center center","background-size":"auto","background-attachment":"scroll","background-type":"","background-media":"","overlay-type":"","overlay-color":"","overlay-opacity":"","overlay-gradient":""}}},"product_brand":[],"product_cat":[71,72,62],"product_tag":[190,204],"class_list":{"0":"post-5355","1":"product","2":"type-product","3":"status-publish","4":"has-post-thumbnail","6":"product_cat-glass-lotion-bottles","7":"product_cat-cosmetic-packaging","8":"product_cat-cosmetic-containers","9":"product_tag-cosmetic-pots-with-lids","10":"product_tag-frosted-cosmetic-jars","11":"desktop-align-left","12":"tablet-align-left","13":"mobile-align-left","15":"first","16":"instock","17":"shipping-taxable","18":"product-type-simple"},"acf":[],"jetpack_sharing_enabled":true,"_links":{"self":[{"href":"https:\/\/theperfumebottles.com\/hu\/wp-json\/wp\/v2\/product\/5355","targetHints":{"allow":["GET"]}}],"collection":[{"href":"https:\/\/theperfumebottles.com\/hu\/wp-json\/wp\/v2\/product"}],"about":[{"href":"https:\/\/theperfumebottles.com\/hu\/wp-json\/wp\/v2\/types\/product"}],"replies":[{"embeddable":true,"href":"https:\/\/theperfumebottles.com\/hu\/wp-json\/wp\/v2\/comments?post=5355"}],"wp:featuredmedia":[{"embeddable":true,"href":"https:\/\/theperfumebottles.com\/hu\/wp-json\/wp\/v2\/media\/5356"}],"wp:attachment":[{"href":"https:\/\/theperfumebottles.com\/hu\/wp-json\/wp\/v2\/media?parent=5355"}],"wp:term":[{"taxonomy":"product_brand","embeddable":true,"href":"https:\/\/theperfumebottles.com\/hu\/wp-json\/wp\/v2\/product_brand?post=5355"},{"taxonomy":"product_cat","embeddable":true,"href":"https:\/\/theperfumebottles.com\/hu\/wp-json\/wp\/v2\/product_cat?post=5355"},{"taxonomy":"product_tag","embeddable":true,"href":"https:\/\/theperfumebottles.com\/hu\/wp-json\/wp\/v2\/product_tag?post=5355"}],"curies":[{"name":"wp","href":"https:\/\/api.w.org\/{rel}","templated":true}]}}